{"id":8860,"date":"2023-09-18T17:05:11","date_gmt":"2023-09-18T20:05:11","guid":{"rendered":"https:\/\/www.ifbaiano.edu.br\/unidades\/gmb\/?page_id=8860"},"modified":"2023-09-28T11:22:50","modified_gmt":"2023-09-28T14:22:50","slug":"pit-rit-plano-individual-de-trabalho-e-relatorio-individual-de-trabalho","status":"publish","type":"page","link":"https:\/\/www.ifbaiano.edu.br\/unidades\/gmb\/pit-rit-plano-individual-de-trabalho-e-relatorio-individual-de-trabalho\/","title":{"rendered":"Regulamenta\u00e7\u00e3o da Atividade Docente &#8211; PIT\/RIT"},"content":{"rendered":"\n<h2 class=\"wp-block-heading\" id=\"ProreitoriaMeioDireitaTitulo\"><a href=\"https:\/\/www.ifbaiano.edu.br\/unidades\/gmb\/files\/2023\/09\/oficio-99_2023.pdf\">Sobre a Regulamenta\u00e7\u00e3o<\/a><\/h2>\n\n\n\n<p>Em conson\u00e2ncia com o disposto na Portaria n\u00ba 17, de 11 de maio de 2016, da Secretaria de Educa\u00e7\u00e3o Profissional e Tecnol\u00f3gica (Setec), bem como artigos 8.3 e 8.3.1 da Portaria n\u00ba 983, de 18 de novembro de 2020, normativas que trazem a obrigatoriedade de que o IFBAIANO publique semestralmente, no s\u00edte<br>do Campus, na aba Ensino, os seguintes documentos e informa\u00e7\u00f5es:<\/p>\n\n\n\n<ol>\n<li>Planos Individuais de Trabalho (PIT) dos docentes;<\/li>\n\n\n\n<li>Relat\u00f3rios Individuais de Atividades Desenvolvidas (RIT) dos<br>docentes, e;<\/li>\n\n\n\n<li>Documentos comprobat\u00f3rios do Relat\u00f3rio de atividade docente (RIT)<\/li>\n<\/ol>\n\n\n\n<p><a class=\"wp-block-button__link has-black-color has-electric-grass-gradient-background has-text-color has-background\" style=\"border-radius: 15px\" href=\"https:\/\/www.ifbaiano.edu.br\/unidades\/gmb\/pit-plano-individual-de-trabalho-e-rit-relatorio-individual-de-trabalho\/\" target=\"_blank\" rel=\"noreferrer noopener\"><strong>CLIQUE E ACESSE PIT\/RIT DOS PROFESSORES DO CAMPUS GOVERNADOR MANGABEIRA<\/strong><\/a><\/p>\n\n\n\n<p><\/p>\n","protected":false},"excerpt":{"rendered":"<p>Sobre a Regulamenta\u00e7\u00e3o Em conson\u00e2ncia com o disposto na Portaria n\u00ba 17, de 11 de maio de 2016, da Secretaria de Educa\u00e7\u00e3o Profissional e Tecnol\u00f3gica (Setec), bem como artigos 8.3 e 8.3.1 da Portaria n\u00ba 983, de 18 de novembro de 2020, normativas que trazem a obrigatoriedade de que o IFBAIANO publique semestralmente, no s\u00edtedo [&hellip;]<\/p>\n","protected":false},"author":122,"featured_media":0,"parent":0,"menu_order":0,"comment_status":"closed","ping_status":"closed","template":"","meta":[],"_links":{"self":[{"href":"https:\/\/www.ifbaiano.edu.br\/unidades\/gmb\/wp-json\/wp\/v2\/pages\/8860"}],"collection":[{"href":"https:\/\/www.ifbaiano.edu.br\/unidades\/gmb\/wp-json\/wp\/v2\/pages"}],"about":[{"href":"https:\/\/www.ifbaiano.edu.br\/unidades\/gmb\/wp-json\/wp\/v2\/types\/page"}],"author":[{"embeddable":true,"href":"https:\/\/www.ifbaiano.edu.br\/unidades\/gmb\/wp-json\/wp\/v2\/users\/122"}],"replies":[{"embeddable":true,"href":"https:\/\/www.ifbaiano.edu.br\/unidades\/gmb\/wp-json\/wp\/v2\/comments?post=8860"}],"version-history":[{"count":10,"href":"https:\/\/www.ifbaiano.edu.br\/unidades\/gmb\/wp-json\/wp\/v2\/pages\/8860\/revisions"}],"predecessor-version":[{"id":8973,"href":"https:\/\/www.ifbaiano.edu.br\/unidades\/gmb\/wp-json\/wp\/v2\/pages\/8860\/revisions\/8973"}],"wp:attachment":[{"href":"https:\/\/www.ifbaiano.edu.br\/unidades\/gmb\/wp-json\/wp\/v2\/media?parent=8860"}],"curies":[{"name":"wp","href":"https:\/\/api.w.org\/{rel}","templated":true}]}}