{"id":10145,"date":"2021-08-26T11:44:11","date_gmt":"2021-08-26T14:44:11","guid":{"rendered":"https:\/\/www.ifbaiano.edu.br\/unidades\/guanambi\/?page_id=10145"},"modified":"2025-10-22T11:18:51","modified_gmt":"2025-10-22T14:18:51","slug":"nri","status":"publish","type":"page","link":"https:\/\/www.ifbaiano.edu.br\/unidades\/guanambi\/nri\/","title":{"rendered":"NRI"},"content":{"rendered":"<h1 class=\"wp-block-heading\" style=\"font-size: 1.75rem;color: #2f4f4f;margin-top: 2.5rem;border-bottom: 2px solid #e0e0e0;padding-bottom: 0.5rem\">N\u00facleo de Rela\u00e7\u00f5es Institucionais<\/h1>\n<div style=\"background-color: #f8f8f8;border: 1px solid #eee;padding: 20px;border-radius: 8px;margin-top: 25px;margin-bottom: 30px\">\n<p style=\"font-size: 1.15rem;font-weight: bold;color: #333;margin-top: 0;margin-bottom: 15px\">Coordenador: Joaquim Filho Moreira de Castro<\/p>\n<p style=\"font-size: 1rem;color: #555;margin-top: 0;margin-bottom: 0\">E-mail: <a style=\"color: #0073aa;text-decoration: none\" href=\"mailto:nri@guanambi.ifbaiano.edu.br\">nri@guanambi.ifbaiano.edu.br<\/a><\/p>\n<\/div>\n<div style=\"background-color: #f8f8f8;border: 1px solid #eee;padding: 20px;border-radius: 8px;margin-top: 25px;margin-bottom: 30px\">\n<p style=\"font-size: 1.1rem;font-weight: bold;color: #333;margin-top: 0;margin-bottom: 5px\">Equipe:<\/p>\n<p style=\"font-size: 1rem;color: #555;margin: 0;line-height: 1.6\">Joaquim Filho Moreira de Castro<br \/>\nM\u00e1rcio Lu\u00eds Bastos da Silva<br \/>\nAnaide Araujo Ferreira Pires<\/p>\n<\/div>\n<hr style=\"border: 0;border-top: 1px solid #eee;margin: 30px 0\">\n<details style=\"border: 1px solid #ddd;border-radius: 5px;margin-bottom: 15px;overflow: hidden\">\n<summary style=\"padding: 12px 15px;cursor: pointer;font-weight: bold;background-color: #2f4f4f;color: white;font-size: 1.2rem\">Est\u00e1gio de N\u00edvel M\u00e9dio<\/summary>\n<div style=\"padding: 20px;background-color: #fdfdfd;border-top: 1px solid #ddd\">\n<div class=\"wp-block-group\" style=\"margin-bottom: 10px\">\n<div class=\"wp-block-file\" style=\"background-color: #f0f0f0;border: 1px solid #eee;padding: 15px;border-radius: 5px;display: flex;align-items: center;gap: 15px\"><a id=\"wp-block-file--media-b79919a0-ef4a-423f-b877-151c5916b11b\" style=\"text-decoration: none;color: #333;font-weight: 500;flex: 1;min-width: 0\" href=\"https:\/\/www.ifbaiano.edu.br\/unidades\/guanambi\/files\/2021\/09\/2-ANEXO-II-REQUERIMENTO-DE-ESTAGIO.pdf\">2-ANEXO-II-REQUERIMENTO-DE-ESTAGIO<\/a><a class=\"wp-block-file__button wp-element-button\" style=\"background-color: #2f4f4f;color: #ffffff;text-decoration: none;padding: 8px 15px;border-radius: 5px;font-size: 0.9rem;font-weight: bold;flex-shrink: 0\" href=\"https:\/\/www.ifbaiano.edu.br\/unidades\/guanambi\/files\/2021\/09\/2-ANEXO-II-REQUERIMENTO-DE-ESTAGIO.pdf\" aria-describedby=\"wp-block-file--media-b79919a0-ef4a-423f-b877-151c5916b11b\">Baixar<\/a><\/div>\n<\/div>\n<div class=\"wp-block-group\" style=\"margin-bottom: 10px\">\n<div class=\"wp-block-file\" style=\"background-color: #f0f0f0;border: 1px solid #eee;padding: 15px;border-radius: 5px;display: flex;align-items: center;gap: 15px\"><a id=\"wp-block-file--media-5d1e3b7f-de3b-47cb-a98d-72852281ef69\" style=\"text-decoration: none;color: #333;font-weight: 500;flex: 1;min-width: 0\" href=\"https:\/\/www.ifbaiano.edu.br\/unidades\/guanambi\/files\/2021\/09\/8-ANEXO-VIII-RESCISAO-DO-TERMO-DE-COMPROMISSO-DE-ESTAGIO.pdf\">8-ANEXO-VIII-RESCISAO-DO-TERMO-DE-COMPROMISSO-DE-ESTAGIO<\/a><a class=\"wp-block-file__button wp-element-button\" style=\"background-color: #2f4f4f;color: #ffffff;text-decoration: none;padding: 8px 15px;border-radius: 5px;font-size: 0.9rem;font-weight: bold;flex-shrink: 0\" href=\"https:\/\/www.ifbaiano.edu.br\/unidades\/guanambi\/files\/2021\/09\/8-ANEXO-VIII-RESCISAO-DO-TERMO-DE-COMPROMISSO-DE-ESTAGIO.pdf\" aria-describedby=\"wp-block-file--media-5d1e3b7f-de3b-47cb-a98d-72852281ef69\">Baixar<\/a><\/div>\n<\/div>\n<div class=\"wp-block-group\" style=\"margin-bottom: 10px\">\n<div class=\"wp-block-file\" style=\"background-color: #f0f0f0;border: 1px solid #eee;padding: 15px;border-radius: 5px;display: flex;align-items: center;gap: 15px\"><a id=\"wp-block-file--media-1a037b98-6f00-4a5a-ab65-b1bee5ea9fd0\" style=\"text-decoration: none;color: #333;font-weight: 500;flex: 1;min-width: 0\" href=\"https:\/\/www.ifbaiano.edu.br\/unidades\/guanambi\/files\/2021\/09\/9-ANEXO-IX-REQUERIMENTO-DE-APROVEITAMENTO-PDF.pdf\">9-ANEXO-IX-REQUERIMENTO-DE-APROVEITAMENTO-PDF<\/a><a class=\"wp-block-file__button wp-element-button\" style=\"background-color: #2f4f4f;color: #ffffff;text-decoration: none;padding: 8px 15px;border-radius: 5px;font-size: 0.9rem;font-weight: bold;flex-shrink: 0\" href=\"https:\/\/www.ifbaiano.edu.br\/unidades\/guanambi\/files\/2021\/09\/9-ANEXO-IX-REQUERIMENTO-DE-APROVEITAMENTO-PDF.pdf\" aria-describedby=\"wp-block-file--media-1a037b98-6f00-4a5a-ab65-b1bee5ea9fd0\">Baixar<\/a><\/div>\n<\/div>\n<div class=\"wp-block-group\" style=\"margin-bottom: 10px\">\n<div class=\"wp-block-file\" style=\"background-color: #f0f0f0;border: 1px solid #eee;padding: 15px;border-radius: 5px;display: flex;align-items: center;gap: 15px\"><a id=\"wp-block-file--media-c446ceef-c81d-49a9-8fda-79a3931dcffe\" style=\"text-decoration: none;color: #333;font-weight: 500;flex: 1;min-width: 0\" href=\"https:\/\/www.ifbaiano.edu.br\/unidades\/guanambi\/files\/2021\/09\/10-ANEXO-X-PLANO-DE-ATIVIDADES-DE-ESTAGIO-CURRICULAR.pdf\">10-ANEXO-X-PLANO-DE-ATIVIDADES-DE-ESTAGIO-CURRICULAR<\/a><a class=\"wp-block-file__button wp-element-button\" style=\"background-color: #2f4f4f;color: #ffffff;text-decoration: none;padding: 8px 15px;border-radius: 5px;font-size: 0.9rem;font-weight: bold;flex-shrink: 0\" href=\"https:\/\/www.ifbaiano.edu.br\/unidades\/guanambi\/files\/2021\/09\/10-ANEXO-X-PLANO-DE-ATIVIDADES-DE-ESTAGIO-CURRICULAR.pdf\" aria-describedby=\"wp-block-file--media-c446ceef-c81d-49a9-8fda-79a3931dcffe\">Baixar<\/a><\/div>\n<\/div>\n<div class=\"wp-block-group\" style=\"margin-bottom: 10px\">\n<div class=\"wp-block-file\" style=\"background-color: #f0f0f0;border: 1px solid #eee;padding: 15px;border-radius: 5px;display: flex;align-items: center;gap: 15px\"><a id=\"wp-block-file--media-360394db-646f-4c23-99b5-29cddc0938dc\" style=\"text-decoration: none;color: #333;font-weight: 500;flex: 1;min-width: 0\" href=\"https:\/\/www.ifbaiano.edu.br\/unidades\/guanambi\/files\/2021\/09\/11-ANEXO-XI-DECLARACAO-DE-EXPERIENCIA-PROFISSIONAL.pdf\">11-ANEXO-XI-DECLARACAO-DE-EXPERIENCIA-PROFISSIONAL<\/a><a class=\"wp-block-file__button wp-element-button\" style=\"background-color: #2f4f4f;color: #ffffff;text-decoration: none;padding: 8px 15px;border-radius: 5px;font-size: 0.9rem;font-weight: bold;flex-shrink: 0\" href=\"https:\/\/www.ifbaiano.edu.br\/unidades\/guanambi\/files\/2021\/09\/11-ANEXO-XI-DECLARACAO-DE-EXPERIENCIA-PROFISSIONAL.pdf\" aria-describedby=\"wp-block-file--media-360394db-646f-4c23-99b5-29cddc0938dc\">Baixar<\/a><\/div>\n<\/div>\n<div class=\"wp-block-group\" style=\"margin-bottom: 10px\">\n<div class=\"wp-block-file\" style=\"background-color: #f0f0f0;border: 1px solid #eee;padding: 15px;border-radius: 5px;display: flex;align-items: center;gap: 15px\"><a id=\"wp-block-file--media-57bf53a0-82a3-4d31-822c-73440899a87c\" style=\"text-decoration: none;color: #333;font-weight: 500;flex: 1;min-width: 0\" href=\"https:\/\/www.ifbaiano.edu.br\/unidades\/guanambi\/files\/2021\/09\/13-ANEXO-XIII-REQUERIMENTO-PARA-PRORROGACAO-DO-PRAZO-DE-ENTREGA-DO-RELATORIO.pdf\">13-ANEXO-XIII-REQUERIMENTO-PARA-PRORROGACAO-DO-PRAZO-DE-ENTREGA-DO-RELATORIO<\/a><a class=\"wp-block-file__button wp-element-button\" style=\"background-color: #2f4f4f;color: #ffffff;text-decoration: none;padding: 8px 15px;border-radius: 5px;font-size: 0.9rem;font-weight: bold;flex-shrink: 0\" href=\"https:\/\/www.ifbaiano.edu.br\/unidades\/guanambi\/files\/2021\/09\/13-ANEXO-XIII-REQUERIMENTO-PARA-PRORROGACAO-DO-PRAZO-DE-ENTREGA-DO-RELATORIO.pdf\" aria-describedby=\"wp-block-file--media-57bf53a0-82a3-4d31-822c-73440899a87c\">Baixar<\/a><\/div>\n<\/div>\n<div class=\"wp-block-group\" style=\"margin-bottom: 10px\">\n<div class=\"wp-block-file\" style=\"background-color: #f0f0f0;border: 1px solid #eee;padding: 15px;border-radius: 5px;display: flex;align-items: center;gap: 15px\"><a id=\"wp-block-file--media-b1290cc0-98e0-43a6-b4bc-82f69a8bc946\" style=\"text-decoration: none;color: #333;font-weight: 500;flex: 1;min-width: 0\" href=\"https:\/\/www.ifbaiano.edu.br\/unidades\/guanambi\/files\/2021\/09\/17-ANEXO-XVII-REQUERIMENTO-PARA-SUBSTITUICAO-DE-DOCENTE-PARA-ORIENTACAO.pdf\">17-ANEXO-XVII-REQUERIMENTO-PARA-SUBSTITUICAO-DE-DOCENTE-PARA-ORIENTACAO<\/a><a class=\"wp-block-file__button wp-element-button\" style=\"background-color: #2f4f4f;color: #ffffff;text-decoration: none;padding: 8px 15px;border-radius: 5px;font-size: 0.9rem;font-weight: bold;flex-shrink: 0\" href=\"https:\/\/www.ifbaiano.edu.br\/unidades\/guanambi\/files\/2021\/09\/17-ANEXO-XVII-REQUERIMENTO-PARA-SUBSTITUICAO-DE-DOCENTE-PARA-ORIENTACAO.pdf\" aria-describedby=\"wp-block-file--media-b1290cc0-98e0-43a6-b4bc-82f69a8bc946\">Baixar<\/a><\/div>\n<\/div>\n<div class=\"wp-block-group\" style=\"margin-bottom: 0\">\n<div class=\"wp-block-file\" style=\"background-color: #f0f0f0;border: 1px solid #eee;padding: 15px;border-radius: 5px;display: flex;align-items: center;gap: 15px\"><a id=\"wp-block-file--media-8a7cbf2b-604f-434b-b559-de119e7d89fd\" style=\"text-decoration: none;color: #333;font-weight: 500;flex: 1;min-width: 0\" href=\"https:\/\/www.ifbaiano.edu.br\/unidades\/guanambi\/files\/2021\/09\/Regulamento-de-Estagio_EPTNM.pdf\">Regulamento-de-Estagio_EPTNM<\/a><a class=\"wp-block-file__button wp-element-button\" style=\"background-color: #2f4f4f;color: #ffffff;text-decoration: none;padding: 8px 15px;border-radius: 5px;font-size: 0.9rem;font-weight: bold;flex-shrink: 0\" href=\"https:\/\/www.ifbaiano.edu.br\/unidades\/guanambi\/files\/2021\/09\/Regulamento-de-Estagio_EPTNM.pdf\" aria-describedby=\"wp-block-file--media-8a7cbf2b-604f-434b-b559-de119e7d89fd\">Baixar<\/a><\/div>\n<\/div>\n<\/div>\n<\/details>\n<details style=\"border: 1px solid #ddd;border-radius: 5px;margin-bottom: 15px;overflow: hidden\">\n<summary style=\"padding: 12px 15px;cursor: pointer;font-weight: bold;background-color: #2f4f4f;color: white;font-size: 1.2rem\">Est\u00e1gio de N\u00edvel Superior<\/summary>\n<div style=\"padding: 20px;background-color: #fdfdfd;border-top: 1px solid #ddd\">\n<div class=\"wp-block-group\" style=\"margin-bottom: 10px\">\n<div class=\"wp-block-file\" style=\"background-color: #f0f0f0;border: 1px solid #eee;padding: 15px;border-radius: 5px;display: flex;align-items: center;gap: 15px\"><a id=\"wp-block-file--media-0f679137-0aea-4367-b0a0-c004ab28b3d0\" style=\"text-decoration: none;color: #333;font-weight: 500;flex: 1;min-width: 0\" href=\"https:\/\/www.ifbaiano.edu.br\/unidades\/guanambi\/files\/2021\/09\/DECLARACAO-DE-EXPERIENCIA-PROFISSIONAL-ANEXO-XI.pdf\">DECLARACAO-DE-EXPERIENCIA-PROFISSIONAL-ANEXO-XI<\/a><a class=\"wp-block-file__button wp-element-button\" style=\"background-color: #2f4f4f;color: #ffffff;text-decoration: none;padding: 8px 15px;border-radius: 5px;font-size: 0.9rem;font-weight: bold;flex-shrink: 0\" href=\"https:\/\/www.ifbaiano.edu.br\/unidades\/guanambi\/files\/2021\/09\/DECLARACAO-DE-EXPERIENCIA-PROFISSIONAL-ANEXO-XI.pdf\" aria-describedby=\"wp-block-file--media-0f679137-0aea-4367-b0a0-c004ab28b3d0\">Baixar<\/a><\/div>\n<\/div>\n<div class=\"wp-block-group\" style=\"margin-bottom: 10px\">\n<div class=\"wp-block-file\" style=\"background-color: #f0f0f0;border: 1px solid #eee;padding: 15px;border-radius: 5px;display: flex;align-items: center;gap: 15px\"><a id=\"wp-block-file--media-89d96fee-f3b3-4ecc-b409-9bc2becfbdb2\" style=\"text-decoration: none;color: #333;font-weight: 500;flex: 1;min-width: 0\" href=\"https:\/\/www.ifbaiano.edu.br\/unidades\/guanambi\/files\/2021\/09\/PLANO-DE-ATIVIDADES-ANEXO-III.pdf\">PLANO-DE-ATIVIDADES-ANEXO-III<\/a><a class=\"wp-block-file__button wp-element-button\" style=\"background-color: #2f4f4f;color: #ffffff;text-decoration: none;padding: 8px 15px;border-radius: 5px;font-size: 0.9rem;font-weight: bold;flex-shrink: 0\" href=\"https:\/\/www.ifbaiano.edu.br\/unidades\/guanambi\/files\/2021\/09\/PLANO-DE-ATIVIDADES-ANEXO-III.pdf\" aria-describedby=\"wp-block-file--media-89d96fee-f3b3-4ecc-b409-9bc2becfbdb2\">Baixar<\/a><\/div>\n<\/div>\n<div class=\"wp-block-group\" style=\"margin-bottom: 10px\">\n<div class=\"wp-block-file\" style=\"background-color: #f0f0f0;border: 1px solid #eee;padding: 15px;border-radius: 5px;display: flex;align-items: center;gap: 15px\"><a id=\"wp-block-file--media-550d0b11-b43c-4226-b506-4214f242d1c0\" style=\"text-decoration: none;color: #333;font-weight: 500;flex: 1;min-width: 0\" href=\"https:\/\/www.ifbaiano.edu.br\/unidades\/guanambi\/files\/2021\/09\/REQUERIMENTO-DE-APROVEITAMENTO-DE-CARGA-HORARIA-COMO-ESTAGIO-CURRICULAR-ANEXO-V.pdf\">REQUERIMENTO-DE-APROVEITAMENTO-DE-CARGA-HORARIA-COMO-ESTAGIO-CURRICULAR-ANEXO-V<\/a><a class=\"wp-block-file__button wp-element-button\" style=\"background-color: #2f4f4f;color: #ffffff;text-decoration: none;padding: 8px 15px;border-radius: 5px;font-size: 0.9rem;font-weight: bold;flex-shrink: 0\" href=\"https:\/\/www.ifbaiano.edu.br\/unidades\/guanambi\/files\/2021\/09\/REQUERIMENTO-DE-APROVEITAMENTO-DE-CARGA-HORARIA-COMO-ESTAGIO-CURRICULAR-ANEXO-V.pdf\" aria-describedby=\"wp-block-file--media-550d0b11-b43c-4226-b506-4214f242d1c0\">Baixar<\/a><\/div>\n<\/div>\n<div class=\"wp-block-group\" style=\"margin-bottom: 10px\">\n<div class=\"wp-block-file\" style=\"background-color: #f0f0f0;border: 1px solid #eee;padding: 15px;border-radius: 5px;display: flex;align-items: center;gap: 15px\"><a id=\"wp-block-file--media-625699a5-9558-4bd5-9425-ebd45f6aeda0\" style=\"text-decoration: none;color: #333;font-weight: 500;flex: 1;min-width: 0\" href=\"https:\/\/www.ifbaiano.edu.br\/unidades\/guanambi\/files\/2021\/09\/REQUERIMENTO-DE-ESTAGIO-ANEXO-II.pdf\">REQUERIMENTO-DE-ESTAGIO-ANEXO-II<\/a><a class=\"wp-block-file__button wp-element-button\" style=\"background-color: #2f4f4f;color: #ffffff;text-decoration: none;padding: 8px 15px;border-radius: 5px;font-size: 0.9rem;font-weight: bold;flex-shrink: 0\" href=\"https:\/\/www.ifbaiano.edu.br\/unidades\/guanambi\/files\/2021\/09\/REQUERIMENTO-DE-ESTAGIO-ANEXO-II.pdf\" aria-describedby=\"wp-block-file--media-625699a5-9558-4bd5-9425-ebd45f6aeda0\">Baixar<\/a><\/div>\n<\/div>\n<div class=\"wp-block-group\" style=\"margin-bottom: 10px\">\n<div class=\"wp-block-file\" style=\"background-color: #f0f0f0;border: 1px solid #eee;padding: 15px;border-radius: 5px;display: flex;align-items: center;gap: 15px\"><a id=\"wp-block-file--media-4e67e6fc-d3ba-4c48-b402-5cdd9ab9c0dc\" style=\"text-decoration: none;color: #333;font-weight: 500;flex: 1;min-width: 0\" href=\"https:\/\/www.ifbaiano.edu.br\/unidades\/guanambi\/files\/2021\/09\/REQUERIMENTO-DE-SUBSTITUICAO-DE-PROFESSORA-ORIENTADORA-ANEXO-XIV.pdf\">REQUERIMENTO-DE-SUBSTITUICAO-DE-PROFESSORA-ORIENTADORA-ANEXO-XIV<\/a><a class=\"wp-block-file__button wp-element-button\" style=\"background-color: #2f4f4f;color: #ffffff;text-decoration: none;padding: 8px 15px;border-radius: 5px;font-size: 0.9rem;font-weight: bold;flex-shrink: 0\" href=\"https:\/\/www.ifbaiano.edu.br\/unidades\/guanambi\/files\/2021\/09\/REQUERIMENTO-DE-SUBSTITUICAO-DE-PROFESSORA-ORIENTADORA-ANEXO-XIV.pdf\" aria-describedby=\"wp-block-file--media-4e67e6fc-d3ba-4c48-b402-5cdd9ab9c0dc\">Baixar<\/a><\/div>\n<\/div>\n<div class=\"wp-block-group\" style=\"margin-bottom: 10px\">\n<div class=\"wp-block-group\">\n<div class=\"wp-block-file\" style=\"background-color: #f0f0f0;border: 1px solid #eee;padding: 15px;border-radius: 5px;display: flex;align-items: center;gap: 15px\"><a id=\"wp-block-file--media-e3419e31-9371-4d94-8264-c7262d6a7d7c\" style=\"text-decoration: none;color: #333;font-weight: 500;flex: 1;min-width: 0\" href=\"https:\/\/www.ifbaiano.edu.br\/unidades\/guanambi\/files\/2021\/09\/REQUERIMENTO-PARA-PRORROGACAO-DO-PRAZO-DE-ENTREGA-DO-RELATORIO-FINAL-DO-ESTAGIO-ANEXO-VII.pdf\">REQUERIMENTO-PARA-PRORROGACAO-DO-PRAZO-DE-ENTREGA-DO-RELATORIO-FINAL-DO-ESTAGIO-ANEXO-VII<\/a><a class=\"wp-block-file__button wp-element-button\" style=\"background-color: #2f4f4f;color: #ffffff;text-decoration: none;padding: 8px 15px;border-radius: 5px;font-size: 0.9rem;font-weight: bold;flex-shrink: 0\" href=\"https:\/\/www.ifbaiano.edu.br\/unidades\/guanambi\/files\/2021\/09\/REQUERIMENTO-PARA-PRORROGACAO-DO-PRAZO-DE-ENTREGA-DO-RELATORIO-FINAL-DO-ESTAGIO-ANEXO-VII.pdf\" aria-describedby=\"wp-block-file--media-e3419e31-9371-4d94-8264-c7262d6a7d7c\">Baixar<\/a><\/div>\n<\/div>\n<\/div>\n<div class=\"wp-block-group\" style=\"margin-bottom: 10px\">\n<div class=\"wp-block-file\" style=\"background-color: #f0f0f0;border: 1px solid #eee;padding: 15px;border-radius: 5px;display: flex;align-items: center;gap: 15px\"><a id=\"wp-block-file--media-e7e97ffa-e7c1-478e-9812-b4bda7a846d8\" style=\"text-decoration: none;color: #333;font-weight: 500;flex: 1;min-width: 0\" href=\"https:\/\/www.ifbaiano.edu.br\/unidades\/guanambi\/files\/2021\/09\/RESCISAO-DO-TERMO-DE-COMPROMISSO-DE-ESTAGIO-ANEXO-X.pdf\">RESCISAO-DO-TERMO-DE-COMPROMISSO-DE-ESTAGIO-ANEXO-X<\/a><a class=\"wp-block-file__button wp-element-button\" style=\"background-color: #2f4f4f;color: #ffffff;text-decoration: none;padding: 8px 15px;border-radius: 5px;font-size: 0.9rem;font-weight: bold;flex-shrink: 0\" href=\"https:\/\/www.ifbaiano.edu.br\/unidades\/guanambi\/files\/2021\/09\/RESCISAO-DO-TERMO-DE-COMPROMISSO-DE-ESTAGIO-ANEXO-X.pdf\" aria-describedby=\"wp-block-file--media-e7e97ffa-e7c1-478e-9812-b4bda7a846d8\">Baixar<\/a><\/div>\n<\/div>\n<div class=\"wp-block-group\" style=\"margin-bottom: 0\">\n<div class=\"wp-block-file\" style=\"background-color: #f0f0f0;border: 1px solid #eee;padding: 15px;border-radius: 5px;display: flex;align-items: center;gap: 15px\"><a id=\"wp-block-file--media-23aac854-d453-483c-8aa9-0fdc9b81ea56\" style=\"text-decoration: none;color: #333;font-weight: 500;flex: 1;min-width: 0\" href=\"https:\/\/www.ifbaiano.edu.br\/unidades\/guanambi\/files\/2021\/09\/Resolucao-136-Estagio-Graduacao-2021.pdf\">Resolucao-136-Estagio-Graduacao-2021<\/a><a class=\"wp-block-file__button wp-element-button\" style=\"background-color: #2f4f4f;color: #ffffff;text-decoration: none;padding: 8px 15px;border-radius: 5px;font-size: 0.9rem;font-weight: bold;flex-shrink: 0\" href=\"https:\/\/www.ifbaiano.edu.br\/unidades\/guanambi\/files\/2021\/09\/Resolucao-136-Estagio-Graduacao-2021.pdf\" aria-describedby=\"wp-block-file--media-23aac854-d453-483c-8aa9-0fdc9b81ea56\">Baixar<\/a><\/div>\n<\/div>\n<\/div>\n<\/details>\n","protected":false},"excerpt":{"rendered":"<p>N\u00facleo de Rela\u00e7\u00f5es Institucionais Coordenador: Joaquim Filho Moreira de Castro E-mail: nri@guanambi.ifbaiano.edu.br Equipe: Joaquim Filho Moreira de Castro M\u00e1rcio Lu\u00eds Bastos da Silva Anaide Araujo Ferreira Pires Est\u00e1gio de N\u00edvel M\u00e9dio 2-ANEXO-II-REQUERIMENTO-DE-ESTAGIOBaixar 8-ANEXO-VIII-RESCISAO-DO-TERMO-DE-COMPROMISSO-DE-ESTAGIOBaixar 9-ANEXO-IX-REQUERIMENTO-DE-APROVEITAMENTO-PDFBaixar 10-ANEXO-X-PLANO-DE-ATIVIDADES-DE-ESTAGIO-CURRICULARBaixar 11-ANEXO-XI-DECLARACAO-DE-EXPERIENCIA-PROFISSIONALBaixar 13-ANEXO-XIII-REQUERIMENTO-PARA-PRORROGACAO-DO-PRAZO-DE-ENTREGA-DO-RELATORIOBaixar 17-ANEXO-XVII-REQUERIMENTO-PARA-SUBSTITUICAO-DE-DOCENTE-PARA-ORIENTACAOBaixar Regulamento-de-Estagio_EPTNMBaixar Est\u00e1gio de N\u00edvel Superior DECLARACAO-DE-EXPERIENCIA-PROFISSIONAL-ANEXO-XIBaixar PLANO-DE-ATIVIDADES-ANEXO-IIIBaixar REQUERIMENTO-DE-APROVEITAMENTO-DE-CARGA-HORARIA-COMO-ESTAGIO-CURRICULAR-ANEXO-VBaixar REQUERIMENTO-DE-ESTAGIO-ANEXO-IIBaixar REQUERIMENTO-DE-SUBSTITUICAO-DE-PROFESSORA-ORIENTADORA-ANEXO-XIVBaixar REQUERIMENTO-PARA-PRORROGACAO-DO-PRAZO-DE-ENTREGA-DO-RELATORIO-FINAL-DO-ESTAGIO-ANEXO-VIIBaixar RESCISAO-DO-TERMO-DE-COMPROMISSO-DE-ESTAGIO-ANEXO-XBaixar Resolucao-136-Estagio-Graduacao-2021Baixar<\/p>\n","protected":false},"author":75,"featured_media":0,"parent":0,"menu_order":0,"comment_status":"closed","ping_status":"closed","template":"","meta":[],"_links":{"self":[{"href":"https:\/\/www.ifbaiano.edu.br\/unidades\/guanambi\/wp-json\/wp\/v2\/pages\/10145"}],"collection":[{"href":"https:\/\/www.ifbaiano.edu.br\/unidades\/guanambi\/wp-json\/wp\/v2\/pages"}],"about":[{"href":"https:\/\/www.ifbaiano.edu.br\/unidades\/guanambi\/wp-json\/wp\/v2\/types\/page"}],"author":[{"embeddable":true,"href":"https:\/\/www.ifbaiano.edu.br\/unidades\/guanambi\/wp-json\/wp\/v2\/users\/75"}],"replies":[{"embeddable":true,"href":"https:\/\/www.ifbaiano.edu.br\/unidades\/guanambi\/wp-json\/wp\/v2\/comments?post=10145"}],"version-history":[{"count":11,"href":"https:\/\/www.ifbaiano.edu.br\/unidades\/guanambi\/wp-json\/wp\/v2\/pages\/10145\/revisions"}],"predecessor-version":[{"id":15433,"href":"https:\/\/www.ifbaiano.edu.br\/unidades\/guanambi\/wp-json\/wp\/v2\/pages\/10145\/revisions\/15433"}],"wp:attachment":[{"href":"https:\/\/www.ifbaiano.edu.br\/unidades\/guanambi\/wp-json\/wp\/v2\/media?parent=10145"}],"curies":[{"name":"wp","href":"https:\/\/api.w.org\/{rel}","templated":true}]}}