{"id":10393,"date":"2021-11-12T10:13:15","date_gmt":"2021-11-12T13:13:15","guid":{"rendered":"https:\/\/www.ifbaiano.edu.br\/unidades\/guanambi\/?page_id=10393"},"modified":"2021-11-22T21:27:00","modified_gmt":"2021-11-23T00:27:00","slug":"kit-de-alimentacao-escolar","status":"publish","type":"page","link":"https:\/\/www.ifbaiano.edu.br\/unidades\/guanambi\/kit-de-alimentacao-escolar\/","title":{"rendered":"Kit de Alimenta\u00e7\u00e3o Escolar"},"content":{"rendered":"\n<div class=\"wp-block-file\"><a href=\"https:\/\/www.ifbaiano.edu.br\/unidades\/guanambi\/files\/2021\/11\/Lista-de-contemplados-com-o-Kit-Alimentacao-Escolar.pdf\">Lista de contemplados com o Kit Alimenta\u00e7\u00e3o Escolar<\/a><a href=\"https:\/\/www.ifbaiano.edu.br\/unidades\/guanambi\/files\/2021\/11\/Lista-de-contemplados-com-o-Kit-Alimentacao-Escolar.pdf\" class=\"wp-block-file__button\" download>Baixar<\/a><\/div>\n\n\n\n<p><\/p>\n\n\n\n<p><a rel=\"noreferrer noopener\" href=\"http:\/\/opinanovo.ifbaiano.edu.br\/index.php\/745263?lang=pt-BR\" target=\"_blank\">Formul\u00e1rio de Inscri\u00e7\u00e3o<\/a><\/p>\n\n\n\n<p><a href=\"https:\/\/www.ifbaiano.edu.br\/unidades\/guanambi\/2021\/11\/12\/abertas-novas-inscricoes-para-recebimento-de-kits-de-alimentacao-escolar\/\">Informa\u00e7\u00f5es Iniciais<\/a><\/p>\n","protected":false},"excerpt":{"rendered":"<p>Formul\u00e1rio de Inscri\u00e7\u00e3o Informa\u00e7\u00f5es Iniciais<\/p>\n","protected":false},"author":75,"featured_media":0,"parent":0,"menu_order":0,"comment_status":"closed","ping_status":"closed","template":"","meta":[],"_links":{"self":[{"href":"https:\/\/www.ifbaiano.edu.br\/unidades\/guanambi\/wp-json\/wp\/v2\/pages\/10393"}],"collection":[{"href":"https:\/\/www.ifbaiano.edu.br\/unidades\/guanambi\/wp-json\/wp\/v2\/pages"}],"about":[{"href":"https:\/\/www.ifbaiano.edu.br\/unidades\/guanambi\/wp-json\/wp\/v2\/types\/page"}],"author":[{"embeddable":true,"href":"https:\/\/www.ifbaiano.edu.br\/unidades\/guanambi\/wp-json\/wp\/v2\/users\/75"}],"replies":[{"embeddable":true,"href":"https:\/\/www.ifbaiano.edu.br\/unidades\/guanambi\/wp-json\/wp\/v2\/comments?post=10393"}],"version-history":[{"count":4,"href":"https:\/\/www.ifbaiano.edu.br\/unidades\/guanambi\/wp-json\/wp\/v2\/pages\/10393\/revisions"}],"predecessor-version":[{"id":10429,"href":"https:\/\/www.ifbaiano.edu.br\/unidades\/guanambi\/wp-json\/wp\/v2\/pages\/10393\/revisions\/10429"}],"wp:attachment":[{"href":"https:\/\/www.ifbaiano.edu.br\/unidades\/guanambi\/wp-json\/wp\/v2\/media?parent=10393"}],"curies":[{"name":"wp","href":"https:\/\/api.w.org\/{rel}","templated":true}]}}