{"id":10735,"date":"2022-04-24T21:03:59","date_gmt":"2022-04-25T00:03:59","guid":{"rendered":"https:\/\/www.ifbaiano.edu.br\/unidades\/guanambi\/?page_id=10735"},"modified":"2025-11-06T14:27:56","modified_gmt":"2025-11-06T17:27:56","slug":"napne","status":"publish","type":"page","link":"https:\/\/www.ifbaiano.edu.br\/unidades\/guanambi\/napne\/","title":{"rendered":"Napne"},"content":{"rendered":"<div style=\"font-family: sans-serif;color: #333;line-height: 1.6\">\n<div style=\"background-color: #f8f8f8;border: 1px solid #eee;padding: 20px;border-radius: 8px;margin-bottom: 2rem\">\n<p style=\"margin-top: 0;margin-bottom: 1rem;font-size: 1.1rem\"><strong>Coordenadora:<\/strong> Joilce Karine Fernandes Silva Pereira<\/p>\n<p style=\"margin: 0.5rem 0;font-size: 1rem\"><strong>Secret\u00e1ria:<\/strong> Erijane da Silva Ferreira<\/p>\n<p style=\"margin: 0.5rem 0;font-size: 1rem\"><strong>Telefone:<\/strong> 77 3493-2100 &#8211; Ramal: 249<\/p>\n<p style=\"margin-top: 0.5rem;margin-bottom: 0;font-size: 1rem\"><strong>E-mail:<\/strong> <a style=\"color: #0073aa;text-decoration: none\" href=\"mailto:napne@guanambi.ifbaiano.edu.br\">napne@guanambi.ifbaiano.edu.br<\/a><\/p>\n<\/div>\n<p style=\"text-align: justify;margin-bottom: 1.5rem\">Na Pol\u00edtica de Diversidade e Inclus\u00e3o do IF Baiano, o N\u00facleo de Atendimento \u00e0s Pessoas com necessidades Espec\u00edficas &#8211; NAPNE \u00e9 um n\u00facleo de natureza propositiva e consultiva e est\u00e1 ligado ao programa PAPNE \u2013 Programa de Atendimento \u00e0s Pessoas com Necessidades Espec\u00edficas, considerando essas pessoas aquelas que possuem defici\u00eancia visual, auditiva, f\u00edsica sensorial, intelectual, m\u00faltipla, transtornos globais do desenvolvimento e altas habilidades\/superdota\u00e7\u00e3o. O Programa assegurar\u00e1 a essas pessoas, no que diz respeito ao acesso, \u00e0 perman\u00eancia e a sa\u00edda exitosa do Instituto na perspectiva da emancipa\u00e7\u00e3o e da inser\u00e7\u00e3o do mundo de trabalho.<\/p>\n<p style=\"margin: 1.5rem 0px 2.5rem;text-align: center\"><a style=\"display: inline-block;background-color: #006400;color: #ffffff;padding: 12px 20px;text-decoration: none;border-radius: 5px;font-weight: bold;font-size: 1.1rem\" href=\"http:\/\/www.ifbaiano.edu.br\/unidades\/guanambi\/campus\/documentos-institucionais\/\">Acessar Documentos do NAPNE<br \/>\n<\/a><\/p>\n<hr style=\"border: 0;border-top: 1px solid #eee;margin: 2.5rem 0\" \/>\n<h4 style=\"font-size: 1.25rem;color: #333;margin-top: 2rem;margin-bottom: 1rem\">Equipe<\/h4>\n<div style=\"background-color: #f8f8f8;border: 1px solid #eee;padding: 20px;border-radius: 8px;margin-bottom: 2rem\">\n<ul style=\"padding-left: 10px;margin: 0\">\n<li style=\"padding: 5px 0;border-bottom: 1px dashed #ddd\">Adriany Thatcher Castro Soares. Ramal: 249 &#8211; <a style=\"color: #0073aa;text-decoration: none\" href=\"mailto:adriany.soares@ifbaiano.edu.br\">adriany.soares@ifbaiano.edu.br<\/a><\/li>\n<li style=\"padding: 5px 0;border-bottom: 1px dashed #ddd\">Erijane da Silva Ferreira. Ramal: 249 &#8211; <a style=\"color: #0073aa;text-decoration: none\" href=\"mailto:erijane.ferreira@ifbaiano.edu.br\">erijane.ferreira@ifbaiano.edu.br<\/a><\/li>\n<li style=\"padding: 5px 0;border-bottom: 1px dashed #ddd\">Ivonete Nascimento Castro. Ramal: 249 &#8211; <a style=\"color: #0073aa;text-decoration: none\" href=\"mailto:ivonete.castro@ifbaiano.edu.br\">ivonete.castro@ifbaiano.edu.br<\/a><\/li>\n<li style=\"padding: 5px 0\">Maria do Carmo Neves Cardoso. Ramal: 249 &#8211; <a style=\"color: #0073aa;text-decoration: none\" href=\"mailto:maria.cardoso@ifbaiano.edu.br\">maria.cardoso@ifbaiano.edu.br<\/a><\/li>\n<\/ul>\n<\/div>\n<\/div>\n","protected":false},"excerpt":{"rendered":"<p>Coordenadora: Joilce Karine Fernandes Silva Pereira Secret\u00e1ria: Erijane da Silva Ferreira Telefone: 77 3493-2100 &#8211; Ramal: 249 E-mail: napne@guanambi.ifbaiano.edu.br Na Pol\u00edtica de Diversidade e Inclus\u00e3o do IF Baiano, o N\u00facleo de Atendimento \u00e0s Pessoas com necessidades Espec\u00edficas &#8211; NAPNE \u00e9 um n\u00facleo de natureza propositiva e consultiva e est\u00e1 ligado ao programa PAPNE \u2013 Programa [&hellip;]<\/p>\n","protected":false},"author":75,"featured_media":0,"parent":0,"menu_order":0,"comment_status":"closed","ping_status":"closed","template":"","meta":[],"_links":{"self":[{"href":"https:\/\/www.ifbaiano.edu.br\/unidades\/guanambi\/wp-json\/wp\/v2\/pages\/10735"}],"collection":[{"href":"https:\/\/www.ifbaiano.edu.br\/unidades\/guanambi\/wp-json\/wp\/v2\/pages"}],"about":[{"href":"https:\/\/www.ifbaiano.edu.br\/unidades\/guanambi\/wp-json\/wp\/v2\/types\/page"}],"author":[{"embeddable":true,"href":"https:\/\/www.ifbaiano.edu.br\/unidades\/guanambi\/wp-json\/wp\/v2\/users\/75"}],"replies":[{"embeddable":true,"href":"https:\/\/www.ifbaiano.edu.br\/unidades\/guanambi\/wp-json\/wp\/v2\/comments?post=10735"}],"version-history":[{"count":3,"href":"https:\/\/www.ifbaiano.edu.br\/unidades\/guanambi\/wp-json\/wp\/v2\/pages\/10735\/revisions"}],"predecessor-version":[{"id":15446,"href":"https:\/\/www.ifbaiano.edu.br\/unidades\/guanambi\/wp-json\/wp\/v2\/pages\/10735\/revisions\/15446"}],"wp:attachment":[{"href":"https:\/\/www.ifbaiano.edu.br\/unidades\/guanambi\/wp-json\/wp\/v2\/media?parent=10735"}],"curies":[{"name":"wp","href":"https:\/\/api.w.org\/{rel}","templated":true}]}}