{"id":10915,"date":"2022-07-25T15:09:27","date_gmt":"2022-07-25T18:09:27","guid":{"rendered":"https:\/\/www.ifbaiano.edu.br\/unidades\/guanambi\/?page_id=10915"},"modified":"2022-08-26T19:32:24","modified_gmt":"2022-08-26T22:32:24","slug":"residencia-estudantil","status":"publish","type":"page","link":"https:\/\/www.ifbaiano.edu.br\/unidades\/guanambi\/residencia-estudantil\/","title":{"rendered":"Resid\u00eancia Estudantil"},"content":{"rendered":"\n<h2 class=\"wp-block-heading\">2022<\/h2>\n\n\n\n<div class=\"wp-block-file\"><a href=\"https:\/\/www.ifbaiano.edu.br\/unidades\/guanambi\/files\/2022\/08\/RESULTADO-FINAL-RESIDENCIA-MASCULINA.pdf\">Resultado Final &#8211; Resid\u00eancia Masculina<\/a><a href=\"https:\/\/www.ifbaiano.edu.br\/unidades\/guanambi\/files\/2022\/08\/RESULTADO-FINAL-RESIDENCIA-MASCULINA.pdf\" class=\"wp-block-file__button\" download>Baixar<\/a><\/div>\n\n\n\n<div class=\"wp-block-file\"><a href=\"https:\/\/www.ifbaiano.edu.br\/unidades\/guanambi\/files\/2022\/08\/RESULTADO-FINAL-RESIDENCIA-FEMININA.pdf\">Resultado Final &#8211; Resid\u00eancia Feminina<\/a><a href=\"https:\/\/www.ifbaiano.edu.br\/unidades\/guanambi\/files\/2022\/08\/RESULTADO-FINAL-RESIDENCIA-FEMININA.pdf\" class=\"wp-block-file__button\" download>Baixar<\/a><\/div>\n\n\n\n<div class=\"wp-block-file\"><a href=\"https:\/\/www.ifbaiano.edu.br\/unidades\/guanambi\/files\/2022\/08\/RESULTADO-DOS-RECURSOS.pdf\">Resultado dos Recursos<\/a><a href=\"https:\/\/www.ifbaiano.edu.br\/unidades\/guanambi\/files\/2022\/08\/RESULTADO-DOS-RECURSOS.pdf\" class=\"wp-block-file__button\" download>Baixar<\/a><\/div>\n\n\n\n<div class=\"wp-block-file\"><a href=\"https:\/\/www.ifbaiano.edu.br\/unidades\/guanambi\/files\/2022\/08\/Resultado-Preliminar-Residencia-Estudantil-Masculina.pdf\">Resultado Preliminar &#8211; Resid\u00eancia Estudantil Masculina<\/a><a href=\"https:\/\/www.ifbaiano.edu.br\/unidades\/guanambi\/files\/2022\/08\/Resultado-Preliminar-Residencia-Estudantil-Masculina.pdf\" class=\"wp-block-file__button\" download>Baixar<\/a><\/div>\n\n\n\n<div class=\"wp-block-file\"><a href=\"https:\/\/www.ifbaiano.edu.br\/unidades\/guanambi\/files\/2022\/08\/Resultado-Preliminar-Residencia-Estudantil-Feminina.pdf\">Resultado Preliminar &#8211; Resid\u00eancia Estudantil &#8211; Feminina<\/a><a href=\"https:\/\/www.ifbaiano.edu.br\/unidades\/guanambi\/files\/2022\/08\/Resultado-Preliminar-Residencia-Estudantil-Feminina.pdf\" class=\"wp-block-file__button\" download>Baixar<\/a><\/div>\n\n\n\n<div class=\"wp-block-file\"><a href=\"https:\/\/www.ifbaiano.edu.br\/unidades\/guanambi\/files\/2022\/08\/Anexo-IV-Formulario-de-Interposicao-de-Recursos.pdf\">Anexo IV &#8211; Formul\u00e1rio de Interposi\u00e7\u00e3o de Recursos<\/a><a href=\"https:\/\/www.ifbaiano.edu.br\/unidades\/guanambi\/files\/2022\/08\/Anexo-IV-Formulario-de-Interposicao-de-Recursos.pdf\" class=\"wp-block-file__button\" download>Baixar<\/a><\/div>\n\n\n\n<div class=\"wp-block-file\"><a href=\"https:\/\/www.ifbaiano.edu.br\/unidades\/guanambi\/files\/2022\/07\/Edital-20-de-25-de-julho-de-2002.pdf\">Edital n\u00ba 20 de 25 de julho de 2022 &#8211; Processo Seletivo para Resid\u00eancia Estudantil &#8211; 2022.1<\/a><a href=\"https:\/\/www.ifbaiano.edu.br\/unidades\/guanambi\/files\/2022\/07\/Edital-20-de-25-de-julho-de-2002.pdf\" class=\"wp-block-file__button\" download>Baixar<\/a><\/div>\n\n\n\n<div class=\"wp-block-file\"><a href=\"https:\/\/www.ifbaiano.edu.br\/unidades\/guanambi\/files\/2022\/07\/ANEXO-1-REQUERIMENTO.pdf\">Anexo I &#8211; Requerimento <\/a><a href=\"https:\/\/www.ifbaiano.edu.br\/unidades\/guanambi\/files\/2022\/07\/ANEXO-1-REQUERIMENTO.pdf\" class=\"wp-block-file__button\" download>Baixar<\/a><\/div>\n\n\n\n<div class=\"wp-block-file\"><a href=\"https:\/\/www.ifbaiano.edu.br\/unidades\/guanambi\/files\/2022\/07\/Anexo-VII-Questionario-de-Analise-Socioeconomica.pdf\">Anexo-VII-Questionario-de-Analise-Socioeconomica<\/a><a href=\"https:\/\/www.ifbaiano.edu.br\/unidades\/guanambi\/files\/2022\/07\/Anexo-VII-Questionario-de-Analise-Socioeconomica.pdf\" class=\"wp-block-file__button\" download>Baixar<\/a><\/div>\n","protected":false},"excerpt":{"rendered":"<p>2022<\/p>\n","protected":false},"author":75,"featured_media":0,"parent":0,"menu_order":0,"comment_status":"closed","ping_status":"closed","template":"","meta":[],"_links":{"self":[{"href":"https:\/\/www.ifbaiano.edu.br\/unidades\/guanambi\/wp-json\/wp\/v2\/pages\/10915"}],"collection":[{"href":"https:\/\/www.ifbaiano.edu.br\/unidades\/guanambi\/wp-json\/wp\/v2\/pages"}],"about":[{"href":"https:\/\/www.ifbaiano.edu.br\/unidades\/guanambi\/wp-json\/wp\/v2\/types\/page"}],"author":[{"embeddable":true,"href":"https:\/\/www.ifbaiano.edu.br\/unidades\/guanambi\/wp-json\/wp\/v2\/users\/75"}],"replies":[{"embeddable":true,"href":"https:\/\/www.ifbaiano.edu.br\/unidades\/guanambi\/wp-json\/wp\/v2\/comments?post=10915"}],"version-history":[{"count":4,"href":"https:\/\/www.ifbaiano.edu.br\/unidades\/guanambi\/wp-json\/wp\/v2\/pages\/10915\/revisions"}],"predecessor-version":[{"id":10970,"href":"https:\/\/www.ifbaiano.edu.br\/unidades\/guanambi\/wp-json\/wp\/v2\/pages\/10915\/revisions\/10970"}],"wp:attachment":[{"href":"https:\/\/www.ifbaiano.edu.br\/unidades\/guanambi\/wp-json\/wp\/v2\/media?parent=10915"}],"curies":[{"name":"wp","href":"https:\/\/api.w.org\/{rel}","templated":true}]}}