{"id":121,"date":"2011-05-19T16:43:49","date_gmt":"2011-05-19T19:43:49","guid":{"rendered":"http:\/\/localhost\/unidades\/bonfim\/?page_id=121"},"modified":"2016-12-20T11:55:59","modified_gmt":"2016-12-20T11:55:59","slug":"regimentos-alunos","status":"publish","type":"page","link":"https:\/\/www.ifbaiano.edu.br\/unidades\/guanambi\/regimentos-alunos\/","title":{"rendered":"Regimentos"},"content":{"rendered":"<p>RESOLU\u00c7\u00c3O N\u00ba 10\/2016, de 30.03.2016 &#8211; <a href=\"http:\/\/www.ifbaiano.edu.br\/unidades\/guanambi\/files\/2016\/05\/Novo-Regulamento-das-Residencias.pdf\" target=\"_blank\">Regulamento Geral das Resid\u00eancias Estudantis<\/a><\/p>\n<p>RESOLU\u00c7\u00c3O N\u00ba 25\/2015, de 24.11.2015 &#8211; <a href=\"http:\/\/www.ifbaiano.edu.br\/unidades\/guanambi\/files\/2016\/05\/Novo-Regulamento-Disciplinar-Discente-IF-Baiano.pdf\" target=\"_blank\">Regulamento Disciplinar Discente\u00a0<\/a><\/p>\n<p><a href=\"http:\/\/www.ifbaiano.edu.br\/unidades\/guanambi\/campus\/documentos-institucionais\/\">Mais documentos importantes<\/a><\/p>\n","protected":false},"excerpt":{"rendered":"<p>RESOLU\u00c7\u00c3O N\u00ba 10\/2016, de 30.03.2016 &#8211; Regulamento Geral das Resid\u00eancias Estudantis RESOLU\u00c7\u00c3O N\u00ba 25\/2015, de 24.11.2015 &#8211; Regulamento Disciplinar Discente\u00a0 Mais documentos importantes<\/p>\n","protected":false},"author":1,"featured_media":0,"parent":0,"menu_order":0,"comment_status":"closed","ping_status":"closed","template":"","meta":[],"_links":{"self":[{"href":"https:\/\/www.ifbaiano.edu.br\/unidades\/guanambi\/wp-json\/wp\/v2\/pages\/121"}],"collection":[{"href":"https:\/\/www.ifbaiano.edu.br\/unidades\/guanambi\/wp-json\/wp\/v2\/pages"}],"about":[{"href":"https:\/\/www.ifbaiano.edu.br\/unidades\/guanambi\/wp-json\/wp\/v2\/types\/page"}],"author":[{"embeddable":true,"href":"https:\/\/www.ifbaiano.edu.br\/unidades\/guanambi\/wp-json\/wp\/v2\/users\/1"}],"replies":[{"embeddable":true,"href":"https:\/\/www.ifbaiano.edu.br\/unidades\/guanambi\/wp-json\/wp\/v2\/comments?post=121"}],"version-history":[{"count":7,"href":"https:\/\/www.ifbaiano.edu.br\/unidades\/guanambi\/wp-json\/wp\/v2\/pages\/121\/revisions"}],"predecessor-version":[{"id":5750,"href":"https:\/\/www.ifbaiano.edu.br\/unidades\/guanambi\/wp-json\/wp\/v2\/pages\/121\/revisions\/5750"}],"wp:attachment":[{"href":"https:\/\/www.ifbaiano.edu.br\/unidades\/guanambi\/wp-json\/wp\/v2\/media?parent=121"}],"curies":[{"name":"wp","href":"https:\/\/api.w.org\/{rel}","templated":true}]}}