{"id":125,"date":"2011-05-19T16:44:38","date_gmt":"2011-05-19T19:44:38","guid":{"rendered":"http:\/\/localhost\/unidades\/bonfim\/?page_id=125"},"modified":"2017-03-24T01:38:31","modified_gmt":"2017-03-24T04:38:31","slug":"alunos-assistencia-estudantil","status":"publish","type":"page","link":"https:\/\/www.ifbaiano.edu.br\/unidades\/guanambi\/alunos-assistencia-estudantil\/","title":{"rendered":"Assist\u00eancia Estudantil"},"content":{"rendered":"<h1><a href=\"http:\/\/concurso.ifbaiano.edu.br\/portal\/paise-2017\/\">PAISE 2017<\/a><\/h1>\n<p><strong>POL\u00cdTICA DE ASSIST\u00caNCIA ESTUDANTIL DO\u00a0<\/strong><strong>IF BAIANO<\/strong><\/p>\n<p><strong>DEFINI\u00c7\u00c3O<\/strong><\/p>\n<p style=\"text-align: justify\">A Pol\u00edtica de Assist\u00eancia Estudantil constitui-se de um conjunto de princ\u00edpios norteadores para o desenvolvimento de programas e linhas de a\u00e7\u00f5es que favore\u00e7am a democratiza\u00e7\u00e3o do acesso, perman\u00eancia e \u00eaxito no processo formativo, bem como, a inser\u00e7\u00e3o socioprofissional do estudante com vistas \u00e0 inclus\u00e3o de pessoas em situa\u00e7\u00e3o de vulnerabilidade socioecon\u00f4mica, ao fortalecimento da cidadania, \u00e0 otimiza\u00e7\u00e3o do desempenho acad\u00eamico e ao bem estar biopsicossocial.<\/p>\n<p style=\"text-align: justify\">No IF Baiano, a Pol\u00edtica de Assist\u00eancia Estudantil dever\u00e1 abranger, atrav\u00e9s de seus programas, todos os estudantes regularmente matriculados, ressaltando-se que os programas que demandarem recursos financeiros ser\u00e3o utilizados, prioritariamente, para atender \u00e0s necessidades do corpo discente, cuja renda familiar per capita seja de at\u00e9 um sal\u00e1rio m\u00ednimo e meio vigente.<\/p>\n<p><strong>PROGRAMAS:<\/strong><\/p>\n<p><strong>PROGRAMA DE ASSIST\u00caNCIA E INCLUS\u00c3O SOCIAL<\/strong><\/p>\n<p><strong>DO ESTUDANTE (PAISE)<\/strong><\/p>\n<p style=\"text-align: justify\">O Programa de Assist\u00eancia e Inclus\u00e3o Social do Estudante (PAISE) do IF Baiano \u00e9 destinado aos discentes regularmente matriculados que possuam renda per capita de at\u00e9 um sal\u00e1rio m\u00ednimo e meio vigente \u2013 conforme definido pelo Decreto 7.234 de 19 de julho de 2010, que disp\u00f5e sobre o Programa Nacional de Assist\u00eancia Estudantil \u2013 para garantia da perman\u00eancia na institui\u00e7\u00e3o durante os anos da forma\u00e7\u00e3o acad\u00eamica.<\/p>\n<p><strong>ATEN\u00c7\u00c3O: A sele\u00e7\u00e3o para os benef\u00edcios do PAISE s\u00e3o realizadas a partir de Edital espec\u00edfico publicado no in\u00edcio de cada semestre letivo.<\/strong><\/p>\n<p style=\"text-align: justify\">No campus Guanambi, o PAISE \u00e9 composto dos seguintes benef\u00edcios: Resid\u00eancia Estudantil, Aux\u00edlio Moradia, Alimenta\u00e7\u00e3o Estudantil, Aux\u00edlio Transporte, Aux\u00edlio Material Acad\u00eamico, Aux\u00edlio Uniforme, Aux\u00edlio c\u00f3pia e impress\u00e3o.<\/p>\n<p><strong>I-\u00a0<\/strong><strong>Resid\u00eancia Estudantil<\/strong><\/p>\n<p style=\"text-align: justify\">Consiste em viabilizar a perman\u00eancia integral do estudante, oriundo de munic\u00edpios distantes e\/ou que tenha dificuldade de translado di\u00e1rio, nas depend\u00eancias da Resid\u00eancia Estudantil. Esta atender\u00e1 aos estudantes de ambos os sexos e, preferencialmente, adolescentes (entre 12 e 18 anos) em situa\u00e7\u00e3o de vulnerabilidade social e baixa condi\u00e7\u00e3o econ\u00f4mica. Aos residentes s\u00e3o asseguradas as tr\u00eas refei\u00e7\u00f5es di\u00e1rias (caf\u00e9 da manh\u00e3, almo\u00e7o e jantar) enquanto permanecerem no campus. Os casos de discentes com necessidades educacionais espec\u00edficas ou em situa\u00e7\u00e3o de risco sociofamiliar tamb\u00e9m s\u00e3o considerados nos crit\u00e9rios de sele\u00e7\u00e3o para o programa;<\/p>\n<p><strong>II-\u00a0<\/strong><strong>Aux\u00edlio Moradia<\/strong><\/p>\n<p style=\"text-align: justify\">Consiste na concess\u00e3o de valor financeiro, fixo e mensal de R$ 150,00 (cento e cinquenta reais), a estudantes oriundos de munic\u00edpios distantes e\/ou com dificuldade de translado di\u00e1rio e que n\u00e3o tenham sido beneficiados com a Resid\u00eancia Estudantil. O estudante menor de idade que for contemplado precisar\u00e1 apresentar o Termo de Responsabilidade assinado pelos pais ou respons\u00e1veis;<\/p>\n<p><strong>III-\u00a0<\/strong><strong>Alimenta\u00e7\u00e3o Estudantil<\/strong><\/p>\n<p>Consiste na garantia das refei\u00e7\u00f5es di\u00e1rias (caf\u00e9-da-manh\u00e3, almo\u00e7o e jantar) durante o ano letivo para os estudantes matriculados nos cursos integrados e residentes, nos\u00a0<em>campi\u00a0<\/em>onde houver refeit\u00f3rio.<\/p>\n<p><strong>IV-\u00a0<\/strong><strong>Aux\u00edlio Transporte<\/strong><\/p>\n<p style=\"text-align: justify\">Consiste na concess\u00e3o de aux\u00edlio financeiro de valor fixo e mensal de R$ 100,00 (cem reais) ao estudante, para custear as despesas com transporte para garantir o translado de ida e retorno ao\u00a0<em>campus<\/em>, durante o per\u00edodo letivo. Este aux\u00edlio n\u00e3o poder\u00e1 ser concedido ao educando que j\u00e1 est\u00e1 inserido em outro programa similar, por exemplo: transporte ou vale transporte disponibilizado pelas prefeituras;<\/p>\n<p><strong>V-\u00a0<\/strong><strong>Aux\u00edlio Material Acad\u00eamico<\/strong><\/p>\n<p style=\"text-align: justify\">Consiste na concess\u00e3o de repasse financeiro \u00fanico anual, no valor fixo de R$ 50,00 (cinquenta reais), ao estudante, para custear as despesas com material acad\u00eamico. A solicita\u00e7\u00e3o dever\u00e1 ser feita no in\u00edcio de cada per\u00edodo letivo, podendo o aux\u00edlio ser cumulativo com qualquer outro;<\/p>\n<p><strong>VI-\u00a0<\/strong><strong>Aux\u00edlio Uniforme<\/strong><\/p>\n<p style=\"text-align: justify\">Consiste na concess\u00e3o de repasse financeiro \u00fanico anual, no valor fixo de R$ 100,00 (cem reais), ao estudante para custear as despesas com uniforme. A solicita\u00e7\u00e3o dever\u00e1 ser feita no in\u00edcio de cada per\u00edodo letivo, podendo o aux\u00edlio ser cumulativo com qualquer outro;<\/p>\n<p>&nbsp;<\/p>\n<p style=\"text-align: justify\"><strong>ATEN\u00c7\u00c3O:\u00a0<\/strong>Tendo em vista a garantia das refei\u00e7\u00f5es di\u00e1rias pelo Setor de Alimenta\u00e7\u00e3o e Nutri\u00e7\u00e3o (SAN\/ CGAE), bem como boa parte do custeio do material de reprografia para todos os estudantes deste campus, n\u00e3o h\u00e1 a necessidade da oferta do Aux\u00edlio Alimenta\u00e7\u00e3o e Aux\u00edlio C\u00f3pia e Impress\u00e3o da Pol\u00edtica de Assist\u00eancia Estudantil do IF Baiano.<\/p>\n<p><strong>PROGRAMA DE APOIO \u00c0 DIVERSIDADE E A\u00c7\u00d5ES AFIRMATIVAS (PROADA)<\/strong><\/p>\n<p style=\"text-align: justify\">Este programa tem a finalidade de criar, na vida social e acad\u00eamica do estudante, espa\u00e7os de reflex\u00e3o e de a\u00e7\u00f5es referentes \u00e0 diversidade (necessidades espec\u00edficas, etnia, g\u00eanero, religi\u00e3o, orienta\u00e7\u00e3o sexual, idade) com o objetivo reduzir as discrimina\u00e7\u00f5es e aumentar a representatividade dos grupos minorit\u00e1rios. Poder\u00e3o ser elencadas como a\u00e7\u00f5es a realiza\u00e7\u00e3o e\/ou apoio a eventos, campanhas, semin\u00e1rios, palestras, cursos de extens\u00e3o e capacita\u00e7\u00f5es visando o fortalecimento do Programa.<\/p>\n<p><strong>PROGRAMA DE ASSIST\u00caNCIA INTEGRAL \u00c0 SA\u00daDE\u00a0<\/strong><strong>(PR\u00d3-SA\u00daDE)<\/strong><\/p>\n<p style=\"text-align: justify\">Programa que visa criar mecanismos para viabilizar assist\u00eancia ao estudante, atrav\u00e9s dos servi\u00e7os de atendimento m\u00e9dico, odontol\u00f3gico, psicol\u00f3gico, enfermagem e nutri\u00e7\u00e3o, incluindo a\u00e7\u00f5es de preven\u00e7\u00e3o, promo\u00e7\u00e3o, tratamento e vigil\u00e2ncia \u00e0 sa\u00fade da comunidade discente (como exemplos: campanhas de vacina\u00e7\u00e3o, doa\u00e7\u00e3o de sangue, riscos das doen\u00e7as sexualmente transmiss\u00edveis, sa\u00fade bucal, higiene corporal e orienta\u00e7\u00e3o nutricional).<\/p>\n<p><strong>PROGRAMA DE ACOMPANHAMENTO PSICOSSOCIAL E PEDAG\u00d3GICO (PROAP)<\/strong><\/p>\n<p style=\"text-align: justify\">O Programa de Acompanhamento Psicossocial e Pedag\u00f3gico (PROAP) tem como objetivo viabilizar a\u00e7\u00f5es de promo\u00e7\u00e3o da sa\u00fade, bem como atividades interdisciplinares de natureza preventiva e interventiva que redundar\u00e1 no bem estar biopsicossocial e \/ou desempenho acad\u00eamico. Destinar-se-\u00e1 aos estudantes, professores, pais e\/ou respons\u00e1veis, atrav\u00e9s da cria\u00e7\u00e3o do N\u00facleo de Apoio Pedag\u00f3gico e Psicossocial (NAPSI). Este dever\u00e1 ser constitu\u00eddo de um(a) assistente social, um(a) psic\u00f3logo(a) e um(a) pedagogo(a).<\/p>\n<p><strong>PROGRAMA DE INCENTIVO A CULTURA, ESPORTE E LAZER\u00a0<\/strong><strong>(PINCEL)<\/strong><\/p>\n<p style=\"text-align: justify\">Este programa tem por finalidade garantir aos estudantes o exerc\u00edcio dos direitos culturais, as condi\u00e7\u00f5es para a pr\u00e1tica da cultura esportiva, do lazer e o fazer art\u00edstico, visando \u00e0 qualidade do desempenho acad\u00eamico, a produ\u00e7\u00e3o do conhecimento e a forma\u00e7\u00e3o cidad\u00e3.<\/p>\n<p><strong>PROGRAMA DE INCENTIVO \u00c0 PARTICIPA\u00c7\u00c3O POL\u00cdTICO-ACAD\u00caMICA (PROPAC)<\/strong><\/p>\n<p style=\"text-align: justify\">Programa que visa \u00e0 realiza\u00e7\u00e3o de a\u00e7\u00f5es que contribuam para o exerc\u00edcio da cidadania e do direito de organiza\u00e7\u00e3o pol\u00edtica do estudante. O PROPAC deve estimular \u00e0 representa\u00e7\u00e3o discente (atrav\u00e9s da forma\u00e7\u00e3o de gr\u00eamios, centros e diret\u00f3rios acad\u00eamicos), bem como garantir o apoio \u00e0 participa\u00e7\u00e3o dos mesmos em eventos internos, locais, regionais, nacional e internacional de car\u00e1ter s\u00f3cio-pol\u00edtico.<\/p>\n<p>Comiss\u00e3o de Assist\u00eancia Estudantil do\u00a0<em>campus<\/em>\u00a0Guanambi<\/p>\n<p><strong>Institu\u00edda pela Portaria n\u00b024, de 10\/06\/11<\/strong><\/p>\n<p><a href=\"http:\/\/www.ifbaiano.edu.br\/unidades\/guanambi\/paise-2016-2\/\"><strong>PAISE 2016<\/strong><\/a><\/p>\n<p>Mais informa\u00e7\u00f5es:<\/p>\n<p><strong>Coordena\u00e7\u00e3o Geral de Assist\u00eancia ao Educando (CGAE)<\/strong>: \u00a0\u00a03493-2100 ramal 261<\/p>\n<p><strong>Setor de Servi\u00e7o Social<\/strong>: \u00a03493-2100 ramal 260<\/p>\n","protected":false},"excerpt":{"rendered":"<p>PAISE 2017 POL\u00cdTICA DE ASSIST\u00caNCIA ESTUDANTIL DO\u00a0IF BAIANO DEFINI\u00c7\u00c3O A Pol\u00edtica de Assist\u00eancia Estudantil constitui-se de um conjunto de princ\u00edpios norteadores para o desenvolvimento de programas e linhas de a\u00e7\u00f5es que favore\u00e7am a democratiza\u00e7\u00e3o do acesso, perman\u00eancia e \u00eaxito no processo formativo, bem como, a inser\u00e7\u00e3o socioprofissional do estudante com vistas \u00e0 inclus\u00e3o de pessoas [&hellip;]<\/p>\n","protected":false},"author":1,"featured_media":0,"parent":0,"menu_order":0,"comment_status":"closed","ping_status":"closed","template":"","meta":[],"_links":{"self":[{"href":"https:\/\/www.ifbaiano.edu.br\/unidades\/guanambi\/wp-json\/wp\/v2\/pages\/125"}],"collection":[{"href":"https:\/\/www.ifbaiano.edu.br\/unidades\/guanambi\/wp-json\/wp\/v2\/pages"}],"about":[{"href":"https:\/\/www.ifbaiano.edu.br\/unidades\/guanambi\/wp-json\/wp\/v2\/types\/page"}],"author":[{"embeddable":true,"href":"https:\/\/www.ifbaiano.edu.br\/unidades\/guanambi\/wp-json\/wp\/v2\/users\/1"}],"replies":[{"embeddable":true,"href":"https:\/\/www.ifbaiano.edu.br\/unidades\/guanambi\/wp-json\/wp\/v2\/comments?post=125"}],"version-history":[{"count":6,"href":"https:\/\/www.ifbaiano.edu.br\/unidades\/guanambi\/wp-json\/wp\/v2\/pages\/125\/revisions"}],"predecessor-version":[{"id":6223,"href":"https:\/\/www.ifbaiano.edu.br\/unidades\/guanambi\/wp-json\/wp\/v2\/pages\/125\/revisions\/6223"}],"wp:attachment":[{"href":"https:\/\/www.ifbaiano.edu.br\/unidades\/guanambi\/wp-json\/wp\/v2\/media?parent=125"}],"curies":[{"name":"wp","href":"https:\/\/api.w.org\/{rel}","templated":true}]}}