{"id":13342,"date":"2024-08-01T18:38:55","date_gmt":"2024-08-01T21:38:55","guid":{"rendered":"https:\/\/www.ifbaiano.edu.br\/unidades\/guanambi\/?page_id=13342"},"modified":"2025-11-18T08:35:44","modified_gmt":"2025-11-18T11:35:44","slug":"nppd","status":"publish","type":"page","link":"https:\/\/www.ifbaiano.edu.br\/unidades\/guanambi\/nppd\/","title":{"rendered":"NPPD"},"content":{"rendered":"<div style=\"font-family: sans-serif;color: #333;line-height: 1.6\">\n<p style=\"text-align: justify;margin-bottom: 2rem\">O DIRETOR-GERAL DO INSTITUTO FEDERAL DE EDUCA\u00c7\u00c3O, CI\u00caNCIA E TECNOLOGIA BAIANO &#8211; CAMPUS GUANAMBI, no uso de suas atribui\u00e7\u00f5es legais, conferidas pela Portaria n\u00ba 278, de 18\/03\/2022, publicada no Di\u00e1rio Oficial da Uni\u00e3o de 21\/03\/2022, Se\u00e7\u00e3o 2, p\u00e1gina 26, e de acordo com as disposi\u00e7\u00f5es contidas na Lei n\u00ba 8.112\/1990, no Regimento Geral do IF Baiano e na Portaria Normativa 13\/2022 &#8211; RET-GAB\/RET\/IFBAIANO, de 11 de mar\u00e7o de 2022, torna p\u00fablica a abertura das inscri\u00e7\u00f5es e estabelece as normas que regulamentam o processo de elei\u00e7\u00e3o de integrantes do N\u00facleo Permanente de Pessoal Docente (NPPD) do IF Baiano &#8211; Campus Guanambi, Bi\u00eanio 2024-2026.<\/p>\n<div style=\"text-align: center;margin-bottom: 3rem\"><a style=\"display: inline-block;background-color: #006400;color: #ffffff;padding: 15px 25px;text-decoration: none;border-radius: 5px;font-weight: bold;font-size: 1.1rem\" href=\"https:\/\/concurso.ifbaiano.edu.br\/portal\/processo-eleitoral-integrantes-nppd-guanambi-agosto-2024\/\" target=\"_blank\" rel=\"noreferrer noopener\">Acessar P\u00e1gina Oficial da Elei\u00e7\u00e3o \u279c<br \/>\n<\/a><\/div>\n<div style=\"background-color: #f8f8f8;border: 1px solid #eee;border-radius: 8px;padding: 20px\">\n<h4 style=\"font-size: 1.2rem;color: #2f4f4f;margin-top: 0;margin-bottom: 1rem;border-bottom: 1px dashed #ccc;padding-bottom: 10px\">Documentos Publicados<\/h4>\n<ul style=\"padding-left: 0;margin: 0\">\n<li style=\"padding: 10px 0;border-bottom: 1px solid #eee;display: flex;align-items: center\"><span style=\"margin-right: 10px;font-size: 1.2rem\">\ud83d\udcc4<\/span><br \/>\n<a style=\"color: #0073aa;text-decoration: none;font-weight: 500\" href=\"https:\/\/www.ifbaiano.edu.br\/unidades\/guanambi\/files\/2024\/08\/Homologacao-das-Inscricoes.pdf\" target=\"_blank\" rel=\"noreferrer noopener\">Homologa\u00e7\u00e3o das Inscri\u00e7\u00f5es<br \/>\n<\/a><\/li>\n<\/ul>\n<\/div>\n<\/div>\n","protected":false},"excerpt":{"rendered":"<p>O DIRETOR-GERAL DO INSTITUTO FEDERAL DE EDUCA\u00c7\u00c3O, CI\u00caNCIA E TECNOLOGIA BAIANO &#8211; CAMPUS GUANAMBI, no uso de suas atribui\u00e7\u00f5es legais, conferidas pela Portaria n\u00ba 278, de 18\/03\/2022, publicada no Di\u00e1rio Oficial da Uni\u00e3o de 21\/03\/2022, Se\u00e7\u00e3o 2, p\u00e1gina 26, e de acordo com as disposi\u00e7\u00f5es contidas na Lei n\u00ba 8.112\/1990, no Regimento Geral do IF [&hellip;]<\/p>\n","protected":false},"author":75,"featured_media":0,"parent":0,"menu_order":0,"comment_status":"closed","ping_status":"closed","template":"","meta":[],"_links":{"self":[{"href":"https:\/\/www.ifbaiano.edu.br\/unidades\/guanambi\/wp-json\/wp\/v2\/pages\/13342"}],"collection":[{"href":"https:\/\/www.ifbaiano.edu.br\/unidades\/guanambi\/wp-json\/wp\/v2\/pages"}],"about":[{"href":"https:\/\/www.ifbaiano.edu.br\/unidades\/guanambi\/wp-json\/wp\/v2\/types\/page"}],"author":[{"embeddable":true,"href":"https:\/\/www.ifbaiano.edu.br\/unidades\/guanambi\/wp-json\/wp\/v2\/users\/75"}],"replies":[{"embeddable":true,"href":"https:\/\/www.ifbaiano.edu.br\/unidades\/guanambi\/wp-json\/wp\/v2\/comments?post=13342"}],"version-history":[{"count":3,"href":"https:\/\/www.ifbaiano.edu.br\/unidades\/guanambi\/wp-json\/wp\/v2\/pages\/13342\/revisions"}],"predecessor-version":[{"id":15601,"href":"https:\/\/www.ifbaiano.edu.br\/unidades\/guanambi\/wp-json\/wp\/v2\/pages\/13342\/revisions\/15601"}],"wp:attachment":[{"href":"https:\/\/www.ifbaiano.edu.br\/unidades\/guanambi\/wp-json\/wp\/v2\/media?parent=13342"}],"curies":[{"name":"wp","href":"https:\/\/api.w.org\/{rel}","templated":true}]}}