{"id":1381,"date":"2013-04-25T11:11:53","date_gmt":"2013-04-25T11:11:53","guid":{"rendered":"http:\/\/www.ifbaiano.edu.br\/unidades\/guanambi\/?page_id=1381"},"modified":"2013-04-25T11:34:56","modified_gmt":"2013-04-25T11:34:56","slug":"selecao-de-professores","status":"publish","type":"page","link":"https:\/\/www.ifbaiano.edu.br\/unidades\/guanambi\/selecao-de-professores\/","title":{"rendered":"Sele\u00e7\u00e3o de Professores"},"content":{"rendered":"<h1>2012<\/h1>\n<h3><strong>Sele\u00e7\u00e3o de Professor Tempor\u00e1rio (F\u00edsica<\/strong>)<\/h3>\n<p><a href=\"http:\/\/www.ifbaiano.edu.br\/reitoria\/wp-content\/uploads\/2012\/11\/EDITAL-182.pdf\">Edital n\u00ba 182, de 07 de novembro de 2012<\/a>\u00a0<strong><\/strong><\/p>\n<p><a href=\"http:\/\/www.ifbaiano.edu.br\/reitoria\/wp-content\/uploads\/2012\/11\/Homologacao-Preliminar-das-inscricoes.pdf\">Homologa\u00e7\u00e3o Preliminar das Inscri\u00e7\u00f5es<\/a>\u00a0<strong><\/strong><\/p>\n<p><a href=\"http:\/\/www.ifbaiano.edu.br\/reitoria\/wp-content\/uploads\/2012\/11\/homologacao-Final-da-Inscricoes.pdf\">Homologa\u00e7\u00e3o Final<\/a>\u00a0<strong><\/strong><\/p>\n<p><strong><a href=\"http:\/\/www.ifbaiano.edu.br\/reitoria\/wp-content\/uploads\/2012\/11\/Resultado-Preliminar.pdf\">Resultado Preliminar<\/a> <\/strong><\/p>\n<p><strong><a href=\"http:\/\/www.ifbaiano.edu.br\/reitoria\/wp-content\/uploads\/2012\/11\/RESULTADO-FINAL-Fisica.pdf\">Resultado Final <\/a>\u00a0\u00a0<\/strong><\/p>\n<p>&nbsp;<\/p>\n<h3><strong>Sele\u00e7\u00e3o de Professor Tempor\u00e1rio (Matem\u00e1tica e F\u00edsica)<\/strong><\/h3>\n<p><strong><a href=\"http:\/\/www.ifbaiano.edu.br\/unidades\/guanambi\/?attachment_id=14500\" rel=\"attachment wp-att-14500\">Edital n\u00ba 167, de 10 de outubro de 2012<\/a><\/strong><\/p>\n<p><a href=\"http:\/\/www.ifbaiano.edu.br\/reitoria\/wp-content\/uploads\/2012\/10\/Homologacao-das-inscricoes.pdf\">Inscri\u00e7\u00f5es Homologadas<\/a><\/p>\n<p><a href=\"http:\/\/www.ifbaiano.edu.br\/reitoria\/wp-content\/uploads\/2012\/10\/Homologacao-Final-Processo-Seletivo.pdf\">Homologa\u00e7\u00e3o Final<\/a>\u00a0<strong><\/strong><\/p>\n<p><a href=\"http:\/\/www.ifbaiano.edu.br\/reitoria\/wp-content\/uploads\/2012\/10\/Resultado-Preliminar-Guanambi.pdf\">Resultado Preliminar<\/a><\/p>\n<p><a href=\"http:\/\/www.ifbaiano.edu.br\/reitoria\/wp-content\/uploads\/2012\/11\/RESULTADO-FINAL-PDF.pdf\">Resultado Final<\/a><strong>\u00a0<\/strong><\/p>\n<p>&nbsp;<\/p>\n<p><strong>Sele\u00e7\u00e3o de Professor Tempor\u00e1rio (Angroind\u00fastria e Qu\u00edmica)<\/strong><\/p>\n<p><a href=\"http:\/\/www.ifbaiano.edu.br\/reitoria\/wp-content\/uploads\/2012\/08\/Edital-132-Processo-Seletivo-Guanambi.pdf\">Edital n\u00ba 132, de 31 de julho de 2012<\/a><strong><br \/>\n<\/strong><\/p>\n<p><a href=\"http:\/\/www.ifbaiano.edu.br\/reitoria\/wp-content\/uploads\/2012\/08\/Homologacao-das-inscricoes.pdf\">Homologadas das Inscri\u00e7\u00f5es<\/a>\u00a0<strong><\/strong><\/p>\n<div><a href=\"http:\/\/www.ifbaiano.edu.br\/reitoria\/wp-content\/uploads\/2012\/08\/Resultado-Preliminar-Campus-Guanambi.pdf\">Homologa\u00e7\u00e3o Final das Inscri\u00e7\u00f5es<\/a><\/div>\n<div><a href=\"http:\/\/www.ifbaiano.edu.br\/reitoria\/wp-content\/uploads\/2012\/09\/Resultado-do-Processo-Seletivo-10-09-2012.pdf\">Resultado Preliminar<\/a><\/div>\n<div>\n<p><a href=\"http:\/\/www.ifbaiano.edu.br\/reitoria\/wp-content\/uploads\/2012\/08\/Resultado-Final-Guanambi.pdf\">Resultado Final<\/a><\/p>\n<\/div>\n<div><a href=\"http:\/\/www.ifbaiano.edu.br\/reitoria\/wp-content\/uploads\/2012\/08\/Guanambi-Homologacao-Edital-137.pdf\">Edital n\u00ba 137, de 17 de agosto de 2012 &#8211; Reabertura<\/a><\/div>\n<div><\/div>\n<div><a href=\"http:\/\/www.ifbaiano.edu.br\/reitoria\/wp-content\/uploads\/2012\/08\/Guanambi-Homologacao-Edital-137.pdf\">Homologa\u00e7\u00e3o das inscri\u00e7\u00f5es<\/a><\/div>\n<p><a href=\"http:\/\/www.ifbaiano.edu.br\/reitoria\/wp-content\/uploads\/2012\/08\/Homologacao-final-das-inscricoes-29-08-2012.pdf\">Homologa\u00e7\u00e3o final das inscri\u00e7\u00f5es<\/a><\/p>\n<p><a href=\"http:\/\/www.ifbaiano.edu.br\/reitoria\/wp-content\/uploads\/2012\/09\/Resultado-do-Processo-Seletivo-10-09-2012.pdf\">Resultado Preliminar<\/a><\/p>\n<p><a href=\"http:\/\/www.ifbaiano.edu.br\/reitoria\/wp-content\/uploads\/2012\/09\/Resultado-Final-Guanambi.pdf\">Resultado Final<\/a><strong>\u00a0 <\/strong><\/p>\n<p>&nbsp;<\/p>\n<p><strong>Sele\u00e7\u00e3o de Professor Tempor\u00e1rio e Substituto (Biologia, Pedagogina e L\u00edngua Portuguesa\/ Espanhol)<\/strong><\/p>\n<p><a href=\"http:\/\/www.ifbaiano.edu.br\/reitoria\/wp-content\/uploads\/2012\/05\/Guanambi_processo-seletivo-para-professor.pdf\">Edital n\u00ba\u00a0 87, de 17 de maio de 2012<\/a> <strong><br \/>\n<\/strong><\/p>\n<p><a href=\"http:\/\/www.ifbaiano.edu.br\/reitoria\/wp-content\/uploads\/2011\/01\/Homologacao-Resultado-Final-Edital-87-2012.pdf\">Resultado Final Homologado<\/a><\/p>\n<p>&nbsp;<\/p>\n<p><strong>Sele\u00e7\u00e3o de Professor Tempor\u00e1rio e Substituto (Educa\u00e7\u00e3o F\u00edsica, L\u00edngua Inglesa, L\u00edngua Portuguesa, Agroind\u00fastria, Sociologia, Filosofia)<\/strong><\/p>\n<div>Edital N\u00ba 36\/2012<\/div>\n<p><a title=\"Processo Seletivo de Guanambi\" href=\"http:\/\/www.ifbaiano.edu.br\/guanambi\/proseletivo\">Site de inscri\u00e7\u00e3o<\/a><\/p>\n<p><a title=\"http:\/\/www.ifbaiano.edu.br\/portal\/wp-content\/uploads\/2011\/01\/Guanambi_Resultado-do-Processo-Seletivo.pdf\" href=\"http:\/\/www.ifbaiano.edu.br\/portal\/wp-content\/uploads\/2011\/01\/Guanambi_Resultado-do-Processo-Seletivo.pdf\" target=\"_blank\">Resultado Preliminar<\/a><\/p>\n<p><a title=\"http:\/\/www.ifbaiano.edu.br\/portal\/wp-content\/uploads\/2012\/04\/Guanambi_Resultado-Final-02-de-abril.pdf\" href=\"http:\/\/www.ifbaiano.edu.br\/portal\/wp-content\/uploads\/2012\/04\/Guanambi_Resultado-Final-02-de-abril.pdf\" target=\"_blank\">Resultado Final<\/a><\/p>\n","protected":false},"excerpt":{"rendered":"<p>2012 Sele\u00e7\u00e3o de Professor Tempor\u00e1rio (F\u00edsica) Edital n\u00ba 182, de 07 de novembro de 2012\u00a0 Homologa\u00e7\u00e3o Preliminar das Inscri\u00e7\u00f5es\u00a0 Homologa\u00e7\u00e3o Final\u00a0 Resultado Preliminar Resultado Final \u00a0\u00a0 &nbsp; Sele\u00e7\u00e3o de Professor Tempor\u00e1rio (Matem\u00e1tica e F\u00edsica) Edital n\u00ba 167, de 10 de outubro de 2012 Inscri\u00e7\u00f5es Homologadas Homologa\u00e7\u00e3o Final\u00a0 Resultado Preliminar Resultado Final\u00a0 &nbsp; Sele\u00e7\u00e3o de Professor [&hellip;]<\/p>\n","protected":false},"author":33,"featured_media":0,"parent":0,"menu_order":0,"comment_status":"open","ping_status":"open","template":"","meta":[],"_links":{"self":[{"href":"https:\/\/www.ifbaiano.edu.br\/unidades\/guanambi\/wp-json\/wp\/v2\/pages\/1381"}],"collection":[{"href":"https:\/\/www.ifbaiano.edu.br\/unidades\/guanambi\/wp-json\/wp\/v2\/pages"}],"about":[{"href":"https:\/\/www.ifbaiano.edu.br\/unidades\/guanambi\/wp-json\/wp\/v2\/types\/page"}],"author":[{"embeddable":true,"href":"https:\/\/www.ifbaiano.edu.br\/unidades\/guanambi\/wp-json\/wp\/v2\/users\/33"}],"replies":[{"embeddable":true,"href":"https:\/\/www.ifbaiano.edu.br\/unidades\/guanambi\/wp-json\/wp\/v2\/comments?post=1381"}],"version-history":[{"count":5,"href":"https:\/\/www.ifbaiano.edu.br\/unidades\/guanambi\/wp-json\/wp\/v2\/pages\/1381\/revisions"}],"predecessor-version":[{"id":1390,"href":"https:\/\/www.ifbaiano.edu.br\/unidades\/guanambi\/wp-json\/wp\/v2\/pages\/1381\/revisions\/1390"}],"wp:attachment":[{"href":"https:\/\/www.ifbaiano.edu.br\/unidades\/guanambi\/wp-json\/wp\/v2\/media?parent=1381"}],"curies":[{"name":"wp","href":"https:\/\/api.w.org\/{rel}","templated":true}]}}