{"id":1384,"date":"2013-04-25T11:12:50","date_gmt":"2013-04-25T11:12:50","guid":{"rendered":"http:\/\/www.ifbaiano.edu.br\/unidades\/guanambi\/?page_id=1384"},"modified":"2014-04-07T17:40:54","modified_gmt":"2014-04-07T17:40:54","slug":"selecao-de-estagiarios","status":"publish","type":"page","link":"https:\/\/www.ifbaiano.edu.br\/unidades\/guanambi\/selecao-de-estagiarios\/","title":{"rendered":"Sele\u00e7\u00e3o de Estagi\u00e1rios"},"content":{"rendered":"<h1>2014<\/h1>\n<p><a href=\"http:\/\/www.ifbaiano.edu.br\/unidades\/guanambi\/files\/2014\/04\/Resultado_final_estagio.pdf\"><strong>Resultado Final do Processo Seletivo para Contrata\u00e7\u00e3o de Estagi\u00e1rio<\/strong><\/a><\/p>\n<p><a href=\"http:\/\/www.ifbaiano.edu.br\/unidades\/guanambi\/files\/2014\/03\/Editaln02de2014.pdf\">Edital n\u00ba 02, de mar\u00e7o de 2014.<\/a><\/p>\n<h1>2013<\/h1>\n<p><strong>Estagi\u00e1rios de Biologia, Letras, Servi\u00e7o Social e Matem\u00e1tica<\/strong><\/p>\n<p><a href=\"http:\/\/www.ifbaiano.edu.br\/reitoria\/wp-content\/uploads\/2013\/01\/Edital-Guanambi.pdf\">Edital n\u00ba 195, de 29 de janeiro de 2013<\/a><\/p>\n<p>&nbsp;<\/p>\n","protected":false},"excerpt":{"rendered":"<p>2014 Resultado Final do Processo Seletivo para Contrata\u00e7\u00e3o de Estagi\u00e1rio Edital n\u00ba 02, de mar\u00e7o de 2014. 2013 Estagi\u00e1rios de Biologia, Letras, Servi\u00e7o Social e Matem\u00e1tica Edital n\u00ba 195, de 29 de janeiro de 2013 &nbsp;<\/p>\n","protected":false},"author":33,"featured_media":0,"parent":0,"menu_order":0,"comment_status":"open","ping_status":"open","template":"","meta":[],"_links":{"self":[{"href":"https:\/\/www.ifbaiano.edu.br\/unidades\/guanambi\/wp-json\/wp\/v2\/pages\/1384"}],"collection":[{"href":"https:\/\/www.ifbaiano.edu.br\/unidades\/guanambi\/wp-json\/wp\/v2\/pages"}],"about":[{"href":"https:\/\/www.ifbaiano.edu.br\/unidades\/guanambi\/wp-json\/wp\/v2\/types\/page"}],"author":[{"embeddable":true,"href":"https:\/\/www.ifbaiano.edu.br\/unidades\/guanambi\/wp-json\/wp\/v2\/users\/33"}],"replies":[{"embeddable":true,"href":"https:\/\/www.ifbaiano.edu.br\/unidades\/guanambi\/wp-json\/wp\/v2\/comments?post=1384"}],"version-history":[{"count":6,"href":"https:\/\/www.ifbaiano.edu.br\/unidades\/guanambi\/wp-json\/wp\/v2\/pages\/1384\/revisions"}],"predecessor-version":[{"id":1388,"href":"https:\/\/www.ifbaiano.edu.br\/unidades\/guanambi\/wp-json\/wp\/v2\/pages\/1384\/revisions\/1388"}],"wp:attachment":[{"href":"https:\/\/www.ifbaiano.edu.br\/unidades\/guanambi\/wp-json\/wp\/v2\/media?parent=1384"}],"curies":[{"name":"wp","href":"https:\/\/api.w.org\/{rel}","templated":true}]}}