{"id":14247,"date":"2025-05-13T14:21:06","date_gmt":"2025-05-13T17:21:06","guid":{"rendered":"https:\/\/www.ifbaiano.edu.br\/unidades\/guanambi\/?page_id=14247"},"modified":"2025-05-15T23:51:09","modified_gmt":"2025-05-16T02:51:09","slug":"nuppi","status":"publish","type":"page","link":"https:\/\/www.ifbaiano.edu.br\/unidades\/guanambi\/nuppi\/","title":{"rendered":"NUPPI"},"content":{"rendered":"\n<p><strong>N\u00facleo de Planejamento e Parcerias Institucionais<\/strong><\/p>\n\n\n\n<p>Respons\u00e1vel por assessorar o Diretor-Geral do campus na articula\u00e7\u00e3o do Planejamento Anual de A\u00e7\u00f5es (PAA), em colabora\u00e7\u00e3o com as Diretorias Acad\u00eamica e Administrativa. Atua tamb\u00e9m na articula\u00e7\u00e3o de parcerias com institui\u00e7\u00f5es externas, visando ao desenvolvimento de projetos de coopera\u00e7\u00e3o t\u00e9cnica e programas de est\u00e1gio, promovendo a integra\u00e7\u00e3o com a comunidade externa para fortalecer o ensino, a pesquisa e a extens\u00e3o.<\/p>\n\n\n\n<p><strong>Respons\u00e1vel:<\/strong> Karina da Silva Primo<\/p>\n\n\n\n<p><strong>Telefone:<\/strong> (77) 3493 2100<\/p>\n\n\n\n<p><strong>E-mail: <\/strong>nuppi@guanambi.ifbaiano.edu.br | karina.primo@ifbaiano.edu.br<\/p>\n\n\n\n<h2 class=\"wp-block-heading\"><a rel=\"noreferrer noopener\" href=\"https:\/\/www.ifbaiano.edu.br\/unidades\/guanambi\/chamadas-publicas\/\" data-type=\"URL\" data-id=\"https:\/\/www.ifbaiano.edu.br\/unidades\/guanambi\/chamadas-publicas\/\" target=\"_blank\">Confira as Chamadas P\u00fablicas<\/a><\/h2>\n\n\n\n<hr class=\"wp-block-separator has-alpha-channel-opacity\" \/>\n\n\n\n<h2 class=\"wp-block-heading\"><strong>Documentos importantes<\/strong><\/h2>\n\n\n\n<p><strong>PDI (2021 a 2025) do IF BAIANO<\/strong><\/p>\n\n\n\n<p><a href=\"https:\/\/ifbaiano.edu.br\/portal\/pdi\/\">https:\/\/ifbaiano.edu.br\/portal\/pdi\/<\/a><\/p>\n\n\n\n<p><a href=\"https:\/\/www.ifbaiano.edu.br\/unidades\/serrinha\/files\/2022\/05\/diagramacao-pdi-2021-2025-final.pdf\">https:\/\/www.ifbaiano.edu.br\/unidades\/serrinha\/files\/2022\/05\/diagramacao-pdi-2021-2025-final.pdf<\/a><\/p>\n\n\n\n<p><strong>P<\/strong><strong>AA do Campus GUANAMBI<\/strong><\/p>\n\n\n\n<p>Em elabora\u00e7\u00e3o<\/p>\n\n\n\n<p><strong>Institui\u00e7\u00f5es Parceiras do IF BAIANO Campus GUANAMBI<\/strong><\/p>\n\n\n\n<p>&nbsp;Em elabora\u00e7\u00e3o<\/p>\n\n\n\n<p><strong>COORDENA\u00c7\u00c3O GERAL DE PLANEJAMENTO E PROJETOS ESTRAT\u00c9GICOS (COOPE)<\/strong><\/p>\n\n\n\n<p><a href=\"https:\/\/ifbaiano.edu.br\/portal\/prodin\/coppe\/\">https:\/\/ifbaiano.edu.br\/portal\/prodin\/coppe\/<\/a><\/p>\n\n\n\n<p><strong>Coordena\u00e7\u00e3o Geral de Parcerias Nacionais e Internacionais (COPIN)<\/strong><\/p>\n\n\n\n<p><a href=\"https:\/\/ifbaiano.edu.br\/portal\/prodin\/copin\/\">https:\/\/ifbaiano.edu.br\/portal\/prodin\/copin\/<\/a><\/p>\n","protected":false},"excerpt":{"rendered":"<p>N\u00facleo de Planejamento e Parcerias Institucionais Respons\u00e1vel por assessorar o Diretor-Geral do campus na articula\u00e7\u00e3o do Planejamento Anual de A\u00e7\u00f5es (PAA), em colabora\u00e7\u00e3o com as Diretorias Acad\u00eamica e Administrativa. Atua tamb\u00e9m na articula\u00e7\u00e3o de parcerias com institui\u00e7\u00f5es externas, visando ao desenvolvimento de projetos de coopera\u00e7\u00e3o t\u00e9cnica e programas de est\u00e1gio, promovendo a integra\u00e7\u00e3o com a [&hellip;]<\/p>\n","protected":false},"author":75,"featured_media":0,"parent":0,"menu_order":0,"comment_status":"closed","ping_status":"closed","template":"","meta":[],"_links":{"self":[{"href":"https:\/\/www.ifbaiano.edu.br\/unidades\/guanambi\/wp-json\/wp\/v2\/pages\/14247"}],"collection":[{"href":"https:\/\/www.ifbaiano.edu.br\/unidades\/guanambi\/wp-json\/wp\/v2\/pages"}],"about":[{"href":"https:\/\/www.ifbaiano.edu.br\/unidades\/guanambi\/wp-json\/wp\/v2\/types\/page"}],"author":[{"embeddable":true,"href":"https:\/\/www.ifbaiano.edu.br\/unidades\/guanambi\/wp-json\/wp\/v2\/users\/75"}],"replies":[{"embeddable":true,"href":"https:\/\/www.ifbaiano.edu.br\/unidades\/guanambi\/wp-json\/wp\/v2\/comments?post=14247"}],"version-history":[{"count":11,"href":"https:\/\/www.ifbaiano.edu.br\/unidades\/guanambi\/wp-json\/wp\/v2\/pages\/14247\/revisions"}],"predecessor-version":[{"id":14304,"href":"https:\/\/www.ifbaiano.edu.br\/unidades\/guanambi\/wp-json\/wp\/v2\/pages\/14247\/revisions\/14304"}],"wp:attachment":[{"href":"https:\/\/www.ifbaiano.edu.br\/unidades\/guanambi\/wp-json\/wp\/v2\/media?parent=14247"}],"curies":[{"name":"wp","href":"https:\/\/api.w.org\/{rel}","templated":true}]}}