{"id":14285,"date":"2025-05-15T09:43:20","date_gmt":"2025-05-15T12:43:20","guid":{"rendered":"https:\/\/www.ifbaiano.edu.br\/unidades\/guanambi\/?page_id=14285"},"modified":"2025-05-16T14:04:16","modified_gmt":"2025-05-16T17:04:16","slug":"chamadas-publicas","status":"publish","type":"page","link":"https:\/\/www.ifbaiano.edu.br\/unidades\/guanambi\/chamadas-publicas\/","title":{"rendered":"Chamadas P\u00fablicas"},"content":{"rendered":"\n<p>Chamadas p\u00fablicas para capta\u00e7\u00e3o de recursos<\/p>\n\n\n\n<div class=\"wp-block-pb-accordion-item c-accordion__item js-accordion-item no-js\" data-initially-open=\"false\" data-click-to-close=\"true\" data-auto-close=\"true\" data-scroll=\"false\" data-scroll-offset=\"0\"><h2 id=\"at-142850\" class=\"c-accordion__title js-accordion-controller\" role=\"button\">2025<br><\/h2><div id=\"ac-142850\" class=\"c-accordion__content\">\n<p><strong>01\/2025<\/strong> &#8211; <strong>Chamada P\u00fablica Simplificda para Capta\u00e7\u00e3o de Recursos para Realiza\u00e7\u00e3o do VII Encontro Sobre Caprinos e Ovinos &#8211; Campus Guanambi<\/strong><\/p>\n\n\n\n<p><a href=\"https:\/\/www.ifbaiano.edu.br\/unidades\/guanambi\/files\/2025\/05\/Chamada_Publica_Evento_Ovino_29_assinado-definitivo.pdf\">Chamada<\/a><\/p>\n\n\n\n<p><a href=\"https:\/\/www.ifbaiano.edu.br\/unidades\/guanambi\/files\/2025\/05\/extrato-Caprino.pdf\" data-type=\"URL\" data-id=\"https:\/\/www.ifbaiano.edu.br\/unidades\/guanambi\/files\/2025\/05\/extrato-Caprino.pdf\" target=\"_blank\" rel=\"noreferrer noopener\">Extrato de Publica\u00e7\u00e3o no DOU<\/a><\/p>\n\n\n\n<p><a href=\"https:\/\/www.ifbaiano.edu.br\/unidades\/guanambi\/files\/2025\/05\/Quadro-de-doacoes.pdf\">Quadro 1 &#8211; Descri\u00e7\u00e3o dos itens a serem doados ou cedidos, conforme caracteriza\u00e7\u00e3o por categoria:<\/a><\/p>\n\n\n\n<p><a rel=\"noreferrer noopener\" href=\"https:\/\/www.even3.com.br\/chamada-publica-simplificada-para-captacao-de-recursos-para-vii-evento-de-caprinos-e-ovinos-campus-guanambi-558598\/\" data-type=\"URL\" data-id=\"https:\/\/www.even3.com.br\/chamada-publica-simplificada-para-captacao-de-recursos-para-vii-evento-de-caprinos-e-ovinos-campus-guanambi-558598\/\" target=\"_blank\">Link de Inscri\u00e7\u00e3o<\/a><\/p>\n\n\n\n<p><a href=\"https:\/\/www.ifbaiano.edu.br\/unidades\/guanambi\/files\/2025\/05\/Recurso.pdf\">Anexo II: FORMUL\u00c1RIO PARA INTERPOSI\u00c7\u00c3O DE RECURSOS E\/OU IMPUGNA\u00c7\u00c3O<\/a><\/p>\n\n\n\n<p><a href=\"https:\/\/www.ifbaiano.edu.br\/unidades\/guanambi\/files\/2025\/05\/FORMULARIO-DE-INSCRICAO-E-CITACAO-DOS-MATERIALIS-A-SEREM-DOADO-S.pdf\" target=\"_blank\" rel=\"noreferrer noopener\">Anexo III: FORMUL\u00c1RIO DE INSCRI\u00c7\u00c3O E CITA\u00c7\u00c3O DO(S) MATERIAL(IS) A SER(EM) DOADO (S)<\/a><\/p>\n\n\n\n<p><a href=\"https:\/\/www.ifbaiano.edu.br\/unidades\/guanambi\/files\/2025\/05\/Termo-de-Doacao.pdf\" target=\"_blank\" rel=\"noreferrer noopener\">Anexo IV: TERMO DE DOA\u00c7\u00c3O DE MATERIAIS<\/a><\/p>\n\n\n\n<p>E-mail para tirar d\u00favidas e protocolar recursos: capitacao.recursos@guanambi.ifbaiano.edu.br<\/p>\n\n\n\n<hr class=\"wp-block-separator has-alpha-channel-opacity\" \/>\n\n\n\n<p><strong>Justificativa de Dispensa de Chamamento P\u00fablico<\/strong><\/p>\n\n\n\n<p>Parceria entre o IF Baiano, Campus Guanambi e a Casa dos Sete \/ Centro POETA, representante na Bahia do Programa de Oportunidades Econ\u00f4micas atrav\u00e9s da Tecnologia nas Am\u00e9ricas criado pela The Trust for the Am\u00e9ricas, entidade americana membro da Organiza\u00e7\u00e3o dos Estados Americanos (OEA) com atua\u00e7\u00e3o em toda Am\u00e9rica Latina e Caribe e apoio da Microsoft<\/p>\n\n\n\n<p><a rel=\"noreferrer noopener\" href=\"https:\/\/www.ifbaiano.edu.br\/unidades\/guanambi\/files\/2025\/05\/Termo-de-parceria-POETA-IF-Baiano-Guanambi.pdf\" data-type=\"URL\" data-id=\"https:\/\/www.ifbaiano.edu.br\/unidades\/guanambi\/files\/2025\/05\/Termo-de-parceria-POETA-IF-Baiano-Guanambi.pdf\" target=\"_blank\">Termo de parceria<\/a><\/p>\n\n\n\n<p><a href=\"https:\/\/www.ifbaiano.edu.br\/unidades\/guanambi\/files\/2025\/05\/Termo-de-parceria-POETA-IF-Baiano-Guanambi.pdf\" data-type=\"URL\" data-id=\"https:\/\/www.ifbaiano.edu.br\/unidades\/guanambi\/files\/2025\/05\/Termo-de-parceria-POETA-IF-Baiano-Guanambi.pdf\" target=\"_blank\" rel=\"noreferrer noopener\">Extrato de Chamamento<\/a><\/p>\n\n\n\n<p><a rel=\"noreferrer noopener\" href=\"https:\/\/www.ifbaiano.edu.br\/unidades\/guanambi\/files\/2025\/05\/Plano-de-Trabalho-Sem-Transf.-de-Recursos-Casa-dos-sete-definitivo-3.pdf\" target=\"_blank\">Plano de trabalho<\/a><\/p>\n<\/div><\/div>\n\n\n\n<p><\/p>\n\n\n\n<p><\/p>\n","protected":false},"excerpt":{"rendered":"<p>Chamadas p\u00fablicas para capta\u00e7\u00e3o de recursos<\/p>\n","protected":false},"author":75,"featured_media":0,"parent":0,"menu_order":0,"comment_status":"closed","ping_status":"closed","template":"","meta":[],"_links":{"self":[{"href":"https:\/\/www.ifbaiano.edu.br\/unidades\/guanambi\/wp-json\/wp\/v2\/pages\/14285"}],"collection":[{"href":"https:\/\/www.ifbaiano.edu.br\/unidades\/guanambi\/wp-json\/wp\/v2\/pages"}],"about":[{"href":"https:\/\/www.ifbaiano.edu.br\/unidades\/guanambi\/wp-json\/wp\/v2\/types\/page"}],"author":[{"embeddable":true,"href":"https:\/\/www.ifbaiano.edu.br\/unidades\/guanambi\/wp-json\/wp\/v2\/users\/75"}],"replies":[{"embeddable":true,"href":"https:\/\/www.ifbaiano.edu.br\/unidades\/guanambi\/wp-json\/wp\/v2\/comments?post=14285"}],"version-history":[{"count":7,"href":"https:\/\/www.ifbaiano.edu.br\/unidades\/guanambi\/wp-json\/wp\/v2\/pages\/14285\/revisions"}],"predecessor-version":[{"id":14308,"href":"https:\/\/www.ifbaiano.edu.br\/unidades\/guanambi\/wp-json\/wp\/v2\/pages\/14285\/revisions\/14308"}],"wp:attachment":[{"href":"https:\/\/www.ifbaiano.edu.br\/unidades\/guanambi\/wp-json\/wp\/v2\/media?parent=14285"}],"curies":[{"name":"wp","href":"https:\/\/api.w.org\/{rel}","templated":true}]}}