{"id":2023,"date":"2013-11-25T18:35:46","date_gmt":"2013-11-25T18:35:46","guid":{"rendered":"http:\/\/www.ifbaiano.edu.br\/unidades\/guanambi\/?page_id=2023"},"modified":"2026-03-24T12:22:59","modified_gmt":"2026-03-24T15:22:59","slug":"catalogo-de-sistemas","status":"publish","type":"page","link":"https:\/\/www.ifbaiano.edu.br\/unidades\/guanambi\/catalogo-de-sistemas\/","title":{"rendered":"Tecnologia da Informa\u00e7\u00e3o"},"content":{"rendered":"<p>\u00a0<\/p>\n<p><strong>N\u00facleo de Gest\u00e3o de Tecnologia da Informa\u00e7\u00e3o<\/strong><\/p>\n<p>Respons\u00e1vel:\u00a0<\/p>\n<p>Sistemas<\/p>\n<p><strong>Suap:<\/strong> <a href=\"http:\/\/suap.ifbaiano.edu.br\" target=\"_blank\" rel=\"noopener\">suap.ifbaiano.edu.br<\/a><\/p>\n\n\n<p><strong>E-mail institucional:<\/strong> <a href=\"https:\/\/www.ifbaiano.edu.br\/unidades\/guanambi\/catalogo-de-sistemas\/\" data-type=\"page\" data-id=\"2023\">mail.ifbaiano.edu.br<\/a><\/p>\n","protected":false},"excerpt":{"rendered":"<p>\u00a0 N\u00facleo de Gest\u00e3o de Tecnologia da Informa\u00e7\u00e3o Respons\u00e1vel:\u00a0 Sistemas Suap: suap.ifbaiano.edu.br E-mail institucional: mail.ifbaiano.edu.br<\/p>\n","protected":false},"author":14,"featured_media":0,"parent":0,"menu_order":0,"comment_status":"open","ping_status":"open","template":"","meta":[],"_links":{"self":[{"href":"https:\/\/www.ifbaiano.edu.br\/unidades\/guanambi\/wp-json\/wp\/v2\/pages\/2023"}],"collection":[{"href":"https:\/\/www.ifbaiano.edu.br\/unidades\/guanambi\/wp-json\/wp\/v2\/pages"}],"about":[{"href":"https:\/\/www.ifbaiano.edu.br\/unidades\/guanambi\/wp-json\/wp\/v2\/types\/page"}],"author":[{"embeddable":true,"href":"https:\/\/www.ifbaiano.edu.br\/unidades\/guanambi\/wp-json\/wp\/v2\/users\/14"}],"replies":[{"embeddable":true,"href":"https:\/\/www.ifbaiano.edu.br\/unidades\/guanambi\/wp-json\/wp\/v2\/comments?post=2023"}],"version-history":[{"count":58,"href":"https:\/\/www.ifbaiano.edu.br\/unidades\/guanambi\/wp-json\/wp\/v2\/pages\/2023\/revisions"}],"predecessor-version":[{"id":17088,"href":"https:\/\/www.ifbaiano.edu.br\/unidades\/guanambi\/wp-json\/wp\/v2\/pages\/2023\/revisions\/17088"}],"wp:attachment":[{"href":"https:\/\/www.ifbaiano.edu.br\/unidades\/guanambi\/wp-json\/wp\/v2\/media?parent=2023"}],"curies":[{"name":"wp","href":"https:\/\/api.w.org\/{rel}","templated":true}]}}