{"id":2514,"date":"2014-06-05T10:44:22","date_gmt":"2014-06-05T10:44:22","guid":{"rendered":"http:\/\/www.ifbaiano.edu.br\/unidades\/guanambi\/?page_id=2514"},"modified":"2021-03-23T14:43:41","modified_gmt":"2021-03-23T17:43:41","slug":"ensino-superior","status":"publish","type":"page","link":"https:\/\/www.ifbaiano.edu.br\/unidades\/guanambi\/ensino-superior\/","title":{"rendered":"SUPERIOR"},"content":{"rendered":"<p><a title=\"Bacharelado em Agronomia\" href=\"http:\/\/ifbaiano.edu.br\/portal\/engenharia-agronomica-guanambi\/\" target=\"_blank\" rel=\"noopener\">Bacharelado em Engenharia Agron\u00f4mica<\/a><\/p>\n<p style=\"text-align: justify\">O colegiado do Curso Superior de Bacharelado em Engenharia Agron\u00f4mica oferecido pelo IF Baiano \u2013\u00a0<em>Campus<\/em>Guanambi conta atualmente com 44 professores. Destes,\u00a054,55\u00a0% s\u00e3o doutores;\u00a036,36% mestres\u00a0e 9,09 especialistas. O\u00a0<em>Campus<\/em>\u00a0possui uma estrutura f\u00edsica com \u00e1reas de cultivo e experimenta\u00e7\u00e3o, denominadas de Laborat\u00f3rios Did\u00e1ticos, de diversas Culturas Agr\u00edcolas de interesse regional\u00a0(&#8230;)<\/p>\n<hr \/>\n<p><a title=\"Licenciatura em Qu\u00edmica\" href=\"https:\/\/ifbaiano.edu.br\/portal\/ciencias-biologicas-guanambi\/\" target=\"_blank\" rel=\"noopener\">Licenciatura em Ci\u00eancias Biol\u00f3gicas<\/a><\/p>\n<p style=\"text-align: justify\">O Curso Superior de Licenciatura em Ci\u00eancias Biol\u00f3gicas do\u00a0<em>Campus\u00a0<\/em>Guanambi objetiva formar e qualificar profissionais com amplo conhecimento t\u00e9cnico, cient\u00edfico e pedag\u00f3gico, propiciando ao licenciado a capacidade de utilizar os conhecimentos das Ci\u00eancias Biol\u00f3gicas pautados na valoriza\u00e7\u00e3o da diversidade, nos direitos humanos, na democracia e na pluralidade de ideias com vistas ao desenvolvimento da autonomia, da capacidade de resolu\u00e7\u00e3o de problemas, dos processos investigativos, criativos e interdisciplinares a fim de compreender e intervir nos contextos social, pol\u00edtico e ambiental para contribuir com a melhoria das condi\u00e7\u00f5es do desenvolvimento da Educa\u00e7\u00e3o B\u00e1sica no Brasil(&#8230;)<\/p>\n<hr \/>\n<p><a title=\"Licenciatura em Qu\u00edmica\" href=\"http:\/\/ifbaiano.edu.br\/portal\/quimica-guanambi\/\" target=\"_blank\" rel=\"noopener\">Licenciatura em Qu\u00edmica<\/a><\/p>\n<p style=\"text-align: justify\">O curso de Licenciatura em Qu\u00edmica do <em>campus<\/em> Guanambi possui a finalidade de formar profissionais para atuar na Educa\u00e7\u00e3o B\u00e1sica, em particular, nos ensinos Fundamental, M\u00e9dio e M\u00e9dio Integrado, bem como em cursos superiores e ainda atuar em laborat\u00f3rios de ind\u00fastrias qu\u00edmicas, farmac\u00eauticas, aliment\u00edcias, de pesquisa e do setor qu\u00edmico, de acordo com a legisla\u00e7\u00e3o vigente.(&#8230;)<\/p>\n<hr \/>\n<p><a href=\"http:\/\/ifbaiano.edu.br\/portal\/agroindustria-guanambi\/\" target=\"_blank\" rel=\"noopener\">Tecnologia em Agroind\u00fastria<\/a><\/p>\n<p style=\"text-align: justify\">O Curso Superior de Tecnologia em Agroind\u00fastria, ofertado pelo IF Baiano\u00a0<em>Campus<\/em>\u00a0Guanambi criado em 2010, tem por finalidade formar profissionais qualificados para atuar nos diversos segmentos da cadeia agroindustrial, habilitando-os a exercer atividades de planejamento, execu\u00e7\u00e3o e controle da qualidade das etapas do processo de produ\u00e7\u00e3o agroindustrial contemplando a obten\u00e7\u00e3o, o processamento e a comercializa\u00e7\u00e3o de mat\u00e9rias-primas de diversas origens, insumos e produtos finais. Suas compet\u00eancias profissionais s\u00e3o fundamentadas na ci\u00eancia, na tecnologia, na cultura e na \u00e9tica.(&#8230;)<\/p>\n<hr \/>\n<p><a title=\"Tecnologia em An\u00e1lise e Desenvolvimento de Sistemas\" href=\"http:\/\/ifbaiano.edu.br\/portal\/ads-guanambi\/\" target=\"_blank\" rel=\"noopener\">Tecnologia em An\u00e1lise e Desenvolvimento de Sistemas<\/a><\/p>\n<p style=\"text-align: justify\">O curso superior de Tecnologia em An\u00e1lise e Desenvolvimento de Sistemas tem como objetivo a forma\u00e7\u00e3o de profissionais capazes de compreender o processo de constru\u00e7\u00e3o e reconstru\u00e7\u00e3o do conhecimento no dom\u00ednio do desenvolvimento de sistemas e, dessa forma, realizar atividades de concep\u00e7\u00e3o, especifica\u00e7\u00e3o, projeto, implementa\u00e7\u00e3o, avalia\u00e7\u00e3o, suporte e manuten\u00e7\u00e3o de sistemas computacionais, orientando sua a\u00e7\u00e3o na sociedade em geral e no mundo do trabalho, em particular para a busca de solu\u00e7\u00f5es para o setor produtivo e para a melhoria da qualidade de vida das popula\u00e7\u00f5es.(&#8230;)<\/p>\n<p><a href=\"http:\/\/www.ifbaiano.edu.br\/unidades\/guanambi\/files\/2014\/07\/PortariaDiretor.pdf\">Dirigente da Institui\u00e7\u00e3o<\/a><\/p>\n<p><a title=\"Estatuto \" href=\"http:\/\/www.ifbaiano.edu.br\/unidades\/guanambi\/files\/2017\/03\/Estatuto-if-baiano_2014.pdf\" target=\"_blank\" rel=\"noopener\">Estatuto do IF Baiano<\/a><\/p>\n<p><a href=\"http:\/\/www.ifbaiano.edu.br\/unidades\/guanambi\/files\/2014\/07\/ODES.pdf\">Organiza\u00e7\u00e3o Did\u00e1tica da Educa\u00e7\u00e3o Superior do Instituto Federal de Educa\u00e7\u00e3o, Ci\u00eancia e Tecnologia Baiano \u2013 Conselho Superior\/IF Baiano &#8211; Ano 2012<\/a><\/p>\n<p><a href=\"http:\/\/www.ifbaiano.edu.br\/unidades\/guanambi\/files\/2017\/03\/ORGANIZACAO_DIDATICA_SUPERIOR-2010.pdf\">Organiza\u00e7\u00e3o Did\u00e1tica da Educa\u00e7\u00e3o Superior do Instituto Federal de Educa\u00e7\u00e3o, Ci\u00eancia e Tecnologia Baiano \u2013 Conselho Superior\/IF Baiano &#8211; Ano 2010<\/a><\/p>\n<p><a title=\"PDI 2015-2019\" href=\"http:\/\/www.ifbaiano.edu.br\/unidades\/guanambi\/files\/2015\/12\/pdi-2015-20191.pdf\" target=\"_blank\" rel=\"noopener\">Plano de Desenvolvimento Institucional (PDI) 2015-2019<\/a><\/p>\n<p><a title=\"Pol\u00edtica Assist\u00eancia Estudantil\" href=\"http:\/\/www.ifbaiano.edu.br\/unidades\/guanambi\/files\/2015\/12\/Politica-de-Assistencia-Estudantil.pdf\" target=\"_blank\" rel=\"noopener\">Pol\u00edtica de Assist\u00eancia Estudantil<\/a><\/p>\n<p><a href=\"http:\/\/www.ifbaiano.edu.br\/unidades\/guanambi\/files\/2015\/12\/Politica-da-Diversidade-e-Inclusao1.pdf\" target=\"_blank\" rel=\"noopener\">Pol\u00edtica de Diversidade e Inclus\u00e3o<\/a><\/p>\n<p><a href=\"http:\/\/www.ifbaiano.edu.br\/unidades\/guanambi\/files\/2016\/12\/PROJETO-POL%C3%8DTICO-PEDAG%C3%93GICO-CAMPUS-GUANAMBI-2016.pdf\" target=\"_blank\" rel=\"noopener\">Projeto Politico Pedagogico \u2013 Campus Guanambi \u2013 2016<\/a><\/p>\n<p><a title=\"Regimento Interno\" href=\"http:\/\/www.ifbaiano.edu.br\/unidades\/guanambi\/files\/2015\/12\/Regimento-Geral.pdf\" target=\"_blank\" rel=\"noopener\">Regimento Geral do IF Baino<\/a><\/p>\n","protected":false},"excerpt":{"rendered":"<p>Bacharelado em Engenharia Agron\u00f4mica O colegiado do Curso Superior de Bacharelado em Engenharia Agron\u00f4mica oferecido pelo IF Baiano \u2013\u00a0CampusGuanambi conta atualmente com 44 professores. Destes,\u00a054,55\u00a0% s\u00e3o doutores;\u00a036,36% mestres\u00a0e 9,09 especialistas. O\u00a0Campus\u00a0possui uma estrutura f\u00edsica com \u00e1reas de cultivo e experimenta\u00e7\u00e3o, denominadas de Laborat\u00f3rios Did\u00e1ticos, de diversas Culturas Agr\u00edcolas de interesse regional\u00a0(&#8230;) Licenciatura em Ci\u00eancias Biol\u00f3gicas [&hellip;]<\/p>\n","protected":false},"author":14,"featured_media":0,"parent":0,"menu_order":0,"comment_status":"open","ping_status":"open","template":"","meta":[],"_links":{"self":[{"href":"https:\/\/www.ifbaiano.edu.br\/unidades\/guanambi\/wp-json\/wp\/v2\/pages\/2514"}],"collection":[{"href":"https:\/\/www.ifbaiano.edu.br\/unidades\/guanambi\/wp-json\/wp\/v2\/pages"}],"about":[{"href":"https:\/\/www.ifbaiano.edu.br\/unidades\/guanambi\/wp-json\/wp\/v2\/types\/page"}],"author":[{"embeddable":true,"href":"https:\/\/www.ifbaiano.edu.br\/unidades\/guanambi\/wp-json\/wp\/v2\/users\/14"}],"replies":[{"embeddable":true,"href":"https:\/\/www.ifbaiano.edu.br\/unidades\/guanambi\/wp-json\/wp\/v2\/comments?post=2514"}],"version-history":[{"count":34,"href":"https:\/\/www.ifbaiano.edu.br\/unidades\/guanambi\/wp-json\/wp\/v2\/pages\/2514\/revisions"}],"predecessor-version":[{"id":9835,"href":"https:\/\/www.ifbaiano.edu.br\/unidades\/guanambi\/wp-json\/wp\/v2\/pages\/2514\/revisions\/9835"}],"wp:attachment":[{"href":"https:\/\/www.ifbaiano.edu.br\/unidades\/guanambi\/wp-json\/wp\/v2\/media?parent=2514"}],"curies":[{"name":"wp","href":"https:\/\/api.w.org\/{rel}","templated":true}]}}