{"id":2599,"date":"2014-07-07T15:17:51","date_gmt":"2014-07-07T15:17:51","guid":{"rendered":"http:\/\/www.ifbaiano.edu.br\/unidades\/guanambi\/?page_id=2599"},"modified":"2015-04-01T18:55:47","modified_gmt":"2015-04-01T18:55:47","slug":"paise-2014","status":"publish","type":"page","link":"https:\/\/www.ifbaiano.edu.br\/unidades\/guanambi\/paise-2014\/","title":{"rendered":"PAISE 2014.1"},"content":{"rendered":"<p><strong>Sele\u00e7\u00e3o para o Programa de Assist\u00eancia e Inclus\u00e3o Social do Estudante &#8211; PAISE<\/strong><\/p>\n<p>&nbsp;<\/p>\n<p><a href=\"http:\/\/www.ifbaiano.edu.br\/unidades\/guanambi\/files\/2014\/11\/RetificacaoN3doEdital04de31072014PAISE20141.pdf\">Retifica\u00e7\u00e3o n\u00ba3 do Edital n\u00ba4 de 30\/07\/2014<\/a> <span style=\"color: #ff0000\"><strong>[NOVO]\u00a0<\/strong><\/span><\/p>\n<p><a href=\"http:\/\/www.ifbaiano.edu.br\/unidades\/guanambi\/files\/2014\/07\/Retificacao_N2_do_Edital_04_de_31072014.pdf\">Retifica\u00e7\u00e3o n\u00ba. 2 do Edital n\u00ba. 4 de 31\/07\/2014<\/a>\u00a0<strong><\/strong><\/p>\n<p><a href=\"http:\/\/www.ifbaiano.edu.br\/unidades\/guanambi\/files\/2014\/10\/Edital_08_2014_PAISE.pdf\">Edital 08\/2014 &#8211; PAISE 2014.2<\/a><\/p>\n<p>&nbsp;<\/p>\n<p>&nbsp;<\/p>\n<p>Resultado Final<\/p>\n<p><a href=\"http:\/\/www.ifbaiano.edu.br\/unidades\/guanambi\/files\/2014\/07\/Resultado_Final_do_Auxilio_Eventual.pdf\">Resultado Final do Aux\u00edlio Eventual<\/a><\/p>\n<p><a href=\"http:\/\/www.ifbaiano.edu.br\/unidades\/guanambi\/files\/2014\/09\/ResultadoFinalPaise2014.1.pdf\">Resultado Final e prazo para entrega de conta<\/a><\/p>\n<p><a href=\"http:\/\/www.ifbaiano.edu.br\/unidades\/guanambi\/files\/2014\/09\/AUXILIOMORADIA.pdf\">Resultado Final &#8211; Aux\u00edlio Moradia<\/a><\/p>\n<p><a href=\"http:\/\/www.ifbaiano.edu.br\/unidades\/guanambi\/files\/2014\/09\/AUXILIOTRANSPORTE-VALORMAXIMO.pdf\">Resultado Final &#8211;\u00a0Aux\u00edlio Transporte &#8211; Valor M\u00e1ximo<\/a><\/p>\n<p><a href=\"http:\/\/www.ifbaiano.edu.br\/unidades\/guanambi\/files\/2014\/09\/AUXILIOTRANSPORTE-VALORMINIMO.pdf\">Resultado Final &#8211;\u00a0Aux\u00edlio Transporte &#8211; valor m\u00ednimo<\/a><\/p>\n<p><a href=\"http:\/\/www.ifbaiano.edu.br\/unidades\/guanambi\/files\/2014\/09\/AUXILIOCRECHEPRESENCIAL.pdf\">Resultado Final &#8211;\u00a0Aux\u00edlio Creche Presencial<\/a><\/p>\n<p><a href=\"http:\/\/www.ifbaiano.edu.br\/unidades\/guanambi\/files\/2014\/09\/AUXILIOTRANSPORTEECRECHEEAD.pdf\">Resultado Final &#8211;\u00a0Aux\u00edlios Transporte e Creche EaD<\/a><\/p>\n<p><a href=\"http:\/\/www.ifbaiano.edu.br\/unidades\/guanambi\/files\/2014\/09\/AUXILIOPROEJA.pdf\">Resultado Final &#8211;\u00a0Aux\u00edlio PROEJA<\/a><\/p>\n<p><a href=\"http:\/\/www.ifbaiano.edu.br\/unidades\/guanambi\/files\/2014\/09\/AUXILIOPERMANENCIA.pdf\">Resultado Final &#8211;\u00a0Aux\u00edlio Perman\u00eancia<\/a><\/p>\n<p><a href=\"http:\/\/www.ifbaiano.edu.br\/unidades\/guanambi\/files\/2014\/09\/AUXILIOMATERIALACADEMICO.pdf\">Resultado Final &#8211;\u00a0Aux\u00edlio Material Acad\u00eamico<\/a><\/p>\n<p><a href=\"http:\/\/www.ifbaiano.edu.br\/unidades\/guanambi\/files\/2014\/09\/AUXILIOUNIFORME.pdf\">Resultado Final &#8211;\u00a0Aux\u00edlio Uniforme<\/a><\/p>\n<p>&nbsp;<\/p>\n<p><a href=\"http:\/\/www.ifbaiano.edu.br\/unidades\/guanambi\/files\/2014\/09\/RetificacaodoResultadoPreliminardoPAISE2014.1.pdf\">Retifica\u00e7\u00e3o do Resultado Preliminar (26\/08\/2014)<\/a><\/p>\n<p><a href=\"http:\/\/www.ifbaiano.edu.br\/unidades\/guanambi\/files\/2014\/09\/RESULTADODOSRECURSOSCONTRAORESULTADOPRELIMINAR.pdf\">Resultado dos Recursos (28\/08\/2014)<\/a><\/p>\n<p><a href=\"http:\/\/www.ifbaiano.edu.br\/unidades\/guanambi\/files\/2014\/09\/Retificacao01doEdital042014de17072014-28082014.pdf\">Retifica\u00e7\u00e3o 01 do Edital 04\/2014 de 17\/07\/2014 (28\/08\/2014)<\/a><em><strong><\/strong><\/em><\/p>\n<p>&nbsp;<\/p>\n<p>Resultado preliminar dos estudantes selecionados \u2013 PAISE 2014.1<br \/>\nEdital n. 04\/2014 de 17\/07\/2014\/IF Baiano \u2013 Campus Guanambi<\/p>\n<p>Nos dias 26 e 27 de agosto de 2014, o aluno poder\u00e1 interpor recurso. Seguem as orienta\u00e7\u00f5es:<\/p>\n<p>7.0. DOS RECURSOS<br \/>\n7.1. O estudante que desejar interpor recurso contra o resultado deste processo seletivo dispor\u00e1 de 02 (dois) dias \u00fateis, a partir da divulga\u00e7\u00e3o do resultado preliminar dos estudantes selecionados.<br \/>\n7.1.2. Para recorrer contra o resultado preliminar, o estudante dever\u00e1 preencher o formul\u00e1rio e entreg\u00e1-lo, com a devida identifica\u00e7\u00e3o, no mesmo local onde procedeu a sua inscri\u00e7\u00e3o, pessoalmente ou atrav\u00e9s do e-mail:assistenciaestudantil@guanambi.ifbaiano.edu.br, de acordo com as datas estipuladas no cronograma deste edital.<br \/>\n7.2. Em hip\u00f3tese alguma ser\u00e1 aceita revis\u00e3o de recurso, recurso de recurso ou recurso do resultado final da Sele\u00e7\u00e3o.<\/p>\n<p>Atenciosamente,<br \/>\nSin\u00e9zio Cotrim Guimar\u00e3es J\u00fanior<\/p>\n<h3><strong>RESULTADOS\u00a0<\/strong><span style=\"color: #000000\">(25\/08\/2014)<\/span><span style=\"font-size: 1em;font-weight: normal\">.<\/span><\/h3>\n<p><a href=\"http:\/\/www.ifbaiano.edu.br\/unidades\/guanambi\/files\/2014\/08\/Resultado_selecionados-PAISE-2014.1.pdf\" target=\"_blank\">Resultado Preliminar dos selecionados<\/a><\/p>\n<p><a href=\"http:\/\/www.ifbaiano.edu.br\/unidades\/guanambi\/files\/2014\/08\/AUXILIO_CRECHE.pdf\" target=\"_blank\">Aux\u00edlio Creche<\/a><\/p>\n<p><a href=\"http:\/\/www.ifbaiano.edu.br\/unidades\/guanambi\/files\/2014\/08\/MATERIAL_ACADEMICO.pdf\" target=\"_blank\">Aux\u00edlio material acad\u00eamico<\/a><\/p>\n<p><a href=\"http:\/\/www.ifbaiano.edu.br\/unidades\/guanambi\/files\/2014\/08\/AUXILIO_MORADIA.pdf\" target=\"_blank\">Aux\u00edlio Moradia<\/a><\/p>\n<p><a href=\"http:\/\/www.ifbaiano.edu.br\/unidades\/guanambi\/files\/2014\/08\/AUXiLIO_PERMANENCIA.pdf\" target=\"_blank\">Aux\u00edlio Perman\u00eancia<\/a><\/p>\n<p><a href=\"http:\/\/www.ifbaiano.edu.br\/unidades\/guanambi\/files\/2014\/08\/AUXILIO_PROEJA.pdf\" target=\"_blank\">Aux\u00edlio Proeja<\/a><\/p>\n<p><a href=\"http:\/\/www.ifbaiano.edu.br\/unidades\/guanambi\/files\/2014\/08\/AUXILIO_TRANS_E_CRECHE.pdf\" target=\"_blank\">Aux\u00edlio Transporte e Creche &#8211; EAD<\/a><\/p>\n<p><a href=\"http:\/\/www.ifbaiano.edu.br\/unidades\/guanambi\/files\/2014\/08\/TRANSPORTE_MAXIMO.pdf\" target=\"_blank\">Aux\u00edlio Transporte &#8211; Valor M\u00e1ximo<\/a><\/p>\n<p><a href=\"http:\/\/www.ifbaiano.edu.br\/unidades\/guanambi\/files\/2014\/08\/TRANSPORTE_MINIMO.pdf\" target=\"_blank\">Aux\u00edlio Transporte &#8211; Valor M\u00ednimo<\/a><\/p>\n<p><a href=\"http:\/\/www.ifbaiano.edu.br\/unidades\/guanambi\/files\/2014\/08\/AUXILIO_UNIFORME.pdf\" target=\"_blank\">Aux\u00edlio Uniforme<\/a><\/p>\n<p>&nbsp;<\/p>\n<p>&nbsp;<\/p>\n<h3>FORMUL\u00c1RIO PARA RECURSO<strong>\u00a0<\/strong><\/h3>\n<p><a href=\"http:\/\/www.ifbaiano.edu.br\/unidades\/guanambi\/files\/2014\/08\/recurso-do-PAISE-2014.1.pdf\" target=\"_blank\">Formul\u00e1rio-Recurso<\/a><\/p>\n<h3><strong>ENTREVISTAS\u00a0<\/strong><\/h3>\n<p><a href=\"http:\/\/www.ifbaiano.edu.br\/unidades\/guanambi\/files\/2014\/08\/ENTREVISTAS-PARA-O-AUXILIO-TRANSPORTE.pdf\" target=\"_blank\">ENTREVISTAS PARA O AUXILIO TRANSPORTE<\/a><\/p>\n<p><a href=\"http:\/\/www.ifbaiano.edu.br\/unidades\/guanambi\/files\/2014\/08\/ENTREVISTAS-PARA-O-AUXILIO-TRANSPORTE-PROEJA-CRECHE-PRES-E-PERMANENCIA.pdf\" target=\"_blank\">ENTREVISTAS PARA O AUX\u00cdLIO TRANSPORTE, PROEJA, CRECHE PRES E PERMAN\u00caNCIA<\/a><\/p>\n<p><a href=\"http:\/\/www.ifbaiano.edu.br\/unidades\/guanambi\/files\/2014\/08\/ENTREVISTAS-PARA-O-AUXILIO-MORADIA.pdf\" target=\"_blank\">ENTREVISTAS PARA O AUXILIO MORADIA<\/a><\/p>\n<p><a href=\"http:\/\/www.ifbaiano.edu.br\/unidades\/guanambi\/files\/2014\/08\/DECLARACAO-DE-desemprego-1.pdf\" target=\"_blank\">DECLARA\u00c7\u00c3O DE desemprego 1<\/a><\/p>\n<p>&nbsp;<\/p>\n<p>04\/07\/2014<\/p>\n<p>&nbsp;<\/p>\n<p style=\"text-align: justify\">Lan\u00e7ado o edital do Programa de Assist\u00eancia e Inclus\u00e3o Social do Estudante (Paise) que faz parte da Pol\u00edtica de Assist\u00eancia Estudantil do IF Baiano. Ao todo, s\u00e3o onze benef\u00edcios: Resid\u00eancia Estudantil; Aux\u00edlios: Moradia, Alimenta\u00e7\u00e3o, Transporte, Material Acad\u00eamico, Uniforme, C\u00f3pia e Impress\u00e3o, Creche, Eventual, Perman\u00eancia e Proeja.<\/p>\n<p>&nbsp;<\/p>\n<p style=\"text-align: justify\">O Paise visa contribuir para a perman\u00eancia e a conclus\u00e3o do curso do estudante em vulnerabilidade socioecon\u00f4mica, podendo participar da sele\u00e7\u00e3o para recebimento dos benef\u00edcios os estudantes de todas as modalidades, que estiverem matriculados no IF Baiano e possuir renda per capita familiar de at\u00e9 um sal\u00e1rio m\u00ednimo e meio. Apenas os aux\u00edlios de material acad\u00eamico, uniforme e eventual, poder\u00e3o ser cumulativos entre si e com qualquer outro.<\/p>\n<p>&nbsp;<\/p>\n<p style=\"text-align: justify\">Para participar da sele\u00e7\u00e3o, o estudante deve seguir as orienta\u00e7\u00f5es da Comiss\u00e3o Local de Assist\u00eancia Estudantil. O Edital local tem previs\u00e3o de ser lan\u00e7ado at\u00e9 o dia 18 de julho de 2014. Por\u00e9m, os alunos que pretendem se candidatar a uma vaga dos aux\u00edlios, podem come\u00e7ar a organizar sua documenta\u00e7\u00e3o para se inscrever. A lista de documentos a serem providenciados est\u00e1 no edital de abertura n\u00ba 14\/2014 no Item 5.0.<\/p>\n<p>Para maiores informa\u00e7\u00f5es, o educando deve procurar a referida comiss\u00e3o ou enviar um e-mail para: <a href=\"mailto:assistenciaestudantil@guanambi.ifbaiano.edu.br\">assistenciaestudantil@guanambi.ifbaiano.edu.br<\/a>.<\/p>\n<p>&nbsp;<\/p>\n<p>Comiss\u00e3o Local de Assist\u00eancia Estudantil<\/p>\n<p>Institu\u00edda pelas portarias n<sup>os. <\/sup>08 e 09 de 10\/04\/2014<\/p>\n<p>&nbsp;<\/p>\n<p><strong>INSCRI\u00c7\u00d5ES<\/strong><\/p>\n<p><a href=\"http:\/\/www.ifbaiano.edu.br\/unidades\/guanambi\/files\/2014\/08\/Comunicado02_ProrrogacaoDeInscricao.pdf\">Comunicado 02 &#8211; Prorroga\u00e7\u00e3o de Inscri\u00e7\u00e3o<\/a>.<\/p>\n<p><a href=\"http:\/\/www.ifbaiano.edu.br\/unidades\/guanambi\/files\/2014\/07\/edital_abertura_paise.pdf\">Edital de Abertura.<\/a><\/p>\n<p><a href=\"http:\/\/www.ifbaiano.edu.br\/unidades\/guanambi\/files\/2014\/07\/Edital042014Paise.pdf\">Edital n\u00ba 042014<\/a><\/p>\n<p><a href=\"http:\/\/www.ifbaiano.edu.br\/unidades\/guanambi\/files\/2014\/07\/distribuicao-assistencia-estudantil.pdf\">Distribui\u00e7\u00e3o de assist\u00eancia estudantil.<\/a><\/p>\n<p><a href=\"http:\/\/www.ifbaiano.edu.br\/unidades\/guanambi\/files\/2014\/07\/AnexoI_RequerimentoDeInscricao_PAISE_CampusGuanambi.pdf\">Anexo I &#8211; Requerimento de Inscri\u00e7\u00e3o &#8211; PAISE &#8211; Campus Guanambi<\/a><\/p>\n<p><a href=\"http:\/\/www.ifbaiano.edu.br\/unidades\/guanambi\/files\/2014\/07\/AnexoII_QuestionarioSocioeconomico_2014.pdf\">Anexo II &#8211; Question\u00e1rio Socioecon\u00f4mico 2014<\/a><\/p>\n<p><a href=\"http:\/\/www.ifbaiano.edu.br\/unidades\/guanambi\/files\/2014\/07\/DECLARACAO_DE_RENDA_DE_AUTONOMO.pdf\">Declara\u00e7\u00e3o de Renda de Aut\u00f4nomo<\/a><\/p>\n<p>&nbsp;<\/p>\n<p>&nbsp;<\/p>\n<p>&nbsp;<\/p>\n<p>&nbsp;<\/p>\n<p>&nbsp;<\/p>\n","protected":false},"excerpt":{"rendered":"<p>Sele\u00e7\u00e3o para o Programa de Assist\u00eancia e Inclus\u00e3o Social do Estudante &#8211; PAISE &nbsp; Retifica\u00e7\u00e3o n\u00ba3 do Edital n\u00ba4 de 30\/07\/2014 [NOVO]\u00a0 Retifica\u00e7\u00e3o n\u00ba. 2 do Edital n\u00ba. 4 de 31\/07\/2014\u00a0 Edital 08\/2014 &#8211; PAISE 2014.2 &nbsp; &nbsp; Resultado Final Resultado Final do Aux\u00edlio Eventual Resultado Final e prazo para entrega de conta Resultado Final [&hellip;]<\/p>\n","protected":false},"author":14,"featured_media":0,"parent":0,"menu_order":0,"comment_status":"open","ping_status":"open","template":"","meta":[],"_links":{"self":[{"href":"https:\/\/www.ifbaiano.edu.br\/unidades\/guanambi\/wp-json\/wp\/v2\/pages\/2599"}],"collection":[{"href":"https:\/\/www.ifbaiano.edu.br\/unidades\/guanambi\/wp-json\/wp\/v2\/pages"}],"about":[{"href":"https:\/\/www.ifbaiano.edu.br\/unidades\/guanambi\/wp-json\/wp\/v2\/types\/page"}],"author":[{"embeddable":true,"href":"https:\/\/www.ifbaiano.edu.br\/unidades\/guanambi\/wp-json\/wp\/v2\/users\/14"}],"replies":[{"embeddable":true,"href":"https:\/\/www.ifbaiano.edu.br\/unidades\/guanambi\/wp-json\/wp\/v2\/comments?post=2599"}],"version-history":[{"count":51,"href":"https:\/\/www.ifbaiano.edu.br\/unidades\/guanambi\/wp-json\/wp\/v2\/pages\/2599\/revisions"}],"predecessor-version":[{"id":2606,"href":"https:\/\/www.ifbaiano.edu.br\/unidades\/guanambi\/wp-json\/wp\/v2\/pages\/2599\/revisions\/2606"}],"wp:attachment":[{"href":"https:\/\/www.ifbaiano.edu.br\/unidades\/guanambi\/wp-json\/wp\/v2\/media?parent=2599"}],"curies":[{"name":"wp","href":"https:\/\/api.w.org\/{rel}","templated":true}]}}