{"id":2941,"date":"2014-10-06T12:09:25","date_gmt":"2014-10-06T12:09:25","guid":{"rendered":"http:\/\/www.ifbaiano.edu.br\/unidades\/guanambi\/?page_id=2941"},"modified":"2014-11-04T20:38:23","modified_gmt":"2014-11-04T20:38:23","slug":"colegiado-agronomia","status":"publish","type":"page","link":"https:\/\/www.ifbaiano.edu.br\/unidades\/guanambi\/colegiado-agronomia\/","title":{"rendered":"Colegiado de Engenharia Agron\u00f4mica"},"content":{"rendered":"<p><a href=\"http:\/\/www.ifbaiano.edu.br\/unidades\/guanambi\/files\/2014\/11\/Reg_colegiado_agro.pdf\" target=\"_blank\">Regulamento do Colegiado do Curso de Bacharelado em Engenharia Agron\u00f4mica<\/a><\/p>\n<p>&nbsp;<\/p>\n<p><strong>Rela\u00e7\u00e3o de docentes do Colegiado de Engenharia Agron\u00f4mica<\/strong><\/p>\n<p><strong><\/strong><a href=\"http:\/\/lattes.cnpq.br\/4563701552852667\">Alessandro de Magalh\u00e3es Arantes<\/a><br \/>\n<a href=\"http:\/\/lattes.cnpq.br\/7410229183757729\">Alex Aguiar L\u00e9do<\/a><br \/>\n<a href=\"http:\/\/lattes.cnpq.br\/1036927716832874\">Alexsandro dos Santos Brito<\/a><br \/>\n<a href=\"http:\/\/lattes.cnpq.br\/2061125841832834\">Ana Laura Borba de Andrade Gay\u00e3o<\/a><br \/>\n<a href=\"http:\/\/lattes.cnpq.br\/3753032454131722\">Andr\u00e9ia Rego da Silva Reis<\/a><br \/>\n<a href=\"http:\/\/lattes.cnpq.br\/2539229278123063\">Aureluci Alves de Aquino<\/a><br \/>\n<a href=\"http:\/\/lattes.cnpq.br\/3929657100042590\">Carlos El\u00edzio Cotrim<\/a><br \/>\n<a href=\"http:\/\/lattes.cnpq.br\/8488928828139958\">Carlos N\u00e1ssaro Ara\u00fajo da Paix\u00e3o<\/a><br \/>\n<a href=\"http:\/\/lattes.cnpq.br\/4664119762457738\">Carlos Ramon Santiago Saraiva<\/a><br \/>\n<a href=\"http:\/\/lattes.cnpq.br\/8716799409306874\">Charles Leonel Galv\u00e3o Sanches<\/a><br \/>\n<a href=\"http:\/\/lattes.cnpq.br\/6496521727294343\">Cl\u00e1udio Roberto Meira de Oliveira<\/a><br \/>\n<a href=\"http:\/\/lattes.cnpq.br\/5360239515908462\">Cleudson Lopes de Queiroz<\/a><br \/>\n<a href=\"http:\/\/lattes.cnpq.br\/9329841409282858\">Daniela Garcia Silveira<\/a><br \/>\n<a href=\"http:\/\/lattes.cnpq.br\/1687892887019943\">Djalma Meira Gomes J\u00fanior<\/a><br \/>\n<a href=\"http:\/\/lattes.cnpq.br\/4135539026629429\">Evanilton Moura Alves<\/a><br \/>\n<a href=\"http:\/\/lattes.cnpq.br\/9764329265812697\">Felizarda Viana Beb\u00e9<\/a><br \/>\n<a href=\"http:\/\/lattes.cnpq.br\/2838254408947224\">Fernanda Pereira Santos<\/a><br \/>\n<a href=\"http:\/\/lattes.cnpq.br\/3367880147795914\">Jane Geralda Ferreira Santana<\/a><br \/>\n<a href=\"http:\/\/lattes.cnpq.br\/0700328127364311\">Jaqueline Figuer\u00eado Rosa<\/a><br \/>\n<a href=\"http:\/\/lattes.cnpq.br\/0216204656392253\">Jefferson da Silva Pereira<\/a><br \/>\n<a href=\"http:\/\/lattes.cnpq.br\/1404555910224347\">Jo\u00e3o Abel da Silva<\/a><br \/>\n<a href=\"http:\/\/lattes.cnpq.br\/8752533416247049\">Leandro Gon\u00e7alves dos Santos<\/a><br \/>\n<a href=\"http:\/\/lattes.cnpq.br\/8534785464894119\">Leandro Neves Faria<\/a><br \/>\n<a href=\"http:\/\/lattes.cnpq.br\/4145138850437889\">Leandro Santos Peixouto<\/a><br \/>\n<a href=\"http:\/\/lattes.cnpq.br\/3454622563293705\">Lincon Almeida Vilas Boas<\/a><br \/>\n<a href=\"http:\/\/lattes.cnpq.br\/2930917241018762\">Marcelo Fialho de Moura<\/a><br \/>\n<a href=\"http:\/\/lattes.cnpq.br\/8059152120021419\">Marcelo Rocha dos Santos<\/a><br \/>\n<a href=\"http:\/\/lattes.cnpq.br\/4926189409698906\">Maria do Socorro Merc\u00eas Alves<\/a><br \/>\n<a href=\"http:\/\/lattes.cnpq.br\/8284833979686748\">Mariana Teixeira Rodrigues Vila<\/a><br \/>\n<a href=\"http:\/\/lattes.cnpq.br\/5133038805943927\">Martha de C\u00e1ssia Nascimento<\/a><br \/>\n<a href=\"http:\/\/lattes.cnpq.br\/8047880927466021\">Mayra Darliane Silva Diniz Almeida<\/a><br \/>\n<a href=\"http:\/\/lattes.cnpq.br\/3998822051935547\">Mois\u00e9s Santiago Ribeiro<\/a><br \/>\n<a href=\"http:\/\/lattes.cnpq.br\/3563020315387523\">Normane Mirele Chaves da Silva<\/a><br \/>\n<a href=\"http:\/\/lattes.cnpq.br\/7901339721762591\">Ozenice Silva dos Santos<\/a><br \/>\n<a href=\"http:\/\/lattes.cnpq.br\/2560046618742025\">Paulo Em\u00edlio Rodrigues Donato<\/a><br \/>\n<a href=\"http:\/\/lattes.cnpq.br\/7884275769886902\">Pedro Ricardo Rocha Marques<\/a><br \/>\n<a href=\"http:\/\/lattes.cnpq.br\/9432002799326543\">Polliana Bezerra de Oliveira<\/a><br \/>\n<a href=\"http:\/\/lattes.cnpq.br\/7555661714354946\">Raimundo Nonato Faria<\/a><br \/>\n<a href=\"http:\/\/lattes.cnpq.br\/3253108764386581\">Roberto Carlos Santana Lima<\/a><br \/>\n<a href=\"http:\/\/lattes.cnpq.br\/2236272135884214\">Ros\u00e2ngela Figueiredo Miranda<\/a><br \/>\n<a href=\"http:\/\/lattes.cnpq.br\/5942019221124039\">Rosimira dos Santos Amaral<\/a><br \/>\n<a href=\"http:\/\/lattes.cnpq.br\/0480996716216014\">S\u00e9rgio Luiz Rodrigues Donato<\/a><br \/>\n<a href=\"http:\/\/lattes.cnpq.br\/8013627395561765\">Sofia Rebou\u00e7as Neta Pereira<\/a><br \/>\n<a href=\"http:\/\/lattes.cnpq.br\/4164046295902846\">Suane Coutinho Cardoso<\/a><\/p>\n","protected":false},"excerpt":{"rendered":"<p>Regulamento do Colegiado do Curso de Bacharelado em Engenharia Agron\u00f4mica &nbsp; Rela\u00e7\u00e3o de docentes do Colegiado de Engenharia Agron\u00f4mica Alessandro de Magalh\u00e3es Arantes Alex Aguiar L\u00e9do Alexsandro dos Santos Brito Ana Laura Borba de Andrade Gay\u00e3o Andr\u00e9ia Rego da Silva Reis Aureluci Alves de Aquino Carlos El\u00edzio Cotrim Carlos N\u00e1ssaro Ara\u00fajo da Paix\u00e3o Carlos Ramon [&hellip;]<\/p>\n","protected":false},"author":14,"featured_media":0,"parent":0,"menu_order":0,"comment_status":"open","ping_status":"open","template":"","meta":[],"_links":{"self":[{"href":"https:\/\/www.ifbaiano.edu.br\/unidades\/guanambi\/wp-json\/wp\/v2\/pages\/2941"}],"collection":[{"href":"https:\/\/www.ifbaiano.edu.br\/unidades\/guanambi\/wp-json\/wp\/v2\/pages"}],"about":[{"href":"https:\/\/www.ifbaiano.edu.br\/unidades\/guanambi\/wp-json\/wp\/v2\/types\/page"}],"author":[{"embeddable":true,"href":"https:\/\/www.ifbaiano.edu.br\/unidades\/guanambi\/wp-json\/wp\/v2\/users\/14"}],"replies":[{"embeddable":true,"href":"https:\/\/www.ifbaiano.edu.br\/unidades\/guanambi\/wp-json\/wp\/v2\/comments?post=2941"}],"version-history":[{"count":10,"href":"https:\/\/www.ifbaiano.edu.br\/unidades\/guanambi\/wp-json\/wp\/v2\/pages\/2941\/revisions"}],"predecessor-version":[{"id":2945,"href":"https:\/\/www.ifbaiano.edu.br\/unidades\/guanambi\/wp-json\/wp\/v2\/pages\/2941\/revisions\/2945"}],"wp:attachment":[{"href":"https:\/\/www.ifbaiano.edu.br\/unidades\/guanambi\/wp-json\/wp\/v2\/media?parent=2941"}],"curies":[{"name":"wp","href":"https:\/\/api.w.org\/{rel}","templated":true}]}}