{"id":3093,"date":"2014-11-03T19:43:25","date_gmt":"2014-11-03T19:43:25","guid":{"rendered":"http:\/\/www.ifbaiano.edu.br\/unidades\/guanambi\/?page_id=3093"},"modified":"2014-11-04T20:41:30","modified_gmt":"2014-11-04T20:41:30","slug":"ppc_agronomia","status":"publish","type":"page","link":"https:\/\/www.ifbaiano.edu.br\/unidades\/guanambi\/agronomia\/ppc_agronomia\/","title":{"rendered":"Projeto Pedag\u00f3gico do Curso"},"content":{"rendered":"<p><a href=\"http:\/\/www.ifbaiano.edu.br\/unidades\/guanambi\/files\/2014\/11\/PPC_do_Curso_Superior_em_Engenharia_Agronomica.pdf\" target=\"_blank\">Projeto Pedag\u00f3gico<\/a><\/p>\n<p><a href=\"http:\/\/www.ifbaiano.edu.br\/unidades\/guanambi\/files\/2014\/11\/Versao_Final.jpeg\" target=\"_blank\">Matriz curricular<\/a><\/p>\n<p><a href=\"http:\/\/www.ifbaiano.edu.br\/unidades\/guanambi\/files\/2014\/11\/Matriz_de_equivalencia.pdf\" target=\"_blank\">Equival\u00eancia de matrizes<\/a><\/p>\n<p><a href=\"http:\/\/www.ifbaiano.edu.br\/unidades\/guanambi\/files\/2014\/11\/Pre_requisitos.pdf\" target=\"_blank\">Pr\u00e9-Requisitos<\/a><\/p>\n","protected":false},"excerpt":{"rendered":"<p>Projeto Pedag\u00f3gico Matriz curricular Equival\u00eancia de matrizes Pr\u00e9-Requisitos<\/p>\n","protected":false},"author":14,"featured_media":0,"parent":71,"menu_order":0,"comment_status":"open","ping_status":"open","template":"","meta":[],"_links":{"self":[{"href":"https:\/\/www.ifbaiano.edu.br\/unidades\/guanambi\/wp-json\/wp\/v2\/pages\/3093"}],"collection":[{"href":"https:\/\/www.ifbaiano.edu.br\/unidades\/guanambi\/wp-json\/wp\/v2\/pages"}],"about":[{"href":"https:\/\/www.ifbaiano.edu.br\/unidades\/guanambi\/wp-json\/wp\/v2\/types\/page"}],"author":[{"embeddable":true,"href":"https:\/\/www.ifbaiano.edu.br\/unidades\/guanambi\/wp-json\/wp\/v2\/users\/14"}],"replies":[{"embeddable":true,"href":"https:\/\/www.ifbaiano.edu.br\/unidades\/guanambi\/wp-json\/wp\/v2\/comments?post=3093"}],"version-history":[{"count":5,"href":"https:\/\/www.ifbaiano.edu.br\/unidades\/guanambi\/wp-json\/wp\/v2\/pages\/3093\/revisions"}],"predecessor-version":[{"id":3102,"href":"https:\/\/www.ifbaiano.edu.br\/unidades\/guanambi\/wp-json\/wp\/v2\/pages\/3093\/revisions\/3102"}],"up":[{"embeddable":true,"href":"https:\/\/www.ifbaiano.edu.br\/unidades\/guanambi\/wp-json\/wp\/v2\/pages\/71"}],"wp:attachment":[{"href":"https:\/\/www.ifbaiano.edu.br\/unidades\/guanambi\/wp-json\/wp\/v2\/media?parent=3093"}],"curies":[{"name":"wp","href":"https:\/\/api.w.org\/{rel}","templated":true}]}}