{"id":3446,"date":"2015-01-16T15:06:38","date_gmt":"2015-01-16T15:06:38","guid":{"rendered":"http:\/\/www.ifbaiano.edu.br\/unidades\/guanambi\/?page_id=3446"},"modified":"2022-01-07T09:20:21","modified_gmt":"2022-01-07T12:20:21","slug":"mestrado-profissional-2","status":"publish","type":"page","link":"https:\/\/www.ifbaiano.edu.br\/unidades\/guanambi\/mestrado-profissional-2\/","title":{"rendered":"Mestrado Profissional"},"content":{"rendered":"<h3 style=\"text-align: center\"><a href=\"http:\/\/www.ifbaiano.edu.br\/unidades\/guanambi\/files\/2015\/01\/logo1_MPPVS.png\"><img decoding=\"async\" loading=\"lazy\" class=\"aligncenter wp-image-5360\" src=\"http:\/\/www.ifbaiano.edu.br\/unidades\/guanambi\/files\/2015\/01\/logo1_MPPVS.png\" alt=\"\" width=\"782\" height=\"240\" \/><\/a><\/h3>\n<h3 style=\"text-align: center\">_____<\/h3>\n<h3 style=\"text-align: center\"><strong>Mestrado Profissional \u00a0S<em>tricto sensu\u00a0<\/em>em Produ\u00e7\u00e3o Vegetal no Semi\u00e1rido (MPPVS)<\/strong><\/h3>\n<h4><a href=\"http:\/\/www.ifbaiano.edu.br\/unidades\/guanambi\/files\/2019\/04\/Calend\u00e1rio-2019.pdf\" target=\"_blank\" rel=\"noopener noreferrer\">Calend\u00e1rio<\/a>\u00a0|<a title=\"Disciplinas do MPPVS\" href=\"http:\/\/www.ifbaiano.edu.br\/unidades\/guanambi\/disciplinas-do-mppvs\/\">Disciplinas<\/a>\u00a0|\u00a0<a href=\"http:\/\/www.ifbaiano.edu.br\/unidades\/guanambi\/mestrado_docentes\/\">Docentes<\/a>\u00a0| <a href=\"http:\/\/www.ifbaiano.edu.br\/unidades\/guanambi\/2017\/12\/07\/discentes-mppvs\/\">Discentes<\/a> |\u00a0<a title=\"Documentos do MPPVS\" href=\"http:\/\/www.ifbaiano.edu.br\/unidades\/guanambi\/documentos-do-mppvs\/\">Documentos<\/a>\u00a0|\u00a0<a href=\"https:\/\/www.ifbaiano.edu.br\/unidades\/guanambi\/files\/2020\/03\/Horario-1o.-semestre-2020.pdf\">Hor\u00e1rio de aulas<\/a>\u00a0|\u00a0<a href=\"https:\/\/concurso.ifbaiano.edu.br\/portal\/mppvs-guanambi-dezembro-2021\/\">Processo Seletivo<\/a>\u00a0| <a href=\"http:\/\/www.ifbaiano.edu.br\/unidades\/guanambi\/dissertacoes\/\" target=\"_blank\" rel=\"noopener noreferrer\">Disserta\u00e7\u00f5es<\/a><\/h4>\n<h2 style=\"text-align: right\"><a href=\"https:\/\/concurso.ifbaiano.edu.br\/portal\/mppvs-guanambi-dezembro-2021\/\" target=\"_blank\" rel=\"noopener noreferrer\">Processo Seletivo 2022<\/a><\/h2>\n<p><strong><strong>Informa\u00e7\u00e3o sobre o que \u00e9 mestrado profissional<\/strong><\/strong><\/p>\n<p style=\"text-align: justify\">Regulamentado pela Portaria Normativa n\u00ba 17, de 28 de dezembro de 2009, o Mestrado Profissional (MP) \u00e9 uma modalidade de P\u00f3s-Gradua\u00e7\u00e3o <em>Stricto sensu<\/em> voltada para a capacita\u00e7\u00e3o de profissionais, nas diversas \u00e1reas do conhecimento, mediante o estudo de t\u00e9cnicas, processos, ou tem\u00e1ticas que atendam a alguma demanda do mercado de trabalho. O Mestrado Profissional tem a mesma validade que o Mestrado Acad\u00eamico.<\/p>\n<h4><span style=\"color: #ff0000\"><span style=\"color: #000000\"><strong>Objetivo<\/strong><\/span><\/span><\/h4>\n<p style=\"text-align: justify\"><span style=\"color: #ff0000\"><span style=\"color: #000000\"> O mestrado profissional em Produ\u00e7\u00e3o Vegetal no Semi\u00e1rido visa potencializar a qualifica\u00e7\u00e3o de profissionais, conferindo compet\u00eancias para avalia\u00e7\u00e3o cr\u00edtica, interven\u00e7\u00e3o e resolu\u00e7\u00e3o de problemas que limitam a produ\u00e7\u00e3o vegetal no semi\u00e1rido, bem como para o desenvolvimento de tecnologias aplicadas a resolu\u00e7\u00e3o destes problemas. Pretende-se com a cria\u00e7\u00e3o e desenvolvimento deste curso, capacitar profissionais para pr\u00e1tica avan\u00e7ada e transformadora de procedimentos e processos aplicados \u00e0 produ\u00e7\u00e3o vegetal no semi\u00e1rido, por meio da incorpora\u00e7\u00e3o de m\u00e9todo cient\u00edfico, estudos e t\u00e9cnicas diretamente relacionadas ao desempenho de um alto n\u00edvel de qualifica\u00e7\u00e3o profissional.<\/span><\/span><\/p>\n<p style=\"text-align: justify\"><strong>P\u00fablico-alvo<\/strong><\/p>\n<p style=\"text-align: justify\">Ser\u00e3o admitidos, para inscri\u00e7\u00e3o no MPPVS, graduados, ou graduandos que ir\u00e3o concluir o curso at\u00e9 a data prevista para matr\u00edcula, em Curso superior reconhecido pelo MEC, na \u00e1rea de Ci\u00eancias <strong>Agr\u00e1rias\/Biol\u00f3gicas<\/strong> ou \u00e1rea correlata \u00e0 \u00e1rea de concentra\u00e7\u00e3o do curso pretendido.<\/p>\n<p style=\"text-align: justify\">Podem ser admitidos candidatos de \u00e1rea n\u00e3o relacionada diretamente ao curso pretendido, a crit\u00e9rio da Comiss\u00e3o de Sele\u00e7\u00e3o, desde que apresentem plano de trabalho compat\u00edvel com os objetivos do Curso.<strong><br \/>\n<\/strong><\/p>\n<p style=\"text-align: justify\"><strong>Abordagens do Mestrado Profissional em Produ\u00e7\u00e3o Vegetal<\/strong><\/p>\n<p style=\"text-align: justify\">Pretende-se abordar aspectos referentes \u00e0 utiliza\u00e7\u00e3o dos recursos naturais do semi\u00e1rido, solo e \u00e1gua, para produ\u00e7\u00e3o e experimenta\u00e7\u00e3o de culturas em condi\u00e7\u00f5es de irriga\u00e7\u00e3o e sequeiro. Abordagem dos fundamentos socioecon\u00f4micos, bot\u00e2nicos, ecofisiol\u00f3gicos, de nutri\u00e7\u00e3o, de fertilidade do solo, gen\u00e9ticos e de melhoramento de culturas frut\u00edferas (abacaxizeiro, bananeira, mangueira e maracujazeiro), culturas anuais (algod\u00e3o, feij\u00e3o vigna, sorgo), mandioca e culturas xer\u00f3fitas (palma forrageira e umbuzeiro), com \u00eanfase para o desenvolvimento sustentado, a resili\u00eancia e a seguran\u00e7a produtiva, de forma a promover um maior equil\u00edbrio socioecon\u00f4mico e ambiental em toda a cadeia produtiva do semi\u00e1rido. Enfoque no uso de estrat\u00e9gias agroecol\u00f3gicas, mais aplicadas \u00e0 agricultura familiar e biologicamente mais dependentes do ambiente natural e de solu\u00e7\u00f5es de engenharia no ambiente natural, mais aplicadas \u00e0 agricultura empresarial pequena ou grande, como engenharia de \u00e1gua, solo e ambi\u00eancia.<\/p>\n<p style=\"text-align: justify\"><strong>Linhas de Pesquisa:<\/strong><\/p>\n<p style=\"text-align: justify\"><strong>Descri\u00e7\u00e3o da Linha de Agricultura Irrigada<\/strong><\/p>\n<p style=\"text-align: justify\">Nesta linha de pesquisa a \u00eanfase ser\u00e1 no desenvolvimento de atividades voltadas para produ\u00e7\u00e3o de culturas irrigadas; capta\u00e7\u00e3o e uso racional de \u00e1guas superficiais e subterr\u00e2neas; an\u00e1lise, projeto e gerenciamento de sistema de irriga\u00e7\u00e3o mais eficiente. Estrat\u00e9gias mais aplicadas \u00e0 agricultura empresarial pequena ou grande, por\u00e9m mais associadas a a\u00e7\u00f5es da engenharia no ambiente natural.<\/p>\n<p style=\"text-align: justify\"><strong>Descri\u00e7\u00e3o da Linha de Agricultura de Sequeiro<\/strong><\/p>\n<p style=\"text-align: justify\">Nesta linha de pesquisa a \u00eanfase ser\u00e1 no desenvolvimento de atividades voltadas para explora\u00e7\u00e3o sustent\u00e1vel de culturas sob condi\u00e7\u00e3o de sequeiro. Estrat\u00e9gias mais aplicadas \u00e0 agricultura familiar e biologicamente mais dependentes do ambiente natural. Atividades relacionadas \u00e0 coleta, armazenamento e uso de \u00e1gua da chuva; produ\u00e7\u00e3o de culturas anuais e xer\u00f3fitas.<\/p>\n<p style=\"text-align: justify\"><strong>Perfil do Profissional a ser Formado<\/strong><\/p>\n<p style=\"text-align: justify\">O egresso do Curso Mestrado em Produ\u00e7\u00e3o Vegetal no Semi\u00e1rido dever\u00e1 apresentar o seguinte perfil profissional:<\/p>\n<p style=\"text-align: justify\">a) profissional capaz de identificar procedimento cient\u00edfico destinado a resolver problemas que limitam a produ\u00e7\u00e3o vegetal no semi\u00e1rido, estando habilitado para elaborar hip\u00f3teses de pesquisa;<\/p>\n<p style=\"text-align: justify\">b) capacitado a desenvolver revis\u00f5es de literatura atualizadas com base na explora\u00e7\u00e3o de artigos e indexadores internacionais, permitindo o comp\u00eandio sistem\u00e1tico de conhecimento do estado da arte;<\/p>\n<p style=\"text-align: justify\">c) detentor de esp\u00edrito cr\u00edtico e ambi\u00e7\u00e3o investigativa voltada ao bem-estar da sociedade no contexto dos problemas que afligem o semi\u00e1rido, seja para prote\u00e7\u00e3o dos pequenos produtores familiares ou para o agroneg\u00f3cio;<\/p>\n<p style=\"text-align: justify\">d) competente para planejar e conduzir atividade de opera\u00e7\u00e3o dos sistemas produtivos condizente com as necessidades de conserva\u00e7\u00e3o e gest\u00e3o dos recursos naturais;<\/p>\n<p style=\"text-align: justify\">e) conhecedor dos fundamentos te\u00f3ricos e possuidor de habilidades pr\u00e1ticas que permitam a dissemina\u00e7\u00e3o de conhecimento atividades t\u00e9cnicas, extens\u00e3o e lideran\u00e7a em atua\u00e7\u00e3o profissional acad\u00eamica de ensino.<\/p>\n<p style=\"text-align: justify\"><strong>Descri\u00e7\u00e3o sint\u00e9tica do esquema de oferta de curso<\/strong><\/p>\n<p style=\"text-align: justify\">O programa selecionar\u00e1 anualmente 10 alunos a ingressarem no Mestrado Profissional em Produ\u00e7\u00e3o Vegetal no Semi\u00e1rido. O discente dever\u00e1 cursar duas disciplinas obrigat\u00f3rias (Ecofisiologia Vegetal e Estat\u00edstica Experimental) e outras optativas de 4 e de 3 cr\u00e9ditos, a totalizar 24 cr\u00e9ditos como uma das exig\u00eancias para conclus\u00e3o do Curso. As disciplinas optativas ser\u00e3o definidas de comum acordo entre o discente e o professor-orientador, levando em considera\u00e7\u00e3o a afinidade com o trabalho de conclus\u00e3o do curso. O Curso de Mestrado profissional em Produ\u00e7\u00e3o vegetal no Semi\u00e1rido ter\u00e1 dura\u00e7\u00e3o m\u00ednima de 12 (doze) meses e dura\u00e7\u00e3o m\u00e1xima de 24 (vinte e quatro) meses.<\/p>\n<p style=\"text-align: justify\"><strong>Sistem\u00e1tica de funcionamento do curso<\/strong><\/p>\n<p style=\"text-align: justify\">O curso ser\u00e1 organizado de modo a viabilizar tr\u00eas encontros por semestre, com aulas de todos os componentes curriculares ofertados no semestre em quest\u00e3o, totalizando 60 horas por encontro e 180 horas por semestre. Em s\u00edntese, os encontros ter\u00e3o dura\u00e7\u00e3o de duas semanas e com intervalo para o pr\u00f3ximo encontro de um m\u00eas.<\/p>\n<p style=\"text-align: justify\"><strong>Trabalho de Conclus\u00e3o Final de Curso<\/strong><\/p>\n<p style=\"text-align: justify\">Poder\u00e1 ser apresentado em diferentes formatos, tais como: Disserta\u00e7\u00e3o; Revis\u00e3o sistem\u00e1tica e aprofundada da literatura; Artigo; Patente; Registros de propriedade intelectual; Projetos t\u00e9cnicos; Publica\u00e7\u00f5es tecnol\u00f3gicas; Desenvolvimento de aplicativos; de materiais did\u00e1ticos e instrucionais e de produtos, processos e t\u00e9cnicas; Produ\u00e7\u00e3o de programas de m\u00eddia, editoria, composi\u00e7\u00f5es, concertos, relat\u00f3rios finais de pesquisa, softwares; Estudos de caso; Relat\u00f3rio t\u00e9cnico com regras de sigilo; Manual de opera\u00e7\u00e3o t\u00e9cnica, protocolo experimental ou de aplica\u00e7\u00e3o em servi\u00e7os; Proposta de interven\u00e7\u00e3o em procedimentos cl\u00ednicos ou de servi\u00e7o pertinente, projeto de aplica\u00e7\u00e3o ou adequa\u00e7\u00e3o tecnol\u00f3gica; Prot\u00f3tipos para desenvolvimento ou produ\u00e7\u00e3o de instrumentos, equipamentos e kits, projetos de inova\u00e7\u00e3o tecnol\u00f3gica, produ\u00e7\u00e3o art\u00edstica;<\/p>\n<p><strong>Coordenador<\/strong><\/p>\n<p>Jos\u00e9 Alberto Alves de Souza<\/p>\n<p>E-mail:\u00a0<span id=\"OBJ_PREFIX_DWT157_ZmEmailObjectHandler\" class=\"Object\"><span id=\"OBJ_PREFIX_DWT158_ZmEmailObjectHandler\" class=\"Object\">alberto.souza@ifbaiano.edu.br<\/span><\/span><\/p>\n<p>ACESSE:<\/p>\n<p><a href=\"http:\/\/www.ifbaiano.edu.br\/unidades\/guanambi\/files\/2015\/03\/Calend%C3%A1rio-2018-MPPVS.pdf\">Calend\u00e1rio<\/a>\u00a0|\u00a0<a href=\"http:\/\/www.ifbaiano.edu.br\/unidades\/guanambi\/2017\/12\/07\/discentes-mppvs\/\">Discentes<\/a>\u00a0|\u00a0<a title=\"Disciplinas do MPPVS\" href=\"http:\/\/www.ifbaiano.edu.br\/unidades\/guanambi\/disciplinas-do-mppvs\/\">Disciplinas<\/a>\u00a0|\u00a0<a href=\"http:\/\/www.ifbaiano.edu.br\/unidades\/guanambi\/dissertacoes\/\" target=\"_blank\" rel=\"noopener noreferrer\">Disserta\u00e7\u00f5es<\/a>\u00a0|\u00a0<a href=\"http:\/\/www.ifbaiano.edu.br\/unidades\/guanambi\/mestrado_docentes\/\">Docentes<\/a>\u00a0|\u00a0<a title=\"Documentos do MPPVS\" href=\"http:\/\/www.ifbaiano.edu.br\/unidades\/guanambi\/documentos-do-mppvs\/\">Documentos<\/a>\u00a0|\u00a0<a href=\"http:\/\/www.ifbaiano.edu.br\/unidades\/guanambi\/files\/2015\/01\/Horario-1o.-semestre-2018-proposto.pdf\">Hor\u00e1rio de aulas<\/a>\u00a0|\u00a0<a href=\"http:\/\/www.ifbaiano.edu.br\/unidades\/guanambi\/processo-seletivo\/\">Processo Seletivo<\/a><\/p>\n","protected":false},"excerpt":{"rendered":"<p>_____ Mestrado Profissional \u00a0Stricto sensu\u00a0em Produ\u00e7\u00e3o Vegetal no Semi\u00e1rido (MPPVS) Calend\u00e1rio\u00a0|Disciplinas\u00a0|\u00a0Docentes\u00a0| Discentes |\u00a0Documentos\u00a0|\u00a0Hor\u00e1rio de aulas\u00a0|\u00a0Processo Seletivo\u00a0| Disserta\u00e7\u00f5es Processo Seletivo 2022 Informa\u00e7\u00e3o sobre o que \u00e9 mestrado profissional Regulamentado pela Portaria Normativa n\u00ba 17, de 28 de dezembro de 2009, o Mestrado Profissional (MP) \u00e9 uma modalidade de P\u00f3s-Gradua\u00e7\u00e3o Stricto sensu voltada para a capacita\u00e7\u00e3o de [&hellip;]<\/p>\n","protected":false},"author":14,"featured_media":0,"parent":0,"menu_order":0,"comment_status":"open","ping_status":"open","template":"","meta":[],"_links":{"self":[{"href":"https:\/\/www.ifbaiano.edu.br\/unidades\/guanambi\/wp-json\/wp\/v2\/pages\/3446"}],"collection":[{"href":"https:\/\/www.ifbaiano.edu.br\/unidades\/guanambi\/wp-json\/wp\/v2\/pages"}],"about":[{"href":"https:\/\/www.ifbaiano.edu.br\/unidades\/guanambi\/wp-json\/wp\/v2\/types\/page"}],"author":[{"embeddable":true,"href":"https:\/\/www.ifbaiano.edu.br\/unidades\/guanambi\/wp-json\/wp\/v2\/users\/14"}],"replies":[{"embeddable":true,"href":"https:\/\/www.ifbaiano.edu.br\/unidades\/guanambi\/wp-json\/wp\/v2\/comments?post=3446"}],"version-history":[{"count":138,"href":"https:\/\/www.ifbaiano.edu.br\/unidades\/guanambi\/wp-json\/wp\/v2\/pages\/3446\/revisions"}],"predecessor-version":[{"id":10544,"href":"https:\/\/www.ifbaiano.edu.br\/unidades\/guanambi\/wp-json\/wp\/v2\/pages\/3446\/revisions\/10544"}],"wp:attachment":[{"href":"https:\/\/www.ifbaiano.edu.br\/unidades\/guanambi\/wp-json\/wp\/v2\/media?parent=3446"}],"curies":[{"name":"wp","href":"https:\/\/api.w.org\/{rel}","templated":true}]}}