{"id":3645,"date":"2015-03-09T13:14:17","date_gmt":"2015-03-09T13:14:17","guid":{"rendered":"http:\/\/www.ifbaiano.edu.br\/unidades\/guanambi\/?page_id=3645"},"modified":"2018-04-27T14:07:44","modified_gmt":"2018-04-27T17:07:44","slug":"mestrado_docentes","status":"publish","type":"page","link":"https:\/\/www.ifbaiano.edu.br\/unidades\/guanambi\/mestrado_docentes\/","title":{"rendered":"Docentes do MPPVS"},"content":{"rendered":"<p>&nbsp;<\/p>\n<p>&nbsp;<\/p>\n<h2 align=\"center\"><strong><span style=\"text-decoration: underline\">Forma\u00e7\u00e3o e Titula\u00e7\u00e3o dos Professores do Mestrado Profissional em Produ\u00e7\u00e3o Vegetal no Semi\u00e1rido<\/span><\/strong><\/h2>\n<p>&nbsp;<\/p>\n<p><strong>Alessandro de Magalh\u00e3es Arantes \/ IF Baiano \u2013<\/strong><strong>\u00a0<\/strong><em><strong>Campus<\/strong><\/em><strong>\u00a0<\/strong><strong>Guanambi<\/strong><\/p>\n<p><a href=\"mailto:alessandro.arantes@guanambi.ifbaiano.edu.br\">alessandro.arantes@guanambi.ifbaiano.edu.br<\/a><br \/>\nGradua\u00e7\u00e3o em Engenharia Agron\u00f4mica, 1994, UNEB-Famesf; mestrado em Ci\u00eancia e Tecnologia de Sementes, 2004, UFPel; e doutorando em Fitotecnia\/Produ\u00e7\u00e3o Vegetal, UFV.<\/p>\n<p>Lattes:\u00a0<a href=\"http:\/\/lattes.cnpq.br\/4563701552852667\">http:\/\/lattes.cnpq.br\/4563701552852667<\/a><\/p>\n<p>&nbsp;<\/p>\n<p><strong>Alexsandro dos Santos Brito \/ IF Baiano \u2013<\/strong><strong>\u00a0<\/strong><em><strong>Campus<\/strong><\/em><strong>\u00a0<\/strong><strong>Guanambi<\/strong><\/p>\n<p><a href=\"mailto:alexsandro.brito@guanambi.ifbaiano.edu.br\">alexsandro.brito@guanambi.ifbaiano.edu.br<\/a><br \/>\nGradua\u00e7\u00e3o em Engenharia Agron\u00f4mica, 2005, UFBA; Mestrado em Agronomia (Solos e Nutri\u00e7\u00e3o de Plantas), 2007, USP; Doutorado em Agronomia (Solos e Nutri\u00e7\u00e3o de Plantas), 2010, USP.<\/p>\n<p>Lattes:\u00a0<a href=\"http:\/\/lattes.cnpq.br\/1036927716832874\">http:\/\/lattes.cnpq.br\/1036927716832874<\/a><\/p>\n<p>&nbsp;<\/p>\n<p><strong>Alisson Jadavi Pereira da Silva \/ IF Baiano \u2013<\/strong><strong>\u00a0<\/strong><em><strong>Campus<\/strong><\/em><strong>\u00a0<\/strong><strong>Governador Mangabeira<\/strong><\/p>\n<p><a href=\"mailto:alisson.silva@ifbaiano.edu.br\">alisson.silva@ifbaiano.edu.br<\/a><\/p>\n<p>Gradua\u00e7\u00e3o em Engenharia Agron\u00f4mica pela Universidade Federal do Rec\u00f4ncavo da Bahia (2007); Mestre em Ci\u00eancias \u2013 Irriga\u00e7\u00e3o e Drenagem pela Universidade de S\u00e3o Paulo pela USP (2009); Doutorado em Ci\u00eancias Agr\u00e1rias \u2013 Agricultura Irrigada e Sustentabilidade de Sistemas Hidroagr\u00edcolas pela UFRB (2013).<\/p>\n<p>Lattes:\u00a0<a href=\"http:\/\/lattes.cnpq.br\/7866705458518820\">http:\/\/lattes.cnpq.br\/7866705458518820<\/a><\/p>\n<p>&nbsp;<\/p>\n<p><strong>Carlindo Santos Rodrigues \/ IF Baiano \u2013<\/strong><strong>\u00a0<\/strong><em><strong>Campus<\/strong><\/em><strong>\u00a0<\/strong><strong>Uru\u00e7uca<\/strong><\/p>\n<p><a href=\"mailto:carlindo.rodrigues@fbaiano.edu.br\">carlindo.rodrigues@fbaiano.edu.br<\/a><\/p>\n<p>Gradua\u00e7\u00e3o em Agronomia pela Universidade Estadual do Sudoeste da Bahia (2006); mestrado em Zootecnia pela Universidade Federal de Vi\u00e7osa (2008); e doutorado em Zootecnia pela Universidade Federal de Vi\u00e7osa, 2010.<\/p>\n<p>Lattes:\u00a0<a href=\"http:\/\/lattes.cnpq.br\/0182006505079933\">http:\/\/lattes.cnpq.br\/0182006505079933<\/a><\/p>\n<p>&nbsp;<\/p>\n<p><strong>Carlos El\u00edzio Cotrim \/ IF Baiano \u2013<\/strong><strong>\u00a0<\/strong><em><strong>Campus<\/strong><\/em><strong>\u00a0<\/strong><strong>Guanambi<\/strong><\/p>\n<p><a href=\"mailto:carlos.cotrim@guanambi.ifbaiano.edu.br\">carlos.cotrim@guanambi.ifbaiano.edu.br<\/a><br \/>\nGradua\u00e7\u00e3o em Engenharia Agr\u00edcola pela Universidade Federal de Vi\u00e7osa (1984); gradua\u00e7\u00e3o em Forma\u00e7\u00e3o de Professores de Disciplinas Especializa\u00a0das pela Universidade Tecnol\u00f3gica Federal do Paran\u00e1 (1997); mestrado em Engenharia Agr\u00edcola pela Universidade Federal de Vi\u00e7osa (1988); e doutorado em Recursos H\u00eddricos e Ambientais pela UFV (2009).<\/p>\n<p>Lattes:\u00a0<a href=\"http:\/\/lattes.cnpq.br\/3929657100042590\">http:\/\/lattes.cnpq.br\/3929657100042590<\/a><\/p>\n<p>&nbsp;<\/p>\n<p>&nbsp;<\/p>\n<p><strong>Delfran Batista dos Santos \/ IF Baiano \u2013<\/strong><strong>\u00a0<\/strong><em><strong>Campus<\/strong><\/em><strong>\u00a0<\/strong><strong>Serrinha<\/strong><\/p>\n<p><a href=\"mailto:delfran.batista@ifbaiano.edu.br\">delfran.batista@ifbaiano.edu.br<\/a><\/p>\n<p>Gradua\u00e7\u00e3o em Agronomia pela Universidade Federal da Bahia (1999); mestrado em Engenharia Agr\u00edcola pela Universidade Federal da Para\u00edba (2002); doutorado em Engenharia Agr\u00edcola pela Universidade Federal de Vi\u00e7osa (2005); e p\u00f3s-doutorado em Engenharia de \u00c1gua e Solos (Salinidade) pela EMBRAPA Mandioca e Fruticultura (2006).<\/p>\n<p>Lattes:\u00a0<a href=\"http:\/\/lattes.cnpq.br\/5305388524205895\">http:\/\/lattes.cnpq.br\/5305388524205895<\/a><\/p>\n<p>&nbsp;<\/p>\n<p><strong>Eug\u00eanio Ferreira Coelho \/ Embrapa \u2013 Mandioca e Fruticultura Tropical<\/strong><\/p>\n<p><a href=\"mailto:eugenio.coelho@embrapa.br\">eugenio.coelho@embrapa.br<\/a><\/p>\n<p>Gradua\u00e7\u00e3o em Engenharia Agr\u00edcola pela Universidade Federal de Vi\u00e7osa (1981); mestrado em Engenharia Agr\u00edcola pela Universidade Federal de Vi\u00e7osa (1984); e doutorado em Engenharia de irriga\u00e7\u00e3o- Utah State University (1996).<\/p>\n<p>Lattes:\u00a0<a href=\"http:\/\/lattes.cnpq.br\/7469670427706304\">http:\/\/lattes.cnpq.br\/7469670427706304<\/a><\/p>\n<p>&nbsp;<\/p>\n<p><strong>F\u00e1bio Santos Matos \u2013 <\/strong><strong>UEG \u2013 <em>Campus<\/em> Ipameri<\/strong><\/p>\n<p><a href=\"mailto:fabio.agronomia@hotmail.com\">fabio.agronomia@hotmail.com<\/a><\/p>\n<p>Gradua\u00e7\u00e3o em Engenharia Agron\u00f4mica pela Universidade Federal de Bahia (2006); mestrado em Fisiologia Vegetal pela Universidade Federal de Vi\u00e7osa (2008) e doutorado em Fitotecnia (Produ\u00e7\u00e3o Vegetal) pela Universidade Federal de Vi\u00e7osa (2010).<\/p>\n<p>Lattes:\u00a0<a href=\"http:\/\/buscatextual.cnpq.br\/buscatextual\/visualizacv.do?id=K4718919H4\">http:\/\/buscatextual.cnpq.br\/buscatextual\/visualizacv.do?id=K4718919H4<\/a><\/p>\n<p><strong>\u00a0<\/strong><\/p>\n<p><strong>Felizarda Viana Beb\u00e9 \/ IF Baiano \u2013<\/strong><strong>\u00a0<\/strong><em><strong>Campus<\/strong><\/em><strong>\u00a0<\/strong><strong>Guanambi<\/strong><\/p>\n<p><a href=\"mailto:felizarda.bebe@guanambi.ifbaiano.edu.br\">felizarda.bebe@guanambi.ifbaiano.edu.br<\/a><\/p>\n<p>Gradua\u00e7\u00e3o em Engenharia Agron\u00f4mica pela Universidade Estadual do Sudoeste da Bahia (2004); mestrado em Engenharia Agr\u00edcola pela Universidade Federal Rural de Pernambuco (2007) e doutorado em Ci\u00eancias do Solo pela Universidade Federal Rural de Pernambuco (2011).<\/p>\n<p>Lattes:\u00a0<a href=\"http:\/\/buscatextual.cnpq.br\/buscatextual\/visualizacv.do?id=K4770655D5\">http:\/\/buscatextual.cnpq.br\/buscatextual\/visualizacv.do?id=K4770655D5<\/a><\/p>\n<p>&nbsp;<\/p>\n<p><strong>Jo\u00e3o Abel da Silva \/ IF Baiano \u2013<\/strong><strong>\u00a0<\/strong><em><strong>Campus<\/strong><\/em><strong>\u00a0<\/strong><strong>Guanambi<\/strong><\/p>\n<p><a href=\"mailto:joao.silva@guanambi.ifbaiano.edu.br\">joao.silva@guanambi.ifbaiano.edu.br<\/a><br \/>\nGradua\u00e7\u00e3o em Engenharia Agron\u00f4mica pela Universidade Federal de Vi\u00e7osa (1985); mestrado em Ci\u00eancia e Tecnologia de Sementes pela Universidade Federal de Pelotas (2003); e doutorando em Zootecnia pela UESB (2012).<\/p>\n<p>Lattes:\u00a0<a href=\"http:\/\/lattes.cnpq.br\/1404555910224347\">http:\/\/lattes.cnpq.br\/1404555910224347<\/a><\/p>\n<p><strong>\u00a0<\/strong><\/p>\n<p><strong>Joice Andrade Bonfim \/ IF Baiano \u2013<\/strong><strong>\u00a0<\/strong><em><strong>Campus<\/strong><\/em><strong>\u00a0<\/strong><strong>Guanambi<\/strong><\/p>\n<p><u>Joice.bonfim<\/u><a href=\"mailto:felizarda.bebe@guanambi.ifbaiano.edu.br\">@guanambi.ifbaiano.edu.br<\/a><\/p>\n<p>Gradua\u00e7\u00e3o em Engenharia Agron\u00f4mica pela Universidade Estadual do Sudoeste da Bahia (2009); mestrado em Solos e Nutri\u00e7\u00e3o de Plantas pela Escola Superior de Agricultura Luiz de Queiroz &#8211; USP (2010) e doutorado em Solos e Nutri\u00e7\u00e3o de Plantas pela ESALQ &#8211; USP (2015).<\/p>\n<p>Lattes:\u00a0http:\/\/buscatextual.cnpq.br\/buscatextual\/visualizacv.do?id=K4230576E8<\/p>\n<p>&nbsp;<\/p>\n<p><strong>Jos\u00e9 Alberto Alves de Souza \/ IF Norte de Minas \u2013<\/strong><strong>\u00a0<\/strong><em><strong>Campus<\/strong><\/em><strong>\u00a0Guanambi<\/strong><\/p>\n<p><a href=\"mailto:alberto.souza@ifbaiano.edu.br\">alberto.souza@ifbaiano.edu.br<\/a><\/p>\n<p>Gradua\u00e7\u00e3o em Engenharia Agr\u00edcola pela Universidade Federal de Vi\u00e7osa (1986); mestrado em Engenharia Agr\u00edcola pela Universidade Federal de Vi\u00e7osa (2002); e doutorado em Engenharia Agr\u00edcola, \u00c1rea de Concentra\u00e7\u00e3o Recursos H\u00eddricos e Ambientais, pela Universidade Federal de Vi\u00e7osa (2005).<\/p>\n<p>Lattes:\u00a0<a href=\"http:\/\/lattes.cnpq.br\/0607868013710593\">http:\/\/lattes.cnpq.br\/0607868013710593<\/a><\/p>\n<p><strong>Leandro Santos Peixouto \/ IF Baiano \u2013 Campus Guanambi <\/strong><\/p>\n<p>leandro.peixouto@ifbaiano.edu.br<br \/>\nGradua\u00e7\u00e3o em Engenharia Agron\u00f4mica pela Universidade Federal do Rec\u00f4ncavo da Bahia (2007), mestrado (2009) e doutorado (2013) em Gen\u00e9tica e Melhoramento de Plantas pela Universidade Federal de Lavras.<\/p>\n<p><a href=\"http:\/\/lattes.cnpq.br\/4145138850437889\" target=\"_blank\">http:\/\/lattes.cnpq.br\/4145138850437889 <\/a><\/p>\n<p>&nbsp;<\/p>\n<p><strong>Marcelo Rocha dos Santos \/ IF Baiano \u2013<\/strong><strong>\u00a0<\/strong><em><strong>Campus<\/strong><\/em><strong>\u00a0<\/strong><strong>Guanambi<\/strong><\/p>\n<p><a href=\"mailto:marcelo.rocha@guanambi.ifbaiano.edu.br\">marcelo.rocha@guanambi.ifbaiano.edu.br<\/a><br \/>\nGradua\u00e7\u00e3o em Engenharia Agron\u00f4mica pela UFBA (2006); mestrado em Engenharia Agr\u00edcola pela UFV (2008); e doutorando em Engenharia Agr\u00edcola (Recursos H\u00eddricos) pela UFV (2012).<\/p>\n<p>Lattes:\u00a0<a href=\"http:\/\/lattes.cnpq.br\/8059152120021419\">http:\/\/lattes.cnpq.br\/8059152120021419<\/a><\/p>\n<p>&nbsp;<\/p>\n<p><strong>Maur\u00edcio Ant\u00f4nio Coelho Filho \/ Embrapa \u2013 Mandioca e Fruticultura Tropical<\/strong><\/p>\n<p><a href=\"mailto:mauricio-antonio.coelho@embrapa.br\">mauricio-antonio.coelho@embrapa.br<\/a><\/p>\n<p>Gradua\u00e7\u00e3o em Agronomia pela Universidade Federal da Bahia (1995); mestrado em Agronomia \u2013 Irriga\u00e7\u00e3o e Drenagem pela Universidade de S\u00e3o Paulo (1998); e doutorado em Agronomia \u2013 Irriga\u00e7\u00e3o e Drenagem pela Universidade de S\u00e3o Paulo (2002).<\/p>\n<p>Lattes:\u00a0<a href=\"http:\/\/lattes.cnpq.br\/8098848281975782\">http:\/\/lattes.cnpq.br\/8098848281975782<\/a><\/p>\n<p>&nbsp;<\/p>\n<p><strong>S\u00e9rgio Luiz Rodrigues Donato \/ IF Baiano \u2013<\/strong><strong>\u00a0<\/strong><em><strong>Campus<\/strong><\/em><strong>\u00a0<\/strong><strong>Guanambi<\/strong><\/p>\n<p><a href=\"mailto:sergio.donato@guanambi.ifbaiano.edu.br\">sergio.donato@guanambi.ifbaiano.edu.br<\/a><br \/>\nGradua\u00e7\u00e3o em Engenharia Agron\u00f4mica, 1991, UFV; mestrado em Ci\u00eancia e Tecnologia de Sementes, 2004, UFPel; e doutorado em Fitotecnia (Produ\u00e7\u00e3o Vegetal), 2007, UFV.<\/p>\n<p>Lattes:\u00a0<a href=\"http:\/\/lattes.cnpq.br\/0480996716216014\">http:\/\/lattes.cnpq.br\/0480996716216014<\/a><\/p>\n","protected":false},"excerpt":{"rendered":"<p>&nbsp; &nbsp; Forma\u00e7\u00e3o e Titula\u00e7\u00e3o dos Professores do Mestrado Profissional em Produ\u00e7\u00e3o Vegetal no Semi\u00e1rido &nbsp; Alessandro de Magalh\u00e3es Arantes \/ IF Baiano \u2013\u00a0Campus\u00a0Guanambi alessandro.arantes@guanambi.ifbaiano.edu.br Gradua\u00e7\u00e3o em Engenharia Agron\u00f4mica, 1994, UNEB-Famesf; mestrado em Ci\u00eancia e Tecnologia de Sementes, 2004, UFPel; e doutorando em Fitotecnia\/Produ\u00e7\u00e3o Vegetal, UFV. Lattes:\u00a0http:\/\/lattes.cnpq.br\/4563701552852667 &nbsp; Alexsandro dos Santos Brito \/ IF Baiano [&hellip;]<\/p>\n","protected":false},"author":14,"featured_media":0,"parent":0,"menu_order":0,"comment_status":"open","ping_status":"open","template":"","meta":[],"_links":{"self":[{"href":"https:\/\/www.ifbaiano.edu.br\/unidades\/guanambi\/wp-json\/wp\/v2\/pages\/3645"}],"collection":[{"href":"https:\/\/www.ifbaiano.edu.br\/unidades\/guanambi\/wp-json\/wp\/v2\/pages"}],"about":[{"href":"https:\/\/www.ifbaiano.edu.br\/unidades\/guanambi\/wp-json\/wp\/v2\/types\/page"}],"author":[{"embeddable":true,"href":"https:\/\/www.ifbaiano.edu.br\/unidades\/guanambi\/wp-json\/wp\/v2\/users\/14"}],"replies":[{"embeddable":true,"href":"https:\/\/www.ifbaiano.edu.br\/unidades\/guanambi\/wp-json\/wp\/v2\/comments?post=3645"}],"version-history":[{"count":14,"href":"https:\/\/www.ifbaiano.edu.br\/unidades\/guanambi\/wp-json\/wp\/v2\/pages\/3645\/revisions"}],"predecessor-version":[{"id":6981,"href":"https:\/\/www.ifbaiano.edu.br\/unidades\/guanambi\/wp-json\/wp\/v2\/pages\/3645\/revisions\/6981"}],"wp:attachment":[{"href":"https:\/\/www.ifbaiano.edu.br\/unidades\/guanambi\/wp-json\/wp\/v2\/media?parent=3645"}],"curies":[{"name":"wp","href":"https:\/\/api.w.org\/{rel}","templated":true}]}}