{"id":3656,"date":"2015-03-09T15:03:14","date_gmt":"2015-03-09T15:03:14","guid":{"rendered":"http:\/\/www.ifbaiano.edu.br\/unidades\/guanambi\/?page_id=3656"},"modified":"2020-02-14T13:46:36","modified_gmt":"2020-02-14T16:46:36","slug":"processo-seletivo","status":"publish","type":"page","link":"https:\/\/www.ifbaiano.edu.br\/unidades\/guanambi\/processo-seletivo\/","title":{"rendered":"Processo Seletivo do MPPVS"},"content":{"rendered":"<h3 style=\"text-align: left\" align=\"center\">2020 &#8211; Alunos especiais<\/h3>\n<p><a href=\"https:\/\/concurso.ifbaiano.edu.br\/portal\/disciplinas-mppvs-guanambi-fevereiro-2020\/\" target=\"_blank\" rel=\"noopener noreferrer\">P\u00e1gina de Sele\u00e7\u00e3o<\/a><\/p>\n<h3 style=\"text-align: left\" align=\"center\">2020<\/h3>\n<p><a href=\"http:\/\/concurso.ifbaiano.edu.br\/portal\/mestrado-guanambi-novembro-2019\/\" target=\"_blank\" rel=\"noopener noreferrer\">P\u00e1gina de Sele\u00e7\u00e3o<\/a><\/p>\n<h3 style=\"text-align: left\" align=\"center\">2019<\/h3>\n<p><a href=\"http:\/\/concurso.ifbaiano.edu.br\/portal\/mestrado-producao-vegetal-guanambi-2019-1\/\">P\u00e1gina da Sele\u00e7\u00e3o<\/a><\/p>\n<h3 style=\"text-align: left\" align=\"center\">2018<\/h3>\n<p>26\/02\/2018 &#8211; <a href=\"http:\/\/www.ifbaiano.edu.br\/unidades\/guanambi\/files\/2018\/02\/MPPVS-Sele\u00e7\u00e3o-2018-Resultado-Final-Divulga\u00e7\u00e3o.pdf\" target=\"_blank\" rel=\"noopener noreferrer\">Resultado Final<\/a><\/p>\n<p>07\/02\/2018 &#8211; <a href=\"http:\/\/www.ifbaiano.edu.br\/unidades\/guanambi\/files\/2015\/03\/Cronograma-de-Entrevistas-Sele\u00e7\u00e3o-MPPVS.pdf\" target=\"_blank\" rel=\"noopener noreferrer\">Cronograma de Entrevistas<\/a><\/p>\n<p>01\/02\/2018 &#8211; <a href=\"http:\/\/www.ifbaiano.edu.br\/unidades\/guanambi\/files\/2015\/03\/Homologa\u00e7\u00e3o-de-inscri\u00e7\u00f5es-MPPVS.pdf\" target=\"_blank\" rel=\"noopener noreferrer\">Homologa\u00e7\u00e3o Preliminar das inscri\u00e7\u00f5es<\/a><\/p>\n<p><a href=\"http:\/\/www.ifbaiano.edu.br\/unidades\/guanambi\/files\/2017\/12\/EDITAL-N\u00ba-156-2017-PROCESSO-SELETIVO-DO-MESTRADO-PROFISSIONAL-STRICTO-SENSU-EM-PRODU\u00c7\u00c3O-VEGETAL-NO-SEMI\u00c1RIDO.pdf\">EDITAL N\u00ba 156-2017\u00a0<\/a>\u00a0&#8211; 2018.1<\/p>\n<p><a href=\"http:\/\/www.ifbaiano.edu.br\/unidades\/guanambi\/files\/2015\/03\/Anexo-I.doc\">Anexo I<\/a><\/p>\n<p><a href=\"http:\/\/www.ifbaiano.edu.br\/unidades\/guanambi\/files\/2015\/03\/Anexo-II.doc\">Anexo II<\/a><\/p>\n<p><a href=\"http:\/\/www.ifbaiano.edu.br\/unidades\/guanambi\/files\/2015\/03\/Anexo-III.doc\">Anexo III<\/a><\/p>\n<p><a href=\"http:\/\/www.ifbaiano.edu.br\/unidades\/guanambi\/files\/2015\/03\/Anexo-IV.doc\">Anexo IV<\/a><\/p>\n<p><a href=\"http:\/\/www.ifbaiano.edu.br\/unidades\/guanambi\/files\/2015\/03\/Anexo-V.doc\">Anexo V<\/a><\/p>\n<h3 style=\"text-align: left\" align=\"center\">2017<\/h3>\n<pre style=\"text-align: left\"><a href=\"http:\/\/concurso.ifbaiano.edu.br\/portal\/mestrado-producao-vegetal-semiarido-2017\/\">PROCESSO SELETIVO PARA INGRESSO EM 2017.1\n\n\n\n<\/a><\/pre>\n<h3 style=\"text-align: left\" align=\"center\">2016<\/h3>\n<pre>Processo Seletivo para o Mestrado Profissional em Produ\u00e7\u00e3o Vegetal - 2016<\/pre>\n<pre>\u00a0\nPROCESSO SELETIVO PARA ALUNO REGULAR 2016 - Edital PROPES n\u00ba. 03\/2015 de 27\/11\/2015\n\n16\/03\/2016 - <strong><a href=\"http:\/\/www.ifbaiano.edu.br\/unidades\/guanambi\/files\/2016\/03\/resultado_final_processo_seletivo_mppvs2016.pdf\" target=\"_blank\" rel=\"noopener noreferrer\">RESULTADO FINAL<\/a><\/strong> (novo)\n\n07\/03\/2016 - <strong><a href=\"http:\/\/www.ifbaiano.edu.br\/unidades\/guanambi\/files\/2015\/03\/Gabarito_prova_2016_a.pdf\" target=\"_blank\" rel=\"noopener noreferrer\">GABARITO DA PROVA OBJETIVA<\/a> <\/strong><\/pre>\n<pre><strong>07\/03\/2016 - <\/strong><a href=\"http:\/\/www.ifbaiano.edu.br\/reitoria\/wp-content\/uploads\/2015\/11\/resultados_etapa_ie_ii-entrevista.pdf\" target=\"_blank\" rel=\"noopener noreferrer\">RESULTADO DAS ETAPAS I e II DAS ENTREVISTAS<\/a><\/pre>\n<pre><strong>07\/03\/2016 - <a href=\"http:\/\/www.ifbaiano.edu.br\/reitoria\/wp-content\/uploads\/2015\/11\/convocacao_entrevista.pdf\" target=\"_blank\" rel=\"noopener noreferrer\">CONVOCA\u00c7\u00c3O PARA ENTREVISTA<\/a> <\/strong>\n\n<strong>17\/02\/2016 - <\/strong><a href=\"http:\/\/www.ifbaiano.edu.br\/unidades\/guanambi\/files\/2016\/02\/Relacao-de-candidatos-e-local-da-prova.pdf\">Rela\u00e7\u00e3o de Candidatos Inscritos e Locais Sugeridos da Prova Escrita<\/a>\n\n<a href=\"http:\/\/www.ifbaiano.edu.br\/unidades\/guanambi\/files\/2015\/03\/Homologacao-de-resultados.pdf\">Homologa\u00e7o preliminar das inscri\u00e7\u00f5es<\/a><\/pre>\n<div><a href=\"http:\/\/www.ifbaiano.edu.br\/unidades\/guanambi\/files\/2015\/11\/Edital-Mestrado-Profissional-IF-Baiano-2016_Assinado-pelo-Reitor.pdf\">Edital Mestrado Profissional IF Baiano 2016_Assinado pelo Reitor<\/a><\/div>\n<p><a href=\"http:\/\/www.ifbaiano.edu.br\/unidades\/guanambi\/files\/2015\/11\/propes_042015_anexo1.odt\">Anexo I<\/a><\/p>\n<p><a href=\"http:\/\/www.ifbaiano.edu.br\/unidades\/guanambi\/files\/2015\/11\/propes_042015_anexo2.odt\">Anexo II<\/a><\/p>\n<p><a href=\"http:\/\/www.ifbaiano.edu.br\/unidades\/guanambi\/files\/2015\/11\/propes_042015_anexo3.odt\">Anexo III<\/a><\/p>\n<p><a href=\"http:\/\/www.ifbaiano.edu.br\/unidades\/guanambi\/files\/2015\/11\/propes_042015_anexo5.odt\">Anexo V<\/a><\/p>\n<h3>2015<\/h3>\n<pre><a href=\"http:\/\/www.ifbaiano.edu.br\/unidades\/guanambi\/files\/2015\/03\/Resultado-Final-do-Processo-Seletivo-MPPVS00011.pdf\">Resultado Final do Processo Seletivo<\/a><\/pre>\n<p><a href=\"http:\/\/www.ifbaiano.edu.br\/unidades\/guanambi\/files\/2015\/03\/CandidatosPontuacaoAtual_aposInterposicao_MPPVS_2015.pdf\" target=\"_blank\" rel=\"noopener noreferrer\">Etapa III do Processo Seletivo &#8211; Ap\u00f3s Interposi\u00e7\u00e3o<\/a><\/p>\n<p>Rela\u00e7\u00e3o de Candidatos com data e hor\u00e1rio da entrevista &#8211; <a href=\"http:\/\/www.ifbaiano.edu.br\/unidades\/guanambi\/files\/2015\/04\/EtapaIII_ProcessoSeletivoMPPVS.pdf\" target=\"_blank\" rel=\"noopener noreferrer\">Etapa III do Processo Seletivo MPPVS<\/a><\/p>\n<p><a href=\"http:\/\/www.ifbaiano.edu.br\/unidades\/guanambi\/files\/2015\/04\/CandidatosMestradoPontuacaoAtual_ProvaTitulo.pdf\">Resultado Oficial das Etapas I e II<\/a><\/p>\n<p><a title=\"Gabarito Oficial da Prova Objetiva do MPPVS 2015\" href=\"http:\/\/www.ifbaiano.edu.br\/unidades\/guanambi\/files\/2015\/03\/MPPVS_ProvaObjetiva_Gabarito2015.pdf\" target=\"_blank\" rel=\"noopener noreferrer\">Gabarito Oficial<\/a><\/p>\n<p><a href=\"http:\/\/www.ifbaiano.edu.br\/unidades\/guanambi\/files\/2015\/04\/homologacaoMestrado2015.pdf\">Homologa\u00e7\u00e3o Preliminar das Inscri\u00e7\u00f5es<\/a><\/p>\n<p style=\"text-align: left\"><strong>Edital:<\/strong><\/p>\n<p>Edital_PROPES 01\/2015 \u00a0 \u00a0<a href=\"http:\/\/www.ifbaiano.edu.br\/unidades\/guanambi\/files\/2015\/03\/Edital_PROPES2015_01.pdf\" target=\"_blank\" rel=\"noopener noreferrer\">(Assinado pelo Reitor<\/a>) \u00a0 <a href=\"dital_PROPES 01\/201\">(Sem assinatura)<\/a><\/p>\n<p align=\"JUSTIFY\">Edital retificado em 06\/03\/2015 &#8211; <a href=\"http:\/\/www.ifbaiano.edu.br\/unidades\/guanambi\/files\/2015\/03\/EDITAL-PROPES-01_2015_MPPVS_RETIFICADO_Assinado-pelo-Reitor.pdf\" target=\"_blank\" rel=\"noopener noreferrer\">Assinado pelo Reitor<\/a>\u00a0 &#8211;\u00a0 <a href=\"http:\/\/www.ifbaiano.edu.br\/unidades\/guanambi\/files\/2015\/03\/Edital-PROPES-01_2015_MPPVS_RETIFICADO_N\u00e3o-assinado-pelo-Reitor.pdf\" target=\"_blank\" rel=\"noopener noreferrer\">Sem assinatura<\/a><\/p>\n<p align=\"JUSTIFY\"><a href=\"http:\/\/www.ifbaiano.edu.br\/unidades\/guanambi\/files\/2015\/03\/Anexo-I_Edital-PROPES-01_2015_MPPVS.odt\">Anexo I<\/a><\/p>\n<p align=\"JUSTIFY\"><a href=\"http:\/\/www.ifbaiano.edu.br\/unidades\/guanambi\/files\/2015\/03\/Anexo-II_Edital-PROPES-01_2015_MPPVS.odt\" target=\"_blank\" rel=\"noopener noreferrer\">Anexo II<\/a><\/p>\n<p align=\"JUSTIFY\"><a href=\"http:\/\/www.ifbaiano.edu.br\/unidades\/guanambi\/files\/2015\/03\/Anexo-III_Edital-PROPES-01_2015_MPPVS.odt\" target=\"_blank\" rel=\"noopener noreferrer\">Anexo III<\/a><\/p>\n<p align=\"JUSTIFY\"><a href=\"http:\/\/www.ifbaiano.edu.br\/unidades\/guanambi\/files\/2015\/03\/Anexo-V_Edital-PROPES-01_2015_MPPVS.odt\" target=\"_blank\" rel=\"noopener noreferrer\">Anexo V<\/a><\/p>\n<p align=\"JUSTIFY\"><strong><strong>Informa\u00e7\u00f5es:<\/strong><br \/>\n<\/strong><\/p>\n<address>IF Baiano \/ Campus Guanambi \/\u00a0Secretaria do Programa MPPVS<\/address>\n<address>Distrito de Cera\u00edma, s\/n, Zona Rural, Caixa Postal N\u00ba 09, Guanambi, BA, CEP 46.430-000<\/address>\n<address>Telefone 77 \u2013 3493-2100 (ramal 280)<\/address>\n<address>E-mail mppvs@guanambi.ifbaiano.edu.br<\/address>\n<address>\u00a0<\/address>\n<address>\u00a0<\/address>\n<p><span style=\"font-style: normal\"><a title=\"Mestrado Profissional\" href=\"http:\/\/www.ifbaiano.edu.br\/unidades\/guanambi\/mestrado-profissional-2\/\">Informa\u00e7\u00f5es Gerais do MPPVS<\/a><\/span><\/p>\n","protected":false},"excerpt":{"rendered":"<p>2020 &#8211; Alunos especiais P\u00e1gina de Sele\u00e7\u00e3o 2020 P\u00e1gina de Sele\u00e7\u00e3o 2019 P\u00e1gina da Sele\u00e7\u00e3o 2018 26\/02\/2018 &#8211; Resultado Final 07\/02\/2018 &#8211; Cronograma de Entrevistas 01\/02\/2018 &#8211; Homologa\u00e7\u00e3o Preliminar das inscri\u00e7\u00f5es EDITAL N\u00ba 156-2017\u00a0\u00a0&#8211; 2018.1 Anexo I Anexo II Anexo III Anexo IV Anexo V 2017 PROCESSO SELETIVO PARA INGRESSO EM 2017.1 2016 Processo Seletivo [&hellip;]<\/p>\n","protected":false},"author":14,"featured_media":0,"parent":0,"menu_order":0,"comment_status":"open","ping_status":"open","template":"","meta":[],"_links":{"self":[{"href":"https:\/\/www.ifbaiano.edu.br\/unidades\/guanambi\/wp-json\/wp\/v2\/pages\/3656"}],"collection":[{"href":"https:\/\/www.ifbaiano.edu.br\/unidades\/guanambi\/wp-json\/wp\/v2\/pages"}],"about":[{"href":"https:\/\/www.ifbaiano.edu.br\/unidades\/guanambi\/wp-json\/wp\/v2\/types\/page"}],"author":[{"embeddable":true,"href":"https:\/\/www.ifbaiano.edu.br\/unidades\/guanambi\/wp-json\/wp\/v2\/users\/14"}],"replies":[{"embeddable":true,"href":"https:\/\/www.ifbaiano.edu.br\/unidades\/guanambi\/wp-json\/wp\/v2\/comments?post=3656"}],"version-history":[{"count":68,"href":"https:\/\/www.ifbaiano.edu.br\/unidades\/guanambi\/wp-json\/wp\/v2\/pages\/3656\/revisions"}],"predecessor-version":[{"id":9151,"href":"https:\/\/www.ifbaiano.edu.br\/unidades\/guanambi\/wp-json\/wp\/v2\/pages\/3656\/revisions\/9151"}],"wp:attachment":[{"href":"https:\/\/www.ifbaiano.edu.br\/unidades\/guanambi\/wp-json\/wp\/v2\/media?parent=3656"}],"curies":[{"name":"wp","href":"https:\/\/api.w.org\/{rel}","templated":true}]}}