{"id":371,"date":"2012-04-09T18:43:38","date_gmt":"2012-04-09T18:43:38","guid":{"rendered":"http:\/\/www.ifbaiano.edu.br\/unidades\/guanambi\/?page_id=371"},"modified":"2023-09-28T11:48:54","modified_gmt":"2023-09-28T14:48:54","slug":"tecnico-administrativos-2","status":"publish","type":"page","link":"https:\/\/www.ifbaiano.edu.br\/unidades\/guanambi\/tecnico-administrativos-2\/","title":{"rendered":"T\u00e9cnico-Administrativos"},"content":{"rendered":"\n<figure class=\"wp-block-table\"><table><tbody><tr><td>#<\/td><td>Matr\u00edcula<\/td><td>Nome<\/td><td>E-mail para Contato<\/td><td>Cargo<\/td><td>Fun\u00e7\u00f5es<\/td><td>Situa\u00e7\u00e3o<\/td><\/tr><tr><td>1<\/td><td>1887952<\/td><td>Alencastre Honorio Moura<\/td><td>alencastre.moura@ifbaiano.edu.br<\/td><td>ASSISTENTE EM ADMINISTRACAO (PCIFE) &#8211; 701200<\/td><td><br><\/td><td>ATIVO PERMANENTE &#8211; 01<\/td><\/tr><tr><td>2<\/td><td>1106671<\/td><td>Aloisio Jose dos Santos<\/td><td>aloisio.santos@ifbaiano.edu.br<\/td><td>BOMBEIRO HIDRAULICO (PCIFE) &#8211; 701632<\/td><td><br><\/td><td>ATIVO PERMANENTE &#8211; 01<\/td><\/tr><tr><td>3<\/td><td>1893843<\/td><td>Ana Flavia Alves Peixoto<\/td><td>ana.peixoto@ifbaiano.edu.br<\/td><td>TECNICO EM ALIMENTOS E LATICINIOS (PCIFE) &#8211; 701215<\/td><td><br><\/td><td>ATIVO PERMANENTE &#8211; 01<\/td><\/tr><tr><td>4<\/td><td>1912997<\/td><td>Anaide Araujo Ferreira Pires<\/td><td>anaide.ferreira@ifbaiano.edu.br<\/td><td>ASSISTENTE EM ADMINISTRACAO (PCIFE) &#8211; 701200<\/td><td><br><\/td><td>ATIVO PERMANENTE &#8211; 01<\/td><\/tr><tr><td>5<\/td><td>1205659<\/td><td>Ana Marta Prado Barreto<\/td><td>ana.barreto@ifbaiano.edu.br<\/td><td>PEDAGOGO-AREA (PCIFE) &#8211; 701058<\/td><td><br><\/td><td>ATIVO PERMANENTE &#8211; 01<\/td><\/tr><tr><td>6<\/td><td>1797966<\/td><td>Ana Patricia Bezerra dos Santos<\/td><td>patricia.bezerra@ifbaiano.edu.br<\/td><td>TECNICO EM ASSUNTOS EDUCACIONAIS (PCIFE) &#8211; 701079<\/td><td><br><\/td><td>ATIVO PERMANENTE &#8211; 01<\/td><\/tr><tr><td>7<\/td><td>1216288<\/td><td>Ancilon Araujo e Silva Junior<\/td><td>ancilon.silva@ifbaiano.edu.br<\/td><td>TECNICO EM AGROPECUARIA (PCIFE) &#8211; 701214<\/td><td>CD4 &#8211; GBI-CUEC:COORDENADOR(A)&nbsp;<br><\/td><td>ATIVO PERMANENTE &#8211; 01<\/td><\/tr><tr><td>8<\/td><td>1893753<\/td><td>Andre Fernandes Laranjeira<\/td><td>andre.laranjeira@ifbaiano.edu.br<\/td><td>ASSISTENTE EM ADMINISTRACAO (PCIFE) &#8211; 701200<\/td><td><br><\/td><td>ATIVO PERMANENTE &#8211; 01<\/td><\/tr><tr><td>9<\/td><td>1203803<\/td><td>Antonio Carlos Alves<\/td><td>antonio.alves@ifbaiano.edu.br<\/td><td>COZINHEIRO (PCIFE) &#8211; 701422<\/td><td><br><\/td><td>ATIVO PERMANENTE &#8211; 01<\/td><\/tr><tr><td>10<\/td><td>1107814<\/td><td>Benevaldo Pereira Costa<\/td><td>benevaldo.costa@ifbaiano.edu.br<\/td><td>TECNICO EM CONTABILIDADE (PCIFE) &#8211; 701224<\/td><td>SUBSTITUTO &#8211; GBI-CGAF:COORDENADOR(A)&nbsp; FG2 &#8211; GBI-SEOF:CHEFE&nbsp;<br><\/td><td>ATIVO PERMANENTE &#8211; 01<\/td><\/tr><tr><td>11<\/td><td>1106879<\/td><td>Bruno Rodrigues de Oliveira<\/td><td>bruno.oliveira@ifbaiano.edu.br<\/td><td>SERVENTE DE OBRAS (PCIFE) &#8211; 701824<\/td><td><br><\/td><td>ATIVO PERMANENTE &#8211; 01<\/td><\/tr><tr><td>12<\/td><td>1624213<\/td><td>Carlito Jose de Barros Filho<\/td><td>carlito.barros@ifbaiano.edu.br<\/td><td>PEDAGOGO-AREA (PCIFE) &#8211; 701058<\/td><td>CD2 &#8211; GBI-DG:DIRETOR(A) GERAL&nbsp;<br><\/td><td>ATIVO PERMANENTE &#8211; 01<\/td><\/tr><tr><td>13<\/td><td>1203689<\/td><td>Carlos Roberto Alves Batista<\/td><td>carlos.batista@ifbaiano.edu.br<\/td><td>AUXILIAR RURAL (PCIFE) &#8211; 701801<\/td><td><br><\/td><td>ATIVO PERMANENTE &#8211; 01<\/td><\/tr><tr><td>14<\/td><td>1795448<\/td><td>Cassia Lopes Rocha Santana<\/td><td>cassia.rocha@ifbaiano.edu.br<\/td><td>ASSISTENTE EM ADMINISTRACAO (PCIFE) &#8211; 701200<\/td><td><br><\/td><td>ATIVO PERMANENTE &#8211; 01<\/td><\/tr><tr><td>15<\/td><td>1112876<\/td><td>Celia Regina Guimaraes Moura<\/td><td>celia.moura@ifbaiano.edu.br<\/td><td>PSICOLOGO-AREA (PCIFE) &#8211; 701060<\/td><td><br><\/td><td>APOSENTADO &#8211; 02<\/td><\/tr><tr><td>16<\/td><td>2621718<\/td><td>Cleto Mendes do Nascimento Junior<\/td><td>cleto.nascimento@ifbaiano.edu.br<\/td><td>ASSISTENTE EM ADMINISTRACAO (PCIFE) &#8211; 701200<\/td><td>SUBSTITUTO &#8211; GBI-DAP:DIRETOR(A)&nbsp; FG1 &#8211; GBI-SC:CHEFE&nbsp;<br><\/td><td>ATIVO PERMANENTE &#8211; 01<\/td><\/tr><tr><td>17<\/td><td>1888279<\/td><td>Dalcy Alves de Souza<\/td><td>dalcy.souza@ifbaiano.edu.br<\/td><td>TECNICO EM ASSUNTOS EDUCACIONAIS (PCIFE) &#8211; 701079<\/td><td><br><\/td><td>ATIVO PERMANENTE &#8211; 01<\/td><\/tr><tr><td>18<\/td><td>3281375<\/td><td>Daniella Brito de Oliveira Cotrim<\/td><td><br><\/td><td>TRADUTOR INTERPRETE DE LINGUAGEM SINAIS (PCIFE) &#8211; 701266<\/td><td><br><\/td><td>CONTRATO TEMPORARIO &#8211; 12<\/td><\/tr><tr><td>19<\/td><td>1625606<\/td><td>Dreiser Silveira Gomes<\/td><td>dreiser.gomes@ifbaiano.edu.br<\/td><td>CONTADOR (PCIFE) &#8211; 701015<\/td><td>SUBSTITUTO &#8211; GBI-DG:DIRETOR(A)&nbsp; CD3 &#8211; GBI-DAP:DIRETOR(A)&nbsp;<br><\/td><td>ATIVO PERMANENTE &#8211; 01<\/td><\/tr><tr><td>20<\/td><td>1697819<\/td><td>Edilaine Cassia Rodrigues<\/td><td>edilaine.rodrigues@ifbaiano.edu.br<\/td><td>AUXILIAR DE BIBLIOTECA (PCIFE) &#8211; 701409<\/td><td><br><\/td><td>ATIVO PERMANENTE &#8211; 01<\/td><\/tr><tr><td>21<\/td><td>1891361<\/td><td>Edilson Rodrigues Coqueiro<\/td><td>edilson.coqueiro@ifbaiano.edu.br<\/td><td>ASSISTENTE EM ADMINISTRACAO (PCIFE) &#8211; 701200<\/td><td><br><\/td><td>ATIVO PERMANENTE &#8211; 01<\/td><\/tr><tr><td>22<\/td><td>1203694<\/td><td>Edivaldo Nogueira de Carvalho<\/td><td>edivaldo.carvalho@ifbaiano.edu.br<\/td><td>AUXILIAR RURAL (PCIFE) &#8211; 701801<\/td><td><br><\/td><td>ATIVO PERMANENTE &#8211; 01<\/td><\/tr><tr><td>23<\/td><td>1203687<\/td><td>Edna Moncao Araujo<\/td><td>edna.araujo@ifbaiano.edu.br<\/td><td>AUXILIAR DE LIMPEZA (PCIFE) &#8211; 701802<\/td><td>FG1 &#8211; GBI-SSG:COORDENADOR(A)&nbsp;<br><\/td><td>ATIVO PERMANENTE &#8211; 01<\/td><\/tr><tr><td>24<\/td><td>1880586<\/td><td>Eliana Alves Badaro<\/td><td>eliana.badaro@ifbaiano.edu.br<\/td><td>ASSISTENTE EM ADMINISTRACAO (PCIFE) &#8211; 701200<\/td><td>SUBSTITUTO2 &#8211; GBI-CPRE:Sem Atividade&nbsp;<br><\/td><td>ATIVO PERMANENTE &#8211; 01<\/td><\/tr><tr><td>25<\/td><td>1112446<\/td><td>Elias Seles Ferreira<\/td><td>elias.ferreira@ifbaiano.edu.br<\/td><td>MARCENEIRO (PCIFE) &#8211; 701640<\/td><td><br><\/td><td>ATIVO PERMANENTE &#8211; 01<\/td><\/tr><tr><td>26<\/td><td>1890642<\/td><td>Eloidi Santana Rocha<\/td><td>eloidi.santana@ifbaiano.edu.br<\/td><td>TECNICO EM ASSUNTOS EDUCACIONAIS (PCIFE) &#8211; 701079<\/td><td><br><\/td><td>ATIVO PERMANENTE &#8211; 01<\/td><\/tr><tr><td>27<\/td><td>3079286<\/td><td>Erijane da Silva Ferreira<\/td><td>erijane.ferreira@ifbaiano.edu.br<\/td><td>REVISOR DE TEXTOS BRAILLE (PCIFE) &#8211; 701211<\/td><td><br><\/td><td>ATIVO PERMANENTE &#8211; 01<\/td><\/tr><tr><td>28<\/td><td>1107741<\/td><td>Eula Regina Fernandes de Souza<\/td><td>eula.souza@ifbaiano.edu.br<\/td><td>TELEFONISTA (PCIFE) &#8211; 701464<\/td><td><br><\/td><td>ATIVO PERMANENTE &#8211; 01<\/td><\/tr><tr><td>29<\/td><td>1725015<\/td><td>Fabiano Rodrigues de Oliveira<\/td><td>fabiano.oliveira@ifbaiano.edu.br<\/td><td>ASSISTENTE EM ADMINISTRACAO (PCIFE) &#8211; 701200<\/td><td>SUBSTITUTO &#8211; GBI-SA:CHEFE&nbsp;<br><\/td><td>ATIVO PERMANENTE &#8211; 01<\/td><\/tr><tr><td>30<\/td><td>1755977<\/td><td>Fabricio Ramos Neves<\/td><td>fabricio.neves@ifbaiano.edu.br<\/td><td>CONTADOR (PCIFE) &#8211; 701015<\/td><td><br><\/td><td>ATIVO PERMANENTE &#8211; 01<\/td><\/tr><tr><td>31<\/td><td>2386910<\/td><td>Flavia Fernandez Kruschewsky<\/td><td>flavia.kruschewsky@ifbaiano.edu.br<\/td><td>ASSISTENTE DE LABORATORIO (PCIFE) &#8211; 701437<\/td><td><br><\/td><td>ATIVO PERMANENTE &#8211; 01<\/td><\/tr><tr><td>32<\/td><td>1273010<\/td><td>Gabryella Castro Guimaraes<\/td><td>gabryella.guimaraes@ifbaiano.edu.br<\/td><td>ENFERMEIRO-AREA (PCIFE) &#8211; 701029<\/td><td><br><\/td><td>ATIVO PERMANENTE &#8211; 01<\/td><\/tr><tr><td>33<\/td><td>2246684<\/td><td>Georgia Maria Dantas Batista<\/td><td>georgia.batista@ifbaiano.edu.br<\/td><td>ASSISTENTE DE ALUNO (PCIFE) &#8211; 701403<\/td><td><br><\/td><td>ATIVO PERMANENTE &#8211; 01<\/td><\/tr><tr><td>34<\/td><td>1106921<\/td><td>Gerfson Silva Rocha<\/td><td>gerfson.rocha@ifbaiano.edu.br<\/td><td>ASSISTENTE EM ADMINISTRACAO (PCIFE) &#8211; 701200<\/td><td><br><\/td><td>ATIVO PERMANENTE &#8211; 01<\/td><\/tr><tr><td>35<\/td><td>1203697<\/td><td>Gildasio Onofre Alves<\/td><td>gildazio.alves@ifbaiano.edu.br<\/td><td>OPERADOR DE MAQ AGRICOLAS (PCIFE) &#8211; 701452<\/td><td><br><\/td><td>APOSENTADO &#8211; 02<\/td><\/tr><tr><td>36<\/td><td>2891268<\/td><td>Gilsandra de Souza Carvalho<\/td><td>gilsandra.carvalho@ifbaiano.edu.br<\/td><td>AUXILIAR DE BIBLIOTECA (PCIFE) &#8211; 701409<\/td><td><br><\/td><td>ATIVO PERMANENTE &#8211; 01<\/td><\/tr><tr><td>37<\/td><td>1203795<\/td><td>Gloria das Dores Leal da Silva<\/td><td>gloria.silva@ifbaiano.edu.br<\/td><td>AUXILIAR DE LIMPEZA (PCIFE) &#8211; 701802<\/td><td><br><\/td><td>ATIVO PERMANENTE &#8211; 01<\/td><\/tr><tr><td>38<\/td><td>1630712<\/td><td>Guilherme Neves Oliveira<\/td><td>guilherme.neves@ifbaiano.edu.br<\/td><td>ODONTOLOGO &#8211; 40 HORAS (PCIFE) &#8211; 701064<\/td><td><br><\/td><td>ATIVO PERMANENTE &#8211; 01<\/td><\/tr><tr><td>39<\/td><td>1891564<\/td><td>Igor Caio Vieira Malheiro<\/td><td>igor.malheiro@ifbaiano.edu.br<\/td><td>PSICOLOGO-AREA (PCIFE) &#8211; 701060<\/td><td><br><\/td><td>ATIVO PERMANENTE &#8211; 01<\/td><\/tr><tr><td>40<\/td><td>1796733<\/td><td>Isabel Regina de Souza Carneiro<\/td><td>isabel.carneiro@ifbaiano.edu.br<\/td><td>ASSISTENTE EM ADMINISTRACAO (PCIFE) &#8211; 701200<\/td><td><br><\/td><td>ATIVO PERMANENTE &#8211; 01<\/td><\/tr><tr><td>41<\/td><td>1891337<\/td><td>Isac Soares Pereira<\/td><td>isac.pereira@ifbaiano.edu.br<\/td><td>TECNICO EM AGROPECUARIA (PCIFE) &#8211; 701214<\/td><td><br><\/td><td>ATIVO PERMANENTE &#8211; 01<\/td><\/tr><tr><td>42<\/td><td>1756967<\/td><td>Ivonete Nascimento Castro<\/td><td>ivonete.castro@ifbaiano.edu.br<\/td><td>TECNICO EM ASSUNTOS EDUCACIONAIS (PCIFE) &#8211; 701079<\/td><td><br><\/td><td>ATIVO PERMANENTE &#8211; 01<\/td><\/tr><tr><td>43<\/td><td>1893669<\/td><td>Jadson Costa Silva<\/td><td>jadson.silva@ifbaiano.edu.br<\/td><td>ASSISTENTE EM ADMINISTRACAO (PCIFE) &#8211; 701200<\/td><td><br><\/td><td>ATIVO PERMANENTE &#8211; 01<\/td><\/tr><tr><td>44<\/td><td>2331299<\/td><td>Jaiara Farias Miranda de Araujo<\/td><td>jaiara.miranda@ifbaiano.edu.br<\/td><td>TRADUTOR INTERPRETE DE LINGUAGEM SINAIS (PCIFE) &#8211; 701266<\/td><td>SUBSTITUTO1 &#8211; GBI-NAPNE:COORDENADOR(A)&nbsp;<br><\/td><td>ATIVO PERMANENTE &#8211; 01<\/td><\/tr><tr><td>45<\/td><td>268698<\/td><td>Joao Carlos Magalhaes Pinto<\/td><td>joao.magalhaes@ifbaiano.edu.br<\/td><td>ASSISTENTE EM ADMINISTRACAO (PCIFE) &#8211; 701200<\/td><td><br><\/td><td>ATIVO PERMANENTE &#8211; 01<\/td><\/tr><tr><td>46<\/td><td>2194889<\/td><td>Joao Paulo Souza dos Santos<\/td><td>joao.souza@ifbaiano.edu.br<\/td><td>TECNICO EM AGROPECUARIA (PCIFE) &#8211; 701214<\/td><td>FAG &#8211; GBI-SCDP:CHEFE&nbsp; SUBSTITUTO1 &#8211; GBI-GAB:CHEFE DE GABINETE&nbsp;<br><\/td><td>ATIVO PERMANENTE &#8211; 01<\/td><\/tr><tr><td>47<\/td><td>47157<\/td><td>Joaquim Filho Moreira de Castro<\/td><td>joaquim.castro@ifbaiano.edu.br<\/td><td>ASSISTENTE EM ADMINISTRACAO (PCIFE) &#8211; 701200<\/td><td>FG2 &#8211; GBI-CIEC:CHEFE&nbsp;<br><\/td><td>ATIVO PERMANENTE &#8211; 01<\/td><\/tr><tr><td>48<\/td><td>2621719<\/td><td>Joilma Pereira dos Santos<\/td><td>joilma.santos@ifbaiano.edu.br<\/td><td>TECNICO EM ASSUNTOS EDUCACIONAIS (PCIFE) &#8211; 701079<\/td><td>FG2 &#8211; GBI-CE:COORDENADOR(A)&nbsp;<br><\/td><td>ATIVO PERMANENTE &#8211; 01<\/td><\/tr><tr><td>49<\/td><td>1047143<\/td><td>Joilson Amorim Moreira<\/td><td>joilson.moreira@ifbaiano.edu.br<\/td><td>TEC DE TECNOLOGIA DA INFORMACAO (PCIFE) &#8211; 701226<\/td><td>SUBSTITUTOFG02 &#8211; GBI-UPD:COORDENADOR(A)&nbsp;<br><\/td><td>ATIVO PERMANENTE &#8211; 01<\/td><\/tr><tr><td>50<\/td><td>48030<\/td><td>Jose Domingos Filho<\/td><td>jose.domingos@ifbaiano.edu.br<\/td><td>TECNICO EM AGROPECUARIA (PCIFE) &#8211; 701214<\/td><td><br><\/td><td>ATIVO PERMANENTE &#8211; 01<\/td><\/tr><tr><td>51<\/td><td>1112887<\/td><td>Jose Eudson de Matos Farias<\/td><td>eudson.farias@ifbaiano.edu.br<\/td><td>ASSISTENTE EM ADMINISTRACAO (PCIFE) &#8211; 701200<\/td><td>SUBSTITUTO &#8211; GBI-NAGP:CHEFE&nbsp; SUBSTITUTO &#8211; GBI-NAGP:CHEFE DE NUCLEO&nbsp;<br><\/td><td>ATIVO PERMANENTE &#8211; 01<\/td><\/tr><tr><td>52<\/td><td>1106721<\/td><td>Jose Germano de Souza Silva<\/td><td>jose.germano@ifbaiano.edu.br<\/td><td>PADEIRO (PCIFE) &#8211; 701648<\/td><td><br><\/td><td>ATIVO PERMANENTE &#8211; 01<\/td><\/tr><tr><td>53<\/td><td>1537002<\/td><td>Jose Maria Nascimento Pereira<\/td><td>jose.maria@ifbaiano.edu.br<\/td><td>MOTORISTA (PCIFE) &#8211; 701445<\/td><td><br><\/td><td>ATIVO PERMANENTE &#8211; 01<\/td><\/tr><tr><td>54<\/td><td>1107159<\/td><td>Josenaide Barros Carvalho<\/td><td>josenaide.carvalho@ifbaiano.edu.br<\/td><td>AUXILIAR DE BIBLIOTECA (PCIFE) &#8211; 701409<\/td><td><br><\/td><td>ATIVO PERMANENTE &#8211; 01<\/td><\/tr><tr><td>55<\/td><td>1975826<\/td><td>Joyce Guimaraes de Cassia Alves<\/td><td>joyce.alves@ifbaiano.edu.br<\/td><td>NUTRICIONISTA-HABILITACAO (PCIFE) &#8211; 701055<\/td><td><br><\/td><td>ATIVO PERMANENTE &#8211; 01<\/td><\/tr><tr><td>56<\/td><td>1792237<\/td><td>Judacia da Silva Pimentel Carvalho<\/td><td>judacia.carvalho@ifbaiano.edu.br<\/td><td>TECNICO EM ASSUNTOS EDUCACIONAIS (PCIFE) &#8211; 701079<\/td><td><br><\/td><td>ATIVO PERMANENTE &#8211; 01<\/td><\/tr><tr><td>57<\/td><td>1851817<\/td><td>Karina da Silva Primo<\/td><td>karina.primo@ifbaiano.edu.br<\/td><td>ASSISTENTE EM ADMINISTRACAO (PCIFE) &#8211; 701200<\/td><td><br><\/td><td>ATIVO PERMANENTE &#8211; 01<\/td><\/tr><tr><td>58<\/td><td>1697690<\/td><td>Larissa Karla Gomes Lima Guimaraes<\/td><td>larissa.lima@ifbaiano.edu.br<\/td><td>ASSISTENTE DE ALUNO (PCIFE) &#8211; 701403<\/td><td><br><\/td><td>ATIVO PERMANENTE &#8211; 01<\/td><\/tr><tr><td>59<\/td><td>3162052<\/td><td>Leandro Matos da Silva<\/td><td>leandro.silva@ifbaiano.edu.br<\/td><td>TEC DE TECNOLOGIA DA INFORMACAO (PCIFE) &#8211; 701226<\/td><td>FG2 &#8211; GBI-UPD:COORDENADOR(A)&nbsp;<br><\/td><td>ATIVO PERMANENTE &#8211; 01<\/td><\/tr><tr><td>60<\/td><td>3319004<\/td><td>Leidiane Santos dos Reis<\/td><td>leidiane.reis@ifbaiano.edu.br<\/td><td>BIBLIOTECARIO-DOCUMENTALISTA (PCIFE) &#8211; 701010<\/td><td><br><\/td><td>ATIVO PERMANENTE &#8211; 01<\/td><\/tr><tr><td>61<\/td><td>1883429<\/td><td>Leila Miranda Pereira<\/td><td>leila.miranda@ifbaiano.edu.br<\/td><td>TECNICO EM ASSUNTOS EDUCACIONAIS (PCIFE) &#8211; 701079<\/td><td><br><\/td><td>ATIVO PERMANENTE &#8211; 01<\/td><\/tr><tr><td>62<\/td><td>2327567<\/td><td>Leonardo Vagner Alves<\/td><td>leonardo.alves@ifbaiano.edu.br<\/td><td>ENFERMEIRO-AREA (PCIFE) &#8211; 701029<\/td><td><br><\/td><td>ATIVO PERMANENTE &#8211; 01<\/td><\/tr><tr><td>63<\/td><td>1888366<\/td><td>Lindomar Santana Aranha Pereira<\/td><td>linda.santana@ifbaiano.edu.br<\/td><td>TECNICO EM ASSUNTOS EDUCACIONAIS (PCIFE) &#8211; 701079<\/td><td>SUBSTITUTO3 &#8211; GBI-DDE:DIRETOR(A)&nbsp;<br><\/td><td>ATIVO PERMANENTE &#8211; 01<\/td><\/tr><tr><td>64<\/td><td>1890531<\/td><td>Liscilea Abreu de Souza<\/td><td>liscilea.abreu@ifbaiano.edu.br<\/td><td>ASSISTENTE EM ADMINISTRACAO (PCIFE) &#8211; 701200<\/td><td>FG1 &#8211; GBI-GAB:CHEFE&nbsp;<br><\/td><td>ATIVO PERMANENTE &#8211; 01<\/td><\/tr><tr><td>65<\/td><td>2392586<\/td><td>Lucas Reis Trindade Nascimento<\/td><td>lucas.nascimento@ifbaiano.edu.br<\/td><td>ASSISTENTE SOCIAL (PCIFE) &#8211; 701006<\/td><td><br><\/td><td>ATIVO PERMANENTE &#8211; 01<\/td><\/tr><tr><td>66<\/td><td>1792715<\/td><td>Luciano Farias Cardoso<\/td><td>luciano.farias@ifbaiano.edu.br<\/td><td>ASSISTENTE EM ADMINISTRACAO (PCIFE) &#8211; 701200<\/td><td><br><\/td><td>ATIVO PERMANENTE &#8211; 01<\/td><\/tr><tr><td>67<\/td><td>1793344<\/td><td>Luciene Aguiar Oliveira<\/td><td>luciene.aguiar@ifbaiano.edu.br<\/td><td>ASSISTENTE EM ADMINISTRACAO (PCIFE) &#8211; 701200<\/td><td><br><\/td><td>ATIVO PERMANENTE &#8211; 01<\/td><\/tr><tr><td>68<\/td><td>1800819<\/td><td>Luis Augusto Teixeira Laranjeira<\/td><td>luis.laranjeira@ifbaiano.edu.br<\/td><td>MEDICO-AREA (PCIFE) &#8211; 701047<\/td><td><br><\/td><td>ATIVO PERMANENTE &#8211; 01<\/td><\/tr><tr><td>69<\/td><td>1475022<\/td><td>Luis Edgar de Barros Santana<\/td><td>luis.santana@ifbaiano.edu.br<\/td><td>TECNICO EM ALIMENTOS E LATICINIOS (PCIFE) &#8211; 701215<\/td><td><br><\/td><td>ATIVO PERMANENTE &#8211; 01<\/td><\/tr><tr><td>70<\/td><td>1203691<\/td><td>Luis Rogerio da Silva<\/td><td>luiz.silva@ifbaiano.edu.br<\/td><td>AUXILIAR RURAL (PCIFE) &#8211; 701801<\/td><td><br><\/td><td>ATIVO PERMANENTE &#8211; 01<\/td><\/tr><tr><td>71<\/td><td>1891386<\/td><td>Luis Rogerio Fonseca Fernandes<\/td><td>luis.fernandes@ifbaiano.edu.br<\/td><td>ASSISTENTE EM ADMINISTRACAO (PCIFE) &#8211; 701200<\/td><td><br><\/td><td>ATIVO PERMANENTE &#8211; 01<\/td><\/tr><tr><td>72<\/td><td>1795343<\/td><td>Marcelo Gomes<\/td><td>marcelo.gomes@ifbaiano.edu.br<\/td><td>ASSISTENTE EM ADMINISTRACAO (PCIFE) &#8211; 701200<\/td><td>CD4 &#8211; GBI-CGAF:COORDENADOR(A)&nbsp;<br><\/td><td>ATIVO PERMANENTE &#8211; 01<\/td><\/tr><tr><td>73<\/td><td>1851657<\/td><td>Marcel Renan Mendes de Carvalho<\/td><td>marcel.carvalho@ifbaiano.edu.br<\/td><td>ASSISTENTE EM ADMINISTRACAO (PCIFE) &#8211; 701200<\/td><td><br><\/td><td>ATIVO PERMANENTE &#8211; 01<\/td><\/tr><tr><td>74<\/td><td>1049105<\/td><td>Marcio Luis Bastos da Silva<\/td><td>marcio.silva@ifbaiano.edu.br<\/td><td>ASSISTENTE EM ADMINISTRACAO (PCIFE) &#8211; 701200<\/td><td>SUBSTITUTO2 &#8211; GBI-CIEC:CHEFE DE NUCLEO&nbsp;<br><\/td><td>ATIVO PERMANENTE &#8211; 01<\/td><\/tr><tr><td>75<\/td><td>1214226<\/td><td>Marco Tulio Fraga da Silva<\/td><td>marco.silva@ifbaiano.edu.br<\/td><td>AUXILIAR RURAL (PCIFE) &#8211; 701801<\/td><td>FG2 &#8211; GBI-SA:CHEFE&nbsp;<br><\/td><td>ATIVO PERMANENTE &#8211; 01<\/td><\/tr><tr><td>76<\/td><td>1850047<\/td><td>Maria do Carmo Neves Cardoso<\/td><td>maria.cardoso@ifbaiano.edu.br<\/td><td>TECNICO EM ASSUNTOS EDUCACIONAIS (PCIFE) &#8211; 701079<\/td><td><br><\/td><td>ATIVO PERMANENTE &#8211; 01<\/td><\/tr><tr><td>77<\/td><td>1107767<\/td><td>Maria Salza Araujo Silva Batista<\/td><td>salza.batista@ifbaiano.edu.br<\/td><td>AUXILIAR DE ENFERMAGEM (PCIFE) &#8211; 701411<\/td><td><br><\/td><td>ATIVO PERMANENTE &#8211; 01<\/td><\/tr><tr><td>78<\/td><td>1203698<\/td><td>Marinalva da Solidade de Oliveira<\/td><td>marinalva.alves@ifbaiano.edu.br<\/td><td>AUXILIAR DE COZINHA (PCIFE) &#8211; 701614<\/td><td>SUBSTITUTO &#8211; GBI-CE:COORDENADOR(A) DE EXTENSAO&nbsp; FG3 &#8211; :COORDENADOR(A)&nbsp;<br><\/td><td>ATIVO PERMANENTE &#8211; 01<\/td><\/tr><tr><td>79<\/td><td>1215848<\/td><td>Marlucia Lima Laranjeira<\/td><td>marlucia.laranjeira@ifbaiano.edu.br<\/td><td>CONTADOR (PCIFE) &#8211; 701015<\/td><td><br><\/td><td>APOSENTADO &#8211; 02<\/td><\/tr><tr><td>80<\/td><td>1855401<\/td><td>Mayana Abreu Pereira<\/td><td>mayana.pereira@ifbaiano.edu.br<\/td><td>TECNICO EM ASSUNTOS EDUCACIONAIS (PCIFE) &#8211; 701079<\/td><td><br><\/td><td>ATIVO PERMANENTE &#8211; 01<\/td><\/tr><tr><td>81<\/td><td>1893794<\/td><td>Mayron Charles Pinto Evangelista<\/td><td>charles.pinto@ifbaiano.edu.br<\/td><td>TECNICO EM ASSUNTOS EDUCACIONAIS (PCIFE) &#8211; 701079<\/td><td>SUBSTITUTO &#8211; GBI-CGAE:COORDENADOR(A)&nbsp;<br><\/td><td>ATIVO PERMANENTE &#8211; 01<\/td><\/tr><tr><td>82<\/td><td>1979450<\/td><td>Milton Ricardo Silveira Brandao<\/td><td>ricardo.brandao@ifbaiano.edu.br<\/td><td>TECNICO DE LABORATORIO AREA (PCIFE) &#8211; 701244<\/td><td><br><\/td><td>ATIVO PERMANENTE &#8211; 01<\/td><\/tr><tr><td>83<\/td><td>1975812<\/td><td>Mirian Alves Pereira<\/td><td>mirian.pereira@ifbaiano.edu.br<\/td><td>ASSISTENTE DE ALUNO (PCIFE) &#8211; 701403<\/td><td><br><\/td><td>ATIVO PERMANENTE &#8211; 01<\/td><\/tr><tr><td>84<\/td><td>1106995<\/td><td>Natanael Mendes Melo<\/td><td>natanael.melo@ifbaiano.edu.br<\/td><td>ALMOXARIFE (PCIFE) &#8211; 701407<\/td><td>FG1 &#8211; GBI-NAGP:CHEFE DE NUCLEO&nbsp;<br><\/td><td>ATIVO PERMANENTE &#8211; 01<\/td><\/tr><tr><td>85<\/td><td>1888204<\/td><td>Neurisangela Mauricio dos Santos Miranda<\/td><td>neurisangela.miranda@ifbaiano.edu.br<\/td><td>TECNICO EM ASSUNTOS EDUCACIONAIS (PCIFE) &#8211; 701079<\/td><td><br><\/td><td>ATIVO PERMANENTE &#8211; 01<\/td><\/tr><tr><td>86<\/td><td>1203805<\/td><td>Nora Ney de Jesus Souza<\/td><td>noraney.jesus@ifbaiano.edu.br<\/td><td>AUXILIAR DE LIMPEZA (PCIFE) &#8211; 701802<\/td><td><br><\/td><td>ATIVO PERMANENTE &#8211; 01<\/td><\/tr><tr><td>87<\/td><td>1106696<\/td><td>Norma Lucia Soares Pereira Teixeira<\/td><td>norma.pereira@ifbaiano.edu.br<\/td><td>TELEFONISTA (PCIFE) &#8211; 701464<\/td><td><br><\/td><td>ATIVO PERMANENTE &#8211; 01<\/td><\/tr><tr><td>88<\/td><td>1460113<\/td><td>Normelia Chaves da Silva Merces<\/td><td>normelia.chaves@ifbaiano.edu.br<\/td><td>ASSISTENTE EM ADMINISTRACAO (PCIFE) &#8211; 701200<\/td><td><br><\/td><td>ATIVO PERMANENTE &#8211; 01<\/td><\/tr><tr><td>89<\/td><td>1795795<\/td><td>Patricia Pereira de Oliveira<\/td><td>patricia.pereira@ifbaiano.edu.br<\/td><td>ASSISTENTE EM ADMINISTRACAO (PCIFE) &#8211; 701200<\/td><td><br><\/td><td>ATIVO PERMANENTE &#8211; 01<\/td><\/tr><tr><td>90<\/td><td>1340320<\/td><td>Rafael Antonio Viana da Fonseca<\/td><td>rafael.fonseca@ifbaiano.edu.br<\/td><td>NUTRICIONISTA-HABILITACAO (PCIFE) &#8211; 701055<\/td><td><br><\/td><td>ATIVO PERMANENTE &#8211; 01<\/td><\/tr><tr><td>91<\/td><td>1107774<\/td><td>Renerio Fernandes Lopes<\/td><td>renerio.lopes@ifbaiano.edu.br<\/td><td>SERVENTE DE OBRAS (PCIFE) &#8211; 701824<\/td><td><br><\/td><td>ATIVO PERMANENTE &#8211; 01<\/td><\/tr><tr><td>92<\/td><td>3278956<\/td><td>Rizia Thienne Fernandes Oliveira Silveira Soares<\/td><td><br><\/td><td>TRADUTOR INTERPRETE DE LINGUAGEM SINAIS (PCIFE) &#8211; 701266<\/td><td><br><\/td><td>CONTRATO TEMPORARIO &#8211; 12<\/td><\/tr><tr><td>93<\/td><td>2264001<\/td><td>Roberta Pinheiro Ferraz<\/td><td>roberta.ferraz@ifbaiano.edu.br<\/td><td>BIBLIOTECARIO-DOCUMENTALISTA (PCIFE) &#8211; 701010<\/td><td><br><\/td><td>ATIVO PERMANENTE &#8211; 01<\/td><\/tr><tr><td>94<\/td><td>1213721<\/td><td>Roberto Carlos Carvalho de Souza<\/td><td>roberto.carlos@ifbaiano.edu.br<\/td><td>MECANICO (PCIFE) &#8211; 701441<\/td><td>SUBSTITUTO1 &#8211; GBI-SSG:COORDENADOR(A)&nbsp;<br><\/td><td>ATIVO PERMANENTE &#8211; 01<\/td><\/tr><tr><td>95<\/td><td>1112449<\/td><td>Roberto Rodrigues da Silva<\/td><td>roberto.silva@ifbaiano.edu.br<\/td><td>OPERADOR DE MAQ DE LAVANDERIA (PCIFE) &#8211; 701828<\/td><td><br><\/td><td>ATIVO PERMANENTE &#8211; 01<\/td><\/tr><tr><td>96<\/td><td>1792950<\/td><td>Rogerio Brito Santana Pires<\/td><td>rogerio.brito@ifbaiano.edu.br<\/td><td>ASSISTENTE EM ADMINISTRACAO (PCIFE) &#8211; 701200<\/td><td>FG2 &#8211; GBI-SP:CHEFE&nbsp;<br><\/td><td>ATIVO PERMANENTE &#8211; 01<\/td><\/tr><tr><td>97<\/td><td>1106653<\/td><td>Ronaldo dos Santos<\/td><td>ronaldo.santos@ifbaiano.edu.br<\/td><td>OPERADOR DE MAQUINA COPIADORA (PCIFE) &#8211; 701454<\/td><td><br><\/td><td>ATIVO PERMANENTE &#8211; 01<\/td><\/tr><tr><td>98<\/td><td>1107189<\/td><td>Sandra Mara de Castro Silva<\/td><td>sandra.silva@ifbaiano.edu.br<\/td><td>OPERADOR DE MAQ DE LAVANDERIA (PCIFE) &#8211; 701828<\/td><td><br><\/td><td>ATIVO PERMANENTE &#8211; 01<\/td><\/tr><tr><td>99<\/td><td>1203804<\/td><td>Severina Soares Pozzi<\/td><td>severina.pozzi@ifbaiano.edu.br<\/td><td>COZINHEIRO (PCIFE) &#8211; 701422<\/td><td><br><\/td><td>ATIVO PERMANENTE &#8211; 01<\/td><\/tr><tr><td>100<\/td><td>1654318<\/td><td>Silvana Vanessa Martins da Silva Bonfim<\/td><td>silvana.bonfim@ifbaiano.edu.br<\/td><td>ASSISTENTE DE ALUNO (PCIFE) &#8211; 701403<\/td><td>CD4 &#8211; GBI-CGAE:COORDENADOR(A)&nbsp;<br><\/td><td>ATIVO PERMANENTE &#8211; 01<\/td><\/tr><tr><td>101<\/td><td>1107171<\/td><td>Simiao Pires Lima<\/td><td>simiao.lima@ifbaiano.edu.br<\/td><td>TECNICO EM AGROPECUARIA (PCIFE) &#8211; 701214<\/td><td><br><\/td><td>ATIVO PERMANENTE &#8211; 01<\/td><\/tr><tr><td>102<\/td><td>1817162<\/td><td>Sirlei Neves Sobrinho<\/td><td>sirlei.sobrinho@ifbaiano.edu.br<\/td><td>TEC EM SEGURANCA DO TRABALHO (PCIFE) &#8211; 701262<\/td><td><br><\/td><td>ATIVO PERMANENTE &#8211; 01<\/td><\/tr><tr><td>103<\/td><td>2378589<\/td><td>Symone Costa de Castro<\/td><td>symone.castro@ifbaiano.edu.br<\/td><td>ASSISTENTE DE LABORATORIO (PCIFE) &#8211; 701437<\/td><td><br><\/td><td>ATIVO PERMANENTE &#8211; 01<\/td><\/tr><tr><td>104<\/td><td>1769068<\/td><td>Thiago Soares Fernandes<\/td><td>thiago.soares@ifbaiano.edu.br<\/td><td>ANALISTA DE TEC DA INFORMACAO (PCIFE) &#8211; 701062<\/td><td><br><\/td><td>ATIVO PERMANENTE &#8211; 01<\/td><\/tr><tr><td>105<\/td><td>1673674<\/td><td>Tiago Marques Viana<\/td><td>tiago.viana@ifbaiano.edu.br<\/td><td>TECNICO EM ALIMENTOS E LATICINIOS (PCIFE) &#8211; 701215<\/td><td>FG &#8211; GBI-NUCS:CHEFE DE NUCLEO&nbsp;<br><\/td><td>ATIVO PERMANENTE &#8211; 01<\/td><\/tr><tr><td>106<\/td><td>2997606<\/td><td>Valdenice Pereira Nascimento Silva<\/td><td>valdenice.silva@ifbaiano.edu.br<\/td><td>TRADUTOR INTERPRETE DE LINGUAGEM SINAIS (PCIFE) &#8211; 701266<\/td><td><br><\/td><td>CONTRATO TEMPORARIO &#8211; 12<\/td><\/tr><tr><td>107<\/td><td>1277895<\/td><td>Vivianne Cambui Figueiredo Rocha<\/td><td><br><\/td><td>TECNICO DE LABORATORIO AREA (PCIFE) &#8211; 701244<\/td><td><br><\/td><td>ATIVO PERMANENTE &#8211; 01<\/td><\/tr><tr><td>108<\/td><td>1106518<\/td><td>Waldemar Ladeia Silveira<\/td><td>waldemar.silveira@ifbaiano.edu.br<\/td><td>MOTORISTA (PCIFE) &#8211; 701445<\/td><td><br><\/td><td>APOSENTADO &#8211; 02<\/td><\/tr><tr><td>109<\/td><td>1873022<\/td><td>Yslai Silva Peixouto<\/td><td>yslai.peixouto@ifbaiano.edu.br<\/td><td>TECNICO DE LABORATORIO AREA (PCIFE) &#8211; 701244<\/td><td><br><\/td><td>ATIVO PERMANENTE &#8211; 01<\/td><\/tr><\/tbody><\/table><\/figure>\n","protected":false},"excerpt":{"rendered":"<p># Matr\u00edcula Nome E-mail para Contato Cargo Fun\u00e7\u00f5es Situa\u00e7\u00e3o 1 1887952 Alencastre Honorio Moura alencastre.moura@ifbaiano.edu.br ASSISTENTE EM ADMINISTRACAO (PCIFE) &#8211; 701200 ATIVO PERMANENTE &#8211; 01 2 1106671 Aloisio Jose dos Santos aloisio.santos@ifbaiano.edu.br BOMBEIRO HIDRAULICO (PCIFE) &#8211; 701632 ATIVO PERMANENTE &#8211; 01 3 1893843 Ana Flavia Alves Peixoto ana.peixoto@ifbaiano.edu.br TECNICO EM ALIMENTOS E LATICINIOS (PCIFE) &#8211; [&hellip;]<\/p>\n","protected":false},"author":14,"featured_media":0,"parent":0,"menu_order":0,"comment_status":"open","ping_status":"open","template":"","meta":[],"_links":{"self":[{"href":"https:\/\/www.ifbaiano.edu.br\/unidades\/guanambi\/wp-json\/wp\/v2\/pages\/371"}],"collection":[{"href":"https:\/\/www.ifbaiano.edu.br\/unidades\/guanambi\/wp-json\/wp\/v2\/pages"}],"about":[{"href":"https:\/\/www.ifbaiano.edu.br\/unidades\/guanambi\/wp-json\/wp\/v2\/types\/page"}],"author":[{"embeddable":true,"href":"https:\/\/www.ifbaiano.edu.br\/unidades\/guanambi\/wp-json\/wp\/v2\/users\/14"}],"replies":[{"embeddable":true,"href":"https:\/\/www.ifbaiano.edu.br\/unidades\/guanambi\/wp-json\/wp\/v2\/comments?post=371"}],"version-history":[{"count":81,"href":"https:\/\/www.ifbaiano.edu.br\/unidades\/guanambi\/wp-json\/wp\/v2\/pages\/371\/revisions"}],"predecessor-version":[{"id":11500,"href":"https:\/\/www.ifbaiano.edu.br\/unidades\/guanambi\/wp-json\/wp\/v2\/pages\/371\/revisions\/11500"}],"wp:attachment":[{"href":"https:\/\/www.ifbaiano.edu.br\/unidades\/guanambi\/wp-json\/wp\/v2\/media?parent=371"}],"curies":[{"name":"wp","href":"https:\/\/api.w.org\/{rel}","templated":true}]}}