{"id":3755,"date":"2015-03-19T11:40:21","date_gmt":"2015-03-19T11:40:21","guid":{"rendered":"http:\/\/www.ifbaiano.edu.br\/unidades\/guanambi\/?page_id=3755"},"modified":"2016-04-25T09:53:15","modified_gmt":"2016-04-25T09:53:15","slug":"paise-2015","status":"publish","type":"page","link":"https:\/\/www.ifbaiano.edu.br\/unidades\/guanambi\/alunos-assistencia-estudantil\/paise-2015\/","title":{"rendered":"Paise 2015"},"content":{"rendered":"<p><strong>Ap\u00f3s atendimento das recomenda\u00e7\u00f5es do parecer jur\u00eddico da Procuradoria Federal N\u00ba. 202 de 18\/05\/2015 e as devidas sinaliza\u00e7\u00f5es da Diretoria de Assuntos Estudantis, publicamos Edital N\u00ba. 08\/2015 de 29 de maio de 2015.<\/strong><\/p>\n<p><strong>\u00a0\u00a0\u00a0O prazo para pedido de impugna\u00e7\u00e3o e esclarecimentos deste Edital \u00e9 at\u00e9 primeiro de junho de 2015, pessoalmente na CAE do Campus ou atrav\u00e9s do e-mail:\u00a0assistenciaestudantil@guanambi.ifbaiano.edu.br.<\/strong><\/p>\n<p><a href=\"http:\/\/www.ifbaiano.edu.br\/unidades\/guanambi\/files\/2015\/03\/Edital-Local-do-PAISE-2015.1-Edital-n.-08-2015-de-29.05.20151.pdf\">Edital Local do PAISE 2015.1<\/a><br \/>\n<a href=\"http:\/\/www.ifbaiano.edu.br\/unidades\/guanambi\/files\/2015\/12\/Retificacao-N-01-do-Edital-082015-de-29052015.pdf\">Retifica\u00e7\u00e3o Edital PAISE 2015.1<\/a>\u00a0<strong>(novo)<\/strong><br \/>\n<a href=\"http:\/\/www.ifbaiano.edu.br\/unidades\/guanambi\/files\/2015\/12\/Novo-cronograma-do-PAISE-2015.1.pdf\"><strong><\/strong>Novo cronograma PAISE 2015.1<\/a>\u00a0<strong>(novo)<\/strong><\/p>\n<p><a href=\"http:\/\/www.ifbaiano.edu.br\/unidades\/guanambi\/files\/2015\/06\/Questionario_Socioeconomico_2015_1_Edital_N_08_2015.pdf\">Question\u00e1rio S\u00f3cioecon\u00f4mico 2015.1<\/a><br \/>\n<a href=\"http:\/\/www.ifbaiano.edu.br\/unidades\/guanambi\/files\/2015\/06\/Requerimento_de_inscricao_PAISE_2015.1_Campus_Guanambi_Edital_N_08_2015.pdf\"> Requerimento de inscri\u00e7\u00e3o PAISE 2015.1<\/a><br \/>\n<a href=\"http:\/\/www.ifbaiano.edu.br\/unidades\/guanambi\/files\/2015\/06\/Lista_de_documentos_do_PAISE_2015_1.pdf\"> Lista de documentos do PAISE 2015.1<\/a><br \/>\n<a href=\"http:\/\/www.ifbaiano.edu.br\/unidades\/guanambi\/files\/2015\/06\/Declaracao_de_desemprego_Modelo.pdf\"> Declara\u00e7\u00e3o de desemprego<\/a><br \/>\n<a href=\"http:\/\/www.ifbaiano.edu.br\/unidades\/guanambi\/files\/2015\/06\/Declaracao_de_Renda_de_Autonomo_Modelo.pdf\"> Declara\u00e7\u00e3o de Renda de Aut\u00f4nomo<\/a><\/p>\n<p><a href=\"http:\/\/www.ifbaiano.edu.br\/unidades\/guanambi\/files\/2015\/03\/cartaz-PAISE-20151.pdf\"><img decoding=\"async\" loading=\"lazy\" class=\"aligncenter size-thumbnail wp-image-4008\" src=\"http:\/\/www.ifbaiano.edu.br\/unidades\/guanambi\/files\/2015\/03\/cartaz-PAISE-20151.pdf\" alt=\"\" width=\"150\" height=\"150\" \/><\/a><\/p>\n<p>A Comiss\u00e3o Local de Assist\u00eancia Estudantil informa que o Edital Geral do PAISE j\u00e1 foi publicado com as regras e lista de documentos para participar da Sele\u00e7\u00e3o para os Aux\u00edlios Financeiros e assim que o ano letivo de 2015 iniciar, o qual est\u00e1 previsto para primeiro de junho de 2015, o Edital Local com o n\u00famero de vagas e os prazos ser\u00e1 divulgado.<\/p>\n<p>&nbsp;<\/p>\n<h1><span style=\"color: #0000ff\">COMUNICADO &#8211; RESULTADO FINAL<\/span><\/h1>\n<p style=\"text-align: left\">A DIRE\u00c7\u00c3O GERAL E A COMISS\u00c3O LOCAL DE ASSIST\u00caNCIA ESTUDANTIL PUBLICAM RESULTADO FINAL PARA OS AUX\u00cdLIOS FINANCEIROS DE MORADIA, TRANSPORTE M\u00cdNIMO, TRANSPORTE M\u00c1XIMO, PROEJA, CRECHE E PERMAN\u00caNCIA.<\/p>\n<p>ESCLARECEMOS O QUE SE SEGUE:<\/p>\n<p>1) Em hip\u00f3tese alguma, ser\u00e1 aceita revis\u00e3o de recurso, recurso de recurso ou recurso do resultado final da Sele\u00e7\u00e3o, conforme item 7.3 do Edital 08\/2015 de 29 de maio de 2015.<\/p>\n<p>2) Para se manter recebendo o aux\u00edlio, o estudante deve\u00a0ter\u00a0\u201cfrequ\u00eancia m\u00ednima de 85%, no caso de cursos presenciais. Em caso de frequ\u00eancia inferior a 85%, o estudante somente\u00a0ter\u00e1 direito a perman\u00eancia no programa, se as suas faltas estiverem devidamente justificadas\u201d (item 8.1.3 do Edital 08\/2015 de 29 de maio de 2015)<\/p>\n<p>3) Ainda conforme o Edital 08\/2015 no item 8.1.5.2. \u201cA qualquer tempo poder\u00e3o ser efetuadas, pela Comiss\u00e3o Local de Assist\u00eancia Estudantil, novas entrevistas, visitas domiciliares e\/ou solicita\u00e7\u00e3o de documenta\u00e7\u00e3o para acompanhamento da situa\u00e7\u00e3o do estudante beneficiado pelos aux\u00edlios.\u201d<\/p>\n<p>&nbsp;<\/p>\n<p>GUANAMBI\/BAHIA,\u00a004\/12\/2015.<\/p>\n<p><a href=\"http:\/\/www.ifbaiano.edu.br\/unidades\/guanambi\/files\/2015\/12\/Resultado-da-Analise-dos-Recursos-Edital-N_08-2015-04-12-2015_atualizado.pdf\">Resultado da Analise dos Recursos &#8211; Edital N\u00b0.08-2015 04-12-2015 &#8211; Atualizado<\/a><\/p>\n<p><a href=\"http:\/\/www.ifbaiano.edu.br\/unidades\/guanambi\/files\/2015\/12\/Resultado-Final-Auxilio-creche.pdf\">Resultado Final Aux\u00edlio Creche<\/a><\/p>\n<p><a href=\"http:\/\/www.ifbaiano.edu.br\/unidades\/guanambi\/files\/2015\/12\/Resultado-Final-Auxilio-Material-Academico1.pdf\">Resultado Final Aux\u00edlio Material Acad\u00eamico<\/a>\u00a0<strong>(Atualizado)<\/strong><\/p>\n<p><a href=\"http:\/\/www.ifbaiano.edu.br\/unidades\/guanambi\/files\/2015\/12\/Resultado-Final-Auxilio-Moradia.pdf\">Resultado Final Aux\u00edlio Moradia<\/a><\/p>\n<p><a href=\"http:\/\/www.ifbaiano.edu.br\/unidades\/guanambi\/files\/2015\/12\/Resultado-Final-Auxilio-Permanencia.pdf\">Resultado Final Aux\u00edlio Perman\u00eancia<\/a><\/p>\n<p><a href=\"http:\/\/www.ifbaiano.edu.br\/unidades\/guanambi\/files\/2015\/12\/Resultado-Final-Auxilio-Proeja.pdf\">Resultado Final Aux\u00edlio Proeja<\/a><\/p>\n<p><a href=\"http:\/\/www.ifbaiano.edu.br\/unidades\/guanambi\/files\/2015\/12\/Resultado-Final-Auxilio-Transporte-Maximo.pdf\">Resultado Final Aux\u00edlio Transporte M\u00e1ximo<\/a><\/p>\n<p><a href=\"http:\/\/www.ifbaiano.edu.br\/unidades\/guanambi\/files\/2015\/12\/Resultado-Final-Auxilio-Transporte-Minimo.pdf\">Resultado Final Aux\u00edlio Transporte M\u00ednimo<\/a><\/p>\n<p><a href=\"http:\/\/www.ifbaiano.edu.br\/unidades\/guanambi\/files\/2015\/12\/Resultado-Final-Auxilio-UNIFORME1.pdf\">Resultado Final Aux\u00edlio Uniforme<\/a>\u00a0<strong>(Atualizado)<\/strong><\/p>\n<p>&nbsp;<\/p>\n<h2>Sele\u00e7\u00e3o Paise<\/h2>\n<p><a href=\"http:\/\/www.ifbaiano.edu.br\/unidades\/guanambi\/files\/2015\/03\/Edital-Paise-2015.pdf\" target=\"_blank\">Edital de sele\u00e7\u00e3o<\/a><\/p>\n<p><a target=\"_blank\">Retifica\u00e7\u00e3o do Edital<\/a><\/p>\n<p><a href=\"http:\/\/www.ifbaiano.edu.br\/unidades\/guanambi\/files\/2015\/03\/parecer-mobilidade-academica.pdf\" target=\"_blank\">Parecer de para mobilidade acad\u00eamica<\/a><\/p>\n<p><a href=\"http:\/\/www.ifbaiano.edu.br\/unidades\/guanambi\/files\/2015\/03\/parecer-procuradoria-EAD.pdf\" target=\"_blank\">Parecer da procuradoria<\/a><\/p>\n<p>&nbsp;<\/p>\n<p>&nbsp;<\/p>\n<p>&nbsp;<\/p>\n","protected":false},"excerpt":{"rendered":"<p>Ap\u00f3s atendimento das recomenda\u00e7\u00f5es do parecer jur\u00eddico da Procuradoria Federal N\u00ba. 202 de 18\/05\/2015 e as devidas sinaliza\u00e7\u00f5es da Diretoria de Assuntos Estudantis, publicamos Edital N\u00ba. 08\/2015 de 29 de maio de 2015. \u00a0\u00a0\u00a0O prazo para pedido de impugna\u00e7\u00e3o e esclarecimentos deste Edital \u00e9 at\u00e9 primeiro de junho de 2015, pessoalmente na CAE do Campus [&hellip;]<\/p>\n","protected":false},"author":14,"featured_media":0,"parent":125,"menu_order":1,"comment_status":"open","ping_status":"open","template":"","meta":[],"_links":{"self":[{"href":"https:\/\/www.ifbaiano.edu.br\/unidades\/guanambi\/wp-json\/wp\/v2\/pages\/3755"}],"collection":[{"href":"https:\/\/www.ifbaiano.edu.br\/unidades\/guanambi\/wp-json\/wp\/v2\/pages"}],"about":[{"href":"https:\/\/www.ifbaiano.edu.br\/unidades\/guanambi\/wp-json\/wp\/v2\/types\/page"}],"author":[{"embeddable":true,"href":"https:\/\/www.ifbaiano.edu.br\/unidades\/guanambi\/wp-json\/wp\/v2\/users\/14"}],"replies":[{"embeddable":true,"href":"https:\/\/www.ifbaiano.edu.br\/unidades\/guanambi\/wp-json\/wp\/v2\/comments?post=3755"}],"version-history":[{"count":18,"href":"https:\/\/www.ifbaiano.edu.br\/unidades\/guanambi\/wp-json\/wp\/v2\/pages\/3755\/revisions"}],"predecessor-version":[{"id":4856,"href":"https:\/\/www.ifbaiano.edu.br\/unidades\/guanambi\/wp-json\/wp\/v2\/pages\/3755\/revisions\/4856"}],"up":[{"embeddable":true,"href":"https:\/\/www.ifbaiano.edu.br\/unidades\/guanambi\/wp-json\/wp\/v2\/pages\/125"}],"wp:attachment":[{"href":"https:\/\/www.ifbaiano.edu.br\/unidades\/guanambi\/wp-json\/wp\/v2\/media?parent=3755"}],"curies":[{"name":"wp","href":"https:\/\/api.w.org\/{rel}","templated":true}]}}