{"id":3991,"date":"2015-05-29T03:03:51","date_gmt":"2015-05-29T03:03:51","guid":{"rendered":"http:\/\/www.ifbaiano.edu.br\/unidades\/guanambi\/?page_id=3991"},"modified":"2015-05-29T12:42:44","modified_gmt":"2015-05-29T12:42:44","slug":"residencia-estudantil-2015-2","status":"publish","type":"page","link":"https:\/\/www.ifbaiano.edu.br\/unidades\/guanambi\/alunos-assistencia-estudantil\/paise-2015\/residencia-estudantil-2015-2\/","title":{"rendered":"Resid\u00eancia Estudantil 2015"},"content":{"rendered":"<p>&nbsp;<\/p>\n<p>Sele\u00e7\u00e3o para Resid\u00eancia Estudantil, para o I e II Semestres letivos de 2015, regido pelo Edital Interno 07\/2015 de 27 de maio de 2015.<\/p>\n<p>Os recursos poder\u00e3o ser apresentados at\u00e9 01 de junho de 2015 e entregues pessoalmente na Coordena\u00e7\u00e3o de Assuntos Estudantis &#8211; CAE \u00a0ou atrav\u00e9s do e-mail:\u00a0assistenciaestudantil@guanambi.ifbaiano.edu.br.<br \/>\nPara informa\u00e7\u00f5es e esclarecimentos, ligue\u00a0<a href=\"77 3493 2100\">77 3493 2100<\/a>\u00a0&#8211; ramal 237.<\/p>\n<p><a href=\"http:\/\/www.ifbaiano.edu.br\/unidades\/guanambi\/files\/2015\/05\/Resultado-Preliminar-Edital-N.-07-2015.pdf\">Resultado Preliminar &#8211; Edital N. 07-2015<\/a><\/p>\n<p>&nbsp;<\/p>\n<p><a href=\"http:\/\/www.ifbaiano.edu.br\/unidades\/guanambi\/files\/2015\/05\/Edital-Interno-N-07-2015-Selecao-para-Residencia-Estudantil-2015.pdf\">Edital Interno N 07 2015 &#8211;\u00a0<\/a><\/p>\n<p><a href=\"http:\/\/www.ifbaiano.edu.br\/unidades\/guanambi\/files\/2015\/05\/ANEXO-I.pdf\">ANEXO I<\/a><\/p>\n<p><a href=\"http:\/\/www.ifbaiano.edu.br\/unidades\/guanambi\/files\/2015\/05\/ANEXO-II.pdf\">ANEXO II<\/a><\/p>\n<p><a href=\"http:\/\/www.ifbaiano.edu.br\/unidades\/guanambi\/files\/2015\/05\/ANEXO-III.pdf\">ANEXO III<\/a><\/p>\n<p><a href=\"http:\/\/www.ifbaiano.edu.br\/unidades\/guanambi\/files\/2015\/05\/ANEXO-IV.pdf\">ANEXO IV<\/a><\/p>\n","protected":false},"excerpt":{"rendered":"<p>&nbsp; Sele\u00e7\u00e3o para Resid\u00eancia Estudantil, para o I e II Semestres letivos de 2015, regido pelo Edital Interno 07\/2015 de 27 de maio de 2015. Os recursos poder\u00e3o ser apresentados at\u00e9 01 de junho de 2015 e entregues pessoalmente na Coordena\u00e7\u00e3o de Assuntos Estudantis &#8211; CAE \u00a0ou atrav\u00e9s do e-mail:\u00a0assistenciaestudantil@guanambi.ifbaiano.edu.br. Para informa\u00e7\u00f5es e esclarecimentos, ligue\u00a077 [&hellip;]<\/p>\n","protected":false},"author":14,"featured_media":0,"parent":3755,"menu_order":2,"comment_status":"open","ping_status":"open","template":"","meta":[],"_links":{"self":[{"href":"https:\/\/www.ifbaiano.edu.br\/unidades\/guanambi\/wp-json\/wp\/v2\/pages\/3991"}],"collection":[{"href":"https:\/\/www.ifbaiano.edu.br\/unidades\/guanambi\/wp-json\/wp\/v2\/pages"}],"about":[{"href":"https:\/\/www.ifbaiano.edu.br\/unidades\/guanambi\/wp-json\/wp\/v2\/types\/page"}],"author":[{"embeddable":true,"href":"https:\/\/www.ifbaiano.edu.br\/unidades\/guanambi\/wp-json\/wp\/v2\/users\/14"}],"replies":[{"embeddable":true,"href":"https:\/\/www.ifbaiano.edu.br\/unidades\/guanambi\/wp-json\/wp\/v2\/comments?post=3991"}],"version-history":[{"count":6,"href":"https:\/\/www.ifbaiano.edu.br\/unidades\/guanambi\/wp-json\/wp\/v2\/pages\/3991\/revisions"}],"predecessor-version":[{"id":3995,"href":"https:\/\/www.ifbaiano.edu.br\/unidades\/guanambi\/wp-json\/wp\/v2\/pages\/3991\/revisions\/3995"}],"up":[{"embeddable":true,"href":"https:\/\/www.ifbaiano.edu.br\/unidades\/guanambi\/wp-json\/wp\/v2\/pages\/3755"}],"wp:attachment":[{"href":"https:\/\/www.ifbaiano.edu.br\/unidades\/guanambi\/wp-json\/wp\/v2\/media?parent=3991"}],"curies":[{"name":"wp","href":"https:\/\/api.w.org\/{rel}","templated":true}]}}