{"id":466,"date":"2012-04-16T18:56:01","date_gmt":"2012-04-16T18:56:01","guid":{"rendered":"http:\/\/www.ifbaiano.edu.br\/unidades\/guanambi\/?page_id=466"},"modified":"2022-04-24T21:44:07","modified_gmt":"2022-04-25T00:44:07","slug":"466-2","status":"publish","type":"page","link":"https:\/\/www.ifbaiano.edu.br\/unidades\/guanambi\/466-2\/","title":{"rendered":"Cadastro de Fornecedor"},"content":{"rendered":"<div>\n<p>Confira abaixo os Formul\u00e1rios necess\u00e1rios para cadastros das empresas junto ao SICAF.<\/p>\n<p><a href=\"http:\/\/www.ifbaiano.edu.br\/unidades\/guanambi\/files\/2013\/04\/DADOS_CADASTRAIS_DE_PESSOA_FISICA.pdf\">Dados cadastrais de Pessoa F\u00edsica<\/a><\/p>\n<p><a href=\"http:\/\/www.ifbaiano.edu.br\/unidades\/guanambi\/files\/2013\/04\/DADOS_CADASTRAIS_DE_PESSOA_JURIDICA.pdf\">Dados cadastrais de Pessoa Jur\u00eddica<\/a><\/p>\n<p><a href=\"http:\/\/www.ifbaiano.edu.br\/unidades\/guanambi\/files\/2013\/04\/Recibo_de_Solicitacao_de_Servicos_e_Entrega_de_Documentos.pdf\">Recibo de Solicita\u00e7\u00e3o de Servi\u00e7os e Entrega de Documentos<\/a><\/p>\n<p>Para mais esclarecimentos entre em contato com o setor de Licita\u00e7\u00f5es\/Compras, pelo telefone (77) 3493-2100 \u00a0( ramal 210 )<\/p>\n<\/div>\n","protected":false},"excerpt":{"rendered":"<p>Confira abaixo os Formul\u00e1rios necess\u00e1rios para cadastros das empresas junto ao SICAF. Dados cadastrais de Pessoa F\u00edsica Dados cadastrais de Pessoa Jur\u00eddica Recibo de Solicita\u00e7\u00e3o de Servi\u00e7os e Entrega de Documentos Para mais esclarecimentos entre em contato com o setor de Licita\u00e7\u00f5es\/Compras, pelo telefone (77) 3493-2100 \u00a0( ramal 210 )<\/p>\n","protected":false},"author":14,"featured_media":0,"parent":0,"menu_order":0,"comment_status":"open","ping_status":"open","template":"","meta":[],"_links":{"self":[{"href":"https:\/\/www.ifbaiano.edu.br\/unidades\/guanambi\/wp-json\/wp\/v2\/pages\/466"}],"collection":[{"href":"https:\/\/www.ifbaiano.edu.br\/unidades\/guanambi\/wp-json\/wp\/v2\/pages"}],"about":[{"href":"https:\/\/www.ifbaiano.edu.br\/unidades\/guanambi\/wp-json\/wp\/v2\/types\/page"}],"author":[{"embeddable":true,"href":"https:\/\/www.ifbaiano.edu.br\/unidades\/guanambi\/wp-json\/wp\/v2\/users\/14"}],"replies":[{"embeddable":true,"href":"https:\/\/www.ifbaiano.edu.br\/unidades\/guanambi\/wp-json\/wp\/v2\/comments?post=466"}],"version-history":[{"count":5,"href":"https:\/\/www.ifbaiano.edu.br\/unidades\/guanambi\/wp-json\/wp\/v2\/pages\/466\/revisions"}],"predecessor-version":[{"id":10747,"href":"https:\/\/www.ifbaiano.edu.br\/unidades\/guanambi\/wp-json\/wp\/v2\/pages\/466\/revisions\/10747"}],"wp:attachment":[{"href":"https:\/\/www.ifbaiano.edu.br\/unidades\/guanambi\/wp-json\/wp\/v2\/media?parent=466"}],"curies":[{"name":"wp","href":"https:\/\/api.w.org\/{rel}","templated":true}]}}