{"id":5252,"date":"2016-09-01T20:06:25","date_gmt":"2016-09-01T20:06:25","guid":{"rendered":"http:\/\/www.ifbaiano.edu.br\/unidades\/guanambi\/?page_id=5252"},"modified":"2016-09-01T20:21:26","modified_gmt":"2016-09-01T20:21:26","slug":"disciplinas-do-mppvs","status":"publish","type":"page","link":"https:\/\/www.ifbaiano.edu.br\/unidades\/guanambi\/disciplinas-do-mppvs\/","title":{"rendered":"Disciplinas do MPPVS"},"content":{"rendered":"<p><strong>Disciplinas Planejadas:<\/strong><\/p>\n<p>Agroecologia<\/p>\n<p>Culturas Xer\u00f3fitas<\/p>\n<p>Ecofisiologia Vegetal<\/p>\n<p>Estat\u00edstica Experimental<\/p>\n<p>Fertilidade do Solo<\/p>\n<p>Fruticultura Irrigada<\/p>\n<p>Irriga\u00e7\u00e3o por Aspers\u00e3o e Localizada<\/p>\n<p>Manejo da Irriga\u00e7\u00e3o e da Fertirriga\u00e7\u00e3o<\/p>\n<p>Manejo do Solo no Semi\u00e1rido<\/p>\n<p>Pesquisa Aplicada e Inova\u00e7\u00e3o<\/p>\n<p>Recursos H\u00eddricos no semi\u00e1rido<\/p>\n<p>Rela\u00e7\u00e3o Solo-\u00c1gua-Planta-Atmosfera<\/p>\n<p>Est\u00e1gio em Ensino<\/p>\n<p>Profici\u00eancia em L\u00edngua Estrangeira<\/p>\n<p>&nbsp;<\/p>\n<p><strong>Disciplinas confirmadas para o primeiro semestre <\/strong><\/p>\n<p>Culturas Xer\u00f3fitas<\/p>\n<p>Ecofisiologia Vegetal<\/p>\n<p>Estat\u00edstica Experimental<\/p>\n<p>Manejo do Solo no Semi\u00e1rido<\/p>\n<p>Pesquisa Aplicada e Inova\u00e7\u00e3o<\/p>\n<p>Rela\u00e7\u00e3o Solo-\u00c1gua-Planta-Atmosfera<\/p>\n<p>Est\u00e1gio em Ensino<\/p>\n<p>Profici\u00eancia em L\u00edngua Estrangeira<\/p>\n<p><strong>\u00a0<\/strong><\/p>\n<p><strong>Disciplinas a serem ofertadas no segundo semestre <\/strong><\/p>\n<p><strong>\u00a0<\/strong><\/p>\n<p>Agroecologia<\/p>\n<p>Fertilidade do Solo<\/p>\n<p>Fruticultura Irrigada<\/p>\n<p>Irriga\u00e7\u00e3o por Aspers\u00e3o e Localizada<\/p>\n<p>Manejo da Irriga\u00e7\u00e3o e da Fertirriga\u00e7\u00e3o<\/p>\n<p>Recursos H\u00eddricos no semi\u00e1rido<\/p>\n<p>Est\u00e1gio em Ensino<\/p>\n<p>Profici\u00eancia em L\u00edngua Estrangeira<\/p>\n","protected":false},"excerpt":{"rendered":"<p>Disciplinas Planejadas: Agroecologia Culturas Xer\u00f3fitas Ecofisiologia Vegetal Estat\u00edstica Experimental Fertilidade do Solo Fruticultura Irrigada Irriga\u00e7\u00e3o por Aspers\u00e3o e Localizada Manejo da Irriga\u00e7\u00e3o e da Fertirriga\u00e7\u00e3o Manejo do Solo no Semi\u00e1rido Pesquisa Aplicada e Inova\u00e7\u00e3o Recursos H\u00eddricos no semi\u00e1rido Rela\u00e7\u00e3o Solo-\u00c1gua-Planta-Atmosfera Est\u00e1gio em Ensino Profici\u00eancia em L\u00edngua Estrangeira &nbsp; Disciplinas confirmadas para o primeiro semestre Culturas [&hellip;]<\/p>\n","protected":false},"author":14,"featured_media":0,"parent":0,"menu_order":0,"comment_status":"open","ping_status":"open","template":"","meta":[],"_links":{"self":[{"href":"https:\/\/www.ifbaiano.edu.br\/unidades\/guanambi\/wp-json\/wp\/v2\/pages\/5252"}],"collection":[{"href":"https:\/\/www.ifbaiano.edu.br\/unidades\/guanambi\/wp-json\/wp\/v2\/pages"}],"about":[{"href":"https:\/\/www.ifbaiano.edu.br\/unidades\/guanambi\/wp-json\/wp\/v2\/types\/page"}],"author":[{"embeddable":true,"href":"https:\/\/www.ifbaiano.edu.br\/unidades\/guanambi\/wp-json\/wp\/v2\/users\/14"}],"replies":[{"embeddable":true,"href":"https:\/\/www.ifbaiano.edu.br\/unidades\/guanambi\/wp-json\/wp\/v2\/comments?post=5252"}],"version-history":[{"count":4,"href":"https:\/\/www.ifbaiano.edu.br\/unidades\/guanambi\/wp-json\/wp\/v2\/pages\/5252\/revisions"}],"predecessor-version":[{"id":5256,"href":"https:\/\/www.ifbaiano.edu.br\/unidades\/guanambi\/wp-json\/wp\/v2\/pages\/5252\/revisions\/5256"}],"wp:attachment":[{"href":"https:\/\/www.ifbaiano.edu.br\/unidades\/guanambi\/wp-json\/wp\/v2\/media?parent=5252"}],"curies":[{"name":"wp","href":"https:\/\/api.w.org\/{rel}","templated":true}]}}