{"id":5284,"date":"2016-09-01T21:02:26","date_gmt":"2016-09-01T21:02:26","guid":{"rendered":"http:\/\/www.ifbaiano.edu.br\/unidades\/guanambi\/?page_id=5284"},"modified":"2018-08-30T00:44:18","modified_gmt":"2018-08-30T03:44:18","slug":"documentos-do-mppvs","status":"publish","type":"page","link":"https:\/\/www.ifbaiano.edu.br\/unidades\/guanambi\/documentos-do-mppvs\/","title":{"rendered":"Documentos do MPPVS"},"content":{"rendered":"<p><span style=\"color: #ff0000\">Em constru\u00e7\u00e3o&#8230;<\/span><\/p>\n<p>&nbsp;<\/p>\n<p><strong>1. Ficha de Inscri\u00e7\u00e3o no Processo Seletivo<\/strong><\/p>\n<p><a href=\"http:\/\/concurso.ifbaiano.edu.br\/portal\/mestrado-producao-vegetal-semiarido-2017\/\">Veja na p\u00e1gina do Processo Seletivo 2017.1<\/a><\/p>\n<p><strong>2. Matr\u00edcula<\/strong><\/p>\n<p><a href=\"http:\/\/www.ifbaiano.edu.br\/unidades\/guanambi\/files\/2016\/09\/Documentos-para-Matr\u00edcula.zip\">Documentos para matr\u00edcula<\/a><\/p>\n<p><strong>3. Regulamentos do Curso<\/strong><\/p>\n<p><a href=\"http:\/\/www.ifbaiano.edu.br\/unidades\/guanambi\/files\/2016\/09\/Projeto-Pedag\u00f3gico-MPPVS-09-2016.pdf\" target=\"_blank\">Projeto Pedag\u00f3gico MPPVS | 09-2016<\/a><\/p>\n<p><a href=\"http:\/\/www.ifbaiano.edu.br\/unidades\/guanambi\/files\/2016\/09\/Regimento-MPPVS-23-02-2017.pdf\" target=\"_blank\">Regimento MPPVS | 23-02-2017<\/a><\/p>\n<p><a href=\"http:\/\/www.ifbaiano.edu.br\/unidades\/guanambi\/files\/2016\/09\/Portaria-coordena\u00e7\u00e3o.pdf\" target=\"_blank\">Portaria do Coordenador<\/a><\/p>\n<p><strong>4. Relat\u00f3rios<\/strong><\/p>\n<p>&nbsp;<\/p>\n<p><strong>5. Projeto de pesquisa<\/strong><\/p>\n<p>&nbsp;<\/p>\n<p><strong>6. Defesa de TCC<\/strong><\/p>\n<p><a href=\"http:\/\/www.ifbaiano.edu.br\/unidades\/guanambi\/files\/2015\/01\/Documentos-para-Qualifica\u00e7\u00e3o-e-Documentos-para-defesa-de-TCC.zip\">Documentos para qualificacao e documentos para defesa de TCC<\/a><\/p>\n<p><strong>7. Requerimentos gerais<\/strong><\/p>\n<p>&nbsp;<\/p>\n","protected":false},"excerpt":{"rendered":"<p>Em constru\u00e7\u00e3o&#8230; &nbsp; 1. Ficha de Inscri\u00e7\u00e3o no Processo Seletivo Veja na p\u00e1gina do Processo Seletivo 2017.1 2. Matr\u00edcula Documentos para matr\u00edcula 3. Regulamentos do Curso Projeto Pedag\u00f3gico MPPVS | 09-2016 Regimento MPPVS | 23-02-2017 Portaria do Coordenador 4. Relat\u00f3rios &nbsp; 5. Projeto de pesquisa &nbsp; 6. Defesa de TCC Documentos para qualificacao e documentos [&hellip;]<\/p>\n","protected":false},"author":14,"featured_media":0,"parent":0,"menu_order":0,"comment_status":"open","ping_status":"open","template":"","meta":[],"_links":{"self":[{"href":"https:\/\/www.ifbaiano.edu.br\/unidades\/guanambi\/wp-json\/wp\/v2\/pages\/5284"}],"collection":[{"href":"https:\/\/www.ifbaiano.edu.br\/unidades\/guanambi\/wp-json\/wp\/v2\/pages"}],"about":[{"href":"https:\/\/www.ifbaiano.edu.br\/unidades\/guanambi\/wp-json\/wp\/v2\/types\/page"}],"author":[{"embeddable":true,"href":"https:\/\/www.ifbaiano.edu.br\/unidades\/guanambi\/wp-json\/wp\/v2\/users\/14"}],"replies":[{"embeddable":true,"href":"https:\/\/www.ifbaiano.edu.br\/unidades\/guanambi\/wp-json\/wp\/v2\/comments?post=5284"}],"version-history":[{"count":19,"href":"https:\/\/www.ifbaiano.edu.br\/unidades\/guanambi\/wp-json\/wp\/v2\/pages\/5284\/revisions"}],"predecessor-version":[{"id":7327,"href":"https:\/\/www.ifbaiano.edu.br\/unidades\/guanambi\/wp-json\/wp\/v2\/pages\/5284\/revisions\/7327"}],"wp:attachment":[{"href":"https:\/\/www.ifbaiano.edu.br\/unidades\/guanambi\/wp-json\/wp\/v2\/media?parent=5284"}],"curies":[{"name":"wp","href":"https:\/\/api.w.org\/{rel}","templated":true}]}}