{"id":5377,"date":"2016-10-04T12:53:23","date_gmt":"2016-10-04T12:53:23","guid":{"rendered":"http:\/\/www.ifbaiano.edu.br\/unidades\/guanambi\/?page_id=5377"},"modified":"2017-02-07T04:42:24","modified_gmt":"2017-02-07T07:42:24","slug":"estagio-2","status":"publish","type":"page","link":"https:\/\/www.ifbaiano.edu.br\/unidades\/guanambi\/estagio-2\/","title":{"rendered":"Est\u00e1gio"},"content":{"rendered":"<h1>N\u00facleo de Rela\u00e7\u00f5es Institucionais<\/h1>\n<p><span style=\"color: #ff0000\">ATEN\u00c7\u00c3O, ANTES DE SE ENCAMINHAR PARA O EST\u00c1GIO, PROCURAR O NRI PARA ESCLARECIMENTOS<\/span><\/p>\n<p><strong>REGIMENTOS<\/strong><\/p>\n<p>&nbsp;<\/p>\n<p><a href=\"http:\/\/www.ifbaiano.edu.br\/unidades\/guanambi\/files\/2013\/07\/Regulamento-de-Est\u00e1gio.pdf\" target=\"_blank\">Regulamento de Est\u00e1gio<\/a><\/p>\n<p><a href=\"http:\/\/www.ifbaiano.edu.br\/unidades\/guanambi\/files\/2013\/07\/normas-para-elabora\u00e7\u00e3o-de-relatorio.final_.pdf\" target=\"_blank\">Normas para elabora\u00e7\u00e3o de relatorio final<\/a><\/p>\n<p><a href=\"http:\/\/www.ifbaiano.edu.br\/unidades\/guanambi\/files\/2013\/07\/PASSO-A-PASSO-PROCEDIMENTAL-DO-EST\u00c1GIO-DE-N\u00cdVEL-M\u00c9DIO.pdf\" target=\"_blank\">Passo a passo procedimental do Est\u00e1gio de N\u00edvel M\u00e9dio<\/a><\/p>\n<p><a href=\"http:\/\/www.ifbaiano.edu.br\/unidades\/guanambi\/files\/2013\/07\/1REQUERIMENTO_-CADASTRO-DO-ESTAGI\u00c1RIO.odt\" target=\"_blank\">1 &#8211; Requerimento de Cadastro de Estagi\u00e1rio<\/a><\/p>\n<p><a href=\"http:\/\/www.ifbaiano.edu.br\/unidades\/guanambi\/files\/2016\/10\/2-DECLARA\u00c7\u00c3O-DO-ORIENTADOR.odt\" target=\"_blank\">2 &#8211; Declara\u00e7\u00e3o do Orientador<\/a><\/p>\n<p><a href=\"http:\/\/www.ifbaiano.edu.br\/unidades\/guanambi\/files\/2016\/10\/3-PLANO-DE-EST\u00c1GIO.odt\" target=\"_blank\">3 &#8211; Plano de Est\u00e1gio<\/a><\/p>\n<p><a href=\"http:\/\/www.ifbaiano.edu.br\/unidades\/guanambi\/files\/2016\/10\/4-REQUERIMENTO_DE_VALIDA\u00c7\u00c3O-DE-EST\u00c1GIO.odt\">4 &#8211; Requerimento de Valida\u00e7\u00e3o do Est\u00e1gio<\/a><\/p>\n<p>Requerimento de Cadastro, Declara\u00e7\u00e3o do Orientador, Plano de Est\u00e1gio e Requerimento de Valida\u00e7\u00e3o de Estagi\u00e1rio<\/p>\n<p><strong>PORTAL DO EGRESSO<\/strong><\/p>\n<p><a href=\"http:\/\/ifbaiano.edu.br\/portal\/egressos\/\" target=\"_blank\">Visitar portal do Egresso IF Baiano<\/a><\/p>\n<p><a href=\"https:\/\/www.facebook.com\/groups\/1218014431564768\/\" target=\"_blank\">Grupo de Egressos no Facebook<\/a><\/p>\n<p><strong>INFORMA\u00c7\u00d5ES<\/strong><\/p>\n<p style=\"padding-left: 30px\"><strong>N\u00facleo de Rela\u00e7\u00f5es Institucionais<\/strong><\/p>\n<p style=\"padding-left: 30px\">Respons\u00e1vel: Cleto Mendes do Nascimento J\u00fanior<\/p>\n<p style=\"padding-left: 30px\">Telefone: 77 3493-2100 &#8211; Ramal: 248<\/p>\n<p style=\"padding-left: 30px\">E-mail: <strong><a href=\"http:\/\/nri@guanambi.ifbaiano.edu.br\">nri@guanambi.ifbaiano.edu.br<\/a><\/strong><\/p>\n","protected":false},"excerpt":{"rendered":"<p>N\u00facleo de Rela\u00e7\u00f5es Institucionais ATEN\u00c7\u00c3O, ANTES DE SE ENCAMINHAR PARA O EST\u00c1GIO, PROCURAR O NRI PARA ESCLARECIMENTOS REGIMENTOS &nbsp; Regulamento de Est\u00e1gio Normas para elabora\u00e7\u00e3o de relatorio final Passo a passo procedimental do Est\u00e1gio de N\u00edvel M\u00e9dio 1 &#8211; Requerimento de Cadastro de Estagi\u00e1rio 2 &#8211; Declara\u00e7\u00e3o do Orientador 3 &#8211; Plano de Est\u00e1gio 4 [&hellip;]<\/p>\n","protected":false},"author":14,"featured_media":0,"parent":0,"menu_order":0,"comment_status":"open","ping_status":"open","template":"","meta":[],"_links":{"self":[{"href":"https:\/\/www.ifbaiano.edu.br\/unidades\/guanambi\/wp-json\/wp\/v2\/pages\/5377"}],"collection":[{"href":"https:\/\/www.ifbaiano.edu.br\/unidades\/guanambi\/wp-json\/wp\/v2\/pages"}],"about":[{"href":"https:\/\/www.ifbaiano.edu.br\/unidades\/guanambi\/wp-json\/wp\/v2\/types\/page"}],"author":[{"embeddable":true,"href":"https:\/\/www.ifbaiano.edu.br\/unidades\/guanambi\/wp-json\/wp\/v2\/users\/14"}],"replies":[{"embeddable":true,"href":"https:\/\/www.ifbaiano.edu.br\/unidades\/guanambi\/wp-json\/wp\/v2\/comments?post=5377"}],"version-history":[{"count":9,"href":"https:\/\/www.ifbaiano.edu.br\/unidades\/guanambi\/wp-json\/wp\/v2\/pages\/5377\/revisions"}],"predecessor-version":[{"id":5901,"href":"https:\/\/www.ifbaiano.edu.br\/unidades\/guanambi\/wp-json\/wp\/v2\/pages\/5377\/revisions\/5901"}],"wp:attachment":[{"href":"https:\/\/www.ifbaiano.edu.br\/unidades\/guanambi\/wp-json\/wp\/v2\/media?parent=5377"}],"curies":[{"name":"wp","href":"https:\/\/api.w.org\/{rel}","templated":true}]}}