{"id":5393,"date":"2016-10-04T13:10:56","date_gmt":"2016-10-04T13:10:56","guid":{"rendered":"http:\/\/www.ifbaiano.edu.br\/unidades\/guanambi\/?page_id=5393"},"modified":"2016-10-04T13:25:10","modified_gmt":"2016-10-04T13:25:10","slug":"colegiado","status":"publish","type":"page","link":"https:\/\/www.ifbaiano.edu.br\/unidades\/guanambi\/colegiado\/","title":{"rendered":"Colegiado"},"content":{"rendered":"<h2><span style=\"font-size: 13px;font-weight: normal\">Regulamento do Colegiado<\/span><\/h2>\n<p>&nbsp;<\/p>\n<h2>Rela\u00e7\u00e3o de docentes do Colegiado de Tecnologia em Agroind\u00fastria<\/h2>\n<p><a href=\"http:\/\/www.ifbaiano.edu.br\/unidades\/guanambi\/files\/2014\/10\/TecAgroind_62RelacaoDeDocentes_LinkLattes.pdf\" target=\"_blank\">Rela\u00e7\u00e3o Docentes &#8211; Link Curr\u00edculo Lattes<\/a><\/p>\n","protected":false},"excerpt":{"rendered":"<p>Regulamento do Colegiado &nbsp; Rela\u00e7\u00e3o de docentes do Colegiado de Tecnologia em Agroind\u00fastria Rela\u00e7\u00e3o Docentes &#8211; Link Curr\u00edculo Lattes<\/p>\n","protected":false},"author":14,"featured_media":0,"parent":0,"menu_order":0,"comment_status":"open","ping_status":"open","template":"","meta":[],"_links":{"self":[{"href":"https:\/\/www.ifbaiano.edu.br\/unidades\/guanambi\/wp-json\/wp\/v2\/pages\/5393"}],"collection":[{"href":"https:\/\/www.ifbaiano.edu.br\/unidades\/guanambi\/wp-json\/wp\/v2\/pages"}],"about":[{"href":"https:\/\/www.ifbaiano.edu.br\/unidades\/guanambi\/wp-json\/wp\/v2\/types\/page"}],"author":[{"embeddable":true,"href":"https:\/\/www.ifbaiano.edu.br\/unidades\/guanambi\/wp-json\/wp\/v2\/users\/14"}],"replies":[{"embeddable":true,"href":"https:\/\/www.ifbaiano.edu.br\/unidades\/guanambi\/wp-json\/wp\/v2\/comments?post=5393"}],"version-history":[{"count":4,"href":"https:\/\/www.ifbaiano.edu.br\/unidades\/guanambi\/wp-json\/wp\/v2\/pages\/5393\/revisions"}],"predecessor-version":[{"id":5399,"href":"https:\/\/www.ifbaiano.edu.br\/unidades\/guanambi\/wp-json\/wp\/v2\/pages\/5393\/revisions\/5399"}],"wp:attachment":[{"href":"https:\/\/www.ifbaiano.edu.br\/unidades\/guanambi\/wp-json\/wp\/v2\/media?parent=5393"}],"curies":[{"name":"wp","href":"https:\/\/api.w.org\/{rel}","templated":true}]}}