{"id":5617,"date":"2016-12-14T21:45:52","date_gmt":"2016-12-14T21:45:52","guid":{"rendered":"http:\/\/www.ifbaiano.edu.br\/unidades\/guanambi\/?page_id=5617"},"modified":"2026-03-12T20:53:59","modified_gmt":"2026-03-12T23:53:59","slug":"coordenacao-de-ensino","status":"publish","type":"page","link":"https:\/\/www.ifbaiano.edu.br\/unidades\/guanambi\/diretoria-academica\/coordenacao-de-ensino\/","title":{"rendered":"Coordena\u00e7\u00e3o de Ensino"},"content":{"rendered":"<div style=\"background-color: #f8f8f8;border: 1px solid #eee;padding: 20px;border-radius: 8px;margin-bottom: 2rem\">\n<p style=\"margin-top: 0;margin-bottom: 1rem;font-size: 1.1rem\"><strong>Coordenadora:<\/strong> Polliana Bezerra de Oliveira<\/p>\n<p style=\"margin: 0.5rem 0;font-size: 1rem\">Telefone: 77 3493-2100 &#8211; Ramal: 235<\/p>\n<p style=\"margin-top: 0.5rem;margin-bottom: 0;font-size: 1rem\">Endere\u00e7o eletr\u00f4nico: <a style=\"color: #0073aa;text-decoration: none\" href=\"mailto:ce@guanambi.ifbaiano.edu.br\">ce@guanambi.ifbaiano.edu.br<\/a><\/p>\n<\/div>\n<hr style=\"border: 0;border-top: 1px solid #eee;margin: 2rem 0\">\n<div>\n<h3 style=\"font-size: 1.5rem;color: #2f4f4f;margin-top: 0;margin-bottom: 1.5rem\">N\u00facleo de Assessoria T\u00e9cnico-Pedag\u00f3gica (NATEPE)<\/h3>\n<div style=\"background-color: #f8f8f8;border: 1px solid #eee;padding: 15px;border-radius: 8px;margin-bottom: 1.5rem\">\n<p style=\"margin: 0.5rem 0;font-size: 1rem\">Telefone: 77 3493-2100 &#8211; Ramal: 233<\/p>\n<p style=\"margin-top: 0.5rem;margin-bottom: 0;font-size: 1rem\">E-mail: <a style=\"color: #0073aa;text-decoration: none\" href=\"mailto:napeapee.guanambi@ifbaiano.edu.br\">napeapee.guanambi@ifbaiano.edu.br<\/a><\/p>\n<\/div>\n<p style=\"text-align: justify;margin-bottom: 1.5rem\">O N\u00facleo de Assessoria T\u00e9cnico-Pedag\u00f3gica (NATEPE) tem a fun\u00e7\u00e3o de acompanhar o estudante no processo de ensino-aprendizagem, estabelece uma articula\u00e7\u00e3o reflexiva das a\u00e7\u00f5es educativas relacionadas ao planejamento, acompanhamento e avalia\u00e7\u00e3o frente \u00e0s demandas inerentes ao processo ensino-aprendizagem. Assim, para o exerc\u00edcio de suas fun\u00e7\u00f5es o n\u00facleo conta com uma equipe de educadores, que desenvolvem atividades de assessoria pedag\u00f3gica aos cursos, com o atendimento aos discentes e a comunidade acad\u00eamica por meio de a\u00e7\u00f5es que se alinham em dire\u00e7\u00e3o \u00e0 perman\u00eancia e \u00eaxito dos educandos e \u00e0 pol\u00edtica de responsabilidade social da Institui\u00e7\u00e3o. Dessa forma, o NATEPE operacionaliza suas a\u00e7\u00f5es considerando as dimens\u00f5es de ensino, inicia\u00e7\u00e3o cient\u00edfica e extens\u00e3o, mantendo estreita rela\u00e7\u00e3o com os objetivos e metas da Institui\u00e7\u00e3o.<\/p>\n<div style=\"background-color: #f8f8f8;border: 1px solid #eee;padding: 20px;border-radius: 8px\">\n<p style=\"margin-top: 0;margin-bottom: 1rem;font-size: 1.1rem;font-weight: bold;color: #333\">Equipe NATEPE:<\/p>\n<ul style=\"padding-left: 10px;margin: 0\">\n<li style=\"list-style-type: none\">\n<ul style=\"padding-left: 10px;margin: 0\">\n<li style=\"padding: 5px 0;border-bottom: 1px dashed #ddd\">Ana Marta Prado Barreto &#8211; Ramal: 234 &#8211; <a style=\"color: #0073aa;text-decoration: none\" href=\"mailto:ana.barreto@ifbaiano.edu.br\">ana.barreto@ifbaiano.edu.br<\/a><\/li>\n<li style=\"padding: 5px 0;border-bottom: 1px dashed #ddd\">Ana Patr\u00edcia Bezerra dos Santos &#8211; Ramal: 233 &#8211; <a style=\"color: #0073aa;text-decoration: none\" href=\"mailto:patricia.santos@ifbaiano.edu.br\">patricia.santos@ifbaiano.edu.br<\/a><\/li>\n<li style=\"padding: 5px 0;border-bottom: 1px dashed #ddd\">Eloidi Santana Rocha &#8211; Ramal: 234 &#8211; <a style=\"color: #0073aa;text-decoration: none\" href=\"mailto:eloidi.santana@ifbaiano.edu.br\">eloidi.santana@ifbaiano.edu.br<\/a><\/li>\n<li style=\"padding: 5px 0;border-bottom: 1px dashed #ddd\">Jud\u00e1cia da Silva Pimentel Carvalho &#8211; Ramal: 234 &#8211; <a style=\"color: #0073aa;text-decoration: none\" href=\"mailto:judacia.carvalho@ifbaiano.edu.br\">judacia.carvalho@ifbaiano.edu.br<\/a><\/li>\n<li style=\"padding: 5px 0\">Mayana Abreu Pereira &#8211; Ramal: 233 &#8211; <a style=\"color: #0073aa;text-decoration: none\" href=\"mailto:mayana.pereira@ifbaiano.edu.br\">mayana.pereira@ifbaiano.edu.br<\/a><\/li>\n<li style=\"padding: 5px 0\">Neurisangela Mauricio dos Santos Miranda &#8211; Ramal: 233 &#8211; <a style=\"color: #0073aa;text-decoration: none\" href=\"mailto:neurisangela.miranda@ifbaiano.edu.br\">neurisangela.miranda@ifbaiano.edu.br<\/a><\/li>\n<\/ul>\n<\/li>\n<\/ul>\n<\/div>\n<\/div>\n","protected":false},"excerpt":{"rendered":"<p>Coordenadora: Polliana Bezerra de Oliveira Telefone: 77 3493-2100 &#8211; Ramal: 235 Endere\u00e7o eletr\u00f4nico: ce@guanambi.ifbaiano.edu.br N\u00facleo de Assessoria T\u00e9cnico-Pedag\u00f3gica (NATEPE) Telefone: 77 3493-2100 &#8211; Ramal: 233 E-mail: napeapee.guanambi@ifbaiano.edu.br O N\u00facleo de Assessoria T\u00e9cnico-Pedag\u00f3gica (NATEPE) tem a fun\u00e7\u00e3o de acompanhar o estudante no processo de ensino-aprendizagem, estabelece uma articula\u00e7\u00e3o reflexiva das a\u00e7\u00f5es educativas relacionadas ao planejamento, acompanhamento [&hellip;]<\/p>\n","protected":false},"author":75,"featured_media":0,"parent":5614,"menu_order":0,"comment_status":"closed","ping_status":"closed","template":"","meta":[],"_links":{"self":[{"href":"https:\/\/www.ifbaiano.edu.br\/unidades\/guanambi\/wp-json\/wp\/v2\/pages\/5617"}],"collection":[{"href":"https:\/\/www.ifbaiano.edu.br\/unidades\/guanambi\/wp-json\/wp\/v2\/pages"}],"about":[{"href":"https:\/\/www.ifbaiano.edu.br\/unidades\/guanambi\/wp-json\/wp\/v2\/types\/page"}],"author":[{"embeddable":true,"href":"https:\/\/www.ifbaiano.edu.br\/unidades\/guanambi\/wp-json\/wp\/v2\/users\/75"}],"replies":[{"embeddable":true,"href":"https:\/\/www.ifbaiano.edu.br\/unidades\/guanambi\/wp-json\/wp\/v2\/comments?post=5617"}],"version-history":[{"count":19,"href":"https:\/\/www.ifbaiano.edu.br\/unidades\/guanambi\/wp-json\/wp\/v2\/pages\/5617\/revisions"}],"predecessor-version":[{"id":15429,"href":"https:\/\/www.ifbaiano.edu.br\/unidades\/guanambi\/wp-json\/wp\/v2\/pages\/5617\/revisions\/15429"}],"up":[{"embeddable":true,"href":"https:\/\/www.ifbaiano.edu.br\/unidades\/guanambi\/wp-json\/wp\/v2\/pages\/5614"}],"wp:attachment":[{"href":"https:\/\/www.ifbaiano.edu.br\/unidades\/guanambi\/wp-json\/wp\/v2\/media?parent=5617"}],"curies":[{"name":"wp","href":"https:\/\/api.w.org\/{rel}","templated":true}]}}