{"id":5634,"date":"2016-12-14T21:52:36","date_gmt":"2016-12-14T21:52:36","guid":{"rendered":"http:\/\/www.ifbaiano.edu.br\/unidades\/guanambi\/?page_id=5634"},"modified":"2026-03-24T12:26:31","modified_gmt":"2026-03-24T15:26:31","slug":"coordenacao-de-extensao","status":"publish","type":"page","link":"https:\/\/www.ifbaiano.edu.br\/unidades\/guanambi\/diretoria-academica\/coordenacao-de-extensao\/","title":{"rendered":"Coordena\u00e7\u00e3o de Extens\u00e3o"},"content":{"rendered":"<div style=\"font-family: sans-serif;color: #333;line-height: 1.6\">\n<div style=\"background-color: #f8f8f8;border: 1px solid #eee;padding: 20px;border-radius: 8px;margin-bottom: 2rem\">\n<p style=\"margin-top: 0;margin-bottom: 1rem;font-size: 1.1rem\"><strong>Coordenadora:<\/strong> Jos\u00e9 Assun\u00e7\u00e3o Silveira Junior<\/p>\n<p style=\"margin: 0.5rem 0;font-size: 1rem\"><strong>Telefone:<\/strong> 77 3493-2100 &#8211; Ramal: 213<\/p>\n<p style=\"margin-top: 0.5rem;margin-bottom: 0;font-size: 1rem\"><strong>Endere\u00e7o eletr\u00f4nico:<\/strong> <a style=\"color: #0073aa;text-decoration: none\" href=\"mailto:extensao@guanambi.ifbaiano.edu.br\">extensao@guanambi.ifbaiano.edu.br<\/a><\/p>\n<\/div>\n<\/div>\n","protected":false},"excerpt":{"rendered":"<p>Coordenadora: Jos\u00e9 Assun\u00e7\u00e3o Silveira Junior Telefone: 77 3493-2100 &#8211; Ramal: 213 Endere\u00e7o eletr\u00f4nico: extensao@guanambi.ifbaiano.edu.br<\/p>\n","protected":false},"author":75,"featured_media":0,"parent":5614,"menu_order":0,"comment_status":"closed","ping_status":"closed","template":"","meta":[],"_links":{"self":[{"href":"https:\/\/www.ifbaiano.edu.br\/unidades\/guanambi\/wp-json\/wp\/v2\/pages\/5634"}],"collection":[{"href":"https:\/\/www.ifbaiano.edu.br\/unidades\/guanambi\/wp-json\/wp\/v2\/pages"}],"about":[{"href":"https:\/\/www.ifbaiano.edu.br\/unidades\/guanambi\/wp-json\/wp\/v2\/types\/page"}],"author":[{"embeddable":true,"href":"https:\/\/www.ifbaiano.edu.br\/unidades\/guanambi\/wp-json\/wp\/v2\/users\/75"}],"replies":[{"embeddable":true,"href":"https:\/\/www.ifbaiano.edu.br\/unidades\/guanambi\/wp-json\/wp\/v2\/comments?post=5634"}],"version-history":[{"count":6,"href":"https:\/\/www.ifbaiano.edu.br\/unidades\/guanambi\/wp-json\/wp\/v2\/pages\/5634\/revisions"}],"predecessor-version":[{"id":17092,"href":"https:\/\/www.ifbaiano.edu.br\/unidades\/guanambi\/wp-json\/wp\/v2\/pages\/5634\/revisions\/17092"}],"up":[{"embeddable":true,"href":"https:\/\/www.ifbaiano.edu.br\/unidades\/guanambi\/wp-json\/wp\/v2\/pages\/5614"}],"wp:attachment":[{"href":"https:\/\/www.ifbaiano.edu.br\/unidades\/guanambi\/wp-json\/wp\/v2\/media?parent=5634"}],"curies":[{"name":"wp","href":"https:\/\/api.w.org\/{rel}","templated":true}]}}