{"id":5649,"date":"2016-12-14T22:33:15","date_gmt":"2016-12-14T22:33:15","guid":{"rendered":"http:\/\/www.ifbaiano.edu.br\/unidades\/guanambi\/?page_id=5649"},"modified":"2022-04-25T08:24:08","modified_gmt":"2022-04-25T11:24:08","slug":"diretoria-administrativa","status":"publish","type":"page","link":"https:\/\/www.ifbaiano.edu.br\/unidades\/guanambi\/diretoria-administrativa\/","title":{"rendered":"Diretoria Administrativa"},"content":{"rendered":"<ul>\n<li><strong>DIRETORIA ADMINISTRATIVA<\/strong> &#8211; Dreiser Silveira Gomes<\/li>\n<\/ul>\n<ul>\n<li>Coordena\u00e7\u00e3o Financeira e Cont\u00e1bil &#8211;\u00a0Marcelo Gomes<\/li>\n<li>\u00a0\u00a0\u00a0 \u00a0\u00a0\u00a0 N\u00facleo de Execu\u00e7\u00e3o Or\u00e7ament\u00e1ria e Financeira &#8211; Benevaldo Pereira Costa<\/li>\n<li>\u00a0\u00a0\u00a0 \u00a0\u00a0\u00a0 N\u00facleo de Contratos &#8211; Edilson Rodrigues Coqueiro<\/li>\n<li>\u00a0\u00a0\u00a0 \u00a0\u00a0\u00a0 N\u00facleo de Licita\u00e7\u00e3o &#8211;<\/li>\n<li>\u00a0\u00a0\u00a0 \u00a0\u00a0\u00a0 N\u00facleo de Compras &#8211;<\/li>\n<li>\u00a0 \u00a0 \u00a0 \u00a0 N\u00facleo de Patrim\u00f4nio &#8211;\u00a0Rog\u00e9rio Brito Santana Pires<\/li>\n<li>Coordena\u00e7\u00e3o de Suprimento e Log\u00edstica &#8211; Edna Rodrigues Mon\u00e7\u00e3o<\/li>\n<li>\u00a0\u00a0\u00a0 \u00a0\u00a0\u00a0 Setor Almoxarifado &#8211; Marco T\u00falio Fraga da Silva<\/li>\n<li>\u00a0\u00a0\u00a0 \u00a0\u00a0\u00a0 Setor Servi\u00e7os Gerais &#8211; Jos\u00e9 Germano de Souza Silva<\/li>\n<li>\u00a0\u00a0\u00a0 \u00a0\u00a0\u00a0 Setor de Transporte &#8211; Ronaldo dos Santos<\/li>\n<\/ul>\n","protected":false},"excerpt":{"rendered":"<p>DIRETORIA ADMINISTRATIVA &#8211; Dreiser Silveira Gomes Coordena\u00e7\u00e3o Financeira e Cont\u00e1bil &#8211;\u00a0Marcelo Gomes \u00a0\u00a0\u00a0 \u00a0\u00a0\u00a0 N\u00facleo de Execu\u00e7\u00e3o Or\u00e7ament\u00e1ria e Financeira &#8211; Benevaldo Pereira Costa \u00a0\u00a0\u00a0 \u00a0\u00a0\u00a0 N\u00facleo de Contratos &#8211; Edilson Rodrigues Coqueiro \u00a0\u00a0\u00a0 \u00a0\u00a0\u00a0 N\u00facleo de Licita\u00e7\u00e3o &#8211; \u00a0\u00a0\u00a0 \u00a0\u00a0\u00a0 N\u00facleo de Compras &#8211; \u00a0 \u00a0 \u00a0 \u00a0 N\u00facleo de Patrim\u00f4nio &#8211;\u00a0Rog\u00e9rio Brito Santana [&hellip;]<\/p>\n","protected":false},"author":75,"featured_media":0,"parent":0,"menu_order":0,"comment_status":"closed","ping_status":"closed","template":"","meta":[],"_links":{"self":[{"href":"https:\/\/www.ifbaiano.edu.br\/unidades\/guanambi\/wp-json\/wp\/v2\/pages\/5649"}],"collection":[{"href":"https:\/\/www.ifbaiano.edu.br\/unidades\/guanambi\/wp-json\/wp\/v2\/pages"}],"about":[{"href":"https:\/\/www.ifbaiano.edu.br\/unidades\/guanambi\/wp-json\/wp\/v2\/types\/page"}],"author":[{"embeddable":true,"href":"https:\/\/www.ifbaiano.edu.br\/unidades\/guanambi\/wp-json\/wp\/v2\/users\/75"}],"replies":[{"embeddable":true,"href":"https:\/\/www.ifbaiano.edu.br\/unidades\/guanambi\/wp-json\/wp\/v2\/comments?post=5649"}],"version-history":[{"count":4,"href":"https:\/\/www.ifbaiano.edu.br\/unidades\/guanambi\/wp-json\/wp\/v2\/pages\/5649\/revisions"}],"predecessor-version":[{"id":10771,"href":"https:\/\/www.ifbaiano.edu.br\/unidades\/guanambi\/wp-json\/wp\/v2\/pages\/5649\/revisions\/10771"}],"wp:attachment":[{"href":"https:\/\/www.ifbaiano.edu.br\/unidades\/guanambi\/wp-json\/wp\/v2\/media?parent=5649"}],"curies":[{"name":"wp","href":"https:\/\/api.w.org\/{rel}","templated":true}]}}