{"id":5756,"date":"2016-12-20T12:20:26","date_gmt":"2016-12-20T12:20:26","guid":{"rendered":"http:\/\/www.ifbaiano.edu.br\/unidades\/guanambi\/?page_id=5756"},"modified":"2022-02-11T09:35:22","modified_gmt":"2022-02-11T12:35:22","slug":"tecnico-em-informatica-para-internet","status":"publish","type":"page","link":"https:\/\/www.ifbaiano.edu.br\/unidades\/guanambi\/tecnico-em-informatica-para-internet\/","title":{"rendered":"T\u00e9cnico em Inform\u00e1tica para Internet"},"content":{"rendered":"<p style=\"text-align: justify\">O curso T\u00e9cnico em Inform\u00e1tica para Internet, Integrado ao Ensino M\u00e9dio, destina-se a pessoas que conclu\u00edram ao 9\u00ba ano do Ensino Fundamental e que procuram forma\u00e7\u00e3o t\u00e9cnica associada \u00e0 forma\u00e7\u00e3o de n\u00edvel m\u00e9dio. Com uma dura\u00e7\u00e3o m\u00ednima de 3 (tr\u00eas) anos, cursada em per\u00edodo integral diurno, com carga hor\u00e1ria total de\u00a03520 horas.<\/p>\n<p><a href=\"http:\/\/web02.guanambi.ifbaiano.edu.br\/horarios\/Cursos\/CURSO%20T%c3%89CNICO%20EM%20INFORM%c3%81TICA%20PARA%20INTERNET%20INTEGRADO%20AO%20ENSINO%20M%c3%89DIO.pdf\" target=\"_blank\" rel=\"noopener\">Hor\u00e1rios de Aulas<\/a><\/p>\n<p><a href=\"_wp_link_placeholder\" data-wplink-edit=\"true\">PPC (2021)<\/a><\/p>\n<p><a href=\"http:\/\/www.ifbaiano.edu.br\/unidades\/guanambi\/files\/2016\/12\/Resolu\u00e7\u00e3o-60-2016_Ratificou-a-Resolu\u00e7ao-n\u00ba-42.2016.pdf\">Resolu\u00e7\u00e3o\u00a0n\u00ba 60\/2016_Ratificou a Resolu\u00e7\u00e3o n\u00ba42\/2016<\/a><\/p>\n\n\n<div class=\"wp-block-file\"><a href=\"https:\/\/www.ifbaiano.edu.br\/unidades\/guanambi\/files\/2022\/02\/PPC-Informatica-para-Internet.pdf\">PPC &#8211; Inform\u00e1tica para Internet<\/a><a href=\"https:\/\/www.ifbaiano.edu.br\/unidades\/guanambi\/files\/2022\/02\/PPC-Informatica-para-Internet.pdf\" class=\"wp-block-file__button\" download><\/a><\/div>\n","protected":false},"excerpt":{"rendered":"<p>O curso T\u00e9cnico em Inform\u00e1tica para Internet, Integrado ao Ensino M\u00e9dio, destina-se a pessoas que conclu\u00edram ao 9\u00ba ano do Ensino Fundamental e que procuram forma\u00e7\u00e3o t\u00e9cnica associada \u00e0 forma\u00e7\u00e3o de n\u00edvel m\u00e9dio. Com uma dura\u00e7\u00e3o m\u00ednima de 3 (tr\u00eas) anos, cursada em per\u00edodo integral diurno, com carga hor\u00e1ria total de\u00a03520 horas. Hor\u00e1rios de Aulas [&hellip;]<\/p>\n","protected":false},"author":75,"featured_media":0,"parent":0,"menu_order":0,"comment_status":"closed","ping_status":"closed","template":"","meta":[],"_links":{"self":[{"href":"https:\/\/www.ifbaiano.edu.br\/unidades\/guanambi\/wp-json\/wp\/v2\/pages\/5756"}],"collection":[{"href":"https:\/\/www.ifbaiano.edu.br\/unidades\/guanambi\/wp-json\/wp\/v2\/pages"}],"about":[{"href":"https:\/\/www.ifbaiano.edu.br\/unidades\/guanambi\/wp-json\/wp\/v2\/types\/page"}],"author":[{"embeddable":true,"href":"https:\/\/www.ifbaiano.edu.br\/unidades\/guanambi\/wp-json\/wp\/v2\/users\/75"}],"replies":[{"embeddable":true,"href":"https:\/\/www.ifbaiano.edu.br\/unidades\/guanambi\/wp-json\/wp\/v2\/comments?post=5756"}],"version-history":[{"count":4,"href":"https:\/\/www.ifbaiano.edu.br\/unidades\/guanambi\/wp-json\/wp\/v2\/pages\/5756\/revisions"}],"predecessor-version":[{"id":10571,"href":"https:\/\/www.ifbaiano.edu.br\/unidades\/guanambi\/wp-json\/wp\/v2\/pages\/5756\/revisions\/10571"}],"wp:attachment":[{"href":"https:\/\/www.ifbaiano.edu.br\/unidades\/guanambi\/wp-json\/wp\/v2\/media?parent=5756"}],"curies":[{"name":"wp","href":"https:\/\/api.w.org\/{rel}","templated":true}]}}