{"id":59,"date":"2011-05-18T19:24:54","date_gmt":"2011-05-18T19:24:54","guid":{"rendered":"http:\/\/localhost\/unidades\/bonfim\/?page_id=59"},"modified":"2022-03-18T09:11:45","modified_gmt":"2022-03-18T12:11:45","slug":"agricultura","status":"publish","type":"page","link":"https:\/\/www.ifbaiano.edu.br\/unidades\/guanambi\/agricultura\/","title":{"rendered":"T\u00e9cnico em Agricultura"},"content":{"rendered":"<p style=\"text-align: justify\">O curso P\u00f3s m\u00e9dio em Agricultura, implantado em fevereiro de 2000, \u00e9 voltado para jovens e adultos que conclu\u00edram o ensino m\u00e9dio e que buscam forma\u00e7\u00e3o t\u00e9cnica na \u00e1rea de Agricultura ou que procuram oportunidades de qualifica\u00e7\u00e3o e requalifica\u00e7\u00e3o em menor tempo, (1) um ano e meio. O curso est\u00e1 organizado em tr\u00eas per\u00edodos: O primeiro \u00e9 b\u00e1sico sendo ministradas disciplinas como Introdu\u00e7\u00e3o \u00e0 Agricultura, Reda\u00e7\u00e3o Cient\u00edfica, Gest\u00e3o Rural, Constru\u00e7\u00f5es e Instala\u00e7\u00f5es Rurais, Inform\u00e1tica Aplicada, dentre outras. No segundo e terceiro per\u00edodos, o aluno cursar\u00e1 disciplinas como: Fertilidade do Solo e Nutri\u00e7\u00e3o de Plantas, Olericultura, Culturas Anuais e Perenes, Mecaniza\u00e7\u00e3o, Agroind\u00fastria, Projeto Integrador I, Fruticultura, Fitossanidade, Irriga\u00e7\u00e3o e Drenagem, Extens\u00e3o e Desenvolvimento Rural , Projeto Integrador II e Topografia.<\/p>\n<p style=\"text-align: justify\">Compete ao T\u00e9cnico P\u00f3s M\u00e9dio em Agricultura: promover a\u00e7\u00f5es para a implanta\u00e7\u00e3o de cooperativas rurais; atuar em sindicatos, empresas rurais e institui\u00e7\u00f5es p\u00fablicas prestando assessoria e assist\u00eancia t\u00e9cnica; planejar e executar projetos na \u00e1rea de produ\u00e7\u00e3o de mudas e sementes; orientar tecnicamente agricultores sobre procedimentos na \u00e1rea de aduba\u00e7\u00f5es e controle de pragas, doen\u00e7as e plantas daninhas; realizar levantamentos topogr\u00e1ficos; elaborar, acompanhar e avaliar projetos agr\u00edcolas; organizar e monitorar a explora\u00e7\u00e3o e manejo do solo de acordo com as suas caracter\u00edsticas e aptid\u00e3o agr\u00edcola; planejar e acompanhar a colheita e a p\u00f3s-colheira.<\/p>\n<p style=\"text-align: justify\">DURA\u00c7\u00c3O M\u00cdNIMA: 1 Ano e Meio<br \/>\nTURNO DE FUNCIONAMENTO: Diurno<br \/>\nCARGA HOR\u00c1RIA: 1.200 Horas + 200 Horas de Est\u00e1gio<\/p>\n<p style=\"text-align: justify\"><a href=\"http:\/\/www.ifbaiano.edu.br\/unidades\/guanambi\/files\/2011\/05\/PROJETO-PEDAG\u00d3GICO-DE-CURSO-T\u00c9CNICO-EM-AGRICULTURA-2016-GUANAMBI.pdf\" target=\"_blank\" rel=\"noopener\">Projeto Pedag\u00f3gico<\/a><\/p>\n<p style=\"text-align: justify\"><a href=\"http:\/\/www.ifbaiano.edu.br\/unidades\/guanambi\/files\/2011\/05\/Resolu\u00e7\u00e3o-41-2016-Aprovou-a-Reformula\u00e7\u00e3o-dos-Projetos-Pedag\u00f3gicos-de-Cursos-da-Educa\u00e7.pdf\" target=\"_blank\" rel=\"noopener\">Resolu\u00e7\u00e3o de Reformula\u00e7\u00e3o de Projeto Pedag\u00f3gico<\/a><\/p>\n<p style=\"text-align: justify\"><a href=\"https:\/\/www.ifbaiano.edu.br\/unidades\/guanambi\/files\/2022\/03\/Horario-do-Curso-Tecnico-em-Agricultura-2021.2.pdf\" target=\"_blank\" rel=\"noopener\">Hor\u00e1rios de Aulas<\/a><\/p>\n<p style=\"text-align: justify\"><a href=\"http:\/\/www.ifbaiano.edu.br\/unidades\/guanambi\/files\/2011\/05\/PORTARIA-DJALMA.pdf\" target=\"_blank\" rel=\"noopener\">Portaria do Coordenador<\/a><\/p>\n<p style=\"text-align: justify\"><a href=\"http:\/\/www.ifbaiano.edu.br\/unidades\/guanambi\/estagio-2\/\" target=\"_blank\" rel=\"noopener\">Documenta\u00e7\u00e3o de\u00a0Est\u00e1gio<\/a><\/p>\n<h3 style=\"text-align: justify\"><a href=\"http:\/\/www.ifbaiano.edu.br\/unidades\/guanambi\/fotos-agricultura\/\">Fotos do Curso<\/a><\/h3>\n","protected":false},"excerpt":{"rendered":"<p>O curso P\u00f3s m\u00e9dio em Agricultura, implantado em fevereiro de 2000, \u00e9 voltado para jovens e adultos que conclu\u00edram o ensino m\u00e9dio e que buscam forma\u00e7\u00e3o t\u00e9cnica na \u00e1rea de Agricultura ou que procuram oportunidades de qualifica\u00e7\u00e3o e requalifica\u00e7\u00e3o em menor tempo, (1) um ano e meio. O curso est\u00e1 organizado em tr\u00eas per\u00edodos: O [&hellip;]<\/p>\n","protected":false},"author":1,"featured_media":0,"parent":0,"menu_order":0,"comment_status":"closed","ping_status":"closed","template":"","meta":[],"_links":{"self":[{"href":"https:\/\/www.ifbaiano.edu.br\/unidades\/guanambi\/wp-json\/wp\/v2\/pages\/59"}],"collection":[{"href":"https:\/\/www.ifbaiano.edu.br\/unidades\/guanambi\/wp-json\/wp\/v2\/pages"}],"about":[{"href":"https:\/\/www.ifbaiano.edu.br\/unidades\/guanambi\/wp-json\/wp\/v2\/types\/page"}],"author":[{"embeddable":true,"href":"https:\/\/www.ifbaiano.edu.br\/unidades\/guanambi\/wp-json\/wp\/v2\/users\/1"}],"replies":[{"embeddable":true,"href":"https:\/\/www.ifbaiano.edu.br\/unidades\/guanambi\/wp-json\/wp\/v2\/comments?post=59"}],"version-history":[{"count":17,"href":"https:\/\/www.ifbaiano.edu.br\/unidades\/guanambi\/wp-json\/wp\/v2\/pages\/59\/revisions"}],"predecessor-version":[{"id":10663,"href":"https:\/\/www.ifbaiano.edu.br\/unidades\/guanambi\/wp-json\/wp\/v2\/pages\/59\/revisions\/10663"}],"wp:attachment":[{"href":"https:\/\/www.ifbaiano.edu.br\/unidades\/guanambi\/wp-json\/wp\/v2\/media?parent=59"}],"curies":[{"name":"wp","href":"https:\/\/api.w.org\/{rel}","templated":true}]}}