{"id":5943,"date":"2017-02-17T01:27:14","date_gmt":"2017-02-17T04:27:14","guid":{"rendered":"http:\/\/www.ifbaiano.edu.br\/unidades\/guanambi\/?page_id=5943"},"modified":"2025-04-23T16:02:31","modified_gmt":"2025-04-23T19:02:31","slug":"cpa","status":"publish","type":"page","link":"https:\/\/www.ifbaiano.edu.br\/unidades\/guanambi\/cpa\/","title":{"rendered":"CPA"},"content":{"rendered":"<div class=\"wp-block-image\">\n<figure class=\"aligncenter\"><a href=\"http:\/\/www.ifbaiano.edu.br\/unidades\/guanambi\/files\/2017\/02\/cpa_campus-do-Guanambi.jpg\"><img decoding=\"async\" loading=\"lazy\" width=\"690\" height=\"242\" src=\"http:\/\/www.ifbaiano.edu.br\/unidades\/guanambi\/files\/2017\/02\/cpa_campus-do-Guanambi.jpg\" alt=\"cpa_campus do Guanambi\" class=\"wp-image-5945\" \/><\/a><\/figure><\/div>\n\n\n<h3 class=\"wp-block-heading\"><strong>Apresenta\u00e7\u00e3o<\/strong><\/h3>\n\n\n\n<p>A Comiss\u00e3o Pr\u00f3pria de Avalia\u00e7\u00e3o (CPA) \u00e9 respons\u00e1vel pela condu\u00e7\u00e3o dos processos de autoavalia\u00e7\u00e3o institucional no IF Baiano \u2013 Campus Guanambi, conforme o Sistema Nacional de Avalia\u00e7\u00e3o da Educa\u00e7\u00e3o Superior (SINAES), institu\u00eddo pela Lei n\u00ba 10.861\/2004.<\/p>\n\n\n\n<h3 class=\"wp-block-heading\"><strong>Objetivos da CPA<\/strong><\/h3>\n\n\n\n<ul>\n<li>Coletar dados institucionais;<\/li>\n\n\n\n<li>Sistematizar e analisar informa\u00e7\u00f5es;<\/li>\n\n\n\n<li>Refletir coletivamente sobre os processos institucionais;<\/li>\n\n\n\n<li>Identificar pontos fortes, fracos e potencialidades;<\/li>\n\n\n\n<li>Promover a melhoria cont\u00ednua da qualidade da educa\u00e7\u00e3o superior.<\/li>\n<\/ul>\n\n\n\n<h3 class=\"wp-block-heading\"><strong>O que \u00e9 a Autoavalia\u00e7\u00e3o?<\/strong><\/h3>\n\n\n\n<p>\u00c9 um processo cont\u00ednuo de reflex\u00e3o da institui\u00e7\u00e3o sobre si mesma. Por meio dela, \u00e9 poss\u00edvel construir conhecimento sobre a realidade institucional, avaliando processos internos e externos com foco na qualidade e relev\u00e2ncia social da educa\u00e7\u00e3o.<\/p>\n\n\n\n<h3 class=\"wp-block-heading\"><strong>&nbsp;O que a CPA avalia?<\/strong><\/h3>\n\n\n\n<p>A CPA realiza avalia\u00e7\u00f5es abrangentes com base nas dimens\u00f5es do SINAES, contemplando:<\/p>\n\n\n\n<ul>\n<li>Gest\u00e3o institucional;<\/li>\n\n\n\n<li>Ensino, pesquisa e extens\u00e3o;<\/li>\n\n\n\n<li>Infraestrutura;<\/li>\n\n\n\n<li>Corpo docente, t\u00e9cnico-administrativo e discente.<\/li>\n<\/ul>\n\n\n\n<h3 class=\"wp-block-heading\"><strong>&nbsp;<\/strong><strong>Quem participa?<\/strong><\/h3>\n\n\n\n<p>Todos os segmentos da comunidade acad\u00eamica:<\/p>\n\n\n\n<ul>\n<li>Docentes;<\/li>\n\n\n\n<li>T\u00e9cnicos administrativos<\/li>\n\n\n\n<li>Discentes;<\/li>\n\n\n\n<li>Sociedade civil.<\/li>\n<\/ul>\n\n\n\n<h3 class=\"wp-block-heading\"><strong>Membros da CPA (Mandato 2024\u20132026)<\/strong><\/h3>\n\n\n\n<figure class=\"wp-block-table\"><table><tbody><tr><td><strong>Representantes\/Segmento<\/strong><\/td><td><strong>Titular<\/strong><\/td><td><strong>Suplente<\/strong><\/td><\/tr><tr><td>Docente<\/td><td>Paula Patr\u00edcia Oliveira da Silva<\/td><td>Felizarda Viana Beb\u00e9<\/td><\/tr><tr><td>T\u00e9cnico-Administrativo<\/td><td>Jadson Costa Silva<\/td><td>Edilson Rodrigues Coqueiro<\/td><\/tr><tr><td>Discente \u2013 Educa\u00e7\u00e3o Superior<\/td><td>Giovanna Dias Oliveira Laranjeira<\/td><td>J\u00falia St\u00e9fany Rocha Carvalho<\/td><\/tr><tr><td>Discente \u2013 EPTNM<\/td><td>Dayse Kelly Rodrigues Batista<\/td><td>Vin\u00edcius Morais de Souza<\/td><\/tr><tr><td>Sociedade Civil<\/td><td>Marly Eva Pereira Bernardo Lima <\/td><td>Eurisberto Vieira de Aquino<\/td><\/tr><\/tbody><\/table><\/figure>\n\n\n\n<h3 class=\"wp-block-heading\"><strong>Relat\u00f3rios de Autoavalia\u00e7\u00e3o<\/strong><\/h3>\n\n\n\n<p><a href=\"https:\/\/www.ifbaiano.edu.br\/unidades\/guanambi\/files\/2025\/04\/Relatorio-Parcial-de-Autoavaliacao-Institucional-2024.pdf\">Relat\u00f3rio Parcial de Autoavalia\u00e7\u00e3o Institucional (2024<\/a>)<\/p>\n\n\n\n<p><a href=\"https:\/\/www.ifbaiano.edu.br\/unidades\/guanambi\/files\/2025\/04\/Projeto-de-Autoavaliacao-Institucional-2021-2023-1.pdf\">Relat\u00f3rio Final de Autoavalia\u00e7\u00e3o Institucional (2021-2023)<\/a><\/p>\n\n\n\n<p><a href=\"https:\/\/www.ifbaiano.edu.br\/unidades\/guanambi\/files\/2025\/04\/RELATORIO-DE-AUTOAVALIACAO-INSTITUCIONAL-2022-_-29032023.pdf\">Relat\u00f3rio Parcial de Autoavalia\u00e7\u00e3o Institucional (2022<\/a>)<\/p>\n\n\n\n<p><a href=\"https:\/\/www.ifbaiano.edu.br\/unidades\/guanambi\/files\/2025\/04\/RELATORIO-DE-AUTOAVALIACAO-2022-REVISADO-1.pdf\">Relat\u00f3rio Parcial de Autoavalia\u00e7\u00e3o Institucional (2021<\/a>)<\/p>\n\n\n\n<h3 class=\"wp-block-heading\"><strong>Documentos Oficiais e Referenciais da CPA Central<\/strong><\/h3>\n\n\n\n<p><a rel=\"noopener\" href=\"http:\/\/ifbaiano.edu.br\/portal\/comissoes\/comissao-propria-de-avaliacao\/\" target=\"_blank\">Normas, projetos, relat\u00f3rios e registros do processo de autoavalia\u00e7\u00e3o institucional <\/a><\/p>\n\n\n\n<h3 class=\"wp-block-heading\"><strong>Atribui\u00e7\u00f5es da CPA no IF Baiano<\/strong><\/h3>\n\n\n\n<p><a href=\"https:\/\/www.ifbaiano.edu.br\/unidades\/guanambi\/files\/2025\/04\/artigo_8_resolucao_14_IFBaiano.pdf\">Artigo 8\u00ba da&nbsp;Resolu\u00e7\u00e3o n\u00ba 14, de 12 de Junho 2015 do IF BAIANO<\/a><\/p>\n\n\n\n<h3 class=\"wp-block-heading\"><strong>Contato<\/strong><\/h3>\n\n\n\n<p>E-mail: <a class=\"\">cpa.local@guanambi.ifbaiano.edu.br<\/a><\/p>\n","protected":false},"excerpt":{"rendered":"<p>Apresenta\u00e7\u00e3o A Comiss\u00e3o Pr\u00f3pria de Avalia\u00e7\u00e3o (CPA) \u00e9 respons\u00e1vel pela condu\u00e7\u00e3o dos processos de autoavalia\u00e7\u00e3o institucional no IF Baiano \u2013 Campus Guanambi, conforme o Sistema Nacional de Avalia\u00e7\u00e3o da Educa\u00e7\u00e3o Superior (SINAES), institu\u00eddo pela Lei n\u00ba 10.861\/2004. Objetivos da CPA O que \u00e9 a Autoavalia\u00e7\u00e3o? \u00c9 um processo cont\u00ednuo de reflex\u00e3o da institui\u00e7\u00e3o sobre si [&hellip;]<\/p>\n","protected":false},"author":75,"featured_media":0,"parent":0,"menu_order":0,"comment_status":"closed","ping_status":"closed","template":"","meta":[],"_links":{"self":[{"href":"https:\/\/www.ifbaiano.edu.br\/unidades\/guanambi\/wp-json\/wp\/v2\/pages\/5943"}],"collection":[{"href":"https:\/\/www.ifbaiano.edu.br\/unidades\/guanambi\/wp-json\/wp\/v2\/pages"}],"about":[{"href":"https:\/\/www.ifbaiano.edu.br\/unidades\/guanambi\/wp-json\/wp\/v2\/types\/page"}],"author":[{"embeddable":true,"href":"https:\/\/www.ifbaiano.edu.br\/unidades\/guanambi\/wp-json\/wp\/v2\/users\/75"}],"replies":[{"embeddable":true,"href":"https:\/\/www.ifbaiano.edu.br\/unidades\/guanambi\/wp-json\/wp\/v2\/comments?post=5943"}],"version-history":[{"count":59,"href":"https:\/\/www.ifbaiano.edu.br\/unidades\/guanambi\/wp-json\/wp\/v2\/pages\/5943\/revisions"}],"predecessor-version":[{"id":14223,"href":"https:\/\/www.ifbaiano.edu.br\/unidades\/guanambi\/wp-json\/wp\/v2\/pages\/5943\/revisions\/14223"}],"wp:attachment":[{"href":"https:\/\/www.ifbaiano.edu.br\/unidades\/guanambi\/wp-json\/wp\/v2\/media?parent=5943"}],"curies":[{"name":"wp","href":"https:\/\/api.w.org\/{rel}","templated":true}]}}