{"id":5992,"date":"2017-02-20T10:53:33","date_gmt":"2017-02-20T13:53:33","guid":{"rendered":"http:\/\/www.ifbaiano.edu.br\/unidades\/guanambi\/?page_id=5992"},"modified":"2026-03-06T11:09:06","modified_gmt":"2026-03-06T14:09:06","slug":"horarios","status":"publish","type":"page","link":"https:\/\/www.ifbaiano.edu.br\/unidades\/guanambi\/horarios\/","title":{"rendered":"Hor\u00e1rios"},"content":{"rendered":"<div class=\"wp-block-group\">\u00a0<\/div>\n<div style=\"font-family: -apple-system, BlinkMacSystemFont, 'Segoe UI', Roboto, Helvetica, Arial, sans-serif;line-height: 1.6;color: #333\">Nesta p\u00e1gina voc\u00ea encontra os hor\u00e1rios de aulas do Campus Guanambi, organizados por curso e semestre.\n<p>\u00a0<\/p>\n<h2 style=\"font-size: 1.75rem;color: #2f4f4f;margin-top: 1.5rem;border-bottom: 2px solid #e0e0e0;padding-bottom: 0.5rem\">Hor\u00e1rios de Aulas por Curso e N\u00edvel de Ensino<\/h2>\n<div style=\"flex: 1;min-width: 300px;margin-bottom: 20px\">\n<h3 style=\"font-size: 1.5rem;color: #333333;font-weight: 600;margin-bottom: 1rem;margin-top: 0px;text-align: left;border-bottom: 2px solid #1b4336;padding-bottom: 5px\">Integrado<\/h3>\n<details style=\"border: 1px solid #e0e0e0;border-radius: 5px;margin-bottom: 10px;overflow: hidden\" open=\"open\">\n<summary style=\"padding: 12px 15px;cursor: pointer;font-weight: bold;background-color: #1b4336;color: white\">Curso T\u00e9cnico em Agroind\u00fastria<\/summary>\n<p><a href=\"https:\/\/www.ifbaiano.edu.br\/unidades\/guanambi\/files\/2026\/03\/AGROINDUSTRIA.pdf\">HOR\u00c1RIO 2026 &#8211; AGROIND\u00daSTRIA<\/a><\/p>\n<\/details><details style=\"border: 1px solid #e0e0e0;border-radius: 5px;margin-bottom: 10px;overflow: hidden\" open=\"open\">\n<summary style=\"padding: 12px 15px;cursor: pointer;font-weight: bold;background-color: #046852;color: white\">Curso T\u00e9cnico em Agropecu\u00e1ria<\/summary>\n<p><a href=\"https:\/\/www.ifbaiano.edu.br\/unidades\/guanambi\/files\/2026\/02\/AGROPECUARIA.pdf\">HOR\u00c1RIO 2026 &#8211; AGROPECU\u00c1RIA<\/a><\/p>\n<\/details><details style=\"border: 1px solid #e0e0e0;border-radius: 5px;margin-bottom: 10px;overflow: hidden\" open=\"open\">\n<summary style=\"padding: 12px 15px;cursor: pointer;font-weight: bold;background-color: #049470;color: white\">Curso T\u00e9cnico em Inform\u00e1tica para Internet<\/summary>\n<p><a href=\"https:\/\/www.ifbaiano.edu.br\/unidades\/guanambi\/files\/2026\/02\/INFORMATICA-PARA-INTERNET.pdf\">HOR\u00c1RIO 2026 &#8211; INFORM\u00c1TICA PARA INTERNET<\/a><\/p>\n<\/details><\/div>\n<div style=\"flex: 1;min-width: 300px;margin-bottom: 20px;padding-right: 10px\">\n<h3 style=\"font-size: 1.5rem;color: #333333;font-weight: 600;margin-bottom: 1rem;margin-top: 0px;text-align: left;border-bottom: 2px solid #115c61;padding-bottom: 5px\">Subsequente<\/h3>\n<details style=\"border: 1px solid #e0e0e0;border-radius: 5px;margin-bottom: 10px;overflow: hidden\" open=\"open\">\n<summary style=\"padding: 12px 15px;cursor: pointer;font-weight: bold;background-color: #0e5663;color: white\">Curso T\u00e9cnico em Agricultura<\/summary>\n<p><a href=\"https:\/\/www.ifbaiano.edu.br\/unidades\/guanambi\/files\/2026\/02\/AGRICULTURA.pdf\">HOR\u00c1RIO 2026 &#8211; AGRICULTURA<\/a><\/p>\n<\/details><details style=\"border: 1px solid #e0e0e0;border-radius: 5px;margin-bottom: 10px;overflow: hidden\" open=\"open\">\n<summary style=\"padding: 12px 15px;cursor: pointer;font-weight: bold;background-color: #147586;color: white\">Curso T\u00e9cnico em Zootecnia<\/summary>\n<p><a href=\"https:\/\/www.ifbaiano.edu.br\/unidades\/guanambi\/files\/2026\/02\/ZOOTECNIA.pdf\">HOR\u00c1RIO 2026 &#8211; ZOOTECNIA<\/a><\/p>\n<\/details><\/div>\n<div style=\"flex: 1;min-width: 300px;margin-bottom: 20px;padding-right: 10px\">\n<h3 style=\"font-size: 1.5rem;color: #333333;font-weight: 600;margin-bottom: 1rem;margin-top: 0px;text-align: left;border-bottom: 2px solid #2a1977;padding-bottom: 5px\">Ensino Superior<\/h3>\n<details style=\"border: 1px solid #e0e0e0;border-radius: 5px;margin-bottom: 10px;overflow: hidden\" open=\"open\">\n<summary style=\"padding: 12px 15px;cursor: pointer;font-weight: bold;background-color: #2a1977;color: white\">Engenharia Agron\u00f4mica<\/summary>\n<p><a href=\"https:\/\/www.ifbaiano.edu.br\/unidades\/guanambi\/files\/2026\/02\/ENGENHARIA-AGRONOMICA.pdf\">HOR\u00c1RIO 2026 &#8211; ENGENHARIA AGRON\u00d4MICA<\/a><\/p>\n<\/details><details style=\"border: 1px solid #e0e0e0;border-radius: 5px;margin-bottom: 10px;overflow: hidden\" open=\"open\">\n<summary style=\"padding: 12px 15px;cursor: pointer;font-weight: bold;background-color: #2e1b80;color: white\">Licenciatura em Ci\u00eancias Biol\u00f3gicas<\/summary>\n<p><a href=\"https:\/\/www.ifbaiano.edu.br\/unidades\/guanambi\/files\/2026\/02\/BIOLOGIA.pdf\">HOR\u00c1RIO 2026 &#8211; CI\u00caNCIAS BIOL\u00d3GICAS<\/a><\/p>\n<\/details><details style=\"border: 1px solid #e0e0e0;border-radius: 5px;margin-bottom: 10px;overflow: hidden\" open=\"open\">\n<summary style=\"padding: 12px 15px;cursor: pointer;font-weight: bold;background-color: #212b88;color: white\">Licenciatura em Qu\u00edmica<\/summary>\n<p><a href=\"https:\/\/www.ifbaiano.edu.br\/unidades\/guanambi\/files\/2026\/03\/QUIMICA.pdf\">HOR\u00c1RIO 2026 &#8211; LICENCIATURA EM QU\u00cdMICA<\/a><\/p>\n<\/details><details style=\"border: 1px solid #e0e0e0;border-radius: 5px;margin-bottom: 10px;overflow: hidden\" open=\"open\">\n<summary style=\"padding: 12px 15px;cursor: pointer;font-weight: bold;background-color: #1f508f;color: white\">Tecnologia em Agroind\u00fastria<\/summary>\n<p><a href=\"https:\/\/www.ifbaiano.edu.br\/unidades\/guanambi\/files\/2026\/02\/AGROINDUSTRIA-1.pdf\">HOR\u00c1RIO 2026 &#8211; AGROIND\u00daSTRIA<\/a><\/p>\n<\/details><details style=\"border: 1px solid #e0e0e0;border-radius: 5px;margin-bottom: 10px;overflow: hidden\" open=\"open\">\n<summary style=\"padding: 12px 15px;cursor: pointer;font-weight: bold;background-color: #337a9b;color: white\">Tecnologia em An\u00e1lise e Desenvolvimento de Sistemas<\/summary>\n<p><a href=\"https:\/\/www.ifbaiano.edu.br\/unidades\/guanambi\/files\/2026\/02\/ADS.pdf\">HOR\u00c1RIO 2026 &#8211; ADS<\/a><\/p>\n<\/details><\/div>\n<\/div>\n<h2 style=\"font-size: 1.75rem;color: #2f4f4f;margin-top: 2.5rem;border-bottom: 2px solid #e0e0e0;padding-bottom: 0.5rem\">Hor\u00e1rios de Aulas por Professor(a)<\/h2>\n<h3 style=\"font-size: 1.2rem;color: #333;margin-top: 2rem;font-weight: 600\"><a style=\"text-decoration: none;color: #0073aa\" href=\"https:\/\/www.ifbaiano.edu.br\/unidades\/guanambi\/?page_id=15192\" target=\"_blank\" rel=\"noopener\"><br \/>\u27a1 Clique aqui para acessar os hor\u00e1rios por professor(a)<br \/><\/a><\/h3>\n\n\n<h2 class=\"wp-block-heading\">Hor\u00e1rio Ambiente<\/h2>\n\n\n\n<p><a href=\"https:\/\/www.ifbaiano.edu.br\/unidades\/guanambi\/files\/2026\/01\/2.-HORARIO-AMBIENTE-2026-6.pdf\" target=\"_blank\" rel=\"noreferrer noopener\">Hor\u00e1rio Ambiente 2026<\/a><\/p>\n\n\n\n<h2 class=\"wp-block-heading\">Carga Hor\u00e1ria Docente por \u00c1rea<\/h2>\n\n\n\n<p><a href=\"https:\/\/www.ifbaiano.edu.br\/unidades\/guanambi\/files\/2026\/01\/1-CARGA-HORARIA-DOCENTE-POR-AREA-2.pdf\">C<\/a><a href=\"https:\/\/www.ifbaiano.edu.br\/unidades\/guanambi\/files\/2026\/01\/1-CARGA-HORARIA-DOCENTE-POR-AREA-3.pdf\">arga hor\u00e1ria docente por \u00e1rea<\/a><\/p>\n","protected":false},"excerpt":{"rendered":"<p>\u00a0 Nesta p\u00e1gina voc\u00ea encontra os hor\u00e1rios de aulas do Campus Guanambi, organizados por curso e semestre. \u00a0 Hor\u00e1rios de Aulas por Curso e N\u00edvel de Ensino Integrado Curso T\u00e9cnico em Agroind\u00fastria HOR\u00c1RIO 2026 &#8211; AGROIND\u00daSTRIA Curso T\u00e9cnico em Agropecu\u00e1ria HOR\u00c1RIO 2026 &#8211; AGROPECU\u00c1RIA Curso T\u00e9cnico em Inform\u00e1tica para Internet HOR\u00c1RIO 2026 &#8211; INFORM\u00c1TICA PARA [&hellip;]<\/p>\n","protected":false},"author":75,"featured_media":0,"parent":0,"menu_order":0,"comment_status":"closed","ping_status":"closed","template":"","meta":[],"_links":{"self":[{"href":"https:\/\/www.ifbaiano.edu.br\/unidades\/guanambi\/wp-json\/wp\/v2\/pages\/5992"}],"collection":[{"href":"https:\/\/www.ifbaiano.edu.br\/unidades\/guanambi\/wp-json\/wp\/v2\/pages"}],"about":[{"href":"https:\/\/www.ifbaiano.edu.br\/unidades\/guanambi\/wp-json\/wp\/v2\/types\/page"}],"author":[{"embeddable":true,"href":"https:\/\/www.ifbaiano.edu.br\/unidades\/guanambi\/wp-json\/wp\/v2\/users\/75"}],"replies":[{"embeddable":true,"href":"https:\/\/www.ifbaiano.edu.br\/unidades\/guanambi\/wp-json\/wp\/v2\/comments?post=5992"}],"version-history":[{"count":264,"href":"https:\/\/www.ifbaiano.edu.br\/unidades\/guanambi\/wp-json\/wp\/v2\/pages\/5992\/revisions"}],"predecessor-version":[{"id":16827,"href":"https:\/\/www.ifbaiano.edu.br\/unidades\/guanambi\/wp-json\/wp\/v2\/pages\/5992\/revisions\/16827"}],"wp:attachment":[{"href":"https:\/\/www.ifbaiano.edu.br\/unidades\/guanambi\/wp-json\/wp\/v2\/media?parent=5992"}],"curies":[{"name":"wp","href":"https:\/\/api.w.org\/{rel}","templated":true}]}}