{"id":6001,"date":"2017-02-20T18:14:45","date_gmt":"2017-02-20T21:14:45","guid":{"rendered":"http:\/\/www.ifbaiano.edu.br\/unidades\/guanambi\/?page_id=6001"},"modified":"2022-04-24T20:48:02","modified_gmt":"2022-04-24T23:48:02","slug":"nucleo-de-comunicacao-e-eventos-2","status":"publish","type":"page","link":"https:\/\/www.ifbaiano.edu.br\/unidades\/guanambi\/nucleo-de-comunicacao-e-eventos-2\/","title":{"rendered":"N\u00facleo de Comunica\u00e7\u00e3o e Eventos"},"content":{"rendered":"<p class=\"western\" align=\"JUSTIFY\">E-mail: <a href=\"mailto:ascom@ifbaiano.edu.br\">ascom@guanambi.ifbaiano.edu.br<\/a><\/p>\n<p class=\"western\" align=\"JUSTIFY\">Tel.: (77) 3493-2100<\/p>\n<p class=\"western\" align=\"JUSTIFY\"><em>Tiago Marques Viana &#8211; tiago.viana@guanambi.ifbaiano.edu.br<\/em><\/p>\n<p align=\"JUSTIFY\">Redes Sociais: <a href=\"https:\/\/www.facebook.com\/ifacontece\" target=\"_blank\" rel=\"noopener\">Facebook<\/a> |<a href=\"https:\/\/www.instagram.com\/ifbaianoguanambi\/\" target=\"_blank\" rel=\"noopener\"> Instagram<\/a> | <a href=\"https:\/\/www.youtube.com\/campusguanambi\" target=\"_blank\" rel=\"noopener\">Youtube<\/a><\/p>\n<p class=\"western\" align=\"JUSTIFY\"><strong>Logomarcas do Campus:<\/strong><\/p>\n<p class=\"western\" align=\"JUSTIFY\"><strong>\u00a0<\/strong><a href=\"http:\/\/ifbaiano.edu.br\/portal\/wp-content\/uploads\/2015\/10\/marcas-if-baiano-campus-guanambi.rar\" target=\"_blank\" rel=\"noopener\">IF Baiano \u2013 Campus Guanambi<\/a>\u00a0(Vers\u00e3o 2015)<\/p>\n<p class=\"western\" align=\"JUSTIFY\">\u00a0<a href=\"http:\/\/www.ifbaiano.edu.br\/reitoria\/wp-content\/uploads\/2012\/05\/manual-marca-nova-if-baiano-2015.pdf\" target=\"_blank\" rel=\"noopener\">Manual de uso da marca \u2013 Edi\u00e7\u00e3o 2015<\/a><\/p>\n<p class=\"western\" align=\"JUSTIFY\">\u00a0<a href=\"http:\/\/www.ifbaiano.edu.br\/unidades\/guanambi\/files\/2017\/02\/marca-if-baiano-campus-guanambi-vertical.jpg\"><img decoding=\"async\" loading=\"lazy\" class=\"alignnone size-medium wp-image-6003\" src=\"http:\/\/www.ifbaiano.edu.br\/unidades\/guanambi\/files\/2017\/02\/marca-if-baiano-campus-guanambi-vertical.jpg\" alt=\"marca-if-baiano-campus-guanambi-vertical\" width=\"300\" height=\"300\" \/><\/a><\/p>\n<p class=\"western\" align=\"JUSTIFY\"><img decoding=\"async\" loading=\"lazy\" class=\"alignnone size-full wp-image-6002\" src=\"http:\/\/www.ifbaiano.edu.br\/unidades\/guanambi\/files\/2017\/02\/marca-if-baiano-campus-guanambi-horizontal.jpg\" alt=\"marca-if-baiano-campus-guanambi-horizontal\" width=\"800\" height=\"400\" \/><\/p>\n","protected":false},"excerpt":{"rendered":"<p>E-mail: ascom@guanambi.ifbaiano.edu.br Tel.: (77) 3493-2100 Tiago Marques Viana &#8211; tiago.viana@guanambi.ifbaiano.edu.br Redes Sociais: Facebook | Instagram | Youtube Logomarcas do Campus: \u00a0IF Baiano \u2013 Campus Guanambi\u00a0(Vers\u00e3o 2015) \u00a0Manual de uso da marca \u2013 Edi\u00e7\u00e3o 2015 \u00a0<\/p>\n","protected":false},"author":75,"featured_media":0,"parent":0,"menu_order":0,"comment_status":"closed","ping_status":"closed","template":"","meta":[],"_links":{"self":[{"href":"https:\/\/www.ifbaiano.edu.br\/unidades\/guanambi\/wp-json\/wp\/v2\/pages\/6001"}],"collection":[{"href":"https:\/\/www.ifbaiano.edu.br\/unidades\/guanambi\/wp-json\/wp\/v2\/pages"}],"about":[{"href":"https:\/\/www.ifbaiano.edu.br\/unidades\/guanambi\/wp-json\/wp\/v2\/types\/page"}],"author":[{"embeddable":true,"href":"https:\/\/www.ifbaiano.edu.br\/unidades\/guanambi\/wp-json\/wp\/v2\/users\/75"}],"replies":[{"embeddable":true,"href":"https:\/\/www.ifbaiano.edu.br\/unidades\/guanambi\/wp-json\/wp\/v2\/comments?post=6001"}],"version-history":[{"count":4,"href":"https:\/\/www.ifbaiano.edu.br\/unidades\/guanambi\/wp-json\/wp\/v2\/pages\/6001\/revisions"}],"predecessor-version":[{"id":10732,"href":"https:\/\/www.ifbaiano.edu.br\/unidades\/guanambi\/wp-json\/wp\/v2\/pages\/6001\/revisions\/10732"}],"wp:attachment":[{"href":"https:\/\/www.ifbaiano.edu.br\/unidades\/guanambi\/wp-json\/wp\/v2\/media?parent=6001"}],"curies":[{"name":"wp","href":"https:\/\/api.w.org\/{rel}","templated":true}]}}