{"id":61,"date":"2011-05-18T19:25:19","date_gmt":"2011-05-18T19:25:19","guid":{"rendered":"http:\/\/localhost\/unidades\/bonfim\/?page_id=61"},"modified":"2018-08-22T10:11:15","modified_gmt":"2018-08-22T13:11:15","slug":"zootecnia","status":"publish","type":"page","link":"https:\/\/www.ifbaiano.edu.br\/unidades\/guanambi\/zootecnia\/","title":{"rendered":"T\u00e9cnico em Zootecnia"},"content":{"rendered":"<p style=\"text-align: justify\">A estrutura do Curso P\u00f3s M\u00e9dio em Zoot\u00e9cnia \u00e9 semelhante ao P\u00f3s M\u00e9dio em Agricultura, sendo por isto, tamb\u00e9m composta de tr\u00eas m\u00f3dulos, com o primeiro b\u00e1sico, com disciplinas como Planejamento e Projeto, Gest\u00e3o, Inform\u00e1tica, Constru\u00e7\u00f5es Rurais, dentre outras. O segundo e terceiro m\u00f3dulos, s\u00e3o voltados para a forma\u00e7\u00e3o t\u00e9cnica do aluno, com disciplinas como: Avicultura, Apicultura, Bovinocultura, Suinocultura, Piscicultura, Cunicultura, Caprino-ovinocultura, Equideocultura e Beneficiamento da produ\u00e7\u00e3o.<\/p>\n<p style=\"text-align: justify\">Compete ao T\u00e9cnico P\u00f3s M\u00e9dio em Zoot\u00e9cnia: desenvolver a capacidade de gerenciar projetos na \u00e1rea zoot\u00e9cnica; promover a redu\u00e7\u00e3o de custos na produ\u00e7\u00e3o; dominar as diversas t\u00e9cnicas na cria\u00e7\u00e3o de animais de pequeno, m\u00e9dio e grande porte; assessorar projetos e promover a forma\u00e7\u00e3o de cooperativas; auxiliar em trabalhos de pesquisa; analisar a situa\u00e7\u00e3o t\u00e9cnica, econ\u00f4mica e social da Regi\u00e3o onde estiver inserido, identificando as atividades peculiares da \u00e1rea a serem implantadas; os programas de nutri\u00e7\u00e3o e manejo alimentar; aplicar m\u00e9todos e programas de reprodu\u00e7\u00e3o animal e de melhoramento gen\u00e9tico; elaborar, aplicar e monitorar programas profil\u00e1ticos, higi\u00eanicos e sanit\u00e1rios na produ\u00e7\u00e3o animal; elabora\u00e7\u00e3o de projetos de instala\u00e7\u00f5es zoot\u00e9cnicas; atuar em sindicatos, empresas rurais, assentamentos e institui\u00e7\u00f5es p\u00fablicas prestando assessoria e assist\u00eancia t\u00e9cnica, dentre outras.<\/p>\n<p><a href=\"http:\/\/www.ifbaiano.edu.br\/unidades\/guanambi\/files\/2011\/05\/PROJETO-PEDAG\u00d3GICO-DO-CURSO-T\u00c9CNICO-EM-ZOOTECNIA-2016-GUANAMBI.pdf\" target=\"_blank\">Projeto Pedag\u00f3gico<\/a><\/p>\n<p><a href=\"http:\/\/www.ifbaiano.edu.br\/unidades\/guanambi\/files\/2011\/05\/Resolu\u00e7\u00e3o-41-2016-Aprovou-a-Reformula\u00e7\u00e3o-dos-Projetos-Pedag\u00f3gicos-de-Cursos-da-Educa\u00e7\u00e3o-Profissiona.pdf\" target=\"_blank\">Resolu\u00e7\u00e3o de Reformula\u00e7\u00e3o de Projeto Pedag\u00f3gico<\/a><\/p>\n<p><a href=\"http:\/\/web02.guanambi.ifbaiano.edu.br\/horarios\/Cursos\/CURSO%20T%c3%89CNICO%20EM%20ZOOTECNIA%20-%202018.2%20NOVO.pdf\" target=\"_blank\">Hor\u00e1rios de Aulas<\/a><\/p>\n<p>Portaria do Coordenador<\/p>\n","protected":false},"excerpt":{"rendered":"<p>A estrutura do Curso P\u00f3s M\u00e9dio em Zoot\u00e9cnia \u00e9 semelhante ao P\u00f3s M\u00e9dio em Agricultura, sendo por isto, tamb\u00e9m composta de tr\u00eas m\u00f3dulos, com o primeiro b\u00e1sico, com disciplinas como Planejamento e Projeto, Gest\u00e3o, Inform\u00e1tica, Constru\u00e7\u00f5es Rurais, dentre outras. O segundo e terceiro m\u00f3dulos, s\u00e3o voltados para a forma\u00e7\u00e3o t\u00e9cnica do aluno, com disciplinas como: [&hellip;]<\/p>\n","protected":false},"author":1,"featured_media":0,"parent":0,"menu_order":0,"comment_status":"closed","ping_status":"closed","template":"","meta":[],"_links":{"self":[{"href":"https:\/\/www.ifbaiano.edu.br\/unidades\/guanambi\/wp-json\/wp\/v2\/pages\/61"}],"collection":[{"href":"https:\/\/www.ifbaiano.edu.br\/unidades\/guanambi\/wp-json\/wp\/v2\/pages"}],"about":[{"href":"https:\/\/www.ifbaiano.edu.br\/unidades\/guanambi\/wp-json\/wp\/v2\/types\/page"}],"author":[{"embeddable":true,"href":"https:\/\/www.ifbaiano.edu.br\/unidades\/guanambi\/wp-json\/wp\/v2\/users\/1"}],"replies":[{"embeddable":true,"href":"https:\/\/www.ifbaiano.edu.br\/unidades\/guanambi\/wp-json\/wp\/v2\/comments?post=61"}],"version-history":[{"count":9,"href":"https:\/\/www.ifbaiano.edu.br\/unidades\/guanambi\/wp-json\/wp\/v2\/pages\/61\/revisions"}],"predecessor-version":[{"id":7288,"href":"https:\/\/www.ifbaiano.edu.br\/unidades\/guanambi\/wp-json\/wp\/v2\/pages\/61\/revisions\/7288"}],"wp:attachment":[{"href":"https:\/\/www.ifbaiano.edu.br\/unidades\/guanambi\/wp-json\/wp\/v2\/media?parent=61"}],"curies":[{"name":"wp","href":"https:\/\/api.w.org\/{rel}","templated":true}]}}