{"id":6259,"date":"2017-04-11T17:19:22","date_gmt":"2017-04-11T20:19:22","guid":{"rendered":"http:\/\/www.ifbaiano.edu.br\/unidades\/guanambi\/?page_id=6259"},"modified":"2018-04-05T00:07:55","modified_gmt":"2018-04-05T03:07:55","slug":"monitoria","status":"publish","type":"page","link":"https:\/\/www.ifbaiano.edu.br\/unidades\/guanambi\/monitoria\/","title":{"rendered":"Monitoria"},"content":{"rendered":"<h3>Sele\u00e7\u00e3o de tutores do NAPNE &#8211; 2018<\/h3>\n<p><a href=\"http:\/\/concurso.ifbaiano.edu.br\/portal\/selecao-tutores-napne-guanambi-2018\/\" target=\"_blank\">Edital<\/a><\/p>\n<h3>Processo Seletivo de Monitoria 2017<\/h3>\n<p><a href=\"http:\/\/www.ifbaiano.edu.br\/unidades\/guanambi\/files\/2017\/04\/Resultado-final-monitoria.pdf\" target=\"_blank\">Resultado Final<\/a><\/p>\n<p><a href=\"http:\/\/www.ifbaiano.edu.br\/unidades\/guanambi\/files\/2017\/04\/Homologa\u00e7\u00e3o-das-Inscri\u00e7\u00f5es-Edital-de-Montorias.pdf\" target=\"_blank\">Homologa\u00e7\u00e3o das Inscri\u00e7\u00f5es Edital de Monitorias<\/a><\/p>\n<p><a href=\"http:\/\/www.ifbaiano.edu.br\/unidades\/guanambi\/files\/2017\/04\/Edital-n\u00ba08.2017-1.pdf\" target=\"_blank\">Edital n\u00ba08\/2017<\/a><\/p>\n","protected":false},"excerpt":{"rendered":"<p>Sele\u00e7\u00e3o de tutores do NAPNE &#8211; 2018 Edital Processo Seletivo de Monitoria 2017 Resultado Final Homologa\u00e7\u00e3o das Inscri\u00e7\u00f5es Edital de Monitorias Edital n\u00ba08\/2017<\/p>\n","protected":false},"author":75,"featured_media":0,"parent":0,"menu_order":0,"comment_status":"closed","ping_status":"closed","template":"","meta":[],"_links":{"self":[{"href":"https:\/\/www.ifbaiano.edu.br\/unidades\/guanambi\/wp-json\/wp\/v2\/pages\/6259"}],"collection":[{"href":"https:\/\/www.ifbaiano.edu.br\/unidades\/guanambi\/wp-json\/wp\/v2\/pages"}],"about":[{"href":"https:\/\/www.ifbaiano.edu.br\/unidades\/guanambi\/wp-json\/wp\/v2\/types\/page"}],"author":[{"embeddable":true,"href":"https:\/\/www.ifbaiano.edu.br\/unidades\/guanambi\/wp-json\/wp\/v2\/users\/75"}],"replies":[{"embeddable":true,"href":"https:\/\/www.ifbaiano.edu.br\/unidades\/guanambi\/wp-json\/wp\/v2\/comments?post=6259"}],"version-history":[{"count":3,"href":"https:\/\/www.ifbaiano.edu.br\/unidades\/guanambi\/wp-json\/wp\/v2\/pages\/6259\/revisions"}],"predecessor-version":[{"id":6880,"href":"https:\/\/www.ifbaiano.edu.br\/unidades\/guanambi\/wp-json\/wp\/v2\/pages\/6259\/revisions\/6880"}],"wp:attachment":[{"href":"https:\/\/www.ifbaiano.edu.br\/unidades\/guanambi\/wp-json\/wp\/v2\/media?parent=6259"}],"curies":[{"name":"wp","href":"https:\/\/api.w.org\/{rel}","templated":true}]}}