{"id":6493,"date":"2017-08-22T09:31:45","date_gmt":"2017-08-22T12:31:45","guid":{"rendered":"http:\/\/www.ifbaiano.edu.br\/unidades\/guanambi\/?page_id=6493"},"modified":"2021-08-10T11:43:24","modified_gmt":"2021-08-10T14:43:24","slug":"dissertacoes","status":"publish","type":"page","link":"https:\/\/www.ifbaiano.edu.br\/unidades\/guanambi\/dissertacoes\/","title":{"rendered":"Disserta\u00e7\u00f5es"},"content":{"rendered":"\n&nbsp;\n<table>\n<tbody>\n<tr>\n<td style=\"text-align: center\" width=\"477\"><strong>\u00a0T\u00edtulo<\/strong><\/td>\n<td style=\"text-align: center\" width=\"77\"><strong>\u00a0Autor(a)<\/strong><\/td>\n<td style=\"text-align: center\" width=\"77\"><strong>Ano<\/strong><\/td>\n<td style=\"text-align: center\" width=\"77\"><\/td>\n<\/tr>\n<tr>\n<td style=\"text-align: left\" width=\"477\">Desenvolvimento de um sistema embarcado de baixo custo para automatiza\u00e7\u00e3o do manejo de irriga\u00e7\u00e3o localizada<\/td>\n<td style=\"text-align: left\" width=\"77\">Lourivaldo Barreto Pereira<\/td>\n<td style=\"text-align: center\" width=\"77\"><strong>2020<\/strong><\/td>\n<td style=\"text-align: center\" width=\"77\"><a href=\"https:\/\/www.ifbaiano.edu.br\/unidades\/guanambi\/files\/2021\/08\/Lourivaldo-Pereira-Dissertacao-MPPVS.pdf\" target=\"_blank\" rel=\"noopener\">Baixar<\/a><\/td>\n<\/tr>\n<tr>\n<td width=\"477\">Normas Dris e Valores de Refer\u00eancia para Palma Forrageira &#8216;Gigante&#8217; Cultivada com Aduba\u00e7\u00e3o Org\u00e2nica em Condi\u00e7\u00f5es Semi\u00e1ridas<\/td>\n<td width=\"157\">Marcelo Batista Teixeira<\/td>\n<td style=\"text-align: center\" width=\"57\">2019<\/td>\n<td style=\"text-align: center\" width=\"37\"><a href=\"http:\/\/www.ifbaiano.edu.br\/unidades\/guanambi\/files\/2020\/02\/Disserta\u00e7\u00e3o-Marcelo-Teixeira-MPPVS-2019.pdf\" target=\"_blank\" rel=\"noopener noreferrer\">Baixar<\/a><\/td>\n<\/tr>\n<tr>\n<td width=\"477\">Palma Forrageira &#8216;Gigante&#8217; em Arranjo Mecaniz\u00e1vel, Diferentes Densidades e Tipos de Cortes na Colheita<\/td>\n<td width=\"157\">Evil\u00e1sio do Santos Souza<\/td>\n<td style=\"text-align: center\" width=\"57\">2019<\/td>\n<td style=\"text-align: center\" width=\"37\"><a href=\"http:\/\/www.ifbaiano.edu.br\/unidades\/guanambi\/files\/2020\/02\/DISSERTA\u00c7\u00c3O-EVILASIO-DOS-SANTOS.pdf\" target=\"_blank\" rel=\"noopener noreferrer\">Baixar<\/a><\/td>\n<\/tr>\n<tr>\n<td width=\"177\">Palma Forrageira &#8216;Gigante&#8217; em Arranjo Mecaniz\u00e1vel, Diferentes Densidades e Tipos de Cortes na Colheira<\/td>\n<td width=\"157\">Paulo Roberto Fernandes Cotrim J\u00fanior<\/td>\n<td style=\"text-align: center\" width=\"57\">2019<\/td>\n<td style=\"text-align: center\" width=\"37\"><a href=\"http:\/\/www.ifbaiano.edu.br\/unidades\/guanambi\/files\/2020\/02\/Disserta\u00e7\u00e3o-Paulo-Cotrim.pdf\" target=\"_blank\" rel=\"noopener noreferrer\">Baixar<\/a><\/td>\n<\/tr>\n<\/tbody>\n<tbody>\n<tr>\n<td style=\"text-align: center\" width=\"477\"><\/td>\n<td style=\"text-align: center\" width=\"77\"><\/td>\n<td style=\"text-align: center\" width=\"77\"><\/td>\n<td style=\"text-align: center\" width=\"77\"><\/td>\n<\/tr>\n<tr>\n<td width=\"477\">Crescimento de Mudas de Umbuzeiro sob Doses Crescentes de Giberalina<\/td>\n<td width=\"157\">Ednei de Souza Pires<\/td>\n<td style=\"text-align: center\" width=\"57\">2018<\/td>\n<td style=\"text-align: center\" width=\"37\"><a href=\"http:\/\/www.ifbaiano.edu.br\/unidades\/guanambi\/files\/2017\/08\/Disserta%C3%A7%C3%A3o-vers%C3%A3o-final.pdf\" target=\"_blank\" rel=\"noopener noreferrer\">Baixar<\/a><\/td>\n<\/tr>\n<tr>\n<td width=\"477\">Caracter\u00edsticas Fisiol\u00f3gicas e Produtivas de Bananeira &#8216;Prata-An\u00e3&#8217; Submetida a Intervalos de Irriga\u00e7\u00e3o e Altura de Emissores<\/td>\n<td width=\"157\">Gabriel Gustavo Alves Lage<\/td>\n<td style=\"text-align: center\" width=\"57\">2018<\/td>\n<td style=\"text-align: center\" width=\"37\"><a href=\"http:\/\/www.ifbaiano.edu.br\/unidades\/guanambi\/files\/2017\/08\/Disserta\u00e7\u00e3o-FINAL-IF-Baiano.pdf\" target=\"_blank\" rel=\"noopener noreferrer\">Baixar<\/a><\/td>\n<\/tr>\n<tr>\n<td width=\"177\">Atributos do Solo com Palma Forrageira sob Aduba\u00e7\u00e3o Org\u00e2nica, diferentes espa\u00e7amentos e \u00e9pocas de amostragem<\/td>\n<td width=\"157\">Milton Celso Padilha J\u00fanior<\/td>\n<td style=\"text-align: center\" width=\"57\">2018<\/td>\n<td style=\"text-align: center\" width=\"37\"><a href=\"http:\/\/www.ifbaiano.edu.br\/unidades\/guanambi\/files\/2019\/04\/Milton-Celso-Padilha-J\u00fanior.pdf\" target=\"_blank\" rel=\"noopener noreferrer\">Baixar<\/a><\/td>\n<\/tr>\n<tr>\n<td width=\"177\">Produtividade e Aporte de Nutrientes em Palma Forrageira &#8216;Gigante&#8217; Irrigada com \u00c1gua Residu\u00e1ria<\/td>\n<td width=\"157\">Thais Carvalho Camelo<\/td>\n<td style=\"text-align: center\" width=\"57\">2018<\/td>\n<td style=\"text-align: center\" width=\"37\"><a href=\"http:\/\/www.ifbaiano.edu.br\/unidades\/guanambi\/files\/2019\/04\/Thais-Carvalho-Camelo.pdf\" target=\"_blank\" rel=\"noopener noreferrer\">Baixar<\/a><\/td>\n<\/tr>\n<\/tbody>\n<tbody>\n<tr>\n<td style=\"text-align: left\" width=\"477\">Cultivo da Roseira Org\u00e2nica para a Agricultura Familiar<\/td>\n<td style=\"text-align: left\" width=\"77\">Renato Coelho da Silva Filho<\/td>\n<td style=\"text-align: center\" width=\"77\">2018<\/td>\n<td style=\"text-align: center\" width=\"77\"><a href=\"http:\/\/www.ifbaiano.edu.br\/unidades\/guanambi\/files\/2019\/04\/Renato-Coelho-da-Silva-Filho.pdf\" target=\"_blank\" rel=\"noopener noreferrer\">Baixar<\/a><\/td>\n<\/tr>\n<\/tbody>\n<tbody>\n<tr>\n<td style=\"text-align: left\" width=\"477\">Dimensionamento de Sistema de Irriga\u00e7\u00e3o Bubbler com Emissores ao N\u00edvel do Solo<\/td>\n<td style=\"text-align: left\" width=\"77\">Marcone Vilas Boas Leal Botelho<\/td>\n<td style=\"text-align: center\" width=\"77\">2018<\/td>\n<td style=\"text-align: center\" width=\"77\"><a href=\"http:\/\/www.ifbaiano.edu.br\/unidades\/guanambi\/files\/2019\/04\/Marcone-Vilas-Boas-Leal-Botelho.pdf\" target=\"_blank\" rel=\"noopener noreferrer\">Baixar<\/a><\/td>\n<\/tr>\n<\/tbody>\n<tbody>\n<tr>\n<td style=\"text-align: left\" width=\"477\">Caracter\u00edsticas Fisiol\u00f3gicas e Qualidade dos Frutos de Acessos de Umbuzeiro e Umbu-cajazeira da Cole\u00e7\u00e3o do IF Baiano &#8211; Campus Guanambi<\/td>\n<td style=\"text-align: left\" width=\"77\">Luana J\u00e9ssica Souza Santos<\/td>\n<td style=\"text-align: center\" width=\"77\">2018<\/td>\n<td style=\"text-align: center\" width=\"77\"><a href=\"http:\/\/www.ifbaiano.edu.br\/unidades\/guanambi\/files\/2019\/04\/Luana-J\u00e9ssica-Souza-Santos.pdf\" target=\"_blank\" rel=\"noopener noreferrer\">Baixar<\/a><\/td>\n<\/tr>\n<\/tbody>\n<tbody>\n<tr>\n<td style=\"text-align: left\" width=\"477\">Comportamento da Palma Forrageira &#8216;Gigante&#8217; Cultivada em Diferentes Densidades Populacionais em Arranjo Mecaniz\u00e1vel<\/td>\n<td style=\"text-align: left\" width=\"77\">Luzinaldo Correia Costa<\/td>\n<td style=\"text-align: center\" width=\"77\">2018<\/td>\n<td style=\"text-align: center\" width=\"77\"><a href=\"http:\/\/www.ifbaiano.edu.br\/unidades\/guanambi\/files\/2019\/04\/Luzinaldo-Correia-Costa.pdf\" target=\"_blank\" rel=\"noopener noreferrer\">Baixar<\/a><\/td>\n<\/tr>\n<\/tbody>\n<tbody>\n<tr>\n<td style=\"text-align: left\" width=\"477\">Plano de Amostragem Convencional para Trips na Cultura do Algod\u00e3o<\/td>\n<td style=\"text-align: left\" width=\"77\">Luciano Louzada de Oliveira<\/td>\n<td style=\"text-align: center\" width=\"77\">2018<\/td>\n<td style=\"text-align: center\" width=\"77\"><a href=\"http:\/\/www.ifbaiano.edu.br\/unidades\/guanambi\/files\/2019\/04\/Luciano-Louzada-de-Oliveira.pdf\" target=\"_blank\" rel=\"noopener noreferrer\">Baixar<\/a><\/td>\n<\/tr>\n<\/tbody>\n<tbody>\n<tr>\n<td style=\"text-align: left\" width=\"477\">Sele\u00e7\u00e3o de Gen\u00f3tipos de Mandioca Resistentes \u00e0 Bacteriose na Condi\u00e7\u00f5es do Semin\u00e1rido Baiano<\/td>\n<td style=\"text-align: left\" width=\"77\">J\u00e9ssica Hellen dos Santos Teixeira<\/td>\n<td style=\"text-align: center\" width=\"77\">2018<\/td>\n<td style=\"text-align: center\" width=\"77\"><a href=\"http:\/\/www.ifbaiano.edu.br\/unidades\/guanambi\/files\/2019\/04\/J\u00e9ssica-Hellen-dos-Santos-Teixeira.pdf\" target=\"_blank\" rel=\"noopener noreferrer\">Baixar<\/a><\/td>\n<\/tr>\n<\/tbody>\n<tbody>\n<tr>\n<td style=\"text-align: left\" width=\"477\">Mudas de Bananeira &#8220;Williams&#8217; Tratadas com Fertilizante Protector NM<\/td>\n<td style=\"text-align: left\" width=\"77\">Ant\u00f4nio Lopes de Souza<\/td>\n<td style=\"text-align: center\" width=\"77\">2018<\/td>\n<td style=\"text-align: center\" width=\"77\"><a href=\"http:\/\/www.ifbaiano.edu.br\/unidades\/guanambi\/files\/2019\/04\/Ant\u00f4nio-Lopes-de-Souza.pdf\" target=\"_blank\" rel=\"noopener noreferrer\">Baixar<\/a><\/td>\n<\/tr>\n<\/tbody>\n<tbody>\n<tr>\n<td style=\"text-align: left\" width=\"477\">Rendimento e Taxa de Sobreviv\u00eancia da Palma Forrageira Gigante, Cultivada com Aplica\u00e7\u00e3o de \u00c1gua Residu\u00e1ria<\/td>\n<td style=\"text-align: left\" width=\"77\">Giliarde Alves dos Reis<\/td>\n<td style=\"text-align: center\" width=\"77\">2018<\/td>\n<td style=\"text-align: center\" width=\"77\"><a href=\"http:\/\/www.ifbaiano.edu.br\/unidades\/guanambi\/files\/2019\/05\/DIsserta\u00e7\u00e3o-Giliarde-Alves-dos-Reis.pdf\" target=\"_blank\" rel=\"noopener noreferrer\">Baixar<\/a><\/td>\n<\/tr>\n<\/tbody>\n<tbody>\n<tr>\n<td style=\"text-align: center\" width=\"477\"><strong>\u00a0T\u00edtulo<\/strong><\/td>\n<td style=\"text-align: center\" width=\"77\"><strong>\u00a0Autor(a)<\/strong><\/td>\n<td style=\"text-align: center\" width=\"77\"><strong>Ano<\/strong><\/td>\n<td style=\"text-align: center\" width=\"77\"><strong>\u00a0Autor(a)\u00a0<\/strong><\/td>\n<\/tr>\n<tr>\n<td width=\"477\">\n<table>\n<tbody>\n<tr>\n<td width=\"477\">Diagn\u00f3stico do Sistema de Produ\u00e7\u00e3o da Palma Forrageira no Distrito de Cera\u00edma<\/td>\n<\/tr>\n<\/tbody>\n<\/table>\n<\/td>\n<td width=\"157\">Alynne Gomes de Jesus<\/td>\n<td style=\"text-align: center\" width=\"57\"><strong>\u00a0<\/strong>2017<\/td>\n<td style=\"text-align: center\" width=\"37\"><a href=\"http:\/\/www.ifbaiano.edu.br\/unidades\/guanambi\/files\/2017\/08\/DISSERTA\u00c7\u00c3O-ALYNNE.pdf\" target=\"_blank\" rel=\"noopener noreferrer\">Baixar<\/a><\/td>\n<\/tr>\n<tr>\n<td width=\"477\">Irriga\u00e7\u00e3o com \u00e1gua salina na cultura do abacaxizeiro no semi\u00e1rido baiano<\/td>\n<td width=\"157\">Cleiton Fernando Barbosa Brito<\/td>\n<td style=\"text-align: center\" width=\"57\"><strong>\u00a0 <\/strong>2017<\/td>\n<td style=\"text-align: center\" width=\"37\">\u00a0<a href=\"http:\/\/www.ifbaiano.edu.br\/unidades\/guanambi\/files\/2017\/08\/Disserta\u00e7\u00e3o-Cleiton-17-08-2017-final.pdf\" target=\"_blank\" rel=\"noopener noreferrer\">Baixar<\/a><\/td>\n<\/tr>\n<tr>\n<td width=\"177\">\u00a0Estabelecimento de faixas de sufici\u00eancia para avalia\u00e7\u00e3o nutricional da palma forrageira &#8216;gigante&#8217;<\/td>\n<td width=\"157\">Jean Farley Teixeira Alves<\/td>\n<td style=\"text-align: center\" width=\"57\">2017<\/td>\n<td style=\"text-align: center\" width=\"37\"><a href=\"http:\/\/www.ifbaiano.edu.br\/unidades\/guanambi\/files\/2017\/08\/Disserta\u00e7\u00e3o-Jean-Farley-Final.pdf\" target=\"_blank\" rel=\"noopener noreferrer\">Baixar<\/a><\/td>\n<\/tr>\n<tr>\n<td width=\"177\">\u00a0Estrat\u00e9gia de utiliza\u00e7\u00e3o de \u00e1gua salina o cultivo de palma forrageira &#8216;gigante&#8217;<\/td>\n<td width=\"157\">Varley Andrade Fonseca<\/td>\n<td style=\"text-align: center\" width=\"57\">2017<\/td>\n<td style=\"text-align: center\" width=\"37\">\u00a0<a href=\"http:\/\/www.ifbaiano.edu.br\/unidades\/guanambi\/files\/2017\/08\/DISSERTA\u00c7\u00c3O_VARLEY-ANDRADE-VERS\u00c3O-FINAL.pdf\" target=\"_blank\" rel=\"noopener noreferrer\">Baixar<\/a><\/td>\n<\/tr>\n<\/tbody>\n<tbody>\n<tr>\n<td style=\"text-align: left\" width=\"477\">\u00a0Trocas gasosas em gen\u00f3tipos de bananeira tipo ma\u00e7a<\/td>\n<td style=\"text-align: left\" width=\"77\">Alessandre Gabriel Oliveira Ramos<\/td>\n<td style=\"text-align: center\" width=\"77\">2017<\/td>\n<td style=\"text-align: center\" width=\"77\"><a href=\"http:\/\/www.ifbaiano.edu.br\/unidades\/guanambi\/files\/2017\/08\/DISSERTA\u00c7\u00c3O-ALESSANDRE-GABRIEL.pdf\" target=\"_blank\" rel=\"noopener noreferrer\">Baixar<\/a><\/td>\n<\/tr>\n<\/tbody>\n<tbody>\n<tr>\n<td style=\"text-align: left\" width=\"477\">Produ\u00e7\u00e3o de piment\u00e3o sob diferentes estrat\u00e9gias de irriga\u00e7\u00e3o com e sem cobertura do solo, no semi\u00e1rido baiano<\/td>\n<td style=\"text-align: left\" width=\"77\">Pablo Alves Rocha<\/td>\n<td style=\"text-align: center\" width=\"77\">2017<\/td>\n<td style=\"text-align: center\" width=\"77\"><strong>\u00a0<\/strong><a href=\"http:\/\/www.ifbaiano.edu.br\/unidades\/guanambi\/files\/2017\/08\/Disserta\u00e7\u00e3o-Pablo.pdf\" target=\"_blank\" rel=\"noopener noreferrer\">Baixar\u00a0<\/a><\/td>\n<\/tr>\n<\/tbody>\n<tbody>\n<tr>\n<td style=\"text-align: left\" width=\"477\">Avalia\u00e7\u00f5es fisiol\u00f3gicas de h\u00edbrido de maracujazeiro amarelo enxertado em maracujazeiro silvestre submetido ao d\u00e9ficit h\u00eddrico<\/td>\n<td style=\"text-align: left\" width=\"77\">Geovane Teixeira de Azevedo<strong>\u00a0<\/strong><\/td>\n<td style=\"text-align: center\" width=\"77\">2017<\/td>\n<td style=\"text-align: center\" width=\"77\"><a href=\"http:\/\/www.ifbaiano.edu.br\/unidades\/guanambi\/files\/2017\/08\/DISSERTA\u00c7\u00c3O-GEOVANE-AZEVEDO.pdf\" target=\"_blank\" rel=\"noopener noreferrer\">Baixar<\/a><\/td>\n<\/tr>\n<\/tbody>\n<tbody>\n<tr>\n<td style=\"text-align: left\" width=\"477\">Desenvolvimento e avalia\u00e7\u00e3o de uma ferramenta para manejo de irriga\u00e7\u00e3o<\/td>\n<td style=\"text-align: left\" width=\"77\">Angel Ricardo Caporale<\/td>\n<td style=\"text-align: center\" width=\"77\">2017<\/td>\n<td style=\"text-align: center\" width=\"77\"><a href=\"http:\/\/www.ifbaiano.edu.br\/unidades\/guanambi\/files\/2017\/08\/DISSERTA\u00c7\u00c3O_ANGEL_RICARDO_VERS\u00c2O_FINAL-2.pdf\" target=\"_blank\" rel=\"noopener noreferrer\">Baixar<\/a><\/td>\n<\/tr>\n<\/tbody>\n<tbody>\n<tr>\n<td style=\"text-align: left\" width=\"477\">Armazenagem de \u00e1gua em solo cultivado com oito variedades de mamona na regi\u00e3o semi\u00e1rida<\/td>\n<td style=\"text-align: left\" width=\"77\">Helder Henrique Neves Faria<\/td>\n<td style=\"text-align: center\" width=\"77\">2017<\/td>\n<td style=\"text-align: center\" width=\"77\"><a href=\"http:\/\/www.ifbaiano.edu.br\/unidades\/guanambi\/files\/2017\/08\/Disserta\u00e7\u00e3o-Helder.pdf\" target=\"_blank\" rel=\"noopener noreferrer\">Baixar<\/a><\/td>\n<\/tr>\n<\/tbody>\n<tbody>\n<tr>\n<td style=\"text-align: left\" width=\"477\"><\/td>\n<td style=\"text-align: left\" width=\"77\"><\/td>\n<td style=\"text-align: center\" width=\"77\"><\/td>\n<td style=\"text-align: center\" width=\"77\"><\/td>\n<\/tr>\n<\/tbody>\n<tbody>\n<tr>\n<td style=\"text-align: left\" width=\"477\"><\/td>\n<td style=\"text-align: left\" width=\"77\"><\/td>\n<td style=\"text-align: center\" width=\"77\"><\/td>\n<td style=\"text-align: center\" width=\"77\"><\/td>\n<\/tr>\n<\/tbody>\n<\/table>\n","protected":false},"excerpt":{"rendered":"<p>&nbsp; \u00a0T\u00edtulo \u00a0Autor(a) Ano Desenvolvimento de um sistema embarcado de baixo custo para automatiza\u00e7\u00e3o do manejo de irriga\u00e7\u00e3o localizada Lourivaldo Barreto Pereira 2020 Baixar Normas Dris e Valores de Refer\u00eancia para Palma Forrageira &#8216;Gigante&#8217; Cultivada com Aduba\u00e7\u00e3o Org\u00e2nica em Condi\u00e7\u00f5es Semi\u00e1ridas Marcelo Batista Teixeira 2019 Baixar Palma Forrageira &#8216;Gigante&#8217; em Arranjo Mecaniz\u00e1vel, Diferentes Densidades e [&hellip;]<\/p>\n","protected":false},"author":75,"featured_media":0,"parent":0,"menu_order":0,"comment_status":"closed","ping_status":"closed","template":"","meta":[],"_links":{"self":[{"href":"https:\/\/www.ifbaiano.edu.br\/unidades\/guanambi\/wp-json\/wp\/v2\/pages\/6493"}],"collection":[{"href":"https:\/\/www.ifbaiano.edu.br\/unidades\/guanambi\/wp-json\/wp\/v2\/pages"}],"about":[{"href":"https:\/\/www.ifbaiano.edu.br\/unidades\/guanambi\/wp-json\/wp\/v2\/types\/page"}],"author":[{"embeddable":true,"href":"https:\/\/www.ifbaiano.edu.br\/unidades\/guanambi\/wp-json\/wp\/v2\/users\/75"}],"replies":[{"embeddable":true,"href":"https:\/\/www.ifbaiano.edu.br\/unidades\/guanambi\/wp-json\/wp\/v2\/comments?post=6493"}],"version-history":[{"count":16,"href":"https:\/\/www.ifbaiano.edu.br\/unidades\/guanambi\/wp-json\/wp\/v2\/pages\/6493\/revisions"}],"predecessor-version":[{"id":11291,"href":"https:\/\/www.ifbaiano.edu.br\/unidades\/guanambi\/wp-json\/wp\/v2\/pages\/6493\/revisions\/11291"}],"wp:attachment":[{"href":"https:\/\/www.ifbaiano.edu.br\/unidades\/guanambi\/wp-json\/wp\/v2\/media?parent=6493"}],"curies":[{"name":"wp","href":"https:\/\/api.w.org\/{rel}","templated":true}]}}