{"id":65,"date":"2011-05-18T19:25:48","date_gmt":"2011-05-18T19:25:48","guid":{"rendered":"http:\/\/localhost\/unidades\/bonfim\/?page_id=65"},"modified":"2017-03-06T13:19:19","modified_gmt":"2017-03-06T16:19:19","slug":"tecnologoagroindustria","status":"publish","type":"page","link":"https:\/\/www.ifbaiano.edu.br\/unidades\/guanambi\/tecnologoagroindustria\/","title":{"rendered":"Tecnologia em Agroind\u00fastria"},"content":{"rendered":"<p style=\"text-align: justify\">O Curso Superior de Tecnologia em Agroind\u00fastria, ofertado pelo IF Baiano <em>Campus<\/em> Guanambi criado em 2010, tem por finalidade formar profissionais qualificados para atuar nos diversos segmentos da cadeia agroindustrial, habilitando-os a exercer atividades de planejamento, execu\u00e7\u00e3o e controle da qualidade das etapas do processo de produ\u00e7\u00e3o agroindustrial contemplando a obten\u00e7\u00e3o, o processamento e a comercializa\u00e7\u00e3o de mat\u00e9rias-primas de diversas origens, insumos e produtos finais. Suas compet\u00eancias profissionais s\u00e3o fundamentadas na ci\u00eancia, na tecnologia, na cultura e na \u00e9tica.<\/p>\n<p style=\"text-align: justify\">O tecn\u00f3logo em Agroind\u00fastria poder\u00e1 prestar servi\u00e7os de consultoria e assessoria, tanto no setor p\u00fablico como privado. Possui ainda, como campo de atua\u00e7\u00e3o as empresas de beneficiamento de produtos de origem animal e vegetal, colaborando em estudos de implanta\u00e7\u00e3o e desenvolvimento de projetos economicamente vi\u00e1veis, em pesquisas e desenvolvimento de tecnologias alternativas para o aproveitamento de produtos e subprodutos agropecu\u00e1rios. Contemplando, sobretudo, a responsabilidade social e ambiental.<\/p>\n<p style=\"text-align: justify\">O Curso Superior de Tecnologia em Agroind\u00fastria tem dura\u00e7\u00e3o de 03 anos e carga hor\u00e1ria total de 2.855 horas. Foi devidamente reconhecido pela Secretaria de Regula\u00e7\u00e3o e Supervis\u00e3o da Educa\u00e7\u00e3o Superior do Minist\u00e9rio da Educa\u00e7\u00e3o (MEC) atrav\u00e9s da Portaria N\u00b0 41 de 14 de fevereiro de 2013, obtendo conceito 4 (escala de 1 a 5) na avalia\u00e7\u00e3o de reconhecimento.<\/p>\n<p style=\"text-align: justify\">O colegiado do Curso conta atualmente com 30 professores, sendo 26,7% doutores; 60% mestres e 13,3% especialistas. Para o trabalho de articula\u00e7\u00e3o dos estudos te\u00f3ricos com a pr\u00e1tica, o <em>Campus<\/em> disp\u00f5e de 16 laborat\u00f3rios did\u00e1ticos, dentre os especializados da \u00e1rea de Agroind\u00fastria e os das demais \u00e1reas do conhecimento.<\/p>\n<p style=\"text-align: justify\" align=\"justify\">A forma de ingresso no curso \u00e9 via ENEM\/ SISU, com disponibilidade de 40 vagas anuais e as aulas s\u00e3o ministradas nos turnos matutino e vespertino.<\/p>\n<p>&nbsp;<\/p>\n<p><a href=\"http:\/\/www.ifbaiano.edu.br\/unidades\/guanambi\/atividades-complementares-2\/\">Atividades Complementares<\/a><\/p>\n<p><a href=\"http:\/\/www.ifbaiano.edu.br\/unidades\/guanambi\/files\/2014\/08\/Portaria_de_Autorizacao_de_funcionamento.pdf\" target=\"_blank\">Ato autorizativo<\/a><\/p>\n<p><a href=\"http:\/\/www.ifbaiano.edu.br\/unidades\/guanambi\/colegiado\/\">Colegiado<\/a><\/p>\n<p><a href=\"http:\/\/www.ifbaiano.edu.br\/unidades\/guanambi\/estagio-2\">Est\u00e1gio<\/a><\/p>\n<p><a href=\"http:\/\/www.ifbaiano.edu.br\/unidades\/guanambi\/files\/2016\/10\/HORARIO-DE-ATENDIMENTO-AO-EDUCANDO1.pdf\">Hor\u00e1rio de Atendimento ao Educando<\/a><\/p>\n<p><a href=\"http:\/\/www.ifbaiano.edu.br\/unidades\/guanambi\/horarios\/\">Hor\u00e1rios de Aulas<\/a><\/p>\n<p><a href=\"http:\/\/www.ifbaiano.edu.br\/unidades\/guanambi\/files\/2017\/02\/Matriz-Curricular-Tecnologia-em-Agroind\u00fastria.pdf\">Matriz Curricular<\/a><\/p>\n<p><a href=\"http:\/\/www.ifbaiano.edu.br\/unidades\/guanambi\/files\/2017\/03\/Matriz_Equivalencia_Agroindustria_2012_2016.pdf\">Matriz de Equival\u00eancia 2012-2016<\/a><\/p>\n<p><a href=\"http:\/\/www.ifbaiano.edu.br\/unidades\/guanambi\/files\/2017\/03\/PORTARIA_NDE.pdf\">N\u00facleo Docente Estruturante (NDE)<\/a><\/p>\n<p><a href=\"http:\/\/www.ifbaiano.edu.br\/unidades\/guanambi\/files\/2017\/03\/Portaria_Reconhecimento_Agroindustria.pdf\">Portaria de Reconhecimento do Curso<\/a><\/p>\n<p><a href=\"http:\/\/www.ifbaiano.edu.br\/unidades\/guanambi\/files\/2011\/05\/N\u00ba-751-Coordenador-do-curso-de-agroind\u00fastria.pdf\" target=\"_blank\">Portaria do Coordenador do Curso<\/a><\/p>\n<p><a href=\"http:\/\/www.ifbaiano.edu.br\/unidades\/guanambi\/files\/2016\/10\/PPC-ANTERIOR.pdf\">Projeto Pedag\u00f3gico do Curso\u00a0 &#8211; Anterior &#8211; Ano 2012<\/a><\/p>\n<p><a href=\"http:\/\/www.ifbaiano.edu.br\/unidades\/guanambi\/files\/2017\/03\/Projeto_Pedagogico_Curso_Aprovado_CONSUP_2016.pdf\">Projeto Pedag\u00f3gico do Curso\u00a0 &#8211; Atual &#8211; Ano 2016<\/a><\/p>\n<p><a href=\"http:\/\/www.ifbaiano.edu.br\/unidades\/guanambi\/files\/2014\/10\/TecAgroind_5RelacaoDoCorpoDocente.pdf\" target=\"_blank\">Rela\u00e7\u00e3o do Corpo Docente do Curso<\/a><\/p>\n<p><a href=\"http:\/\/www.ifbaiano.edu.br\/reitoria\/wp-content\/uploads\/2016\/03\/RELATORIOAGROINDUSTRIA-GUANAMBI.pdf\" target=\"_blank\">Relat\u00f3rio do Curso de Agroind\u00fastria \u2013 Campus Guanambi<\/a><\/p>\n<p><a href=\"http:\/\/www.ifbaiano.edu.br\/unidades\/guanambi\/files\/2016\/11\/Resolucao_N_30_1_de_setembro_de_2016.pdf\">Resolu\u00e7\u00e3o de Aprova\u00e7\u00e3o do PPC &#8211; 2016<\/a><\/p>\n<p><a href=\"http:\/\/www.ifbaiano.edu.br\/unidades\/guanambi\/files\/2017\/03\/Regulamemento_TCC_CONSUP_retificada_Versao_Final_13102016.pdf\">Trabalho de Conclus\u00e3o do Curso<\/a><\/p>\n<p><a href=\"http:\/\/www.ifbaiano.edu.br\/unidades\/guanambi\/files\/2017\/03\/REGULAMENTO_TUTORIA_ACADEMICA.pdf\">Tutoria Acad\u00eamica<\/a><\/p>\n<p><a href=\"http:\/\/www.ifbaiano.edu.br\/unidades\/guanambi\/files\/2017\/03\/Distribuicao-da-Tutoria-Academica.pdf\">Tutoria Acad\u00eamica &#8211; Distribui\u00e7\u00e3o por Professor<\/a><\/p>\n<p>&nbsp;<\/p>\n<p><strong>Coordena\u00e7\u00e3o do curso<\/strong><br \/>\nCoordenadora:\u00a0<a href=\"http:\/\/lattes.cnpq.br\/2539229278123063\" target=\"_blank\">Professora Dra Aureluci Alves de Aquino<\/a><br \/>\nVice-Coordenador: <a href=\"http:\/\/lattes.cnpq.br\/6548219877992753\">Professora MSc Carlinne Guimar\u00e3es de Oliveira<\/a><br \/>\nSuplente: <a href=\"http:\/\/lattes.cnpq.br\/1687892887019943\">Professor MSc Djalma Meira Gomes J\u00fanior<\/a><br \/>\nAssessoria Pedag\u00f3gica:\u00a0<a href=\"http:\/\/lattes.cnpq.br\/4508048995656692\" target=\"_blank\">Esp Lindomar Santana Aranha Pereira\u00a0<\/a><br \/>\nE-mail coordena\u00e7\u00e3o: agroindustria.superior@guanambi.ifbaiano.edu.br<br \/>\nTelefone: (77) 3493 2100 ramal 245<br \/>\nHor\u00e1rio de Funcionamento: De segunda-feira a sexta-feira das 07h 30min as 17h 30min.<\/p>\n<p>\u00daltima atualiza\u00e7\u00e3o em: 15\/02\/2017 \u2013 10:15<\/p>\n","protected":false},"excerpt":{"rendered":"<p>O Curso Superior de Tecnologia em Agroind\u00fastria, ofertado pelo IF Baiano Campus Guanambi criado em 2010, tem por finalidade formar profissionais qualificados para atuar nos diversos segmentos da cadeia agroindustrial, habilitando-os a exercer atividades de planejamento, execu\u00e7\u00e3o e controle da qualidade das etapas do processo de produ\u00e7\u00e3o agroindustrial contemplando a obten\u00e7\u00e3o, o processamento e a [&hellip;]<\/p>\n","protected":false},"author":1,"featured_media":0,"parent":0,"menu_order":0,"comment_status":"closed","ping_status":"closed","template":"","meta":[],"_links":{"self":[{"href":"https:\/\/www.ifbaiano.edu.br\/unidades\/guanambi\/wp-json\/wp\/v2\/pages\/65"}],"collection":[{"href":"https:\/\/www.ifbaiano.edu.br\/unidades\/guanambi\/wp-json\/wp\/v2\/pages"}],"about":[{"href":"https:\/\/www.ifbaiano.edu.br\/unidades\/guanambi\/wp-json\/wp\/v2\/types\/page"}],"author":[{"embeddable":true,"href":"https:\/\/www.ifbaiano.edu.br\/unidades\/guanambi\/wp-json\/wp\/v2\/users\/1"}],"replies":[{"embeddable":true,"href":"https:\/\/www.ifbaiano.edu.br\/unidades\/guanambi\/wp-json\/wp\/v2\/comments?post=65"}],"version-history":[{"count":34,"href":"https:\/\/www.ifbaiano.edu.br\/unidades\/guanambi\/wp-json\/wp\/v2\/pages\/65\/revisions"}],"predecessor-version":[{"id":6114,"href":"https:\/\/www.ifbaiano.edu.br\/unidades\/guanambi\/wp-json\/wp\/v2\/pages\/65\/revisions\/6114"}],"wp:attachment":[{"href":"https:\/\/www.ifbaiano.edu.br\/unidades\/guanambi\/wp-json\/wp\/v2\/media?parent=65"}],"curies":[{"name":"wp","href":"https:\/\/api.w.org\/{rel}","templated":true}]}}