{"id":6864,"date":"2018-04-04T23:44:05","date_gmt":"2018-04-05T02:44:05","guid":{"rendered":"http:\/\/www.ifbaiano.edu.br\/unidades\/guanambi\/?page_id=6864"},"modified":"2020-05-27T15:27:57","modified_gmt":"2020-05-27T18:27:57","slug":"demonstrativos-contabeis","status":"publish","type":"page","link":"https:\/\/www.ifbaiano.edu.br\/unidades\/guanambi\/transparencia\/demonstrativos-contabeis\/","title":{"rendered":"Demonstrativos Cont\u00e1beis"},"content":{"rendered":"<table style=\"width: 100%\">\n<tbody>\n<tr>\n<th style=\"background-color: #4caf50;color: white;padding: 15px;text-align: center\">2020<\/th>\n<th>\u00a0<\/th>\n<\/tr>\n<tr style=\"background-color: #4caf50;color: white;padding: 15px;text-align: center\">\n<th style=\"padding: 15px;text-align: center\">Janeiro<\/th>\n<th style=\"padding: 15px;text-align: center\">Fevereiro<\/th>\n<th style=\"padding: 15px;text-align: center\">Mar\u00e7o<\/th>\n<th style=\"padding: 15px;text-align: center\">Abril<\/th>\n<th style=\"padding: 15px;text-align: center\">Maio<\/th>\n<th style=\"padding: 15px;text-align: center\">Junho<\/th>\n<\/tr>\n<tr style=\"border-bottom: 3px solid #4CAF50\">\n<td style=\"padding: 8px;padding-bottom: 4px;text-align: center\"><a href=\"https:\/\/1drv.ms\/u\/s!AgwHod-7bIUzgQBxqesZBcksY7Sj?e=RWsuao\" target=\"_blank\" rel=\"noopener noreferrer\">Demonstra\u00e7\u00f5es Cont\u00e1beis\u00a0<\/a><\/td>\n<td style=\"padding: 8px;padding-bottom: 4px;text-align: center\"><a href=\"https:\/\/1drv.ms\/u\/s!AgwHod-7bIUzgQBxqesZBcksY7Sj?e=RWsuao\" target=\"_blank\" rel=\"noopener noreferrer\">Demonstra\u00e7\u00f5es Cont\u00e1beis\u00a0<\/a><\/td>\n<td style=\"padding: 8px;padding-bottom: 4px;text-align: center\"><a href=\"https:\/\/1drv.ms\/u\/s!AgwHod-7bIUzgQBxqesZBcksY7Sj?e=RWsuao\" target=\"_blank\" rel=\"noopener noreferrer\">Demonstra\u00e7\u00f5es Cont\u00e1beis\u00a0<\/a><\/td>\n<td style=\"padding: 8px;padding-bottom: 4px;text-align: center\">Demonstra\u00e7\u00f5es Cont\u00e1beis<\/td>\n<td style=\"padding: 8px;padding-bottom: 4px;text-align: center\">Demonstra\u00e7\u00f5es Cont\u00e1beis<\/td>\n<td style=\"padding: 8px;padding-bottom: 4px;text-align: center\">Demonstra\u00e7\u00f5es Cont\u00e1beis<\/td>\n<\/tr>\n<tr>\n<td style=\"padding: 8px;padding-top: 4px;text-align: center\">\u00a0<a href=\"https:\/\/www.ifbaiano.edu.br\/unidades\/guanambi\/files\/2020\/05\/Balancete-janeiro-de-2020.pdf\">Balancete<\/a><\/td>\n<td style=\"padding: 8px;padding-top: 4px;text-align: center\"><a href=\"https:\/\/www.ifbaiano.edu.br\/unidades\/guanambi\/files\/2020\/05\/Balancete-fevereiro-de-2020.pdf\" target=\"_blank\" rel=\"noopener noreferrer\">Balancete<\/a><\/td>\n<td style=\"padding: 8px;padding-top: 4px;text-align: center\"><a href=\"https:\/\/www.ifbaiano.edu.br\/unidades\/guanambi\/files\/2020\/05\/Balancete-mar\u00e7o-de-2020.pdf\" target=\"_blank\" rel=\"noopener noreferrer\">Balancete<\/a><\/td>\n<td style=\"padding: 8px;padding-top: 4px;text-align: center\">Balancete<\/td>\n<td style=\"padding: 8px;padding-top: 4px;text-align: center\">Balancete<\/td>\n<td style=\"padding: 8px;padding-top: 4px;text-align: center\">Balancet<a href=\"http:\/\/www.ifbaiano.edu.br\/unidades\/guanambi\/files\/2020\/01\/Balancete-Junho-de-2019.pdf\" target=\"_blank\" rel=\"noopener noreferrer\">e<\/a><\/td>\n<\/tr>\n<tr style=\"background-color: #4caf50;color: white;padding: 15px;text-align: center\">\n<th style=\"padding: 10px;text-align: center\">Julho<\/th>\n<th style=\"padding: 10px;text-align: center\">Agosto<\/th>\n<th style=\"padding: 10px;text-align: center\">Setembro<\/th>\n<th style=\"padding: 10px;text-align: center\">Outubro<\/th>\n<th style=\"padding: 10px;text-align: center\">Novembro<\/th>\n<th style=\"padding: 10px;text-align: center\">Dezembro<\/th>\n<\/tr>\n<tr>\n<td style=\"padding: 8px;padding-bottom: 4px;text-align: center\">Demonstra\u00e7\u00f5es Cont\u00e1beis<\/td>\n<td style=\"padding: 8px;padding-bottom: 4px;text-align: center\">Demonstra\u00e7\u00f5es Cont\u00e1beis<\/td>\n<td style=\"padding: 8px;padding-bottom: 4px;text-align: center\">Demonstra\u00e7\u00f5es Cont\u00e1beis<\/td>\n<td style=\"padding: 8px;padding-bottom: 4px;text-align: center\">Demonstra\u00e7\u00f5es Cont\u00e1beis<\/td>\n<td style=\"padding: 8px;padding-bottom: 4px;text-align: center\">Demonstra\u00e7\u00f5es Cont\u00e1beis<\/td>\n<td style=\"padding: 8px;padding-bottom: 4px;text-align: center\">Demonstra\u00e7\u00f5es Cont\u00e1beis<\/td>\n<\/tr>\n<tr>\n<td style=\"padding: 8px;padding-top: 4px;text-align: center\">Balancete<\/td>\n<td style=\"padding: 8px;padding-top: 4px;text-align: center\">Balancete<\/td>\n<td style=\"padding: 8px;padding-top: 4px;text-align: center\">Balancete<\/td>\n<td style=\"padding: 8px;padding-top: 4px;text-align: center\">Balancete<\/td>\n<td style=\"padding: 8px;padding-top: 4px;text-align: center\">Balancete<\/td>\n<td style=\"padding: 8px;padding-top: 4px;text-align: center\">Balancete<\/td>\n<\/tr>\n<\/tbody>\n<\/table>\n<table style=\"width: 100%\">\n<tbody>\n<tr>\n<th style=\"background-color: #4caf50;color: white;padding: 15px;text-align: center\">2019<\/th>\n<th>\u00a0<\/th>\n<\/tr>\n<tr style=\"background-color: #4caf50;color: white;padding: 15px;text-align: center\">\n<th style=\"padding: 15px;text-align: center\">Janeiro<\/th>\n<th style=\"padding: 15px;text-align: center\">Fevereiro<\/th>\n<th style=\"padding: 15px;text-align: center\">Mar\u00e7o<\/th>\n<th style=\"padding: 15px;text-align: center\">Abril<\/th>\n<th style=\"padding: 15px;text-align: center\">Maio<\/th>\n<th style=\"padding: 15px;text-align: center\">Junho<\/th>\n<\/tr>\n<tr style=\"border-bottom: 3px solid #4CAF50\">\n<td style=\"padding: 8px;padding-bottom: 4px;text-align: center\"><a href=\"http:\/\/www.ifbaiano.edu.br\/unidades\/guanambi\/files\/2018\/04\/DemonstracoesContabeis-Janeiro-de-2019.zip\" target=\"_blank\" rel=\"noopener noreferrer\">Demonstra\u00e7\u00f5es Cont\u00e1beis\u00a0<\/a><\/td>\n<td style=\"padding: 8px;padding-bottom: 4px;text-align: center\"><a href=\"http:\/\/www.ifbaiano.edu.br\/unidades\/guanambi\/files\/2018\/04\/Demonstrac\u00f5es-Contabeis-Fevereiro.zip\" target=\"_blank\" rel=\"noopener noreferrer\">\u00a0Demonstra\u00e7\u00f5es Cont\u00e1beis<\/a><\/td>\n<td style=\"padding: 8px;padding-bottom: 4px;text-align: center\"><a href=\"http:\/\/www.ifbaiano.edu.br\/unidades\/guanambi\/files\/2019\/04\/Demonstrac\u00f5es-Cont\u00e1beis-mar\u00e7o-2019.zip\" target=\"_blank\" rel=\"noopener noreferrer\">Demonstra\u00e7\u00f5es Cont\u00e1beis<\/a><\/td>\n<td style=\"padding: 8px;padding-bottom: 4px;text-align: center\"><a href=\"http:\/\/www.ifbaiano.edu.br\/unidades\/guanambi\/files\/2019\/05\/Demonstra\u00e7\u00f5es-Cont\u00e1beis-Abril-2019.zip\" target=\"_blank\" rel=\"noopener noreferrer\">Demonstra\u00e7\u00f5es Cont\u00e1beis<\/a><\/td>\n<td style=\"padding: 8px;padding-bottom: 4px;text-align: center\"><a href=\"https:\/\/1drv.ms\/u\/s!AgwHod-7bIUzgQBxqesZBcksY7Sj?e=RWsuao\" target=\"_blank\" rel=\"noopener noreferrer\">Demonstra\u00e7\u00f5es Cont\u00e1beis<\/a><\/td>\n<td style=\"padding: 8px;padding-bottom: 4px;text-align: center\"><a href=\"https:\/\/1drv.ms\/u\/s!AgwHod-7bIUzgQBxqesZBcksY7Sj?e=RWsuao\" target=\"_blank\" rel=\"noopener noreferrer\">Demonstra\u00e7\u00f5es Cont\u00e1beis<\/a><\/td>\n<\/tr>\n<tr>\n<td style=\"padding: 8px;padding-top: 4px;text-align: center\"><a href=\"http:\/\/www.ifbaiano.edu.br\/unidades\/guanambi\/files\/2018\/04\/Balancete-Janeiro-de-2019.pdf\" target=\"_blank\" rel=\"noopener noreferrer\">\u00a0Balancete<\/a><\/td>\n<td style=\"padding: 8px;padding-top: 4px;text-align: center\"><a href=\"http:\/\/www.ifbaiano.edu.br\/unidades\/guanambi\/files\/2018\/04\/Balancete-de-Fevereiro-de-2019.pdf\" target=\"_blank\" rel=\"noopener noreferrer\">Balancete<\/a><\/td>\n<td style=\"padding: 8px;padding-top: 4px;text-align: center\"><a href=\"http:\/\/www.ifbaiano.edu.br\/unidades\/guanambi\/files\/2019\/04\/Balancete-mar\u00e7o-de-2019.pdf\" target=\"_blank\" rel=\"noopener noreferrer\">Balancete<\/a><\/td>\n<td style=\"padding: 8px;padding-top: 4px;text-align: center\"><a href=\"http:\/\/www.ifbaiano.edu.br\/unidades\/guanambi\/files\/2019\/05\/Balancete-Abril-2019.pdf\" target=\"_blank\" rel=\"noopener noreferrer\">Balancete<\/a><\/td>\n<td style=\"padding: 8px;padding-top: 4px;text-align: center\"><a href=\"http:\/\/www.ifbaiano.edu.br\/unidades\/guanambi\/files\/2020\/01\/Balancete-maio-de-2019.pdf\">Balancete<\/a><\/td>\n<td style=\"padding: 8px;padding-top: 4px;text-align: center\"><a href=\"http:\/\/www.ifbaiano.edu.br\/unidades\/guanambi\/files\/2020\/01\/Balancete-Junho-de-2019.pdf\" target=\"_blank\" rel=\"noopener noreferrer\">Balancete<\/a><\/td>\n<\/tr>\n<tr style=\"background-color: #4caf50;color: white;padding: 15px;text-align: center\">\n<th style=\"padding: 10px;text-align: center\">Julho<\/th>\n<th style=\"padding: 10px;text-align: center\">Agosto<\/th>\n<th style=\"padding: 10px;text-align: center\">Setembro<\/th>\n<th style=\"padding: 10px;text-align: center\">Outubro<\/th>\n<th style=\"padding: 10px;text-align: center\">Novembro<\/th>\n<th style=\"padding: 10px;text-align: center\">Dezembro<\/th>\n<\/tr>\n<tr>\n<td style=\"padding: 8px;padding-bottom: 4px;text-align: center\"><a href=\"https:\/\/1drv.ms\/u\/s!AgwHod-7bIUzgQBxqesZBcksY7Sj?e=RWsuao\" target=\"_blank\" rel=\"noopener noreferrer\">Demonstra\u00e7\u00f5es Cont\u00e1beis<\/a><\/td>\n<td style=\"padding: 8px;padding-bottom: 4px;text-align: center\"><a href=\"https:\/\/1drv.ms\/u\/s!AgwHod-7bIUzgQBxqesZBcksY7Sj?e=RWsuao\" target=\"_blank\" rel=\"noopener noreferrer\">Demonstra\u00e7\u00f5es Cont\u00e1beis<\/a><\/td>\n<td style=\"padding: 8px;padding-bottom: 4px;text-align: center\"><a href=\"https:\/\/1drv.ms\/u\/s!AgwHod-7bIUzgQBxqesZBcksY7Sj?e=RWsuao\" target=\"_blank\" rel=\"noopener noreferrer\">Demonstra\u00e7\u00f5es Cont\u00e1beis<\/a><\/td>\n<td style=\"padding: 8px;padding-bottom: 4px;text-align: center\"><a href=\"https:\/\/1drv.ms\/u\/s!AgwHod-7bIUzgQBxqesZBcksY7Sj?e=RWsuao\">Demonstra\u00e7\u00f5es Cont\u00e1beis<\/a><\/td>\n<td style=\"padding: 8px;padding-bottom: 4px;text-align: center\"><a href=\"https:\/\/1drv.ms\/u\/s!AgwHod-7bIUzgQBxqesZBcksY7Sj?e=RWsuao\">Demonstra\u00e7\u00f5es Cont\u00e1beis<\/a><\/td>\n<td style=\"padding: 8px;padding-bottom: 4px;text-align: center\"><a href=\"https:\/\/1drv.ms\/u\/s!AgwHod-7bIUzgQBxqesZBcksY7Sj?e=RWsuao\">Demonstra\u00e7\u00f5es Cont\u00e1beis<\/a><\/td>\n<\/tr>\n<tr>\n<td style=\"padding: 8px;padding-top: 4px;text-align: center\"><a href=\"http:\/\/www.ifbaiano.edu.br\/unidades\/guanambi\/files\/2020\/01\/Balancete-de-julho-de-2019.pdf\" target=\"_blank\" rel=\"noopener noreferrer\">Balancete<\/a><\/td>\n<td style=\"padding: 8px;padding-top: 4px;text-align: center\"><a href=\"http:\/\/www.ifbaiano.edu.br\/unidades\/guanambi\/files\/2020\/01\/Balancete-Setembro-de-2019..pdf\" target=\"_blank\" rel=\"noopener noreferrer\">Balancete<\/a><\/td>\n<td style=\"padding: 8px;padding-top: 4px;text-align: center\"><a href=\"http:\/\/www.ifbaiano.edu.br\/unidades\/guanambi\/files\/2020\/01\/Balancete-Setembro-de-2019..pdf\" target=\"_blank\" rel=\"noopener noreferrer\">Balancete<\/a><\/td>\n<td style=\"padding: 8px;padding-top: 4px;text-align: center\"><a href=\"https:\/\/www.ifbaiano.edu.br\/unidades\/guanambi\/files\/2020\/04\/Balancete-outubro-de-2019.pdf\" target=\"_blank\" rel=\"noopener noreferrer\">Balancete<\/a><\/td>\n<td style=\"padding: 8px;padding-top: 4px;text-align: center\"><a href=\"https:\/\/www.ifbaiano.edu.br\/unidades\/guanambi\/files\/2020\/04\/Balancete-novembro-de-2019.pdf\" target=\"_blank\" rel=\"noopener noreferrer\">Balancete<\/a><\/td>\n<td style=\"padding: 8px;padding-top: 4px;text-align: center\"><a href=\"https:\/\/www.ifbaiano.edu.br\/unidades\/guanambi\/files\/2020\/04\/Balancete-dezembro-de-2019.pdf\">Balancete<\/a><\/td>\n<\/tr>\n<\/tbody>\n<\/table>\n<table style=\"width: 100%\">\n<tbody>\n<tr>\n<th style=\"background-color: #4caf50;color: white;padding: 15px;text-align: center\">2018<\/th>\n<th>\u00a0<\/th>\n<\/tr>\n<tr style=\"background-color: #4caf50;color: white;padding: 15px;text-align: center\">\n<th style=\"padding: 15px;text-align: center\">Janeiro<\/th>\n<th style=\"padding: 15px;text-align: center\">Fevereiro<\/th>\n<th style=\"padding: 15px;text-align: center\">Mar\u00e7o<\/th>\n<th style=\"padding: 15px;text-align: center\">Abril<\/th>\n<th style=\"padding: 15px;text-align: center\">Maio<\/th>\n<th style=\"padding: 15px;text-align: center\">Junho<\/th>\n<\/tr>\n<tr style=\"border-bottom: 3px solid #4CAF50\">\n<td style=\"padding: 8px;padding-bottom: 4px;text-align: center\"><a href=\"http:\/\/www.ifbaiano.edu.br\/unidades\/guanambi\/files\/2018\/04\/DemonstracoesContabeis-JANEIRO.zip\" target=\"_blank\" rel=\"noopener noreferrer\">Demonstra\u00e7\u00f5es Cont\u00e1beis\u00a0<\/a><\/td>\n<td style=\"padding: 8px;padding-bottom: 4px;text-align: center\"><a href=\"http:\/\/www.ifbaiano.edu.br\/unidades\/guanambi\/files\/2018\/04\/DemonstracoesContabeis-FEVEREIRO.zip\" target=\"_blank\" rel=\"noopener noreferrer\">Demonstra\u00e7\u00f5es Cont\u00e1beis<\/a><\/td>\n<td style=\"padding: 8px;padding-bottom: 4px;text-align: center\"><a href=\"http:\/\/www.ifbaiano.edu.br\/unidades\/guanambi\/files\/2018\/04\/Demonstra\u00e7\u00f5es-Cont\u00e1beis-MAR\u00c7O.pdf\">Demonstra\u00e7\u00f5es Cont\u00e1beis\u00a0<\/a><\/td>\n<td style=\"padding: 8px;padding-bottom: 4px;text-align: center\"><a href=\"http:\/\/www.ifbaiano.edu.br\/unidades\/guanambi\/files\/2018\/04\/Demonstracoes-Contabeis-Abril-de-2018.zip\" target=\"_blank\" rel=\"noopener noreferrer\">Demonstra\u00e7\u00f5es Cont\u00e1beis\u00a0\u00a0<\/a><\/td>\n<td style=\"padding: 8px;padding-bottom: 4px;text-align: center\">\u00a0<a href=\"http:\/\/www.ifbaiano.edu.br\/unidades\/guanambi\/files\/2018\/04\/DemonstracoesContabeis-11062018-0921.zip\" target=\"_blank\" rel=\"noopener noreferrer\">Demonstra\u00e7\u00f5es Cont\u00e1beis\u00a0\u00a0<\/a><\/td>\n<td style=\"padding: 8px;padding-bottom: 4px;text-align: center\">\u00a0<a href=\"http:\/\/www.ifbaiano.edu.br\/unidades\/guanambi\/files\/2018\/04\/DemonstracoesContabeis-junho-2018.zip\" target=\"_blank\" rel=\"noopener noreferrer\">Demonstra\u00e7\u00f5es Cont\u00e1beis<\/a><\/td>\n<\/tr>\n<tr>\n<td style=\"padding: 8px;padding-top: 4px;text-align: center\"><a href=\"http:\/\/www.ifbaiano.edu.br\/unidades\/guanambi\/files\/2018\/04\/Balancete-Janeiro.pdf\" target=\"_blank\" rel=\"noopener noreferrer\">Balancete<\/a><\/td>\n<td style=\"padding: 8px;padding-top: 4px;text-align: center\"><a href=\"http:\/\/www.ifbaiano.edu.br\/unidades\/guanambi\/files\/2018\/04\/Balancete-Fevereiro.pdf\" target=\"_blank\" rel=\"noopener noreferrer\">Balancete<\/a><\/td>\n<td style=\"padding: 8px;padding-top: 4px;text-align: center\"><a href=\"http:\/\/www.ifbaiano.edu.br\/unidades\/guanambi\/files\/2018\/04\/Balancete-Mar\u00e7o.pdf\" target=\"_blank\" rel=\"noopener noreferrer\">Balancete\u00a0<\/a><\/td>\n<td style=\"padding: 8px;padding-top: 4px;text-align: center\"><a href=\"http:\/\/www.ifbaiano.edu.br\/unidades\/guanambi\/files\/2018\/04\/BALANCETE-ABRIL-DE-2018-Bloco-de-notas.pdf\" target=\"_blank\" rel=\"noopener noreferrer\">\u00a0Balancete\u00a0<\/a><\/td>\n<td style=\"padding: 8px;padding-top: 4px;text-align: center\"><a href=\"http:\/\/www.ifbaiano.edu.br\/unidades\/guanambi\/files\/2018\/04\/Balancete-Maio-2018.pdf\" target=\"_blank\" rel=\"noopener noreferrer\">\u00a0Balancete\u00a0<\/a><\/td>\n<td style=\"padding: 8px;padding-top: 4px;text-align: center\">\u00a0<a href=\"http:\/\/www.ifbaiano.edu.br\/unidades\/guanambi\/files\/2018\/04\/Balancete-junho-2018.pdf\" target=\"_blank\" rel=\"noopener noreferrer\">Balancete<\/a><\/td>\n<\/tr>\n<tr style=\"background-color: #4caf50;color: white;padding: 15px;text-align: center\">\n<th style=\"padding: 10px;text-align: center\">Julho<\/th>\n<th style=\"padding: 10px;text-align: center\">Agosto<\/th>\n<th style=\"padding: 10px;text-align: center\">Setembro<\/th>\n<th style=\"padding: 10px;text-align: center\">Outubro<\/th>\n<th style=\"padding: 10px;text-align: center\">Novembro<\/th>\n<th style=\"padding: 10px;text-align: center\">Dezembro<\/th>\n<\/tr>\n<tr>\n<td style=\"padding: 8px;padding-bottom: 4px;text-align: center\"><a href=\"http:\/\/www.ifbaiano.edu.br\/unidades\/guanambi\/files\/2018\/04\/DemonstracoesContabeis-15082018-0857.zip\" target=\"_blank\" rel=\"noopener noreferrer\">Demonstra\u00e7\u00f5es Cont\u00e1beis<\/a><\/td>\n<td style=\"padding: 8px;padding-bottom: 4px;text-align: center\">\u00a0<a href=\"http:\/\/www.ifbaiano.edu.br\/unidades\/guanambi\/files\/2018\/04\/DemonstracoesContabeis-11092018-0201.zip\" target=\"_blank\" rel=\"noopener noreferrer\">Demonstra\u00e7\u00f5es Cont\u00e1beis<\/a><\/td>\n<td style=\"padding: 8px;padding-bottom: 4px;text-align: center\"><a href=\"http:\/\/www.ifbaiano.edu.br\/unidades\/guanambi\/files\/2018\/04\/DemonstracoesContabeis-16102018-0936.zip\" target=\"_blank\" rel=\"noopener noreferrer\">Demonstra\u00e7\u00f5es Cont\u00e1beis\u00a0<\/a><\/td>\n<td style=\"padding: 8px;padding-bottom: 4px;text-align: center\"><a href=\"http:\/\/www.ifbaiano.edu.br\/unidades\/guanambi\/files\/2018\/04\/DemonstracoesContabeis-21112018-0911.zip\">Demonstra\u00e7\u00f5es Cont\u00e1beis\u00a0<\/a><\/td>\n<td style=\"padding: 8px;padding-bottom: 4px;text-align: center\">\u00a0<a href=\"http:\/\/www.ifbaiano.edu.br\/unidades\/guanambi\/files\/2018\/04\/DemonstracoesContabeis-17122018-0907.zip.zip\">Demostra\u00e7\u00f5es Cont\u00e1beis<\/a><\/td>\n<td style=\"padding: 8px;padding-bottom: 4px;text-align: center\"><a href=\"http:\/\/www.ifbaiano.edu.br\/unidades\/guanambi\/files\/2018\/04\/DemonstracoesContabeis-04022019-0416.zip\" target=\"_blank\" rel=\"noopener noreferrer\">\u00a0Demostra\u00e7\u00f5es Cont\u00e1beis\u00a0<\/a><\/td>\n<\/tr>\n<tr>\n<td style=\"padding: 8px;padding-top: 4px;text-align: center\"><a href=\"http:\/\/www.ifbaiano.edu.br\/unidades\/guanambi\/files\/2018\/04\/Balancete-julho-2018.pdf\" target=\"_blank\" rel=\"noopener noreferrer\">Balancete\u00a0<\/a><\/td>\n<td style=\"padding: 8px;padding-top: 4px;text-align: center\">\u00a0<a href=\"http:\/\/www.ifbaiano.edu.br\/unidades\/guanambi\/files\/2018\/04\/Balancete-de-agosto-de-2018.pdf\" target=\"_blank\" rel=\"noopener noreferrer\">Balancete\u00a0<\/a><\/td>\n<td style=\"padding: 8px;padding-top: 4px;text-align: center\"><a href=\"http:\/\/www.ifbaiano.edu.br\/unidades\/guanambi\/files\/2018\/04\/Balancete-Setembro-de-2018.pdf\" target=\"_blank\" rel=\"noopener noreferrer\">Balancete<\/a><\/td>\n<td style=\"padding: 8px;padding-top: 4px;text-align: center\">\u00a0<a href=\"http:\/\/www.ifbaiano.edu.br\/unidades\/guanambi\/files\/2018\/04\/Balancete-Outubro-de-2018.pdf\" target=\"_blank\" rel=\"noopener noreferrer\">Balancete<\/a><\/td>\n<td style=\"padding: 8px;padding-top: 4px;text-align: center\"><a href=\"http:\/\/www.ifbaiano.edu.br\/unidades\/guanambi\/files\/2018\/04\/Balancete-de-novembro-de-2018-1.pdf\" target=\"_blank\" rel=\"noopener noreferrer\">Balancete\u00a0<\/a><\/td>\n<td style=\"padding: 8px;padding-top: 4px;text-align: center\"><a href=\"http:\/\/www.ifbaiano.edu.br\/unidades\/guanambi\/files\/2018\/04\/DemonstracoesContabeis-04022019-0416.zip\" target=\"_blank\" rel=\"noopener noreferrer\">Balancete\u00a0\u00a0<\/a><\/td>\n<\/tr>\n<\/tbody>\n<\/table>\n\n\n<p><\/p>\n","protected":false},"excerpt":{"rendered":"<p>2020 \u00a0 Janeiro Fevereiro Mar\u00e7o Abril Maio Junho Demonstra\u00e7\u00f5es Cont\u00e1beis\u00a0 Demonstra\u00e7\u00f5es Cont\u00e1beis\u00a0 Demonstra\u00e7\u00f5es Cont\u00e1beis\u00a0 Demonstra\u00e7\u00f5es Cont\u00e1beis Demonstra\u00e7\u00f5es Cont\u00e1beis Demonstra\u00e7\u00f5es Cont\u00e1beis \u00a0Balancete Balancete Balancete Balancete Balancete Balancete Julho Agosto Setembro Outubro Novembro Dezembro Demonstra\u00e7\u00f5es Cont\u00e1beis Demonstra\u00e7\u00f5es Cont\u00e1beis Demonstra\u00e7\u00f5es Cont\u00e1beis Demonstra\u00e7\u00f5es Cont\u00e1beis Demonstra\u00e7\u00f5es Cont\u00e1beis Demonstra\u00e7\u00f5es Cont\u00e1beis Balancete Balancete Balancete Balancete Balancete Balancete 2019 \u00a0 Janeiro Fevereiro Mar\u00e7o [&hellip;]<\/p>\n","protected":false},"author":75,"featured_media":0,"parent":5533,"menu_order":0,"comment_status":"closed","ping_status":"closed","template":"","meta":[],"_links":{"self":[{"href":"https:\/\/www.ifbaiano.edu.br\/unidades\/guanambi\/wp-json\/wp\/v2\/pages\/6864"}],"collection":[{"href":"https:\/\/www.ifbaiano.edu.br\/unidades\/guanambi\/wp-json\/wp\/v2\/pages"}],"about":[{"href":"https:\/\/www.ifbaiano.edu.br\/unidades\/guanambi\/wp-json\/wp\/v2\/types\/page"}],"author":[{"embeddable":true,"href":"https:\/\/www.ifbaiano.edu.br\/unidades\/guanambi\/wp-json\/wp\/v2\/users\/75"}],"replies":[{"embeddable":true,"href":"https:\/\/www.ifbaiano.edu.br\/unidades\/guanambi\/wp-json\/wp\/v2\/comments?post=6864"}],"version-history":[{"count":24,"href":"https:\/\/www.ifbaiano.edu.br\/unidades\/guanambi\/wp-json\/wp\/v2\/pages\/6864\/revisions"}],"predecessor-version":[{"id":12631,"href":"https:\/\/www.ifbaiano.edu.br\/unidades\/guanambi\/wp-json\/wp\/v2\/pages\/6864\/revisions\/12631"}],"up":[{"embeddable":true,"href":"https:\/\/www.ifbaiano.edu.br\/unidades\/guanambi\/wp-json\/wp\/v2\/pages\/5533"}],"wp:attachment":[{"href":"https:\/\/www.ifbaiano.edu.br\/unidades\/guanambi\/wp-json\/wp\/v2\/media?parent=6864"}],"curies":[{"name":"wp","href":"https:\/\/api.w.org\/{rel}","templated":true}]}}