{"id":6874,"date":"2018-04-04T23:57:54","date_gmt":"2018-04-05T02:57:54","guid":{"rendered":"http:\/\/www.ifbaiano.edu.br\/unidades\/guanambi\/?page_id=6874"},"modified":"2022-04-24T21:34:51","modified_gmt":"2022-04-25T00:34:51","slug":"compras","status":"publish","type":"page","link":"https:\/\/www.ifbaiano.edu.br\/unidades\/guanambi\/transparencia\/compras\/","title":{"rendered":"Licita\u00e7\u00f5es e Contratos"},"content":{"rendered":"<p><strong>N\u00facleo de Licita\u00e7\u00e3o<\/strong><\/p>\n<p>Coordenador: Norm\u00e9lia Chaves da Silva Merc\u00eas<br \/>\nlicitacoes@guanambi.ifbaiano.edu.br<br \/>\n(77) 3493-2100 Ramal 204<\/p>\n<p>Mais informa\u00e7\u00f5es acesse:\u00a0<a href=\"https:\/\/www.ifbaiano.edu.br\/unidades\/guanambi\/processo\/www.comprasnet.gov.br\">www.comprasnet.gov.br<\/a><\/p>\n<hr \/>\n<p><a href=\"http:\/\/ifbaiano.edu.br\/portal\/orientacoes-para-o-processo-de-compra\/\" target=\"_blank\" rel=\"noopener noreferrer\">Orienta\u00e7\u00f5es para o processo de compra<\/a>\u00a0|\u00a0<a href=\"http:\/\/ifbaiano.edu.br\/portal\/modelos\/\" target=\"_blank\" rel=\"noopener noreferrer\">Documentos Necess\u00e1rios (Templates)<\/a> | <a href=\"https:\/\/www.comprasgovernamentais.gov.br\/index.php\/faq-etp\" target=\"_blank\" rel=\"noopener noreferrer\">IN N\u00ba40 &#8211; Estudos T\u00e9cnicos Preliminares<\/a> |\u00a0<a href=\"https:\/\/www.comprasgovernamentais.gov.br\/index.php\/manual-etp-digital\" target=\"_blank\" rel=\"noopener noreferrer\">Manual ETP Digital\u00a0<\/a>|<\/p>\n<p style=\"text-align: left\">Informa\u00e7\u00f5es sobre as licita\u00e7\u00f5es podem ser conferidas no<a href=\"http:\/\/paineldecompras.economia.gov.br\/\" target=\"_blank\" rel=\"noopener\"> painel de compras do Governo Federal<\/a>, filtrando pelo n\u00famero da USAG 158442.<\/p>\n","protected":false},"excerpt":{"rendered":"<p>N\u00facleo de Licita\u00e7\u00e3o Coordenador: Norm\u00e9lia Chaves da Silva Merc\u00eas licitacoes@guanambi.ifbaiano.edu.br (77) 3493-2100 Ramal 204 Mais informa\u00e7\u00f5es acesse:\u00a0www.comprasnet.gov.br Orienta\u00e7\u00f5es para o processo de compra\u00a0|\u00a0Documentos Necess\u00e1rios (Templates) | IN N\u00ba40 &#8211; Estudos T\u00e9cnicos Preliminares |\u00a0Manual ETP Digital\u00a0| Informa\u00e7\u00f5es sobre as licita\u00e7\u00f5es podem ser conferidas no painel de compras do Governo Federal, filtrando pelo n\u00famero da USAG 158442.<\/p>\n","protected":false},"author":75,"featured_media":0,"parent":5533,"menu_order":0,"comment_status":"closed","ping_status":"closed","template":"","meta":[],"_links":{"self":[{"href":"https:\/\/www.ifbaiano.edu.br\/unidades\/guanambi\/wp-json\/wp\/v2\/pages\/6874"}],"collection":[{"href":"https:\/\/www.ifbaiano.edu.br\/unidades\/guanambi\/wp-json\/wp\/v2\/pages"}],"about":[{"href":"https:\/\/www.ifbaiano.edu.br\/unidades\/guanambi\/wp-json\/wp\/v2\/types\/page"}],"author":[{"embeddable":true,"href":"https:\/\/www.ifbaiano.edu.br\/unidades\/guanambi\/wp-json\/wp\/v2\/users\/75"}],"replies":[{"embeddable":true,"href":"https:\/\/www.ifbaiano.edu.br\/unidades\/guanambi\/wp-json\/wp\/v2\/comments?post=6874"}],"version-history":[{"count":22,"href":"https:\/\/www.ifbaiano.edu.br\/unidades\/guanambi\/wp-json\/wp\/v2\/pages\/6874\/revisions"}],"predecessor-version":[{"id":10742,"href":"https:\/\/www.ifbaiano.edu.br\/unidades\/guanambi\/wp-json\/wp\/v2\/pages\/6874\/revisions\/10742"}],"up":[{"embeddable":true,"href":"https:\/\/www.ifbaiano.edu.br\/unidades\/guanambi\/wp-json\/wp\/v2\/pages\/5533"}],"wp:attachment":[{"href":"https:\/\/www.ifbaiano.edu.br\/unidades\/guanambi\/wp-json\/wp\/v2\/media?parent=6874"}],"curies":[{"name":"wp","href":"https:\/\/api.w.org\/{rel}","templated":true}]}}