{"id":7009,"date":"2018-05-14T09:38:20","date_gmt":"2018-05-14T12:38:20","guid":{"rendered":"http:\/\/www.ifbaiano.edu.br\/unidades\/guanambi\/?page_id=7009"},"modified":"2019-03-08T11:50:59","modified_gmt":"2019-03-08T14:50:59","slug":"orcamento-2","status":"publish","type":"page","link":"https:\/\/www.ifbaiano.edu.br\/unidades\/guanambi\/orcamento-2\/","title":{"rendered":"Or\u00e7amento"},"content":{"rendered":"<p><a href=\"http:\/\/www.ifbaiano.edu.br\/unidades\/guanambi\/files\/2018\/05\/Or\u00e7amento-2019.pdf\" target=\"_blank\">Previs\u00e3o Or\u00e7ament\u00e1ria &#8211; 2019<\/a><\/p>\n<p><a href=\"http:\/\/www.ifbaiano.edu.br\/unidades\/guanambi\/files\/2018\/05\/Previs\u00e3o-Or\u00e7ament\u00e1ria.pdf\" target=\"_blank\">Previs\u00e3o Or\u00e7ament\u00e1ria &#8211; 2018<\/a><\/p>\n","protected":false},"excerpt":{"rendered":"<p>Previs\u00e3o Or\u00e7ament\u00e1ria &#8211; 2019 Previs\u00e3o Or\u00e7ament\u00e1ria &#8211; 2018<\/p>\n","protected":false},"author":75,"featured_media":0,"parent":0,"menu_order":0,"comment_status":"closed","ping_status":"closed","template":"","meta":[],"_links":{"self":[{"href":"https:\/\/www.ifbaiano.edu.br\/unidades\/guanambi\/wp-json\/wp\/v2\/pages\/7009"}],"collection":[{"href":"https:\/\/www.ifbaiano.edu.br\/unidades\/guanambi\/wp-json\/wp\/v2\/pages"}],"about":[{"href":"https:\/\/www.ifbaiano.edu.br\/unidades\/guanambi\/wp-json\/wp\/v2\/types\/page"}],"author":[{"embeddable":true,"href":"https:\/\/www.ifbaiano.edu.br\/unidades\/guanambi\/wp-json\/wp\/v2\/users\/75"}],"replies":[{"embeddable":true,"href":"https:\/\/www.ifbaiano.edu.br\/unidades\/guanambi\/wp-json\/wp\/v2\/comments?post=7009"}],"version-history":[{"count":3,"href":"https:\/\/www.ifbaiano.edu.br\/unidades\/guanambi\/wp-json\/wp\/v2\/pages\/7009\/revisions"}],"predecessor-version":[{"id":10768,"href":"https:\/\/www.ifbaiano.edu.br\/unidades\/guanambi\/wp-json\/wp\/v2\/pages\/7009\/revisions\/10768"}],"wp:attachment":[{"href":"https:\/\/www.ifbaiano.edu.br\/unidades\/guanambi\/wp-json\/wp\/v2\/media?parent=7009"}],"curies":[{"name":"wp","href":"https:\/\/api.w.org\/{rel}","templated":true}]}}