{"id":71,"date":"2011-05-18T19:26:03","date_gmt":"2011-05-18T19:26:03","guid":{"rendered":"http:\/\/localhost\/unidades\/bonfim\/?page_id=67"},"modified":"2017-03-02T04:40:14","modified_gmt":"2017-03-02T07:40:14","slug":"agronomia","status":"publish","type":"page","link":"https:\/\/www.ifbaiano.edu.br\/unidades\/guanambi\/agronomia\/","title":{"rendered":"Bacharelado em Engenharia Agron\u00f4mica"},"content":{"rendered":"<p style=\"text-align: justify\" align=\"JUSTIFY\"><span style=\"color: #000000\"><span style=\"font-family: 'Helvetica Condensed'\">O colegiado do Curso Superior de Bacharelado em Engenharia Agron\u00f4mica oferecido pelo IF Baiano \u2013 <\/span><\/span><span style=\"color: #000000\"><span style=\"font-family: 'Helvetica Condensed'\"><em>Campus<\/em><\/span><\/span><span style=\"color: #000000\"><span style=\"font-family: 'Helvetica Condensed'\"> Guanambi conta atualmente com 44 professores. Destes, <\/span><\/span><span style=\"color: #000000\"><span style=\"font-family: 'Helvetica Condensed'\">54,55<\/span><\/span><span style=\"color: #000000\"><span style=\"font-family: 'Helvetica Condensed'\"> % s\u00e3o doutores; <\/span><\/span><span style=\"color: #000000\"><span style=\"font-family: 'Helvetica Condensed'\">36,36<\/span><\/span><span style=\"color: #000000\"><span style=\"font-family: 'Helvetica Condensed'\">% mestres <\/span><\/span><span style=\"color: #000000\"><span style=\"font-family: 'Helvetica Condensed'\">e 9,09 especialistas<\/span><\/span><span style=\"color: #000000\"><span style=\"font-family: 'Helvetica Condensed'\">. O <\/span><\/span><span style=\"color: #000000\"><span style=\"font-family: 'Helvetica Condensed'\"><em>Campus<\/em><\/span><\/span><span style=\"color: #000000\"><span style=\"font-family: 'Helvetica Condensed'\"> possui uma estrutura f\u00edsica com \u00e1reas de cultivo e experimenta\u00e7\u00e3o, denominadas de Laborat\u00f3rios Did\u00e1ticos, de diversas Culturas Agr\u00edcolas de interesse regional (Palma Forrageira, Sorgo, Mandioca, Feij\u00e3o, Algod\u00e3o, Milho, Soja, Girassol, Culturas de cobertura do solo e Adubos Verdes, Maracuj\u00e1, Citros, Banana, Manga, Banco de Germoplasma de Umbu, Oler\u00edcolas, Viveiro de Ess\u00eancias Florestais), Est\u00e1bulo de Bovinocultura de Leite e Corte, Aprisco de Ovinos e Caprinos, Suinocultura, galp\u00f5es de Avicultura de corte e postura, Cunicultura, setor de m\u00e1quinas e implementos agr\u00edcolas, F\u00e1brica de ra\u00e7\u00e3o, Agroind\u00fastria, Casa do Mel, al\u00e9m de contar com 10 laborat\u00f3rios das diversas \u00e1reas do conhecimento.<\/span><\/span><\/p>\n<p style=\"text-align: justify\" align=\"JUSTIFY\"><a name=\"more-71\"><\/a><span style=\"color: #000000\"><span style=\"font-family: 'Helvetica Condensed'\">A grade curricular do curso segue as determina\u00e7\u00f5es do Minist\u00e9rio da Educa\u00e7\u00e3o, disponibilizando ao estudante um conjunto de disciplinas proped\u00eauticas e profissionalizantes, as quais proporcionam a forma\u00e7\u00e3o t\u00e9cnica e sociocultural, como mecanismo vertical de integra\u00e7\u00e3o que possibilita a aquisi\u00e7\u00e3o de conhecimentos orientados para a sua atua\u00e7\u00e3o profissional.<\/span><\/span><\/p>\n<p style=\"text-align: justify\" align=\"JUSTIFY\"><span style=\"color: #000000\"><span style=\"font-family: 'Helvetica Condensed'\">O curso pretende que o estudante, com base no conjunto de conte\u00fados das v\u00e1rias disciplinas, desenvolva sua capacidade intelectual de constru\u00e7\u00e3o do conhecimento, por meio de aulas te\u00f3ricas, pr\u00e1ticas em laborat\u00f3rio e em campo, al\u00e9m do cumprimento de est\u00e1gio supervisionado na pr\u00f3pria institui\u00e7\u00e3o e\/ou outras institui\u00e7\u00f5es de ensino superior, bem como em empresas parceiras de pesquisa, extens\u00e3o ou produ\u00e7\u00e3o. As disciplinas abrangem as seguintes linhas curriculares: Ci\u00eancias Sociais; Engenharia Rural; Fitossanidade; Fitotecnia; Ci\u00eancia do Solo; Recursos Ambientais; Tecnologia de Produtos Agropecu\u00e1rios e Zootecnia.<\/span><\/span><\/p>\n<p style=\"text-align: justify\" align=\"JUSTIFY\"><span style=\"color: #000000\"><span style=\"font-family: 'Helvetica Condensed'\">A participa\u00e7\u00e3o em atividades extracurriculares visa complementar a forma\u00e7\u00e3o t\u00e9cnico-cient\u00edfica do estudante atrav\u00e9s de inicia\u00e7\u00e3o cient\u00edfica, cursos, congressos, simp\u00f3sios, semin\u00e1rios, dia de campo e encontros, resultando em um profissional capacitado para atuar no campo da agropecu\u00e1ria, participar do ensino b\u00e1sico e superior, desenvolver atividades de pesquisa e extens\u00e3o integradas \u00e0 forma\u00e7\u00e3o profissional, promovendo a difus\u00e3o da cultura, da ci\u00eancia e da tecnologia na \u00e1rea do saber das Ci\u00eancias Agr\u00e1rias, com responsabilidade ambiental e social.<\/span><\/span><\/p>\n<p style=\"text-align: justify\" align=\"JUSTIFY\"><span style=\"color: #000000\"><span style=\"font-family: 'Helvetica Condensed'\">A forma de ingresso \u00e9 via ENEM, com disponibilidade de 40 vagas anuais, e as aulas s\u00e3o ministradas nos turnos matutino e vespertino.<\/span><\/span><\/p>\n<p>&nbsp;<\/p>\n<p><a href=\"http:\/\/www.ifbaiano.edu.br\/unidades\/guanambi\/files\/2014\/08\/Portaria_de_Autorizacao_de_funcionamento.pdf\">Ato autorizativo<\/a><\/p>\n<p><a href=\"http:\/\/www.ifbaiano.edu.br\/unidades\/guanambi\/files\/2011\/05\/Portaria-Coordenador-do-Curso-de-Engenharia-Agron\u00f4mica-04-de-Novembro-de-2016.pdf\" target=\"_blank\">Portaria do coordenador do curso<\/a><\/p>\n<p><a href=\"http:\/\/www.ifbaiano.edu.br\/unidades\/guanambi\/agronomia\/ppc_agronomia\/\">Projeto pedag\u00f3gico do curso<\/a><\/p>\n<p><a href=\"http:\/\/www.ifbaiano.edu.br\/reitoria\/wp-content\/uploads\/2016\/03\/RELATORIOAGRONOMIA-GUANAMBI.pdf\" target=\"_blank\">Relat\u00f3rio do Curso de Agronomia \u2013 Campus Guanambi<\/a><\/p>\n<p><a href=\"http:\/\/www.ifbaiano.edu.br\/unidades\/guanambi\/horarios\/\" target=\"_blank\">Hor\u00e1rios de Aulas<\/a><\/p>\n<p>&nbsp;<\/p>\n<p><a title=\"Atividades complementares Engenharia Agron\u00f4mica\" href=\"http:\/\/www.ifbaiano.edu.br\/unidades\/guanambi\/agronomia\/atividades-complementares-engenharia-agronomica\/\">Atividades Complementares<\/a><\/p>\n<p><a href=\"http:\/\/www.ifbaiano.edu.br\/unidades\/guanambi\/files\/2014\/11\/Acervo_Bibliografico_agro.pdf\" target=\"_blank\">Acervo Bibliogr\u00e1fico<\/a><\/p>\n<p><a href=\"http:\/\/www.ifbaiano.edu.br\/unidades\/guanambi\/colegiado-agronomia\/\">Colegiado<\/a><\/p>\n<p><a href=\"http:\/\/www.ifbaiano.edu.br\/unidades\/guanambi\/files\/2014\/11\/Regulamento_de_Estagio_Supervisionado.pdf\" target=\"_blank\">Est\u00e1gio curricular<\/a><\/p>\n<p><a title=\"TCC Engenharia Agron\u00f4mica\" href=\"http:\/\/www.ifbaiano.edu.br\/unidades\/guanambi\/agronomia\/tcc-engenharia-agronomica\/\">Trabalho de Conclus\u00e3o de Curso\u00a0<\/a><\/p>\n","protected":false},"excerpt":{"rendered":"<p>O colegiado do Curso Superior de Bacharelado em Engenharia Agron\u00f4mica oferecido pelo IF Baiano \u2013 Campus Guanambi conta atualmente com 44 professores. Destes, 54,55 % s\u00e3o doutores; 36,36% mestres e 9,09 especialistas. O Campus possui uma estrutura f\u00edsica com \u00e1reas de cultivo e experimenta\u00e7\u00e3o, denominadas de Laborat\u00f3rios Did\u00e1ticos, de diversas Culturas Agr\u00edcolas de interesse regional [&hellip;]<\/p>\n","protected":false},"author":1,"featured_media":0,"parent":0,"menu_order":0,"comment_status":"closed","ping_status":"closed","template":"","meta":[],"_links":{"self":[{"href":"https:\/\/www.ifbaiano.edu.br\/unidades\/guanambi\/wp-json\/wp\/v2\/pages\/71"}],"collection":[{"href":"https:\/\/www.ifbaiano.edu.br\/unidades\/guanambi\/wp-json\/wp\/v2\/pages"}],"about":[{"href":"https:\/\/www.ifbaiano.edu.br\/unidades\/guanambi\/wp-json\/wp\/v2\/types\/page"}],"author":[{"embeddable":true,"href":"https:\/\/www.ifbaiano.edu.br\/unidades\/guanambi\/wp-json\/wp\/v2\/users\/1"}],"replies":[{"embeddable":true,"href":"https:\/\/www.ifbaiano.edu.br\/unidades\/guanambi\/wp-json\/wp\/v2\/comments?post=71"}],"version-history":[{"count":32,"href":"https:\/\/www.ifbaiano.edu.br\/unidades\/guanambi\/wp-json\/wp\/v2\/pages\/71\/revisions"}],"predecessor-version":[{"id":6060,"href":"https:\/\/www.ifbaiano.edu.br\/unidades\/guanambi\/wp-json\/wp\/v2\/pages\/71\/revisions\/6060"}],"wp:attachment":[{"href":"https:\/\/www.ifbaiano.edu.br\/unidades\/guanambi\/wp-json\/wp\/v2\/media?parent=71"}],"curies":[{"name":"wp","href":"https:\/\/api.w.org\/{rel}","templated":true}]}}