{"id":73,"date":"2011-05-18T19:27:57","date_gmt":"2011-05-18T19:27:57","guid":{"rendered":"http:\/\/localhost\/unidades\/bonfim\/?page_id=73"},"modified":"2021-06-14T15:55:04","modified_gmt":"2021-06-14T18:55:04","slug":"agroindustria","status":"publish","type":"page","link":"https:\/\/www.ifbaiano.edu.br\/unidades\/guanambi\/agroindustria\/","title":{"rendered":"T\u00e9cnico em Agroind\u00fastria"},"content":{"rendered":"<p style=\"text-align: justify\">O curso T\u00e9cnico em Agroind\u00fastria Integrado ao Ensino M\u00e9dio visa atender jovens que conclu\u00edram a 8\u00b0 s\u00e9rie do Ensino Fundamental e que procuram forma\u00e7\u00e3o t\u00e9cnica associada a forma\u00e7\u00e3o de n\u00edvel m\u00e9dio. O curso possui dura\u00e7\u00e3o de 3 (tr\u00eas) anos, realizando-se no per\u00edodo diurno, sendo um dos per\u00edodos destinado \u00e0s disciplinas do Ensino M\u00e9dio e o outro turno destinado \u00e0s disciplinas da Ensino T\u00e9cnico. A carga hor\u00e1ria total de 3.560 h completa-se com Est\u00e1gio supervisionado de 200 h.<\/p>\n<p style=\"text-align: justify\">Ao final do curso, o aluno receber\u00e1 o certificado de conclus\u00e3o do Ensino M\u00e9dio e Diploma de T\u00e9cnico em Agroind\u00fastria. Este curso habilitar\u00e1 o profissional a acompanhar o processo de beneficiamento e industrializa\u00e7\u00e3o de produtos de origem animal e vegetal para a obten\u00e7\u00e3o de alimentos com, a analisar qualidade da mat\u00e9ria-prima e de seus produtos, avaliar durante o processo de beneficiamento e industrializa\u00e7\u00e3o dos alimentos; acompanhar o programa de manuten\u00e7\u00e3o de equipamentos na agroind\u00fastria, al\u00e9m de participar dos programas de gest\u00e3o das empresas.<\/p>\n<p style=\"text-align: justify\">Compete ao profissional a planejar, orientar, executar, acompanhar e controlar as etapas do processamento agroindustrial, gerenciar e executar as atividades de aquisi\u00e7\u00e3o e comercializa\u00e7\u00e3o de mat\u00e9rias-primas, insumos e produtos finais, supervisionar e assessorar atividades referentes \u00e0 aquisi\u00e7\u00e3o, manuten\u00e7\u00e3o e reparo de instala\u00e7\u00f5es e equipamentos agroindustriais, ser um profissional empreendedor em agroneg\u00f3cios, prestar assist\u00eancia t\u00e9cnica em agroind\u00fastrias, \u00f3rg\u00e3os p\u00fablicos, cooperativas, comunidades rurais, propriedades rurais e outros; elaborar relat\u00f3rios e projetos, inclusive de incorpora\u00e7\u00e3o de novas tecnologias, implantar e gerenciar sistemas de controle de qualidade na produ\u00e7\u00e3o agroindustrial, identificar e aplicar t\u00e9cnicas mercadol\u00f3gicas para a distribui\u00e7\u00e3o e comercializa\u00e7\u00e3o de produtos e conhecer e desenvolver t\u00e9cnicas agroindustriais.<\/p>\n<p><a href=\"http:\/\/web02.guanambi.ifbaiano.edu.br\/horarios\/Cursos\/CURSO%20T%c3%89CNICO%20EM%20AGROIND%c3%9aSTRIA%20INTEGRADO%20AO%20ENSINO%20M%c3%89DIO%20-%202018.pdf\" target=\"_blank\" rel=\"noopener\">Hor\u00e1rio de Aulas<\/a><\/p>\n<p><a href=\"https:\/\/www.ifbaiano.edu.br\/unidades\/guanambi\/files\/2021\/06\/PPC-AGROINDUSTRIA-MEDIO-2019.pdf\" target=\"_blank\" rel=\"noopener\">Projeto Pedag\u00f3gico do Curso T\u00e9cnico em Agroind\u00fastria (2019)<\/a><\/p>\n<p><a href=\"http:\/\/www.ifbaiano.edu.br\/unidades\/guanambi\/files\/2011\/05\/Resolu\u00e7\u00e3o-01-2017.pdf\" target=\"_blank\" rel=\"noopener\">Resolu\u00e7\u00e3o 01\/2017 &#8211; Reestrutura o Projeto Pedag\u00f3gico<\/a><\/p>\n","protected":false},"excerpt":{"rendered":"<p>O curso T\u00e9cnico em Agroind\u00fastria Integrado ao Ensino M\u00e9dio visa atender jovens que conclu\u00edram a 8\u00b0 s\u00e9rie do Ensino Fundamental e que procuram forma\u00e7\u00e3o t\u00e9cnica associada a forma\u00e7\u00e3o de n\u00edvel m\u00e9dio. O curso possui dura\u00e7\u00e3o de 3 (tr\u00eas) anos, realizando-se no per\u00edodo diurno, sendo um dos per\u00edodos destinado \u00e0s disciplinas do Ensino M\u00e9dio e o [&hellip;]<\/p>\n","protected":false},"author":1,"featured_media":0,"parent":0,"menu_order":0,"comment_status":"closed","ping_status":"closed","template":"","meta":[],"_links":{"self":[{"href":"https:\/\/www.ifbaiano.edu.br\/unidades\/guanambi\/wp-json\/wp\/v2\/pages\/73"}],"collection":[{"href":"https:\/\/www.ifbaiano.edu.br\/unidades\/guanambi\/wp-json\/wp\/v2\/pages"}],"about":[{"href":"https:\/\/www.ifbaiano.edu.br\/unidades\/guanambi\/wp-json\/wp\/v2\/types\/page"}],"author":[{"embeddable":true,"href":"https:\/\/www.ifbaiano.edu.br\/unidades\/guanambi\/wp-json\/wp\/v2\/users\/1"}],"replies":[{"embeddable":true,"href":"https:\/\/www.ifbaiano.edu.br\/unidades\/guanambi\/wp-json\/wp\/v2\/comments?post=73"}],"version-history":[{"count":12,"href":"https:\/\/www.ifbaiano.edu.br\/unidades\/guanambi\/wp-json\/wp\/v2\/pages\/73\/revisions"}],"predecessor-version":[{"id":10034,"href":"https:\/\/www.ifbaiano.edu.br\/unidades\/guanambi\/wp-json\/wp\/v2\/pages\/73\/revisions\/10034"}],"wp:attachment":[{"href":"https:\/\/www.ifbaiano.edu.br\/unidades\/guanambi\/wp-json\/wp\/v2\/media?parent=73"}],"curies":[{"name":"wp","href":"https:\/\/api.w.org\/{rel}","templated":true}]}}