{"id":9718,"date":"2021-02-08T10:38:06","date_gmt":"2021-02-08T13:38:06","guid":{"rendered":"https:\/\/www.ifbaiano.edu.br\/unidades\/guanambi\/?page_id=9718"},"modified":"2025-11-05T08:46:20","modified_gmt":"2025-11-05T11:46:20","slug":"laboratorios","status":"publish","type":"page","link":"https:\/\/www.ifbaiano.edu.br\/unidades\/guanambi\/laboratorios\/","title":{"rendered":"Laborat\u00f3rios"},"content":{"rendered":"<div style=\"font-family: sans-serif;color: #333;line-height: 1.6\">\n<p style=\"margin: 1.5rem 0\"><a style=\"display: inline-block;background-color: #006400;color: #ffffff;padding: 12px 20px;text-decoration: none;border-radius: 5px;font-weight: bold;font-size: 1.1rem\" href=\"https:\/\/www.ifbaiano.edu.br\/unidades\/guanambi\/files\/2024\/07\/Regulamento-Geral-dos-Laboratorios-Guanambi.pdf\">Regulamento Geral dos Laborat\u00f3rios<br \/>\n<\/a><\/p>\n<h3 style=\"font-size: 1.5rem;color: #2f4f4f;margin-top: 2.5rem;margin-bottom: 1rem\">Sobre o Setor de Laborat\u00f3rios<\/h3>\n<p style=\"text-align: justify\">O pavilh\u00e3o de Laborat\u00f3rios do Instituto Federal Baiano Campus Guanambi, entregue em 25 de Abril de 2011, possui um total de 11 Laborat\u00f3rios, os quais s\u00e3o: Lab de solos, Lab de Qu\u00edmica Geral e Anal\u00edtica, Lab de Fitopatologia, Lab de Qu\u00edmica Inorg\u00e2nica e F\u00edsico-qu\u00edmica, Lab de Biologia Molecular, Lab de Entomologia, Lab de F\u00edsica, Lab de Anatomia e Nutri\u00e7\u00e3o Animal, Lab de An\u00e1lise Sensorial e Lab de Bromatologia. Al\u00e9m desses, outros Laborat\u00f3rios s\u00e3o acompanhados pelo Setor de Laborat\u00f3rios, sendo esses: Laborat\u00f3rio de Qu\u00edmica Org\u00e2nica e Bioqu\u00edmica (Pavilh\u00e3o de aulas 2), Laborat\u00f3rios de Biologia Geral (Pavilh\u00e3o de aulas 2), Laborat\u00f3rio de Fisiologia Vegetal (antigo pr\u00e9dio de Laborat\u00f3rios, ao lado da Guarita).<\/p>\n<hr style=\"border: 0;border-top: 1px solid #eee;margin: 2.5rem 0\">\n<details style=\"border: 1px solid #ddd;border-radius: 5px;margin-bottom: 10px;overflow: hidden\">\n<summary style=\"padding: 12px 15px;cursor: pointer;font-weight: bold;background-color: #f0f0f0;color: #333;font-size: 1.1rem\">Solos<\/summary>\n<div style=\"padding: 20px;background-color: #fdfdfd;border-top: 1px solid #ddd\">\n<p style=\"margin-top: 0\">O laborat\u00f3rio \u00e9 utilizado nas disciplinas de f\u00edsica do Solo, Qu\u00edmica do Solo, fertilidade, agroecologia, Manejo e conserva\u00e7\u00e3o do solo e \u00e1gua, manejo de solos no Semi\u00e1rido, Agricultura II, dentre outras. \u00c9 equipado com balan\u00e7as digitais, estufas de secagem, estufas BOD, espectrofot\u00f4metros, pHmetro, condutiv\u00edmetro, chapas aquecedoras, centrifuga, mesa de tens\u00e3o, funil de Haines, agitador de peneiras, Sistema de Richards, WP4, analisador de umidade, Penetr\u00f3grafo, Perme\u00e2metros de solo, fot\u00f4metro de chama, mesa agitadora, agitador tipo Wagner, capela de exaust\u00e3o, blocos digestores, destilador de Nitrog\u00eanio, bombas de v\u00e1cuo, freezer e geladeira. Al\u00e9m de ser utilizado nas atividades de ensino, o laborat\u00f3rio \u00e9 utilizado para atividades de pesquisa e extens\u00e3o.<\/p>\n<h4 style=\"font-size: 1.1rem;color: #333;margin-top: 1.5rem;margin-bottom: 0.5rem\">An\u00e1lises Realizadas:<\/h4>\n<ul style=\"margin-top: 0;padding-left: 25px\">\n<li>Densidade do solo;<\/li>\n<li>Porosidade (Macro e micro);<\/li>\n<li>An\u00e1lise Granulom\u00e9trica e Classifica\u00e7\u00e3o Textural;<\/li>\n<li>Curva de reten\u00e7\u00e3o de \u00e1gua;<\/li>\n<li>Distribui\u00e7\u00e3o de tamanho de agregado;<\/li>\n<li>Permeabilidade ao ar;<\/li>\n<li>Conte\u00fado de \u00e1gua no solo;<\/li>\n<li>Resist\u00eancia do solo \u00e0 penetra\u00e7\u00e3o;<\/li>\n<li>Densidade das part\u00edculas;<\/li>\n<li>Quantifica\u00e7\u00e3o da Umidade (65\u00b0C e 105\u00b0C);<\/li>\n<li>Capacidade de Reten\u00e7\u00e3o de \u00c1gua (CRA);<\/li>\n<li>Condutividade El\u00e9trica;<\/li>\n<li>Teor de Sais Sol\u00faveis Totais (TSST);<\/li>\n<li>Nitrog\u00eanio (N-Total);<\/li>\n<li>Nitrog\u00eanio inorg\u00e2nico (N-NH<sub>4<\/sub> e N-NO<sub>3<\/sub>);<\/li>\n<li>\u00cdndice de Salinidade;<\/li>\n<li>Capacidade de Troca de C\u00e1tions (CTC);<\/li>\n<li>S\u00f3lidos Vol\u00e1teis;<\/li>\n<li>Determina\u00e7\u00e3o de F\u00f3sforo, pot\u00e1ssio e s\u00f3dio em plantas;<\/li>\n<li>Determina\u00e7\u00e3o de pot\u00e1ssio e s\u00f3dio no solo.<\/li>\n<\/ul>\n<\/div>\n<\/details>\n<details style=\"border: 1px solid #ddd;border-radius: 5px;margin-bottom: 10px;overflow: hidden\">\n<summary style=\"padding: 12px 15px;cursor: pointer;font-weight: bold;background-color: #f0f0f0;color: #333;font-size: 1.1rem\">Laborat\u00f3rio de Qu\u00edmica Geral e Anal\u00edtica<\/summary>\n<div style=\"padding: 20px;background-color: #fdfdfd;border-top: 1px solid #ddd\">\n<p style=\"margin-top: 0\">Esse laborat\u00f3rio atende todos os cursos do Instituto, desde os cursos de N\u00edvel M\u00e9dio at\u00e9 os cursos de N\u00edvel Superior. O Laborat\u00f3rio \u00e9 equipado com capela de exaust\u00e3o, balan\u00e7as anal\u00edticas e semi anal\u00edticas, pHmetros, condutiv\u00edmetros, estufa de secagem, chapas aquecedoras, mantas aquecedoras e espectrofot\u00f4metros.<\/p>\n<\/div>\n<\/details>\n<details style=\"border: 1px solid #ddd;border-radius: 5px;margin-bottom: 10px;overflow: hidden\">\n<summary style=\"padding: 12px 15px;cursor: pointer;font-weight: bold;background-color: #f0f0f0;color: #333;font-size: 1.1rem\">Laborat\u00f3rio de Fitopatologia<\/summary>\n<div style=\"padding: 20px;background-color: #fdfdfd;border-top: 1px solid #ddd\">\n<p style=\"margin-top: 0\">Equipado com capela de fluxo laminar, autoclave, estufas de secagem, estufas tipo BOD, geladeiras, balan\u00e7as anal\u00edticas e semi anal\u00edticas, banho maria, agitador magn\u00e9tico, contadores de col\u00f4nia e microsc\u00f3pios, o Laborat\u00f3rio \u00e9 utilizado nas atividades de ensino, pesquisa e extens\u00e3o. As an\u00e1lises realizadas nesse Laborat\u00f3rios s\u00e3o fitopatol\u00f3gicas, tais como, isolamento de microoganismos de plantas, inocula\u00e7\u00e3o de microorganismos (fungos e bact\u00e9rias) em plantas, avalia\u00e7\u00e3o de resist\u00eancia a pat\u00f3genos, testes com extratos vegetais para controle de pat\u00f3genos <em>in vitro<\/em>, entre outros. As disciplinas comumente ministradas nesse Laborat\u00f3rio s\u00e3o: Fitopatologia Geral e Fitopatologia Aplicada.<\/p>\n<h4 style=\"font-size: 1.1rem;color: #333;margin-top: 1.5rem;margin-bottom: 0.5rem\">An\u00e1lises Realizadas:<\/h4>\n<ul style=\"margin-top: 0;padding-left: 25px\">\n<li>Isolamento de microrganismos de plantas doentes (fungos e bact\u00e9rias);<\/li>\n<li>Isolamento de microrganismos de solo (fungos e bact\u00e9rias);<\/li>\n<li>Determina\u00e7\u00e3o de popula\u00e7\u00e3o microbiana de solo;<\/li>\n<li>Teste de patogenicidade;<\/li>\n<li>Armazenamento de microrganismos;<\/li>\n<li>Testes de controle de pat\u00f3genos in vitro;<\/li>\n<li>An\u00e1lises f\u00edsicas de frutos (peso, di\u00e2metro, espessura da casca e polpa, etc)<\/li>\n<li>An\u00e1lise f\u00edsico-qu\u00edmica de frutos (Brix, acidez, pH, vitamina C).<\/li>\n<\/ul>\n<\/div>\n<\/details>\n<details style=\"border: 1px solid #ddd;border-radius: 5px;margin-bottom: 10px;overflow: hidden\">\n<summary style=\"padding: 12px 15px;cursor: pointer;font-weight: bold;background-color: #f0f0f0;color: #333;font-size: 1.1rem\">Laborat\u00f3rio de Qu\u00edmica Inorg\u00e2nica e F\u00edsico-Qu\u00edmica<\/summary>\n<div style=\"padding: 20px;background-color: #fdfdfd;border-top: 1px solid #ddd\">\n<p style=\"margin-top: 0\">Esse laborat\u00f3rio atende todos os cursos do Instituto, desde os cursos de N\u00edvel M\u00e9dio at\u00e9 os cursos de N\u00edvel Superior. O Laborat\u00f3rio \u00e9 equipado com capela de exaust\u00e3o, balan\u00e7as anal\u00edticas e semi anal\u00edticas, estufa de secagem, estufa de incuba\u00e7\u00e3o, espectrofot\u00f4metros, pHmetros, condutiv\u00edmetro, evaporador rotativo, micro-ondas, centr\u00edfuga, mantas aquecedoras, bombas de v\u00e1cuo e capela de exaust\u00e3o.<\/p>\n<\/div>\n<\/details>\n<details style=\"border: 1px solid #ddd;border-radius: 5px;margin-bottom: 10px;overflow: hidden\">\n<summary style=\"padding: 12px 15px;cursor: pointer;font-weight: bold;background-color: #f0f0f0;color: #333;font-size: 1.1rem\">Laborat\u00f3rio de Biologia Molecular<\/summary>\n<div style=\"padding: 20px;background-color: #fdfdfd;border-top: 1px solid #ddd\">\n<p style=\"margin-top: 0\">O Laborat\u00f3rio de Biologia Molecular do IF Baiano Campus Guanambi ainda est\u00e1 em processo de montagem\/adapta\u00e7\u00e3o. J\u00e1 possui atualmente termociclador, autoclave de bancada, foto documentador, fonte de eletroforese, cubas de eletroforese, capela de exaust\u00e3o, centrifugas refrigeradas, botij\u00e3o de nitrog\u00eanio l\u00edquido, banho maria e agitadores tipo v\u00f3rtex. Quando estiver pronto, ser\u00e1 poss\u00edvel realizar an\u00e1lises de PCR para verificar a diversidade gen\u00e9tica de indiv\u00edduos, realizar teste de paternidade, an\u00e1lise forense, compara\u00e7\u00e3o gen\u00e9tica entre indiv\u00edduos, entre outros.<\/p>\n<\/div>\n<\/details>\n<details style=\"border: 1px solid #ddd;border-radius: 5px;margin-bottom: 10px;overflow: hidden\">\n<summary style=\"padding: 12px 15px;cursor: pointer;font-weight: bold;background-color: #f0f0f0;color: #333;font-size: 1.1rem\">Laborat\u00f3rio de Entomologia<\/summary>\n<div style=\"padding: 20px;background-color: #fdfdfd;border-top: 1px solid #ddd\">\n<p style=\"margin-top: 0\">Coordenado pelo Prof. Dr. Marcelo Fialho, o Laborat\u00f3rio de Entomologia possui lupas de bancada, estufa tipo BOD, balan\u00e7a anal\u00edtica, estufa de secagem e caixas entomol\u00f3gias confeccionadas por alunos do Instituto, que mostram v\u00e1rias esp\u00e9cies de insetos, sendo que a maioria s\u00e3o pragas de diversas culturas.<\/p>\n<\/div>\n<\/details>\n<details style=\"border: 1px solid #ddd;border-radius: 5px;margin-bottom: 10px;overflow: hidden\">\n<summary style=\"padding: 12px 15px;cursor: pointer;font-weight: bold;background-color: #f0f0f0;color: #333;font-size: 1.1rem\">Laborat\u00f3rio de F\u00edsica<\/summary>\n<div style=\"padding: 20px;background-color: #fdfdfd;border-top: 1px solid #ddd\">\n<p style=\"margin-top: 0\">O laborat\u00f3rio apresenta v\u00e1rios kits para aulas pr\u00e1ticas referente a \u00e1rea. Podendo demonstrar experimentos de mec\u00e2nica, f\u00edsica qu\u00e2ntica, termodin\u00e2mica, \u00f3ptica, entre outros.<\/p>\n<\/div>\n<\/details>\n<details style=\"border: 1px solid #ddd;border-radius: 5px;margin-bottom: 10px;overflow: hidden\">\n<summary style=\"padding: 12px 15px;cursor: pointer;font-weight: bold;background-color: #f0f0f0;color: #333;font-size: 1.1rem\">Laborat\u00f3rio de Matem\u00e1tica<\/summary>\n<div style=\"padding: 20px;background-color: #fdfdfd;border-top: 1px solid #ddd\">\n<p style=\"margin-top: 0\">O espa\u00e7o \u00e9 destinado a realiza\u00e7\u00e3o de aulas pr\u00e1ticas de disciplinas relacionadas a matem\u00e1tica. Al\u00e9m disso, s\u00e3o ministrados cursos de xadrez em algumas ocasi\u00f5es. O laborat\u00f3rio possui computador, jogos l\u00fadicos, xadrez e formas geom\u00e9tricas tridimensionais.<\/p>\n<\/div>\n<\/details>\n<details style=\"border: 1px solid #ddd;border-radius: 5px;margin-bottom: 10px;overflow: hidden\">\n<summary style=\"padding: 12px 15px;cursor: pointer;font-weight: bold;background-color: #f0f0f0;color: #333;font-size: 1.1rem\">Laborat\u00f3rio de Anatomia e Nutri\u00e7\u00e3o Animal<\/summary>\n<div style=\"padding: 20px;background-color: #fdfdfd;border-top: 1px solid #ddd\">\n<p style=\"margin-top: 0\">Esse Laborat\u00f3rio possui capela de exaust\u00e3o, duas estufas de secagem, uma balan\u00e7a anal\u00edtica, mufla, microsc\u00f3pio, modelos anat\u00f4micos de animais e ultrassom.<\/p>\n<\/div>\n<\/details>\n<details style=\"border: 1px solid #ddd;border-radius: 5px;margin-bottom: 10px;overflow: hidden\">\n<summary style=\"padding: 12px 15px;cursor: pointer;font-weight: bold;background-color: #f0f0f0;color: #333;font-size: 1.1rem\">Laborat\u00f3rio de Bromatologia<\/summary>\n<div style=\"padding: 20px;background-color: #fdfdfd;border-top: 1px solid #ddd\">\n<p style=\"margin-top: 0\">Abriga as disciplinas de An\u00e1lise de alimentos, Aditivos e Toxicologia de alimentos, Qu\u00edmica e Bioqu\u00edmica de Alimentos, Qualidade de \u00e1gua e tratamento de res\u00edduos, Processamento de cereais, tub\u00e9rculos, ra\u00edzes e derivados, Tecnologia de bebidas e TCC II. Possui determinador de gordura, determinador de fibras, duas estufas de secagem, duas muflas, balan\u00e7as anal\u00edticas, textur\u00f4metro, refrat\u00f4metro manual, chapas aquecedoras, estufa de incuba\u00e7\u00e3o, evaporador rotativo, mesa agitadora, micro-ondas, banho maria, color\u00edmetro, determinador de a\u00e7\u00facares redutores, homogeneizador, pHmetro, geladeira, agitador tipo V\u00f3rtex, freezer e centr\u00edfuga.<\/p>\n<\/div>\n<\/details>\n<details style=\"border: 1px solid #ddd;border-radius: 5px;margin-bottom: 10px;overflow: hidden\">\n<summary style=\"padding: 12px 15px;cursor: pointer;font-weight: bold;background-color: #f0f0f0;color: #333;font-size: 1.1rem\">Laborat\u00f3rio de An\u00e1lise sensorial<\/summary>\n<div style=\"padding: 20px;background-color: #fdfdfd;border-top: 1px solid #ddd\">\n<p style=\"margin-top: 0\">O laborat\u00f3rio atende aos cursos de Agroind\u00fastria, tanto o m\u00e9dio quanto o Superior. Possui geladeira, freezer, fog\u00e3o e cabines.<\/p>\n<\/div>\n<\/details>\n<details style=\"border: 1px solid #ddd;border-radius: 5px;margin-bottom: 10px;overflow: hidden\">\n<summary style=\"padding: 12px 15px;cursor: pointer;font-weight: bold;background-color: #f0f0f0;color: #333;font-size: 1.1rem\">Lab de Qu\u00edmica Org\u00e2nica e Bioqu\u00edmica<\/summary>\n<div style=\"padding: 20px;background-color: #fdfdfd;border-top: 1px solid #ddd\">\n<p style=\"margin-top: 0\">Localizado no Pavilh\u00e3o de aulas 02, o Laborat\u00f3rio possui moinho de facas, capela de exaust\u00e3o, balan\u00e7as anal\u00edticas, balan\u00e7as semi anal\u00edticas, estufa de secagem, polar\u00edmetro, bicos de Bunsen, espectrofot\u00f4metro, bombas de v\u00e1cuo, geladeira, evaporador rotativo, banho ultra termost\u00e1tico e banho ultrass\u00f4nico.<\/p>\n<\/div>\n<\/details>\n<details style=\"border: 1px solid #ddd;border-radius: 5px;margin-bottom: 10px;overflow: hidden\">\n<summary style=\"padding: 12px 15px;cursor: pointer;font-weight: bold;background-color: #f0f0f0;color: #333;font-size: 1.1rem\">Lab de Biologia Geral I<\/summary>\n<div style=\"padding: 20px;background-color: #fdfdfd;border-top: 1px solid #ddd\">\n<p style=\"margin-top: 0\">Utilizado frequentemente em atividades de ensino, o Laborat\u00f3rio possui 20 microsc\u00f3pios al\u00e9m de diversos modelos anat\u00f4micos.<\/p>\n<\/div>\n<\/details>\n<details style=\"border: 1px solid #ddd;border-radius: 5px;margin-bottom: 10px;overflow: hidden\">\n<summary style=\"padding: 12px 15px;cursor: pointer;font-weight: bold;background-color: #f0f0f0;color: #333;font-size: 1.1rem\">Lab de Fisiologia vegetal<\/summary>\n<div style=\"padding: 20px;background-color: #fdfdfd;border-top: 1px solid #ddd\">\n<p style=\"margin-top: 0\">Utilizado para ministrar as disciplinas de Morfologia e Anatomia Vegetal. O Laborat\u00f3rio possui 2 estufas BOD\u2019s, balan\u00e7as anal\u00edticas, estantes para armazenamento de sementes, bancadas centrais e bancos.<\/p>\n<\/div>\n<\/details>\n<hr style=\"border: 0;border-top: 1px solid #eee;margin: 2.5rem 0\">\n<h3 style=\"font-size: 1.5rem;color: #2f4f4f;margin-top: 2rem;margin-bottom: 1.5rem\">Equipe e Contato<\/h3>\n<p>H\u00e1 cinco servidores lotados nos Laborat\u00f3rios, 3 t\u00e9cnicos de Laborat\u00f3rio\/\u00e1rea e 2 assistentes de Laborat\u00f3rios; esses servidores est\u00e3o vinculados \u00e0 Coordena\u00e7\u00e3o de Ensino.<\/p>\n<div style=\"background-color: #f8f8f8;border: 1px solid #eee;padding: 20px;border-radius: 8px;margin-bottom: 1.5rem\">Telefone: (77) 3493-2100 &#8211; Ramal: 257<\/p>\n<p style=\"margin-top: 0.5rem;margin-bottom: 0;font-size: 1rem\">E-mail: <a style=\"color: #0073aa;text-decoration: none\" href=\"mailto:laboratoriogbi@guanambi.ifbaiano.edu.br\">laboratoriogbi@guanambi.ifbaiano.edu.br<\/a><\/p>\n<\/div>\n<div style=\"background-color: #f8f8f8;border: 1px solid #eee;padding: 20px;border-radius: 8px;margin-bottom: 2.5rem\">\n<h4 style=\"font-size: 1.2rem;color: #333;margin-top: 0;margin-bottom: 1rem\">Servidores Lotados<\/h4>\n<ul style=\"padding-left: 10px;margin: 0\">\n<li style=\"padding: 8px 0;border-bottom: 1px dashed #ddd\"><strong>Fl\u00e1via Fernandez Kruschewsky:<\/strong> Assistente de Laborat\u00f3rio<\/li>\n<li style=\"padding: 8px 0;border-bottom: 1px dashed #ddd\"><strong>Milton Ricardo Silveira Brand\u00e3o:<\/strong> T\u00e9cnico de Qu\u00edmica<\/li>\n<li style=\"padding: 8px 0;border-bottom: 1px dashed #ddd\"><strong>Symone Costa de Castro:<\/strong> Assistente de Laborat\u00f3rio<\/li>\n<li style=\"padding: 8px 0;border-bottom: 1px dashed #ddd\"><strong>Vivianne Cambu\u00ed Figueiredo Rosa:<\/strong> T\u00e9cnica de Laborat\u00f3rio\/\u00e1rea<\/li>\n<li style=\"padding: 8px 0\"><strong>Yslai Silva Peixouto:<\/strong> T\u00e9cnica de Biologia<\/li>\n<\/ul>\n<\/div>\n<hr style=\"border: 0;border-top: 1px solid #eee;margin: 2.5rem 0\">\n<h3 style=\"font-size: 1.5rem;color: #2f4f4f;margin-top: 2rem;margin-bottom: 1.5rem\">Documentos, Formul\u00e1rios e Invent\u00e1rios<\/h3>\n<div style=\"background-color: #f8f8f8;border: 1px solid #eee;padding: 20px;border-radius: 8px;margin-bottom: 1.5rem\">\n<h4 style=\"font-size: 1.2rem;color: #333;margin-top: 0;margin-bottom: 1rem\">Documentos e Formul\u00e1rios Gerais<\/h4>\n<ul style=\"margin-top: 0;padding-left: 25px\">\n<li><a href=\"https:\/\/www.ifbaiano.edu.br\/unidades\/guanambi\/files\/2021\/02\/Normar-gerais-dos-labs-Campus-Gbi.pdf\" target=\"_blank\" rel=\"noreferrer noopener\">Regulamento de uso dos Laborat\u00f3rios<\/a><\/li>\n<li><a href=\"https:\/\/web02.guanambi.ifbaiano.edu.br\/formularios\/\" target=\"_blank\" rel=\"noreferrer noopener\">Formul\u00e1rios Gerais<\/a><\/li>\n<li>Lista de alunos autorizados a usar os Laborat\u00f3rios (em manuten\u00e7\u00e3o)<\/li>\n<\/ul>\n<h4 style=\"font-size: 1.2rem;color: #333;margin-top: 1.5rem;margin-bottom: 1rem\">Laborat\u00f3rios de Qu\u00edmica<\/h4>\n<ul style=\"margin-top: 0;padding-left: 25px\">\n<li><a href=\"https:\/\/www.ifbaiano.edu.br\/unidades\/guanambi\/files\/2021\/02\/Portaria-Comissao-Permanente-dos-Laboratorios-de-Quimica.pdf\" target=\"_blank\" rel=\"noreferrer noopener\">Comiss\u00e3o Permanente dos Laborat\u00f3rios de Qu\u00edmica<\/a><\/li>\n<li><a href=\"https:\/\/www.ifbaiano.edu.br\/unidades\/guanambi\/files\/2021\/02\/Regulamento-dos-Laboratorios-de-Quimica_IFBaiano.pdf\" target=\"_blank\" rel=\"noreferrer noopener\">Regulamento dos Laborat\u00f3rios de Qu\u00edmica<\/a><\/li>\n<li><a href=\"https:\/\/www.ifbaiano.edu.br\/unidades\/guanambi\/files\/2021\/02\/FICHA-DE-DOACAO-DE-REAGENTES-Labs-de-Quimica.pdf\" target=\"_blank\" rel=\"noreferrer noopener\">Ficha de doa\u00e7\u00e3o de reagentes<\/a><\/li>\n<li><a href=\"https:\/\/www.ifbaiano.edu.br\/unidades\/guanambi\/files\/2021\/02\/FICHA-DE-EMPRESTIMOS-DOS-LABORATORIOS-DE-QUIMICA.pdf\" target=\"_blank\" rel=\"noreferrer noopener\">Ficha de empr\u00e9stimo dos Laborat\u00f3rios de Qu\u00edmica<\/a><\/li>\n<li><a href=\"https:\/\/www.ifbaiano.edu.br\/unidades\/guanambi\/files\/2021\/02\/FICHA-DE-INSCRICAO-DE-USUARIO-DOS-LABORATORIOS-DE-QUIMICA.pdf\" target=\"_blank\" rel=\"noreferrer noopener\">Ficha de inscri\u00e7\u00e3o dos usu\u00e1rios<\/a><\/li>\n<\/ul>\n<h4 style=\"font-size: 1.2rem;color: #333;margin-top: 1.5rem;margin-bottom: 1rem\">Listas de Reagentes<\/h4>\n<ul style=\"margin-top: 0;padding-left: 25px\">\n<li>Almoxarifado de Qu\u00edmica (em manuten\u00e7\u00e3o)<\/li>\n<li><a href=\"https:\/\/www.ifbaiano.edu.br\/unidades\/guanambi\/files\/2021\/02\/LISTA-DE-REAGENTES-lab-01.pdf\" target=\"_blank\" rel=\"noreferrer noopener\">Arm\u00e1rios do Laborat\u00f3rio 01<\/a><\/li>\n<li>Almoxarifado do Laborat\u00f3rio 10 (em manuten\u00e7\u00e3o)<\/li>\n<\/ul>\n<h4 style=\"font-size: 1.2rem;color: #333;margin-top: 1.5rem;margin-bottom: 1rem\">Listas de Vidrarias e Equipamentos<\/h4>\n<ul style=\"margin-top: 0;padding-left: 25px\">\n<li>Laborat\u00f3rio de Solos (em manuten\u00e7\u00e3o)<\/li>\n<li><a href=\"https:\/\/www.ifbaiano.edu.br\/unidades\/guanambi\/files\/2021\/02\/Inventario-lab.-02.pdf\" target=\"_blank\" rel=\"noreferrer noopener\">Laborat\u00f3rio de Qu\u00edmica-Geral e Anal\u00edtica<\/a><\/li>\n<li><a href=\"https:\/\/www.ifbaiano.edu.br\/unidades\/guanambi\/files\/2021\/02\/LEVANTAMENTO-DE-VIDRARIAS-E-EQUIPAMENTOS-DO-LABORATORIO-DE-QUIMICA-ORGANICA.pdf\" target=\"_blank\" rel=\"noreferrer noopener\">Laborat\u00f3rio de F\u00edsico-Qu\u00edmica e Qu\u00edmica Inorg\u00e2nica<\/a><\/li>\n<li>Laborat\u00f3rio de Fitopatologia (em manuten\u00e7\u00e3o)<\/li>\n<li>Laborat\u00f3rio de Biologia Molecular (em manuten\u00e7\u00e3o)<\/li>\n<li>Laborat\u00f3rio de Entomologia (em manuten\u00e7\u00e3o)<\/li>\n<li><a href=\"https:\/\/www.ifbaiano.edu.br\/unidades\/guanambi\/files\/2021\/02\/Estoque-Lab.-4-1.pdf\" target=\"_blank\" rel=\"noreferrer noopener\">Laborat\u00f3rio de Qu\u00edmica Org\u00e2nica e Bioqu\u00edmica<\/a><\/li>\n<li>Laborat\u00f3rio de Biologia (em manuten\u00e7\u00e3o)<\/li>\n<li>Laborat\u00f3rio de Fisiologia Vegetal (em manuten\u00e7\u00e3o)<\/li>\n<\/ul>\n<\/div>\n<hr style=\"border: 0;border-top: 1px solid #eee;margin: 2.5rem 0\">\n<h3 style=\"font-size: 1.5rem;color: #2f4f4f;margin-top: 2rem;margin-bottom: 1.5rem\">Comiss\u00e3o de Gerenciamento de Res\u00edduos<\/h3>\n<div style=\"background-color: #f8f8f8;border: 1px solid #eee;padding: 20px;border-radius: 8px;margin-bottom: 1.5rem\">\n<p style=\"margin-top: 0;margin-bottom: 1.5rem\"><strong>Contato:<\/strong> <a style=\"color: #0073aa;text-decoration: none\" href=\"mailto:pgrl@guanambi.ifbaiano.edu.br\">pgrl@guanambi.ifbaiano.edu.br<\/a><\/p>\n<ul style=\"margin-top: 0;padding-left: 25px\">\n<li><a href=\"https:\/\/www.ifbaiano.edu.br\/unidades\/guanambi\/files\/2021\/02\/PORTARIA-28_2020-GBI-GAB_GBI-DG_RET_IFBAIANO.pdf\" target=\"_blank\" rel=\"noreferrer noopener\">Portaria de designa\u00e7\u00e3o dos membros da comiss\u00e3o<\/a><\/li>\n<li><a href=\"https:\/\/www.ifbaiano.edu.br\/unidades\/guanambi\/files\/2021\/02\/PORTARIA-61_2020-GBI-GAB_GBI-DG_RET_IFBAIANO.pdf\" target=\"_blank\" rel=\"noreferrer noopener\">Portaria de aprova\u00e7\u00e3o do Manual de Gerenciamento dos res\u00edduos<\/a><\/li>\n<li><a href=\"https:\/\/www.ifbaiano.edu.br\/unidades\/guanambi\/files\/2021\/02\/MANUAL-DE-GERENCIAMENTO-DE-RESIDUOS-2020.pdf\" target=\"_blank\" rel=\"noreferrer noopener\">Manual de Gerenciamento dos res\u00edduos dos Laborat\u00f3rios<\/a><\/li>\n<li><a href=\"https:\/\/www.ifbaiano.edu.br\/unidades\/guanambi\/files\/2021\/02\/Regulamento-do-PGRL.pdf\" target=\"_blank\" rel=\"noreferrer noopener\">Regulamento do PGRL<\/a><\/li>\n<li><a href=\"https:\/\/web02.guanambi.ifbaiano.edu.br\/formularios\/Fichas%20para%20Res%c3%adduos\/\" target=\"_blank\" rel=\"noreferrer noopener\">Fichas para Res\u00edduos<\/a><\/li>\n<\/ul>\n<\/div>\n<\/div>\n","protected":false},"excerpt":{"rendered":"<p>Regulamento Geral dos Laborat\u00f3rios Sobre o Setor de Laborat\u00f3rios O pavilh\u00e3o de Laborat\u00f3rios do Instituto Federal Baiano Campus Guanambi, entregue em 25 de Abril de 2011, possui um total de 11 Laborat\u00f3rios, os quais s\u00e3o: Lab de solos, Lab de Qu\u00edmica Geral e Anal\u00edtica, Lab de Fitopatologia, Lab de Qu\u00edmica Inorg\u00e2nica e F\u00edsico-qu\u00edmica, Lab de [&hellip;]<\/p>\n","protected":false},"author":75,"featured_media":0,"parent":0,"menu_order":0,"comment_status":"closed","ping_status":"closed","template":"","meta":[],"_links":{"self":[{"href":"https:\/\/www.ifbaiano.edu.br\/unidades\/guanambi\/wp-json\/wp\/v2\/pages\/9718"}],"collection":[{"href":"https:\/\/www.ifbaiano.edu.br\/unidades\/guanambi\/wp-json\/wp\/v2\/pages"}],"about":[{"href":"https:\/\/www.ifbaiano.edu.br\/unidades\/guanambi\/wp-json\/wp\/v2\/types\/page"}],"author":[{"embeddable":true,"href":"https:\/\/www.ifbaiano.edu.br\/unidades\/guanambi\/wp-json\/wp\/v2\/users\/75"}],"replies":[{"embeddable":true,"href":"https:\/\/www.ifbaiano.edu.br\/unidades\/guanambi\/wp-json\/wp\/v2\/comments?post=9718"}],"version-history":[{"count":12,"href":"https:\/\/www.ifbaiano.edu.br\/unidades\/guanambi\/wp-json\/wp\/v2\/pages\/9718\/revisions"}],"predecessor-version":[{"id":15439,"href":"https:\/\/www.ifbaiano.edu.br\/unidades\/guanambi\/wp-json\/wp\/v2\/pages\/9718\/revisions\/15439"}],"wp:attachment":[{"href":"https:\/\/www.ifbaiano.edu.br\/unidades\/guanambi\/wp-json\/wp\/v2\/media?parent=9718"}],"curies":[{"name":"wp","href":"https:\/\/api.w.org\/{rel}","templated":true}]}}