{"id":1276,"date":"2018-06-05T11:24:29","date_gmt":"2018-06-05T14:24:29","guid":{"rendered":"http:\/\/www.ifbaiano.edu.br\/unidades\/itaberaba\/?page_id=1276"},"modified":"2018-06-05T11:35:24","modified_gmt":"2018-06-05T14:35:24","slug":"2017-2","status":"publish","type":"page","link":"https:\/\/www.ifbaiano.edu.br\/unidades\/itaberaba\/2017-2\/","title":{"rendered":"2017"},"content":{"rendered":"<p><strong>Reuni\u00f5es Gerais<\/strong><\/p>\n<hr \/>\n<p><a href=\"http:\/\/www.ifbaiano.edu.br\/unidades\/itaberaba\/files\/2017\/09\/1\u00aa-Reuni\u00e3o-Geral-Ordin\u00e1ria-Campus-Itaberaba.pdf\">1\u00aa Reuni\u00e3o Geral Ordin\u00e1ria Campus Itaberaba<\/a><\/p>\n<p><a href=\"http:\/\/www.ifbaiano.edu.br\/unidades\/itaberaba\/files\/2017\/09\/2\u00aa-Reuni\u00e3o-Geral-Ordin\u00e1ria-Campus-Itaberaba.pdf\">2\u00aa Reuni\u00e3o Geral Ordin\u00e1ria Campus Itaberaba<\/a><\/p>\n<p><a href=\"http:\/\/www.ifbaiano.edu.br\/unidades\/itaberaba\/files\/2017\/09\/3\u00aa-Reuni\u00e3o-Geral-Ordin\u00e1ria-Campus-Itaberaba.pdf\">3\u00aa Reuni\u00e3o Geral Ordin\u00e1ria Campus Itaberaba<\/a><\/p>\n<p><strong>Reuni\u00f5es de Diretores<\/strong><\/p>\n<hr \/>\n<p><a href=\"http:\/\/www.ifbaiano.edu.br\/unidades\/itaberaba\/files\/2017\/09\/1\u00aa-Reuni\u00e3o-Diretores-Campus-Itaberaba.pdf\">1\u00aa Reuni\u00e3o Diretores Campus Itaberaba<\/a><\/p>\n<p><a href=\"http:\/\/www.ifbaiano.edu.br\/unidades\/itaberaba\/files\/2017\/09\/2\u00aa-Reuni\u00e3o-Diretores-Campus-Itaberaba.pdf\">2\u00aa Reuni\u00e3o Diretores Campus Itaberaba<\/a><\/p>\n<p><strong>Eventos<\/strong><\/p>\n<hr \/>\n<p><a href=\"http:\/\/www.ifbaiano.edu.br\/unidades\/itaberaba\/files\/2017\/09\/2\u00aa-Audi\u00eancia-P\u00fablica-e-1\u00ba-F\u00f3rum-de-Discuss\u00e3o.pdf\">2\u00aa Audi\u00eancia P\u00fablica e 1\u00ba F\u00f3rum de Discuss\u00e3o<\/a><\/p>\n<p><a href=\"http:\/\/www.ifbaiano.edu.br\/unidades\/itaberaba\/files\/2017\/09\/1\u00aa-Reuni\u00e3o-de-An\u00e1lise-Estrat\u00e9gica.pdf\">1\u00aa Reuni\u00e3o de An\u00e1lise Estrat\u00e9gica<\/a><\/p>\n","protected":false},"excerpt":{"rendered":"<p>Reuni\u00f5es Gerais 1\u00aa Reuni\u00e3o Geral Ordin\u00e1ria Campus Itaberaba 2\u00aa Reuni\u00e3o Geral Ordin\u00e1ria Campus Itaberaba 3\u00aa Reuni\u00e3o Geral Ordin\u00e1ria Campus Itaberaba Reuni\u00f5es de Diretores 1\u00aa Reuni\u00e3o Diretores Campus Itaberaba 2\u00aa Reuni\u00e3o Diretores Campus Itaberaba Eventos 2\u00aa Audi\u00eancia P\u00fablica e 1\u00ba F\u00f3rum de Discuss\u00e3o 1\u00aa Reuni\u00e3o de An\u00e1lise Estrat\u00e9gica<\/p>\n","protected":false},"author":91,"featured_media":0,"parent":0,"menu_order":0,"comment_status":"closed","ping_status":"closed","template":"","meta":[],"_links":{"self":[{"href":"https:\/\/www.ifbaiano.edu.br\/unidades\/itaberaba\/wp-json\/wp\/v2\/pages\/1276"}],"collection":[{"href":"https:\/\/www.ifbaiano.edu.br\/unidades\/itaberaba\/wp-json\/wp\/v2\/pages"}],"about":[{"href":"https:\/\/www.ifbaiano.edu.br\/unidades\/itaberaba\/wp-json\/wp\/v2\/types\/page"}],"author":[{"embeddable":true,"href":"https:\/\/www.ifbaiano.edu.br\/unidades\/itaberaba\/wp-json\/wp\/v2\/users\/91"}],"replies":[{"embeddable":true,"href":"https:\/\/www.ifbaiano.edu.br\/unidades\/itaberaba\/wp-json\/wp\/v2\/comments?post=1276"}],"version-history":[{"count":2,"href":"https:\/\/www.ifbaiano.edu.br\/unidades\/itaberaba\/wp-json\/wp\/v2\/pages\/1276\/revisions"}],"predecessor-version":[{"id":1286,"href":"https:\/\/www.ifbaiano.edu.br\/unidades\/itaberaba\/wp-json\/wp\/v2\/pages\/1276\/revisions\/1286"}],"wp:attachment":[{"href":"https:\/\/www.ifbaiano.edu.br\/unidades\/itaberaba\/wp-json\/wp\/v2\/media?parent=1276"}],"curies":[{"name":"wp","href":"https:\/\/api.w.org\/{rel}","templated":true}]}}