{"id":1532,"date":"2018-08-27T17:16:08","date_gmt":"2018-08-27T20:16:08","guid":{"rendered":"http:\/\/www.ifbaiano.edu.br\/unidades\/itaberaba\/?page_id=1532"},"modified":"2023-06-06T10:19:19","modified_gmt":"2023-06-06T13:19:19","slug":"biblioteca","status":"publish","type":"page","link":"https:\/\/www.ifbaiano.edu.br\/unidades\/itaberaba\/biblioteca\/","title":{"rendered":"Biblioteca"},"content":{"rendered":"<div id=\"ProreitoriaTopoTitulo\">APRESENTA\u00c7\u00c3O<\/div>\n<p style=\"text-align: justify\">A Biblioteca do IF Baiano Campus itaberaba foi criada em 2017 e tem por objetivo organizar e difundir a documenta\u00e7\u00e3o bibliogr\u00e1fica necess\u00e1ria a atua\u00e7\u00e3o da Institui\u00e7\u00e3o, oferecendo auxilio \u00e0s atividades de Ensino, Pesquisa e Extens\u00e3o.<\/p>\n<p style=\"text-align: justify\">Possui um acervo atualizado voltado para as \u00e1reas Ci\u00eancias Humanas, Sociais, Aplicadas e Agr\u00e1rias al\u00e9m da \u00e1rea de Literatura. Disponibiliza tamb\u00e9m multimeios.<\/p>\n<div id=\"ProreitoriaTopoTitulo\">PRINCIPAIS SERVI\u00c7OS<\/div>\n<p>\u2022 Orienta\u00e7\u00f5es sobre utiliza\u00e7\u00e3o do Acervo<br \/>\n\u2022 Acesso ao acervo (Pergamum)<br \/>\n\u2022 Empr\u00e9stimo domiciliar e renova\u00e7\u00e3o das obras e outros materiais<br \/>\n\u2022 Consulta local do acervo<br \/>\n\u2022 Servi\u00e7o de Refer\u00eancia<br \/>\n\u2022 Elabora\u00e7\u00e3o de ficha catalogr\u00e1fica<br \/>\n\u2022 Orienta\u00e7\u00e3o t\u00e9cnica para elabora\u00e7\u00e3o e apresenta\u00e7\u00e3o de trabalhos acad\u00eamicos, com base nas normas da ABNT (este servi\u00e7o dever\u00e1 ser agendado com o Bibliotec\u00e1rio)<br \/>\n\u2022 Consulta e pesquisa na internet<br \/>\n\u2022 Dissemina\u00e7\u00e3o seletiva da informa\u00e7\u00e3o (DSI)<br \/>\n\u2022 Levantamento Bibliogr\u00e1fico<\/p>\n<div id=\"ProreitoriaTopoTitulo\">HOR\u00c1RIO DE FUNCIONAMENTO<\/div>\n<p style=\"text-align: justify\">A Biblioteca funciona de segunda a sexta de 7h30min \u00e0s 12h e das 13h30min \u00e0s 17h<\/p>\n<div id=\"ProreitoriaTopoTitulo\">EQUIPE<\/div>\n<p><b>Bibliotec\u00e1ria &#8211; Documentalista: <\/b>Simone Velame da Silva Rios<br \/>\n<b>Auxiliar de Biblioteca:<\/b> Josilene Santos de Freitas<\/p>\n<p><strong>Tel.:<\/strong> (75) 98302-6658<br \/>\n<strong>E-mail:<\/strong> biblioteca@itaberaba.ifbaiano.edu.br<\/p>\n<div id=\"ProreitoriaTopoTitulo\"><strong>LINKS<\/strong><\/div>\n<ul>\n<li><a href=\"http:\/\/www.ifbaiano.edu.br\/unidades\/itaberaba\/files\/2019\/03\/REGULAMENTO-UNIFICADO-DAS-BIBLIOTECAS-DO-IFBAIANO.pdf\" target=\"_blank\" rel=\"noopener noreferrer\">Regulamento unificado das bibliotecas do IF Baiano<\/a><\/li>\n<li><a href=\"http:\/\/www.ifbaiano.edu.br\/unidades\/itaberaba\/files\/2019\/03\/Guia-de-Pesquisa-na-Base-do-Pergamum.pdf\" target=\"_blank\" rel=\"noopener noreferrer\">Guia de pesquisa na base do Pergamum<\/a><\/li>\n<li><a href=\"http:\/\/www.ifbaiano.edu.br\/unidades\/itaberaba\/orientacoes-sobre-utilizacao-do-acervo\/\">Orienta\u00e7\u00f5es sobre utiliza\u00e7\u00e3o do acervo<\/a><\/li>\n<li><a href=\"http:\/\/www.ifbaiano.edu.br\/unidades\/itaberaba\/orientacoes-sobre-utilizacao-do-acervo\/\">Acesso ao acervo (Pergamum)<\/a><\/li>\n<li><a href=\"http:\/\/www.ifbaiano.edu.br\/unidades\/itaberaba\/doacao-de-livros\/\">Doa\u00e7\u00e3o de livros<\/a><\/li>\n<li><a href=\"https:\/\/www.ifbaiano.edu.br\/unidades\/itaberaba\/files\/2023\/05\/Manual-do-Usuario-da-Biblioteca-3.0.pdf\" target=\"_blank\" rel=\"noopener\">Manual do Usu\u00e1rio da Biblioteca 3.0<\/a><\/li>\n<\/ul>\n","protected":false},"excerpt":{"rendered":"<p>APRESENTA\u00c7\u00c3O A Biblioteca do IF Baiano Campus itaberaba foi criada em 2017 e tem por objetivo organizar e difundir a documenta\u00e7\u00e3o bibliogr\u00e1fica necess\u00e1ria a atua\u00e7\u00e3o da Institui\u00e7\u00e3o, oferecendo auxilio \u00e0s atividades de Ensino, Pesquisa e Extens\u00e3o. Possui um acervo atualizado voltado para as \u00e1reas Ci\u00eancias Humanas, Sociais, Aplicadas e Agr\u00e1rias al\u00e9m da \u00e1rea de Literatura. [&hellip;]<\/p>\n","protected":false},"author":104,"featured_media":0,"parent":0,"menu_order":0,"comment_status":"closed","ping_status":"closed","template":"","meta":[],"_links":{"self":[{"href":"https:\/\/www.ifbaiano.edu.br\/unidades\/itaberaba\/wp-json\/wp\/v2\/pages\/1532"}],"collection":[{"href":"https:\/\/www.ifbaiano.edu.br\/unidades\/itaberaba\/wp-json\/wp\/v2\/pages"}],"about":[{"href":"https:\/\/www.ifbaiano.edu.br\/unidades\/itaberaba\/wp-json\/wp\/v2\/types\/page"}],"author":[{"embeddable":true,"href":"https:\/\/www.ifbaiano.edu.br\/unidades\/itaberaba\/wp-json\/wp\/v2\/users\/104"}],"replies":[{"embeddable":true,"href":"https:\/\/www.ifbaiano.edu.br\/unidades\/itaberaba\/wp-json\/wp\/v2\/comments?post=1532"}],"version-history":[{"count":21,"href":"https:\/\/www.ifbaiano.edu.br\/unidades\/itaberaba\/wp-json\/wp\/v2\/pages\/1532\/revisions"}],"predecessor-version":[{"id":7332,"href":"https:\/\/www.ifbaiano.edu.br\/unidades\/itaberaba\/wp-json\/wp\/v2\/pages\/1532\/revisions\/7332"}],"wp:attachment":[{"href":"https:\/\/www.ifbaiano.edu.br\/unidades\/itaberaba\/wp-json\/wp\/v2\/media?parent=1532"}],"curies":[{"name":"wp","href":"https:\/\/api.w.org\/{rel}","templated":true}]}}