{"id":18,"date":"2017-02-08T16:26:23","date_gmt":"2017-02-08T18:26:23","guid":{"rendered":"http:\/\/www.ifbaiano.edu.br\/unidades\/xique-xique\/?page_id=15"},"modified":"2017-02-08T16:26:23","modified_gmt":"2017-02-08T18:26:23","slug":"auditoria","status":"publish","type":"page","link":"https:\/\/www.ifbaiano.edu.br\/unidades\/itaberaba\/auditoria\/","title":{"rendered":"Auditoria"},"content":{"rendered":"<p class=\"western\" style=\"line-height: 150%\" align=\"JUSTIFY\">\u00c9 \u00f3rg\u00e3o de controle interno, vinculado ao Conselho Superior. Submete-se \u00e0 orienta\u00e7\u00e3o normativa e supervis\u00e3o t\u00e9cnica do Sistema de Controle Interno do poder Executivo Federal. Sua atua\u00e7\u00e3o estende-se por todos os servi\u00e7os, programas, opera\u00e7\u00f5es e controles existentes no IF Baiano.<\/p>\n<p class=\"western\" style=\"line-height: 150%\" align=\"JUSTIFY\"><a href=\"http:\/\/www.ifbaiano.edu.br\/reitoria\/wp-content\/uploads\/2015\/03\/resolucao_audin_23_2010_atualizada.pdf\">Resolu\u00e7\u00e3o N\u00ba 23\/2010 (Atualizada) &#8211; Regulamenta a Auditoria Interna no IF Baiano<\/a><\/p>\n<p class=\"western\" style=\"line-height: 150%\" align=\"JUSTIFY\"><a href=\"http:\/\/www.ifbaiano.edu.br\/reitoria\/wp-content\/uploads\/2011\/10\/codigo_etica_audin_if_baiano.pdf\">C\u00f3digo de \u00c9tica da Auditoria<\/a><\/p>\n<h2 class=\"western\" style=\"line-height: 150%\" align=\"JUSTIFY\">Contato:<\/h2>\n<p class=\"western\" style=\"line-height: 150%\" align=\"JUSTIFY\"><span style=\"font-family: Arial,sans-serif\"><span style=\"font-size: medium\"><a href=\"mailto:audin@ifbaiano.edu.br\">audin@ifbaiano.edu.br<\/a><\/span><\/span><\/p>\n<h2 class=\"western\" style=\"line-height: 150%\" align=\"JUSTIFY\">Documentos<\/h2>\n<p class=\"western\" style=\"line-height: 150%\" align=\"JUSTIFY\"><a href=\"http:\/\/eventos.ifbaiano.edu.br\/portal\/testesitereitoria\/?p=444\">Plano Anual de Atividades<\/a><\/p>\n<p class=\"western\" style=\"line-height: 150%\" align=\"JUSTIFY\"><a href=\"http:\/\/eventos.ifbaiano.edu.br\/portal\/testesitereitoria\/?p=446\">Relat\u00f3rios<\/a><\/p>\n<p class=\"western\" style=\"line-height: 150%\" align=\"JUSTIFY\"><a href=\"http:\/\/eventos.ifbaiano.edu.br\/portal\/testesitereitoria\/?p=448\">Decretos | Resolu\u00e7\u00f5es | Instru\u00e7\u00f5es Normativas<\/a><\/p>\n","protected":false},"excerpt":{"rendered":"<p>\u00c9 \u00f3rg\u00e3o de controle interno, vinculado ao Conselho Superior. Submete-se \u00e0 orienta\u00e7\u00e3o normativa e supervis\u00e3o t\u00e9cnica do Sistema de Controle Interno do poder Executivo Federal. Sua atua\u00e7\u00e3o estende-se por todos os servi\u00e7os, programas, opera\u00e7\u00f5es e controles existentes no IF Baiano. Resolu\u00e7\u00e3o N\u00ba 23\/2010 (Atualizada) &#8211; Regulamenta a Auditoria Interna no IF Baiano C\u00f3digo de \u00c9tica [&hellip;]<\/p>\n","protected":false},"author":74,"featured_media":0,"parent":0,"menu_order":0,"comment_status":"closed","ping_status":"closed","template":"","meta":[],"_links":{"self":[{"href":"https:\/\/www.ifbaiano.edu.br\/unidades\/itaberaba\/wp-json\/wp\/v2\/pages\/18"}],"collection":[{"href":"https:\/\/www.ifbaiano.edu.br\/unidades\/itaberaba\/wp-json\/wp\/v2\/pages"}],"about":[{"href":"https:\/\/www.ifbaiano.edu.br\/unidades\/itaberaba\/wp-json\/wp\/v2\/types\/page"}],"author":[{"embeddable":true,"href":"https:\/\/www.ifbaiano.edu.br\/unidades\/itaberaba\/wp-json\/wp\/v2\/users\/74"}],"replies":[{"embeddable":true,"href":"https:\/\/www.ifbaiano.edu.br\/unidades\/itaberaba\/wp-json\/wp\/v2\/comments?post=18"}],"version-history":[{"count":0,"href":"https:\/\/www.ifbaiano.edu.br\/unidades\/itaberaba\/wp-json\/wp\/v2\/pages\/18\/revisions"}],"wp:attachment":[{"href":"https:\/\/www.ifbaiano.edu.br\/unidades\/itaberaba\/wp-json\/wp\/v2\/media?parent=18"}],"curies":[{"name":"wp","href":"https:\/\/api.w.org\/{rel}","templated":true}]}}