{"id":19,"date":"2017-02-08T16:27:20","date_gmt":"2017-02-08T18:27:20","guid":{"rendered":"http:\/\/www.ifbaiano.edu.br\/unidades\/xique-xique\/?page_id=18"},"modified":"2017-02-08T16:27:20","modified_gmt":"2017-02-08T18:27:20","slug":"convenios","status":"publish","type":"page","link":"https:\/\/www.ifbaiano.edu.br\/unidades\/itaberaba\/convenios\/","title":{"rendered":"Conv\u00eanios"},"content":{"rendered":"<p class=\"western\" align=\"JUSTIFY\"><a href=\"http:\/\/pro-reitorias.ifbaiano.edu.br\/portal\/prodin\/files\/2012\/01\/Lista-de-Conv%C3%AAnios-de-Est%C3%A1gio-do-IF-Baiano.xls\">Lista de Conv\u00eanios de Est\u00e1gio do IF Baiano<\/a><\/p>\n<p class=\"western\" align=\"JUSTIFY\"><a href=\"http:\/\/pro-reitorias.ifbaiano.edu.br\/portal\/prodin\/files\/2012\/01\/Lista-de-Acordos-de-Coopera%C3%A7%C3%A3o-T%C3%A9cnica-do-IF-Baiano.ods\">Lista de Acordos de Coopera\u00e7\u00e3o T\u00e9cnica do IF Baiano<\/a><\/p>\n<p class=\"western\" align=\"JUSTIFY\"><a href=\"http:\/\/pro-reitorias.ifbaiano.edu.br\/portal\/prodin\/files\/2012\/01\/Lista-de-Acordos-de-Coopera%C3%A7%C3%A3o-Internacionais-do-IF-Baiano.ods\">Lista de Acordos de Coopera\u00e7\u00e3o Internacionais do IF Baiano<\/a><\/p>\n<h2 class=\"western\" align=\"JUSTIFY\"><strong><span style=\"color: #000000\"><span style=\"font-family: 'Helvetica Condensed', Helvetica, Arial\"><span style=\"font-size: small\">Normatiza\u00e7\u00e3o das Parcerias<\/span><\/span><\/span><\/strong><\/h2>\n<h2 class=\"western\" align=\"JUSTIFY\"><span style=\"color: #000000\"><span style=\"font-family: 'Helvetica Condensed', Helvetica, Arial\"><span style=\"font-size: small\"><a href=\"http:\/\/pro-reitorias.ifbaiano.edu.br\/portal\/prodin\/files\/2012\/01\/Lei-n%C2%BA-11.788-de-25-de-setembro-de-2008-Disp%C3%B5e-sobre-a-Lei-de-Est%C3%A1gio-Estudantil.pdf\">Lei n\u00ba 11.788, de 25 de setembro de 2008 \u2013 Disp\u00f5e sobre a Lei de Est\u00e1gio Estudantil<\/a><\/span><\/span><\/span><\/h2>\n<p class=\"western\" align=\"JUSTIFY\"><span style=\"color: #000000\"><span style=\"font-family: 'Helvetica Condensed', Helvetica, Arial\"><span style=\"font-size: small\"><a href=\"http:\/\/pro-reitorias.ifbaiano.edu.br\/portal\/prodin\/files\/2012\/01\/Decreto-n%C2%BA-6.170-de-25-de-julho-2007-Disp%C3%B5e-sobre-transfer%C3%AAncia-de-recursos-mediante-conv%C3%AAnios.pdf\">Decreto n\u00ba 6.170, de 25 de julho 2007 \u2013 Disp\u00f5e sobre transfer\u00eancia de recursos mediante conv\u00eanios<\/a><\/span><\/span><\/span><\/p>\n<p class=\"western\" align=\"JUSTIFY\"><span style=\"color: #000000\"><span style=\"font-family: 'Helvetica Condensed', Helvetica, Arial\"><span style=\"font-size: small\"><a href=\"http:\/\/pro-reitorias.ifbaiano.edu.br\/portal\/prodin\/files\/2012\/01\/Portaria-267-04.04.2011-Normatiza%C3%A7%C3%A3o-das-Parcerias-Institucionais.pdf\">Portaria 267 \u2013 04.04.2011 \u2013 Normatiza\u00e7\u00e3o das Parcerias Institucionais<\/a><\/span><\/span><\/span><\/p>\n<p class=\"western\" align=\"JUSTIFY\"><span style=\"color: #000000\"><span style=\"font-family: 'Helvetica Condensed', Helvetica, Arial\"><span style=\"font-size: small\"><a href=\"http:\/\/pro-reitorias.ifbaiano.edu.br\/portal\/prodin\/files\/2012\/01\/Of%C3%ADcio-Circular-n%C2%BA-008-2014-IF-Baiano-Anexo-Portarias-n%C2%B0-105-2014-e-370-2012.pdf\">Of\u00edcio Circular n\u00ba 008 2014 IF Baiano \u2013 Anexo Portarias n\u00b0 105 2014 e 370 2012<\/a><\/span><\/span><\/span><\/p>\n<p class=\"western\" align=\"JUSTIFY\"><span style=\"color: #000000\"><span style=\"font-family: 'Helvetica Condensed', Helvetica, Arial\"><span style=\"font-size: small\"><a href=\"http:\/\/pro-reitorias.ifbaiano.edu.br\/portal\/prodin\/files\/2012\/01\/Fluxograma-Tramita%C3%A7%C3%A3o-de-Parcerias-Institucionais.pdf\">Fluxograma Tramita\u00e7\u00e3o de Parcerias Institucionais<\/a><\/span><\/span><\/span><\/p>\n<p class=\"western\" align=\"JUSTIFY\">\n","protected":false},"excerpt":{"rendered":"<p>Lista de Conv\u00eanios de Est\u00e1gio do IF Baiano Lista de Acordos de Coopera\u00e7\u00e3o T\u00e9cnica do IF Baiano Lista de Acordos de Coopera\u00e7\u00e3o Internacionais do IF Baiano Normatiza\u00e7\u00e3o das Parcerias Lei n\u00ba 11.788, de 25 de setembro de 2008 \u2013 Disp\u00f5e sobre a Lei de Est\u00e1gio Estudantil Decreto n\u00ba 6.170, de 25 de julho 2007 \u2013 [&hellip;]<\/p>\n","protected":false},"author":74,"featured_media":0,"parent":0,"menu_order":0,"comment_status":"closed","ping_status":"closed","template":"","meta":[],"_links":{"self":[{"href":"https:\/\/www.ifbaiano.edu.br\/unidades\/itaberaba\/wp-json\/wp\/v2\/pages\/19"}],"collection":[{"href":"https:\/\/www.ifbaiano.edu.br\/unidades\/itaberaba\/wp-json\/wp\/v2\/pages"}],"about":[{"href":"https:\/\/www.ifbaiano.edu.br\/unidades\/itaberaba\/wp-json\/wp\/v2\/types\/page"}],"author":[{"embeddable":true,"href":"https:\/\/www.ifbaiano.edu.br\/unidades\/itaberaba\/wp-json\/wp\/v2\/users\/74"}],"replies":[{"embeddable":true,"href":"https:\/\/www.ifbaiano.edu.br\/unidades\/itaberaba\/wp-json\/wp\/v2\/comments?post=19"}],"version-history":[{"count":0,"href":"https:\/\/www.ifbaiano.edu.br\/unidades\/itaberaba\/wp-json\/wp\/v2\/pages\/19\/revisions"}],"wp:attachment":[{"href":"https:\/\/www.ifbaiano.edu.br\/unidades\/itaberaba\/wp-json\/wp\/v2\/media?parent=19"}],"curies":[{"name":"wp","href":"https:\/\/api.w.org\/{rel}","templated":true}]}}